{"id":28354,"date":"2024-11-30T23:40:10","date_gmt":"2024-11-30T22:40:10","guid":{"rendered":"https:\/\/brunellostore.es\/?page_id=28354"},"modified":"2024-11-30T23:53:42","modified_gmt":"2024-11-30T22:53:42","slug":"dostavka-i-oplata","status":"publish","type":"page","link":"https:\/\/brunellostore.es\/es\/dostavka-i-oplata\/","title":{"rendered":"Entrega y pago"},"content":{"rendered":"<div data-elementor-type=\"wp-page\" data-elementor-id=\"28354\" class=\"elementor elementor-28354\">\n\t\t\t\t<div class=\"elementor-element elementor-element-9360c1f e-flex e-con-boxed e-con e-parent\" data-id=\"9360c1f\" data-element_type=\"container\">\n\t\t\t\t\t<div class=\"e-con-inner\">\n\t\t<div class=\"elementor-element elementor-element-76e20bb e-con-full e-flex e-con e-child\" data-id=\"76e20bb\" data-element_type=\"container\">\n\t\t\t\t<div class=\"elementor-element elementor-element-c830e8a elementor-widget elementor-widget-wd_image_or_svg\" data-id=\"c830e8a\" data-element_type=\"widget\" data-widget_type=\"wd_image_or_svg.default\">\n\t\t\t\t<div class=\"elementor-widget-container\">\n\t\t\t\t\t\n\t\t<div class=\"wd-image text-center\">\n\t\t\t\t\t\t\t\t<img fetchpriority=\"high\" decoding=\"async\" width=\"350\" height=\"450\" src=\"https:\/\/brunellostore.es\/wp-content\/uploads\/2021\/08\/wd-ship-2.jpg\" class=\"attachment-full size-full\" alt=\"\" srcset=\"https:\/\/brunellostore.es\/wp-content\/uploads\/2021\/08\/wd-ship-2.jpg 350w, https:\/\/brunellostore.es\/wp-content\/uploads\/2021\/08\/wd-ship-2-150x193.jpg 150w\" sizes=\"(max-width: 350px) 100vw, 350px\" \/>\t\t\t\t\t<\/div>\n\n\t\t\t\t\t\t<\/div>\n\t\t\t\t<\/div>\n\t\t\t\t<div class=\"elementor-element elementor-element-2e33506 elementor-widget elementor-widget-wd_image_or_svg\" data-id=\"2e33506\" data-element_type=\"widget\" data-widget_type=\"wd_image_or_svg.default\">\n\t\t\t\t<div class=\"elementor-widget-container\">\n\t\t\t\t\t\n\t\t<div class=\"wd-image text-center\">\n\t\t\t\t\t\t\t\t<img decoding=\"async\" width=\"350\" height=\"450\" src=\"https:\/\/brunellostore.es\/wp-content\/uploads\/2021\/08\/wd-ship-1.jpg\" class=\"attachment-full size-full\" alt=\"\" srcset=\"https:\/\/brunellostore.es\/wp-content\/uploads\/2021\/08\/wd-ship-1.jpg 350w, https:\/\/brunellostore.es\/wp-content\/uploads\/2021\/08\/wd-ship-1-150x193.jpg 150w\" sizes=\"(max-width: 350px) 100vw, 350px\" \/>\t\t\t\t\t<\/div>\n\n\t\t\t\t\t\t<\/div>\n\t\t\t\t<\/div>\n\t\t\t\t<\/div>\n\t\t<div class=\"elementor-element elementor-element-5e9ac37 e-con-full e-flex e-con e-child\" data-id=\"5e9ac37\" data-element_type=\"container\">\n\t\t\t\t<div class=\"elementor-element elementor-element-16ed428 elementor-widget elementor-widget-wd_text_block\" data-id=\"16ed428\" data-element_type=\"widget\" data-widget_type=\"wd_text_block.default\">\n\t\t\t\t<div class=\"elementor-widget-container\">\n\t\t\t\t\t\t\t<div class=\"wd-text-block reset-last-child text-left\">\n\t\t\t\n\t\t\t<h4>ENTREGA Y PAGO<\/h4><p><strong>AUTOENTREGA EN NUESTRA TIENDA:<\/strong>\u00a0No dude en recoger su compra directamente en nuestra oficina.\u00a0<strong>Direcci\u00f3n:<\/strong>\u00a0Espa\u00f1a, Marbella Local Comercial 21A, Calle Jesus Puente, urb. Las Terazzas de Ban\u00fas, Puerto Ban\u00fas. De 9-00 a 18-00 en d\u00edas laborables, previo acuerdo con el gerente.<\/p><h4>ENV\u00cdO<\/h4><p>La entrega en toda Espa\u00f1a la realizan empresas de log\u00edstica, que son las responsables materiales de la carga. La entrega se realiza seg\u00fan las tarifas del transportista y a cargo del destinatario. Tras el registro y confirmaci\u00f3n de su pedido por parte del responsable de Brunello Store, transferimos el paquete para su env\u00edo a la empresa de transporte. La empresa de transporte le comunicar\u00e1 la hora y la fecha exactas de llegada de la mercanc\u00eda al lugar de destino. El plazo de entrega de su paquete no suele superar los 3 d\u00edas laborables, pero este dato puede variar en funci\u00f3n de la elecci\u00f3n de la empresa de transporte.\u00a0<em>Atenci\u00f3n El pedido se almacena en el punto de entrega de la empresa de transportes durante un m\u00e1ximo de 5 d\u00edas laborables, transcurridos los cuales se devuelve.<\/em><\/p><h4>PAGO<\/h4><ul class=\"unordered-list\"><li>Pago contra recibo.<\/li><li>Pago por transferencia bancaria.<\/li><li>Pago con tarjeta.<\/li><\/ul><h4>No somos responsables:<\/h4><ul class=\"unordered-list\"><li>Por errores cometidos por las empresas de log\u00edstica que entregan su pedido.<\/li><li>Da\u00f1os causados a su compra por empleados de empresas de log\u00edstica o terceros.<\/li><li>Interrupciones en el trabajo de las empresas de log\u00edstica, debido a las cuales su compra no fue entregada en el plazo especificado por nosotros.<\/li><li>Fallos bancarios por los que no hemos podido recibir su pago.<\/li><\/ul>\n\t\t\t\t\t<\/div>\n\t\t\t\t\t\t<\/div>\n\t\t\t\t<\/div>\n\t\t\t\t<\/div>\n\t\t\t\t\t<\/div>\n\t\t\t\t<\/div>\n\t\t\t\t<\/div>","protected":false},"excerpt":{"rendered":"<p>\u0414\u041e\u0421\u0422\u0410\u0412\u041a\u0410 \u0418 \u041e\u041f\u041b\u0410\u0422\u0410 \u0421\u0410\u041c\u041e\u0412\u042b\u0412\u041e\u0417 \u0418\u0417 \u041d\u0410\u0428\u0415\u0413\u041e \u041c\u0410\u0413\u0410\u0417\u0418\u041d\u0410:\u00a0\u0410\u0431\u0441\u043e\u043b\u044e\u0442\u043d\u043e \u0431\u0435\u0441\u043f\u043b\u0430\u0442\u043d\u043e \u0437\u0430\u0431\u0440\u0430\u0442\u044c \u0441\u0432\u043e\u044e \u043f\u043e\u043a\u0443\u043f\u043a\u0443 \u0432\u044b \u0441\u043c\u043e\u0436\u0435\u0442\u0435 \u043d\u0435\u043f\u043e\u0441\u0440\u0435\u0434\u0441\u0442\u0432\u0435\u043d\u043d\u043e \u0438\u0437 \u043d\u0430\u0448\u0435\u0433\u043e \u043e\u0444\u0438\u0441\u0430.\u00a0\u0410\u0434\u0440\u0435\u0441:\u00a0Spain, Marbella Commercial Local<\/p>","protected":false},"author":1,"featured_media":0,"parent":0,"menu_order":0,"comment_status":"closed","ping_status":"closed","template":"elementor_header_footer","meta":{"footnotes":""},"class_list":["post-28354","page","type-page","status-publish","hentry"],"yoast_head":"<!-- This site is optimized with the Yoast SEO plugin v26.5 - https:\/\/yoast.com\/wordpress\/plugins\/seo\/ -->\n<title>\u0414\u043e\u0441\u0442\u0430\u0432\u043a\u0430 \u0438 \u043e\u043f\u043b\u0430\u0442\u0430 - brunellostore.es<\/title>\n<meta name=\"robots\" content=\"index, follow, max-snippet:-1, max-image-preview:large, max-video-preview:-1\" \/>\n<link rel=\"canonical\" href=\"https:\/\/brunellostore.es\/es\/dostavka-i-oplata\/\" \/>\n<meta property=\"og:locale\" content=\"es_ES\" \/>\n<meta property=\"og:type\" content=\"article\" \/>\n<meta property=\"og:title\" content=\"\u0414\u043e\u0441\u0442\u0430\u0432\u043a\u0430 \u0438 \u043e\u043f\u043b\u0430\u0442\u0430 - brunellostore.es\" \/>\n<meta property=\"og:description\" content=\"\u0414\u041e\u0421\u0422\u0410\u0412\u041a\u0410 \u0418 \u041e\u041f\u041b\u0410\u0422\u0410 \u0421\u0410\u041c\u041e\u0412\u042b\u0412\u041e\u0417 \u0418\u0417 \u041d\u0410\u0428\u0415\u0413\u041e \u041c\u0410\u0413\u0410\u0417\u0418\u041d\u0410:\u00a0\u0410\u0431\u0441\u043e\u043b\u044e\u0442\u043d\u043e \u0431\u0435\u0441\u043f\u043b\u0430\u0442\u043d\u043e \u0437\u0430\u0431\u0440\u0430\u0442\u044c \u0441\u0432\u043e\u044e \u043f\u043e\u043a\u0443\u043f\u043a\u0443 \u0432\u044b \u0441\u043c\u043e\u0436\u0435\u0442\u0435 \u043d\u0435\u043f\u043e\u0441\u0440\u0435\u0434\u0441\u0442\u0432\u0435\u043d\u043d\u043e \u0438\u0437 \u043d\u0430\u0448\u0435\u0433\u043e \u043e\u0444\u0438\u0441\u0430.\u00a0\u0410\u0434\u0440\u0435\u0441:\u00a0Spain, Marbella Commercial Local\" \/>\n<meta property=\"og:url\" content=\"https:\/\/brunellostore.es\/es\/dostavka-i-oplata\/\" \/>\n<meta property=\"og:site_name\" content=\"brunellostore.es\" \/>\n<meta property=\"article:modified_time\" content=\"2024-11-30T22:53:42+00:00\" \/>\n<meta property=\"og:image\" content=\"https:\/\/brunellostore.es\/wp-content\/uploads\/2021\/08\/wd-ship-2.jpg\" \/>\n<meta name=\"twitter:card\" content=\"summary_large_image\" \/>\n<meta name=\"twitter:label1\" content=\"Tiempo de lectura\" \/>\n\t<meta name=\"twitter:data1\" content=\"2 minutos\" \/>\n<script type=\"application\/ld+json\" class=\"yoast-schema-graph\">{\"@context\":\"https:\/\/schema.org\",\"@graph\":[{\"@type\":\"WebPage\",\"@id\":\"https:\/\/brunellostore.es\/dostavka-i-oplata\/\",\"url\":\"https:\/\/brunellostore.es\/dostavka-i-oplata\/\",\"name\":\"\u0414\u043e\u0441\u0442\u0430\u0432\u043a\u0430 \u0438 \u043e\u043f\u043b\u0430\u0442\u0430 - brunellostore.es\",\"isPartOf\":{\"@id\":\"https:\/\/brunellostore.es\/#website\"},\"primaryImageOfPage\":{\"@id\":\"https:\/\/brunellostore.es\/dostavka-i-oplata\/#primaryimage\"},\"image\":{\"@id\":\"https:\/\/brunellostore.es\/dostavka-i-oplata\/#primaryimage\"},\"thumbnailUrl\":\"https:\/\/brunellostore.es\/wp-content\/uploads\/2021\/08\/wd-ship-2.jpg\",\"datePublished\":\"2024-11-30T22:40:10+00:00\",\"dateModified\":\"2024-11-30T22:53:42+00:00\",\"breadcrumb\":{\"@id\":\"https:\/\/brunellostore.es\/dostavka-i-oplata\/#breadcrumb\"},\"inLanguage\":\"es\",\"potentialAction\":[{\"@type\":\"ReadAction\",\"target\":[\"https:\/\/brunellostore.es\/dostavka-i-oplata\/\"]}]},{\"@type\":\"ImageObject\",\"inLanguage\":\"es\",\"@id\":\"https:\/\/brunellostore.es\/dostavka-i-oplata\/#primaryimage\",\"url\":\"https:\/\/brunellostore.es\/wp-content\/uploads\/2021\/08\/wd-ship-2.jpg\",\"contentUrl\":\"https:\/\/brunellostore.es\/wp-content\/uploads\/2021\/08\/wd-ship-2.jpg\"},{\"@type\":\"BreadcrumbList\",\"@id\":\"https:\/\/brunellostore.es\/dostavka-i-oplata\/#breadcrumb\",\"itemListElement\":[{\"@type\":\"ListItem\",\"position\":1,\"name\":\"Home\",\"item\":\"https:\/\/brunellostore.es\/\"},{\"@type\":\"ListItem\",\"position\":2,\"name\":\"\u0414\u043e\u0441\u0442\u0430\u0432\u043a\u0430 \u0438 \u043e\u043f\u043b\u0430\u0442\u0430\"}]},{\"@type\":\"WebSite\",\"@id\":\"https:\/\/brunellostore.es\/#website\",\"url\":\"https:\/\/brunellostore.es\/\",\"name\":\"brunellostore.es\",\"description\":\"\",\"publisher\":{\"@id\":\"https:\/\/brunellostore.es\/#organization\"},\"potentialAction\":[{\"@type\":\"SearchAction\",\"target\":{\"@type\":\"EntryPoint\",\"urlTemplate\":\"https:\/\/brunellostore.es\/?s={search_term_string}\"},\"query-input\":{\"@type\":\"PropertyValueSpecification\",\"valueRequired\":true,\"valueName\":\"search_term_string\"}}],\"inLanguage\":\"es\"},{\"@type\":\"Organization\",\"@id\":\"https:\/\/brunellostore.es\/#organization\",\"name\":\"brunellostore.es\",\"url\":\"https:\/\/brunellostore.es\/\",\"logo\":{\"@type\":\"ImageObject\",\"inLanguage\":\"es\",\"@id\":\"https:\/\/brunellostore.es\/#\/schema\/logo\/image\/\",\"url\":\"https:\/\/brunellostore.es\/wp-content\/uploads\/2024\/09\/Brunello-logo.png\",\"contentUrl\":\"https:\/\/brunellostore.es\/wp-content\/uploads\/2024\/09\/Brunello-logo.png\",\"width\":924,\"height\":240,\"caption\":\"brunellostore.es\"},\"image\":{\"@id\":\"https:\/\/brunellostore.es\/#\/schema\/logo\/image\/\"}}]}<\/script>\n<!-- \/ Yoast SEO plugin. -->","yoast_head_json":{"title":"\u0414\u043e\u0441\u0442\u0430\u0432\u043a\u0430 \u0438 \u043e\u043f\u043b\u0430\u0442\u0430 - brunellostore.es","robots":{"index":"index","follow":"follow","max-snippet":"max-snippet:-1","max-image-preview":"max-image-preview:large","max-video-preview":"max-video-preview:-1"},"canonical":"https:\/\/brunellostore.es\/es\/dostavka-i-oplata\/","og_locale":"es_ES","og_type":"article","og_title":"\u0414\u043e\u0441\u0442\u0430\u0432\u043a\u0430 \u0438 \u043e\u043f\u043b\u0430\u0442\u0430 - brunellostore.es","og_description":"\u0414\u041e\u0421\u0422\u0410\u0412\u041a\u0410 \u0418 \u041e\u041f\u041b\u0410\u0422\u0410 \u0421\u0410\u041c\u041e\u0412\u042b\u0412\u041e\u0417 \u0418\u0417 \u041d\u0410\u0428\u0415\u0413\u041e \u041c\u0410\u0413\u0410\u0417\u0418\u041d\u0410:\u00a0\u0410\u0431\u0441\u043e\u043b\u044e\u0442\u043d\u043e \u0431\u0435\u0441\u043f\u043b\u0430\u0442\u043d\u043e \u0437\u0430\u0431\u0440\u0430\u0442\u044c \u0441\u0432\u043e\u044e \u043f\u043e\u043a\u0443\u043f\u043a\u0443 \u0432\u044b \u0441\u043c\u043e\u0436\u0435\u0442\u0435 \u043d\u0435\u043f\u043e\u0441\u0440\u0435\u0434\u0441\u0442\u0432\u0435\u043d\u043d\u043e \u0438\u0437 \u043d\u0430\u0448\u0435\u0433\u043e \u043e\u0444\u0438\u0441\u0430.\u00a0\u0410\u0434\u0440\u0435\u0441:\u00a0Spain, Marbella Commercial Local","og_url":"https:\/\/brunellostore.es\/es\/dostavka-i-oplata\/","og_site_name":"brunellostore.es","article_modified_time":"2024-11-30T22:53:42+00:00","og_image":[{"url":"https:\/\/brunellostore.es\/wp-content\/uploads\/2021\/08\/wd-ship-2.jpg","type":"","width":"","height":""}],"twitter_card":"summary_large_image","twitter_misc":{"Tiempo de lectura":"2 minutos"},"schema":{"@context":"https:\/\/schema.org","@graph":[{"@type":"WebPage","@id":"https:\/\/brunellostore.es\/dostavka-i-oplata\/","url":"https:\/\/brunellostore.es\/dostavka-i-oplata\/","name":"\u0414\u043e\u0441\u0442\u0430\u0432\u043a\u0430 \u0438 \u043e\u043f\u043b\u0430\u0442\u0430 - brunellostore.es","isPartOf":{"@id":"https:\/\/brunellostore.es\/#website"},"primaryImageOfPage":{"@id":"https:\/\/brunellostore.es\/dostavka-i-oplata\/#primaryimage"},"image":{"@id":"https:\/\/brunellostore.es\/dostavka-i-oplata\/#primaryimage"},"thumbnailUrl":"https:\/\/brunellostore.es\/wp-content\/uploads\/2021\/08\/wd-ship-2.jpg","datePublished":"2024-11-30T22:40:10+00:00","dateModified":"2024-11-30T22:53:42+00:00","breadcrumb":{"@id":"https:\/\/brunellostore.es\/dostavka-i-oplata\/#breadcrumb"},"inLanguage":"es","potentialAction":[{"@type":"ReadAction","target":["https:\/\/brunellostore.es\/dostavka-i-oplata\/"]}]},{"@type":"ImageObject","inLanguage":"es","@id":"https:\/\/brunellostore.es\/dostavka-i-oplata\/#primaryimage","url":"https:\/\/brunellostore.es\/wp-content\/uploads\/2021\/08\/wd-ship-2.jpg","contentUrl":"https:\/\/brunellostore.es\/wp-content\/uploads\/2021\/08\/wd-ship-2.jpg"},{"@type":"BreadcrumbList","@id":"https:\/\/brunellostore.es\/dostavka-i-oplata\/#breadcrumb","itemListElement":[{"@type":"ListItem","position":1,"name":"Home","item":"https:\/\/brunellostore.es\/"},{"@type":"ListItem","position":2,"name":"\u0414\u043e\u0441\u0442\u0430\u0432\u043a\u0430 \u0438 \u043e\u043f\u043b\u0430\u0442\u0430"}]},{"@type":"WebSite","@id":"https:\/\/brunellostore.es\/#website","url":"https:\/\/brunellostore.es\/","name":"brunellostore.es","description":"","publisher":{"@id":"https:\/\/brunellostore.es\/#organization"},"potentialAction":[{"@type":"SearchAction","target":{"@type":"EntryPoint","urlTemplate":"https:\/\/brunellostore.es\/?s={search_term_string}"},"query-input":{"@type":"PropertyValueSpecification","valueRequired":true,"valueName":"search_term_string"}}],"inLanguage":"es"},{"@type":"Organization","@id":"https:\/\/brunellostore.es\/#organization","name":"brunellostore.es","url":"https:\/\/brunellostore.es\/","logo":{"@type":"ImageObject","inLanguage":"es","@id":"https:\/\/brunellostore.es\/#\/schema\/logo\/image\/","url":"https:\/\/brunellostore.es\/wp-content\/uploads\/2024\/09\/Brunello-logo.png","contentUrl":"https:\/\/brunellostore.es\/wp-content\/uploads\/2024\/09\/Brunello-logo.png","width":924,"height":240,"caption":"brunellostore.es"},"image":{"@id":"https:\/\/brunellostore.es\/#\/schema\/logo\/image\/"}}]}},"_links":{"self":[{"href":"https:\/\/brunellostore.es\/es\/wp-json\/wp\/v2\/pages\/28354","targetHints":{"allow":["GET"]}}],"collection":[{"href":"https:\/\/brunellostore.es\/es\/wp-json\/wp\/v2\/pages"}],"about":[{"href":"https:\/\/brunellostore.es\/es\/wp-json\/wp\/v2\/types\/page"}],"author":[{"embeddable":true,"href":"https:\/\/brunellostore.es\/es\/wp-json\/wp\/v2\/users\/1"}],"replies":[{"embeddable":true,"href":"https:\/\/brunellostore.es\/es\/wp-json\/wp\/v2\/comments?post=28354"}],"version-history":[{"count":14,"href":"https:\/\/brunellostore.es\/es\/wp-json\/wp\/v2\/pages\/28354\/revisions"}],"predecessor-version":[{"id":28368,"href":"https:\/\/brunellostore.es\/es\/wp-json\/wp\/v2\/pages\/28354\/revisions\/28368"}],"wp:attachment":[{"href":"https:\/\/brunellostore.es\/es\/wp-json\/wp\/v2\/media?parent=28354"}],"curies":[{"name":"wp","href":"https:\/\/api.w.org\/{rel}","templated":true}]}}