{"id":28274,"date":"2024-11-30T01:55:57","date_gmt":"2024-11-30T00:55:57","guid":{"rendered":"https:\/\/brunellostore.es\/?post_type=product&#038;p=28274"},"modified":"2024-12-01T15:00:56","modified_gmt":"2024-12-01T14:00:56","slug":"dveri-skrytie-complete-standard-40","status":"publish","type":"product","link":"https:\/\/brunellostore.es\/es\/producto\/dveri-skrytie-complete-standard-40\/","title":{"rendered":"Puertas ocultas completas Standard 40"},"content":{"rendered":"<div data-elementor-type=\"wp-post\" data-elementor-id=\"28274\" class=\"elementor elementor-28274\">\n\t\t\t\t<div class=\"elementor-element elementor-element-8fe9a00 e-flex e-con-boxed e-con e-parent\" data-id=\"8fe9a00\" data-element_type=\"container\">\n\t\t\t\t\t<div class=\"e-con-inner\">\n\t\t<div class=\"elementor-element elementor-element-430e551 e-con-full e-flex e-con e-child\" data-id=\"430e551\" data-element_type=\"container\">\n\t\t\t\t<div class=\"elementor-element elementor-element-05c1d79 elementor-widget elementor-widget-wd_text_block\" data-id=\"05c1d79\" data-element_type=\"widget\" data-widget_type=\"wd_text_block.default\">\n\t\t\t\t<div class=\"elementor-widget-container\">\n\t\t\t\t\t\t\t<div class=\"wd-text-block reset-last-child text-left\">\n\t\t\t\n\t\t\t<h3>Puertas LEON<\/h3>\nPuertas LEON: estilo, fiabilidad y calidad impecable\n\nLEON es una marca reconocida especializada en la producci\u00f3n de puertas modernas y de alta calidad que satisfacen las m\u00e1s altas exigencias en t\u00e9rminos de dise\u00f1o, funcionalidad y fiabilidad. Nuestras puertas han sido creadas para quienes aprecian el confort, la seguridad y la armon\u00eda est\u00e9tica en el interior.\n\t\t\t\t\t<\/div>\n\t\t\t\t\t\t<\/div>\n\t\t\t\t<\/div>\n\t\t\t\t<\/div>\n\t\t<div class=\"elementor-element elementor-element-c189e30 e-con-full e-flex e-con e-child\" data-id=\"c189e30\" data-element_type=\"container\">\n\t\t\t\t<div class=\"elementor-element elementor-element-a18d0ec elementor-widget elementor-widget-wd_text_block\" data-id=\"a18d0ec\" data-element_type=\"widget\" data-widget_type=\"wd_text_block.default\">\n\t\t\t\t<div class=\"elementor-widget-container\">\n\t\t\t\t\t\t\t<div class=\"wd-text-block reset-last-child text-left\">\n\t\t\t\n\t\t\t<strong>Caracter\u00edsticas:<\/strong>\n<ul>\n<li>Tipo de marco: de pl\u00e1stico PVC y preparado para pintar con pinturas murales.<\/li>\n \t<li>Hoja de la puerta y relleno: La hoja se prepara para pintarla con pinturas murales y se rellena con el llamado \u00abnido de abeja\u00bb o cart\u00f3n compacto.<\/li>\n \t<li>Bisagras: 2 bisagras AN 140 3D Anselmi de Simonswerk en gris.<\/li>\n \t<li>Cerradura y cerradero: cerradero Bonaiti B-Twin y cerradura magn\u00e9tica en n\u00edquel satinado o cerradura AGB con tapa de bisagra gris y cerradura con coste adicional.<\/li>\n \t<li>Asa: opcional (de una empresa italiana de renombre).<\/li>\n<\/ul>\n\n\t\t\t\t\t<\/div>\n\t\t\t\t\t\t<\/div>\n\t\t\t\t<\/div>\n\t\t\t\t<\/div>\n\t\t<div class=\"elementor-element elementor-element-cd2d9d5 e-con-full e-flex e-con e-child\" data-id=\"cd2d9d5\" data-element_type=\"container\">\n\t\t\t\t<div class=\"elementor-element elementor-element-637df21 elementor-widget elementor-widget-wd_text_block\" data-id=\"637df21\" data-element_type=\"widget\" data-widget_type=\"wd_text_block.default\">\n\t\t\t\t<div class=\"elementor-widget-container\">\n\t\t\t\t\t\t\t<div class=\"wd-text-block reset-last-child text-left\">\n\t\t\t\n\t\t\t<h4>Dimensiones generales<\/h4><p>Espesor de la chapa: 40 mm<br \/><br \/>La anchura del ala y las dimensiones de la abertura del edificio: <br \/>700 \u043c\u043c = 800x2080 \u043c\u043c<br \/>800 \u043c\u043c = 900x2080 \u043c\u043c<br \/>900 \u043c\u043c = 1000x2080 \u043c\u043c<br \/><br \/>Altura exterior de la hoja: 2020 mm.<br \/>Altura interior de la hoja: 2030 mm.<\/p>\n\t\t\t\t\t<\/div>\n\t\t\t\t\t\t<\/div>\n\t\t\t\t<\/div>\n\t\t\t\t<\/div>\n\t\t\t\t\t<\/div>\n\t\t\t\t<\/div>\n\t\t\t\t<\/div>","protected":false},"excerpt":{"rendered":"<p>La puerta oculta Complete Standard'40 es el producto b\u00e1sico de la gama Complete. Se compone de un marco invisible de aluminio y una hoja de 40 mm de espesor, que puede ser alveolar o maciza. Se instala en un marco interior o exterior dise\u00f1ado tanto para mamposter\u00eda como para cart\u00f3n yeso. Adem\u00e1s, el conjunto es apto para pintar las paredes con pinturas y, en la versi\u00f3n de aglomerado, se puede pegar papel pintado.<\/p>","protected":false},"featured_media":28275,"comment_status":"open","ping_status":"closed","template":"","meta":[],"product_brand":[],"product_cat":[53],"product_tag":[],"class_list":{"0":"post-28274","1":"product","2":"type-product","3":"status-publish","4":"has-post-thumbnail","6":"product_cat-doors","8":"first","9":"instock","10":"shipping-taxable","11":"purchasable","12":"product-type-simple"},"yoast_head":"<!-- This site is optimized with the Yoast SEO plugin v26.5 - https:\/\/yoast.com\/wordpress\/plugins\/seo\/ -->\n<title>\u0414\u0432\u0435\u0440\u0438 \u0441\u043a\u0440\u044b\u0442\u044b\u0435 Complete Standard 40 - brunellostore.es<\/title>\n<meta name=\"robots\" content=\"index, follow, max-snippet:-1, max-image-preview:large, max-video-preview:-1\" \/>\n<link rel=\"canonical\" href=\"https:\/\/brunellostore.es\/es\/producto\/dveri-skrytie-complete-standard-40\/\" \/>\n<meta property=\"og:locale\" content=\"es_ES\" \/>\n<meta property=\"og:type\" content=\"article\" \/>\n<meta property=\"og:title\" content=\"\u0414\u0432\u0435\u0440\u0438 \u0441\u043a\u0440\u044b\u0442\u044b\u0435 Complete Standard 40 - brunellostore.es\" \/>\n<meta property=\"og:description\" content=\"\u0421\u043a\u0440\u044b\u0442\u0430\u044f \u0434\u0432\u0435\u0440\u044c Complete Standard&#039;40 \u044f\u0432\u043b\u044f\u0435\u0442\u0441\u044f \u0431\u0430\u0437\u043e\u0432\u044b\u043c \u043f\u0440\u043e\u0434\u0443\u043a\u0442\u043e\u043c \u0441\u0435\u0440\u0438\u0438 Complete. \u041e\u043d\u0430 \u0441\u043e\u0441\u0442\u043e\u0438\u0442 \u0438\u0437 \u0430\u043b\u044e\u043c\u0438\u043d\u0438\u0435\u0432\u043e\u0439 \u043d\u0435\u0432\u0438\u0434\u0438\u043c\u043e\u0439 \u0440\u0430\u043c\u044b \u0438 \u043f\u043e\u043b\u043e\u0442\u043d\u0430 \u0442\u043e\u043b\u0449\u0438\u043d\u043e\u0439 40 \u043c\u043c, \u043a\u043e\u0442\u043e\u0440\u043e\u0435 \u043c\u043e\u0436\u0435\u0442 \u0438\u043c\u0435\u0442\u044c \u0441\u043e\u0442\u043e\u0432\u043e\u0435 \u0438\u043b\u0438 \u0441\u043f\u043b\u043e\u0448\u043d\u043e\u0435 \u0437\u0430\u043f\u043e\u043b\u043d\u0435\u043d\u0438\u0435. \u041e\u043d\u0430 \u0443\u0441\u0442\u0430\u043d\u0430\u0432\u043b\u0438\u0432\u0430\u0435\u0442\u0441\u044f \u043d\u0430 \u0432\u043d\u0443\u0442\u0440\u0435\u043d\u043d\u044e\u044e \u0438\u043b\u0438 \u0432\u043d\u0435\u0448\u043d\u044e\u044e \u0440\u0430\u043c\u0443, \u043f\u0440\u0435\u0434\u043d\u0430\u0437\u043d\u0430\u0447\u0435\u043d\u043d\u0443\u044e \u043a\u0430\u043a \u0434\u043b\u044f \u043a\u0438\u0440\u043f\u0438\u0447\u043d\u043e\u0439 \u043a\u043b\u0430\u0434\u043a\u0438, \u0442\u0430\u043a \u0438 \u0434\u043b\u044f \u0433\u0438\u043f\u0441\u043e\u043a\u0430\u0440\u0442\u043e\u043d\u0430. \u041a\u0440\u043e\u043c\u0435 \u0442\u043e\u0433\u043e, \u0432\u0435\u0441\u044c \u043a\u043e\u043c\u043f\u043b\u0435\u043a\u0442 \u043f\u043e\u0434\u0445\u043e\u0434\u0438\u0442 \u0434\u043b\u044f \u043e\u043a\u0440\u0430\u0448\u0438\u0432\u0430\u043d\u0438\u044f \u0441\u0442\u0435\u043d \u043a\u0440\u0430\u0441\u043a\u0430\u043c\u0438, \u0430 \u0432 \u0432\u0430\u0440\u0438\u0430\u043d\u0442\u0435 \u0441 \u0414\u0421\u041f \u043d\u0430 \u043d\u0435\u0433\u043e \u043c\u043e\u0436\u043d\u043e \u043d\u0430\u043a\u043b\u0435\u0438\u0442\u044c \u043e\u0431\u043e\u0438.\" \/>\n<meta property=\"og:url\" content=\"https:\/\/brunellostore.es\/es\/producto\/dveri-skrytie-complete-standard-40\/\" \/>\n<meta property=\"og:site_name\" content=\"brunellostore.es\" \/>\n<meta property=\"article:modified_time\" content=\"2024-12-01T14:00:56+00:00\" \/>\n<meta property=\"og:image\" content=\"https:\/\/brunellostore.es\/wp-content\/uploads\/2024\/11\/6442.png\" \/>\n\t<meta property=\"og:image:width\" content=\"800\" \/>\n\t<meta property=\"og:image:height\" content=\"800\" \/>\n\t<meta property=\"og:image:type\" content=\"image\/png\" \/>\n<meta name=\"twitter:card\" content=\"summary_large_image\" \/>\n<meta name=\"twitter:label1\" content=\"Tiempo de lectura\" \/>\n\t<meta name=\"twitter:data1\" content=\"2 minutos\" \/>\n<script type=\"application\/ld+json\" class=\"yoast-schema-graph\">{\"@context\":\"https:\/\/schema.org\",\"@graph\":[{\"@type\":\"WebPage\",\"@id\":\"https:\/\/brunellostore.es\/product\/dveri-skrytie-complete-standard-40\/\",\"url\":\"https:\/\/brunellostore.es\/product\/dveri-skrytie-complete-standard-40\/\",\"name\":\"\u0414\u0432\u0435\u0440\u0438 \u0441\u043a\u0440\u044b\u0442\u044b\u0435 Complete Standard 40 - brunellostore.es\",\"isPartOf\":{\"@id\":\"https:\/\/brunellostore.es\/#website\"},\"primaryImageOfPage\":{\"@id\":\"https:\/\/brunellostore.es\/product\/dveri-skrytie-complete-standard-40\/#primaryimage\"},\"image\":{\"@id\":\"https:\/\/brunellostore.es\/product\/dveri-skrytie-complete-standard-40\/#primaryimage\"},\"thumbnailUrl\":\"https:\/\/brunellostore.es\/wp-content\/uploads\/2024\/11\/6442.png\",\"datePublished\":\"2024-11-30T00:55:57+00:00\",\"dateModified\":\"2024-12-01T14:00:56+00:00\",\"breadcrumb\":{\"@id\":\"https:\/\/brunellostore.es\/product\/dveri-skrytie-complete-standard-40\/#breadcrumb\"},\"inLanguage\":\"es\",\"potentialAction\":[{\"@type\":\"ReadAction\",\"target\":[\"https:\/\/brunellostore.es\/product\/dveri-skrytie-complete-standard-40\/\"]}]},{\"@type\":\"ImageObject\",\"inLanguage\":\"es\",\"@id\":\"https:\/\/brunellostore.es\/product\/dveri-skrytie-complete-standard-40\/#primaryimage\",\"url\":\"https:\/\/brunellostore.es\/wp-content\/uploads\/2024\/11\/6442.png\",\"contentUrl\":\"https:\/\/brunellostore.es\/wp-content\/uploads\/2024\/11\/6442.png\",\"width\":800,\"height\":800},{\"@type\":\"BreadcrumbList\",\"@id\":\"https:\/\/brunellostore.es\/product\/dveri-skrytie-complete-standard-40\/#breadcrumb\",\"itemListElement\":[{\"@type\":\"ListItem\",\"position\":1,\"name\":\"Home\",\"item\":\"https:\/\/brunellostore.es\/\"},{\"@type\":\"ListItem\",\"position\":2,\"name\":\"\u041c\u0430\u0433\u0430\u0437\u0438\u043d\",\"item\":\"https:\/\/brunellostore.es\/shop\/\"},{\"@type\":\"ListItem\",\"position\":3,\"name\":\"\u0414\u0432\u0435\u0440\u0438 \u0441\u043a\u0440\u044b\u0442\u044b\u0435 Complete Standard 40\"}]},{\"@type\":\"WebSite\",\"@id\":\"https:\/\/brunellostore.es\/#website\",\"url\":\"https:\/\/brunellostore.es\/\",\"name\":\"brunellostore.es\",\"description\":\"\",\"publisher\":{\"@id\":\"https:\/\/brunellostore.es\/#organization\"},\"potentialAction\":[{\"@type\":\"SearchAction\",\"target\":{\"@type\":\"EntryPoint\",\"urlTemplate\":\"https:\/\/brunellostore.es\/?s={search_term_string}\"},\"query-input\":{\"@type\":\"PropertyValueSpecification\",\"valueRequired\":true,\"valueName\":\"search_term_string\"}}],\"inLanguage\":\"es\"},{\"@type\":\"Organization\",\"@id\":\"https:\/\/brunellostore.es\/#organization\",\"name\":\"brunellostore.es\",\"url\":\"https:\/\/brunellostore.es\/\",\"logo\":{\"@type\":\"ImageObject\",\"inLanguage\":\"es\",\"@id\":\"https:\/\/brunellostore.es\/#\/schema\/logo\/image\/\",\"url\":\"https:\/\/brunellostore.es\/wp-content\/uploads\/2024\/09\/Brunello-logo.png\",\"contentUrl\":\"https:\/\/brunellostore.es\/wp-content\/uploads\/2024\/09\/Brunello-logo.png\",\"width\":924,\"height\":240,\"caption\":\"brunellostore.es\"},\"image\":{\"@id\":\"https:\/\/brunellostore.es\/#\/schema\/logo\/image\/\"}}]}<\/script>\n<!-- \/ Yoast SEO plugin. -->","yoast_head_json":{"title":"\u0414\u0432\u0435\u0440\u0438 \u0441\u043a\u0440\u044b\u0442\u044b\u0435 Complete Standard 40 - brunellostore.es","robots":{"index":"index","follow":"follow","max-snippet":"max-snippet:-1","max-image-preview":"max-image-preview:large","max-video-preview":"max-video-preview:-1"},"canonical":"https:\/\/brunellostore.es\/es\/producto\/dveri-skrytie-complete-standard-40\/","og_locale":"es_ES","og_type":"article","og_title":"\u0414\u0432\u0435\u0440\u0438 \u0441\u043a\u0440\u044b\u0442\u044b\u0435 Complete Standard 40 - brunellostore.es","og_description":"\u0421\u043a\u0440\u044b\u0442\u0430\u044f \u0434\u0432\u0435\u0440\u044c Complete Standard'40 \u044f\u0432\u043b\u044f\u0435\u0442\u0441\u044f \u0431\u0430\u0437\u043e\u0432\u044b\u043c \u043f\u0440\u043e\u0434\u0443\u043a\u0442\u043e\u043c \u0441\u0435\u0440\u0438\u0438 Complete. \u041e\u043d\u0430 \u0441\u043e\u0441\u0442\u043e\u0438\u0442 \u0438\u0437 \u0430\u043b\u044e\u043c\u0438\u043d\u0438\u0435\u0432\u043e\u0439 \u043d\u0435\u0432\u0438\u0434\u0438\u043c\u043e\u0439 \u0440\u0430\u043c\u044b \u0438 \u043f\u043e\u043b\u043e\u0442\u043d\u0430 \u0442\u043e\u043b\u0449\u0438\u043d\u043e\u0439 40 \u043c\u043c, \u043a\u043e\u0442\u043e\u0440\u043e\u0435 \u043c\u043e\u0436\u0435\u0442 \u0438\u043c\u0435\u0442\u044c \u0441\u043e\u0442\u043e\u0432\u043e\u0435 \u0438\u043b\u0438 \u0441\u043f\u043b\u043e\u0448\u043d\u043e\u0435 \u0437\u0430\u043f\u043e\u043b\u043d\u0435\u043d\u0438\u0435. \u041e\u043d\u0430 \u0443\u0441\u0442\u0430\u043d\u0430\u0432\u043b\u0438\u0432\u0430\u0435\u0442\u0441\u044f \u043d\u0430 \u0432\u043d\u0443\u0442\u0440\u0435\u043d\u043d\u044e\u044e \u0438\u043b\u0438 \u0432\u043d\u0435\u0448\u043d\u044e\u044e \u0440\u0430\u043c\u0443, \u043f\u0440\u0435\u0434\u043d\u0430\u0437\u043d\u0430\u0447\u0435\u043d\u043d\u0443\u044e \u043a\u0430\u043a \u0434\u043b\u044f \u043a\u0438\u0440\u043f\u0438\u0447\u043d\u043e\u0439 \u043a\u043b\u0430\u0434\u043a\u0438, \u0442\u0430\u043a \u0438 \u0434\u043b\u044f \u0433\u0438\u043f\u0441\u043e\u043a\u0430\u0440\u0442\u043e\u043d\u0430. \u041a\u0440\u043e\u043c\u0435 \u0442\u043e\u0433\u043e, \u0432\u0435\u0441\u044c \u043a\u043e\u043c\u043f\u043b\u0435\u043a\u0442 \u043f\u043e\u0434\u0445\u043e\u0434\u0438\u0442 \u0434\u043b\u044f \u043e\u043a\u0440\u0430\u0448\u0438\u0432\u0430\u043d\u0438\u044f \u0441\u0442\u0435\u043d \u043a\u0440\u0430\u0441\u043a\u0430\u043c\u0438, \u0430 \u0432 \u0432\u0430\u0440\u0438\u0430\u043d\u0442\u0435 \u0441 \u0414\u0421\u041f \u043d\u0430 \u043d\u0435\u0433\u043e \u043c\u043e\u0436\u043d\u043e \u043d\u0430\u043a\u043b\u0435\u0438\u0442\u044c \u043e\u0431\u043e\u0438.","og_url":"https:\/\/brunellostore.es\/es\/producto\/dveri-skrytie-complete-standard-40\/","og_site_name":"brunellostore.es","article_modified_time":"2024-12-01T14:00:56+00:00","og_image":[{"width":800,"height":800,"url":"https:\/\/brunellostore.es\/wp-content\/uploads\/2024\/11\/6442.png","type":"image\/png"}],"twitter_card":"summary_large_image","twitter_misc":{"Tiempo de lectura":"2 minutos"},"schema":{"@context":"https:\/\/schema.org","@graph":[{"@type":"WebPage","@id":"https:\/\/brunellostore.es\/product\/dveri-skrytie-complete-standard-40\/","url":"https:\/\/brunellostore.es\/product\/dveri-skrytie-complete-standard-40\/","name":"\u0414\u0432\u0435\u0440\u0438 \u0441\u043a\u0440\u044b\u0442\u044b\u0435 Complete Standard 40 - brunellostore.es","isPartOf":{"@id":"https:\/\/brunellostore.es\/#website"},"primaryImageOfPage":{"@id":"https:\/\/brunellostore.es\/product\/dveri-skrytie-complete-standard-40\/#primaryimage"},"image":{"@id":"https:\/\/brunellostore.es\/product\/dveri-skrytie-complete-standard-40\/#primaryimage"},"thumbnailUrl":"https:\/\/brunellostore.es\/wp-content\/uploads\/2024\/11\/6442.png","datePublished":"2024-11-30T00:55:57+00:00","dateModified":"2024-12-01T14:00:56+00:00","breadcrumb":{"@id":"https:\/\/brunellostore.es\/product\/dveri-skrytie-complete-standard-40\/#breadcrumb"},"inLanguage":"es","potentialAction":[{"@type":"ReadAction","target":["https:\/\/brunellostore.es\/product\/dveri-skrytie-complete-standard-40\/"]}]},{"@type":"ImageObject","inLanguage":"es","@id":"https:\/\/brunellostore.es\/product\/dveri-skrytie-complete-standard-40\/#primaryimage","url":"https:\/\/brunellostore.es\/wp-content\/uploads\/2024\/11\/6442.png","contentUrl":"https:\/\/brunellostore.es\/wp-content\/uploads\/2024\/11\/6442.png","width":800,"height":800},{"@type":"BreadcrumbList","@id":"https:\/\/brunellostore.es\/product\/dveri-skrytie-complete-standard-40\/#breadcrumb","itemListElement":[{"@type":"ListItem","position":1,"name":"Home","item":"https:\/\/brunellostore.es\/"},{"@type":"ListItem","position":2,"name":"\u041c\u0430\u0433\u0430\u0437\u0438\u043d","item":"https:\/\/brunellostore.es\/shop\/"},{"@type":"ListItem","position":3,"name":"\u0414\u0432\u0435\u0440\u0438 \u0441\u043a\u0440\u044b\u0442\u044b\u0435 Complete Standard 40"}]},{"@type":"WebSite","@id":"https:\/\/brunellostore.es\/#website","url":"https:\/\/brunellostore.es\/","name":"brunellostore.es","description":"","publisher":{"@id":"https:\/\/brunellostore.es\/#organization"},"potentialAction":[{"@type":"SearchAction","target":{"@type":"EntryPoint","urlTemplate":"https:\/\/brunellostore.es\/?s={search_term_string}"},"query-input":{"@type":"PropertyValueSpecification","valueRequired":true,"valueName":"search_term_string"}}],"inLanguage":"es"},{"@type":"Organization","@id":"https:\/\/brunellostore.es\/#organization","name":"brunellostore.es","url":"https:\/\/brunellostore.es\/","logo":{"@type":"ImageObject","inLanguage":"es","@id":"https:\/\/brunellostore.es\/#\/schema\/logo\/image\/","url":"https:\/\/brunellostore.es\/wp-content\/uploads\/2024\/09\/Brunello-logo.png","contentUrl":"https:\/\/brunellostore.es\/wp-content\/uploads\/2024\/09\/Brunello-logo.png","width":924,"height":240,"caption":"brunellostore.es"},"image":{"@id":"https:\/\/brunellostore.es\/#\/schema\/logo\/image\/"}}]}},"_links":{"self":[{"href":"https:\/\/brunellostore.es\/es\/wp-json\/wp\/v2\/product\/28274","targetHints":{"allow":["GET"]}}],"collection":[{"href":"https:\/\/brunellostore.es\/es\/wp-json\/wp\/v2\/product"}],"about":[{"href":"https:\/\/brunellostore.es\/es\/wp-json\/wp\/v2\/types\/product"}],"replies":[{"embeddable":true,"href":"https:\/\/brunellostore.es\/es\/wp-json\/wp\/v2\/comments?post=28274"}],"version-history":[{"count":6,"href":"https:\/\/brunellostore.es\/es\/wp-json\/wp\/v2\/product\/28274\/revisions"}],"predecessor-version":[{"id":28465,"href":"https:\/\/brunellostore.es\/es\/wp-json\/wp\/v2\/product\/28274\/revisions\/28465"}],"wp:featuredmedia":[{"embeddable":true,"href":"https:\/\/brunellostore.es\/es\/wp-json\/wp\/v2\/media\/28275"}],"wp:attachment":[{"href":"https:\/\/brunellostore.es\/es\/wp-json\/wp\/v2\/media?parent=28274"}],"wp:term":[{"taxonomy":"product_brand","embeddable":true,"href":"https:\/\/brunellostore.es\/es\/wp-json\/wp\/v2\/product_brand?post=28274"},{"taxonomy":"product_cat","embeddable":true,"href":"https:\/\/brunellostore.es\/es\/wp-json\/wp\/v2\/product_cat?post=28274"},{"taxonomy":"product_tag","embeddable":true,"href":"https:\/\/brunellostore.es\/es\/wp-json\/wp\/v2\/product_tag?post=28274"}],"curies":[{"name":"wp","href":"https:\/\/api.w.org\/{rel}","templated":true}]}}