{"id":28441,"date":"2024-12-01T04:16:18","date_gmt":"2024-12-01T03:16:18","guid":{"rendered":"https:\/\/brunellostore.es\/?post_type=product&#038;p=28441"},"modified":"2025-06-29T22:21:29","modified_gmt":"2025-06-29T21:21:29","slug":"ploskiy-alyuminiyevyy-plintus-skrytogo-montazha-p-112","status":"publish","type":"product","link":"https:\/\/brunellostore.es\/es\/producto\/ploskiy-alyuminiyevyy-plintus-skrytogo-montazha-p-112\/","title":{"rendered":"Rodapi\u00e9 enrasado plano de aluminio P-112"},"content":{"rendered":"<div data-elementor-type=\"wp-post\" data-elementor-id=\"28441\" class=\"elementor elementor-28441\">\n\t\t\t\t<div class=\"elementor-element elementor-element-8fe9a00 e-flex e-con-boxed e-con e-parent\" data-id=\"8fe9a00\" data-element_type=\"container\">\n\t\t\t\t\t<div class=\"e-con-inner\">\n\t\t<div class=\"elementor-element elementor-element-430e551 e-con-full e-flex e-con e-child\" data-id=\"430e551\" data-element_type=\"container\">\n\t\t\t\t<div class=\"elementor-element elementor-element-05c1d79 elementor-widget elementor-widget-wd_text_block\" data-id=\"05c1d79\" data-element_type=\"widget\" data-widget_type=\"wd_text_block.default\">\n\t\t\t\t<div class=\"elementor-widget-container\">\n\t\t\t\t\t\t\t<div class=\"wd-text-block reset-last-child text-left\">\n\t\t\t\n\t\t\t<h3>Rodapi\u00e9 enrasado plano de aluminio P-112<\/h3><p>Rodapi\u00e9 integrado de aluminio P-112. Este rodapi\u00e9 permite realizar un rodapi\u00e9 empotrado en el plano con la pared sin necesidad de crear fosos de instalaci\u00f3n. Este modelo ser\u00e1 especialmente relevante en caso de que seg\u00fan el proyecto el rodapi\u00e9 deba ir empotrado, pero se haya olvidado de hacer una fosa, o sea imposible hacerla por alg\u00fan motivo. Este es uno de los modelos m\u00e1s populares de z\u00f3calos de aluminio empotrados.<\/p><p>Versatilidad. El z\u00f3calo P-112 puede instalarse f\u00e1cilmente en la pared y conectarse con papel pintado, paneles acr\u00edlicos y similares. A menudo, este z\u00f3calo se utiliza como z\u00f3calo para muebles o como eliminador de pared. Un peque\u00f1o saliente en la parte superior del perfil no parece macizo, y la forma biselada evita que el polvo y la suciedad se acumulen en \u00e9l.<\/p>\n\t\t\t\t\t<\/div>\n\t\t\t\t\t\t<\/div>\n\t\t\t\t<\/div>\n\t\t\t\t<\/div>\n\t\t<div class=\"elementor-element elementor-element-c189e30 e-con-full e-flex e-con e-child\" data-id=\"c189e30\" data-element_type=\"container\">\n\t\t\t\t<div class=\"elementor-element elementor-element-a18d0ec elementor-widget elementor-widget-wd_text_block\" data-id=\"a18d0ec\" data-element_type=\"widget\" data-widget_type=\"wd_text_block.default\">\n\t\t\t\t<div class=\"elementor-widget-container\">\n\t\t\t\t\t\t\t<div class=\"wd-text-block reset-last-child text-left\">\n\t\t\t\n\t\t\t<p>Adecuado para puertas ocultas. La forma plana del rodapi\u00e9 permite utilizarlo para puertas ocultas. El perfil encaja perfectamente en el hueco de la puerta sin sobresalir apenas de la pared. El rodapi\u00e9 simplemente se apoya en el perfil de la puerta sin necesidad de elementos de uni\u00f3n especiales.<\/p><p>El rodapi\u00e9 puede curvarse radialmente gracias al sencillo dise\u00f1o del perfil, lo que permite repetir secciones curvas de pared con el rodapi\u00e9. Esta caracter\u00edstica es excepcional, ya que la mayor\u00eda de los rodapi\u00e9s empotrados no se doblan debido a la presencia de nervios de refuerzo en el perfil. El rodapi\u00e9 P-112 permite sortear incluso columnas redondas y curvas con un radio de hasta 5 cm.<\/p>\n\t\t\t\t\t<\/div>\n\t\t\t\t\t\t<\/div>\n\t\t\t\t<\/div>\n\t\t\t\t<\/div>\n\t\t<div class=\"elementor-element elementor-element-cd2d9d5 e-con-full e-flex e-con e-child\" data-id=\"cd2d9d5\" data-element_type=\"container\">\n\t\t\t\t<div class=\"elementor-element elementor-element-637df21 elementor-widget elementor-widget-wd_text_block\" data-id=\"637df21\" data-element_type=\"widget\" data-widget_type=\"wd_text_block.default\">\n\t\t\t\t<div class=\"elementor-widget-container\">\n\t\t\t\t\t\t\t<div class=\"wd-text-block reset-last-child text-left\">\n\t\t\t\n\t\t\t<h4>Dimensiones generales<\/h4><p>Material: Aluminio<br \/>Anchura: 3 mm<br \/>Color: plata\u00a0<br \/>N\u00famero de canales para cables: Sin canales para cables<br \/>Longitud: 2500 mm<br \/>Tipo de z\u00f3calo: Instalaci\u00f3n oculta<br \/>Revestimiento: Anodizado<br \/>Altura: 100 mm<\/p>\n\t\t\t\t\t<\/div>\n\t\t\t\t\t\t<\/div>\n\t\t\t\t<\/div>\n\t\t\t\t<\/div>\n\t\t\t\t\t<\/div>\n\t\t\t\t<\/div>\n\t\t\t\t<\/div>","protected":false},"excerpt":{"rendered":"<p>Rodapi\u00e9 integrado de aluminio P-112. Este rodapi\u00e9 permite realizar un rodapi\u00e9 empotrado en el plano con la pared sin necesidad de crear fosos de instalaci\u00f3n. Este modelo ser\u00e1 especialmente relevante en caso de que seg\u00fan el proyecto el rodapi\u00e9 deba ir empotrado, pero se haya olvidado de hacer una fosa, o sea imposible hacerla por alg\u00fan motivo. Este es uno de los modelos m\u00e1s populares de z\u00f3calos de aluminio empotrados.<\/p>","protected":false},"featured_media":28445,"comment_status":"open","ping_status":"closed","template":"","meta":[],"product_brand":[],"product_cat":[29],"product_tag":[],"class_list":{"0":"post-28441","1":"product","2":"type-product","3":"status-publish","4":"has-post-thumbnail","6":"product_cat-plintus","8":"first","9":"instock","10":"shipping-taxable","11":"purchasable","12":"product-type-simple"},"yoast_head":"<!-- This site is optimized with the Yoast SEO plugin v26.5 - https:\/\/yoast.com\/wordpress\/plugins\/seo\/ -->\n<title>\u041f\u043b\u043e\u0441\u043a\u0438\u0439 \u0430\u043b\u044e\u043c\u0438\u043d\u0438\u0435\u0432\u044b\u0439 \u043f\u043b\u0438\u043d\u0442\u0443\u0441 \u0441\u043a\u0440\u044b\u0442\u043e\u0433\u043e \u043c\u043e\u043d\u0442\u0430\u0436\u0430 P-112 - brunellostore.es<\/title>\n<meta name=\"robots\" content=\"index, follow, max-snippet:-1, max-image-preview:large, max-video-preview:-1\" \/>\n<link rel=\"canonical\" href=\"https:\/\/brunellostore.es\/es\/producto\/ploskiy-alyuminiyevyy-plintus-skrytogo-montazha-p-112\/\" \/>\n<meta property=\"og:locale\" content=\"es_ES\" \/>\n<meta property=\"og:type\" content=\"article\" \/>\n<meta property=\"og:title\" content=\"\u041f\u043b\u043e\u0441\u043a\u0438\u0439 \u0430\u043b\u044e\u043c\u0438\u043d\u0438\u0435\u0432\u044b\u0439 \u043f\u043b\u0438\u043d\u0442\u0443\u0441 \u0441\u043a\u0440\u044b\u0442\u043e\u0433\u043e \u043c\u043e\u043d\u0442\u0430\u0436\u0430 P-112 - brunellostore.es\" \/>\n<meta property=\"og:description\" content=\"\u0412\u0441\u0442\u0440\u043e\u0435\u043d\u043d\u044b\u0439 \u0430\u043b\u044e\u043c\u0438\u043d\u0438\u0435\u0432\u044b\u0439 \u043f\u043b\u0438\u043d\u0442\u0443\u0441 P-112. \u0422\u0430\u043a\u043e\u0439 \u043f\u043b\u0438\u043d\u0442\u0443\u0441 \u043f\u043e\u0437\u0432\u043e\u043b\u044f\u0435\u0442 \u0441\u0434\u0435\u043b\u0430\u0442\u044c \u0432\u0441\u0442\u0440\u043e\u0435\u043d\u043d\u044b\u0439 \u0432 \u043f\u043b\u043e\u0441\u043a\u043e\u0441\u0442\u044c \u0441\u043e \u0441\u0442\u0435\u043d\u043e\u0439 \u043f\u043b\u0438\u043d\u0442\u0443\u0441 \u0431\u0435\u0437 \u043d\u0435\u043e\u0431\u0445\u043e\u0434\u0438\u043c\u043e\u0441\u0442\u0438 \u0441\u043e\u0437\u0434\u0430\u043d\u0438\u044f \u043c\u043e\u043d\u0442\u0430\u0436\u043d\u044b\u0445 \u043f\u0440\u0438\u044f\u043c\u043a\u043e\u0432. \u041e\u0441\u043e\u0431\u0435\u043d\u043d\u043e \u0430\u043a\u0442\u0443\u0430\u043b\u044c\u043d\u0430 \u0434\u0430\u043d\u043d\u0430\u044f \u043c\u043e\u0434\u0435\u043b\u044c \u0431\u0443\u0434\u0435\u0442 \u0432 \u0441\u043b\u0443\u0447\u0430\u0435, \u043a\u043e\u0433\u0434\u0430 \u043f\u043e \u043f\u0440\u043e\u0435\u043a\u0442\u0443 \u043f\u043b\u0438\u043d\u0442\u0443\u0441 \u0434\u043e\u043b\u0436\u0435\u043d \u0431\u044b\u0442\u044c \u0438\u043c\u0435\u043d\u043d\u043e \u0432\u0441\u0442\u0440\u043e\u0435\u043d\u043d\u044b\u043c, \u043d\u043e \u043f\u0440\u0438\u044f\u043c\u043e\u043a \u0441\u0434\u0435\u043b\u0430\u0442\u044c \u0437\u0430\u0431\u044b\u043b\u0438, \u0438\u043b\u0438 \u0432\u044b\u043f\u043e\u043b\u043d\u0438\u0442\u044c \u0435\u0433\u043e \u0443\u0436\u0435 \u043d\u0435\u0432\u043e\u0437\u043c\u043e\u0436\u043d\u043e \u043f\u043e \u043a\u0430\u043a\u0438\u043c-\u0442\u043e \u043f\u0440\u0438\u0447\u0438\u043d\u0430\u043c. \u042d\u0442\u043e \u043e\u0434\u043d\u0430 \u0438\u0437 \u0441\u0430\u043c\u044b\u0445 \u043f\u043e\u043f\u0443\u043b\u044f\u0440\u043d\u044b\u0445 \u043c\u043e\u0434\u0435\u043b\u0435\u0439 \u0430\u043b\u044e\u043c\u0438\u043d\u0438\u0435\u0432\u044b\u0445 \u043f\u043b\u0438\u043d\u0442\u0443\u0441\u043e\u0432 \u0441\u043a\u0440\u044b\u0442\u043e\u0433\u043e \u043c\u043e\u043d\u0442\u0430\u0436\u0430.\" \/>\n<meta property=\"og:url\" content=\"https:\/\/brunellostore.es\/es\/producto\/ploskiy-alyuminiyevyy-plintus-skrytogo-montazha-p-112\/\" \/>\n<meta property=\"og:site_name\" content=\"brunellostore.es\" \/>\n<meta property=\"article:modified_time\" content=\"2025-06-29T21:21:29+00:00\" \/>\n<meta property=\"og:image\" content=\"https:\/\/brunellostore.es\/wp-content\/uploads\/2024\/12\/Sintezal-P-112.webp\" \/>\n\t<meta property=\"og:image:width\" content=\"500\" \/>\n\t<meta property=\"og:image:height\" content=\"500\" \/>\n\t<meta property=\"og:image:type\" content=\"image\/webp\" \/>\n<meta name=\"twitter:card\" content=\"summary_large_image\" \/>\n<meta name=\"twitter:label1\" content=\"Tiempo de lectura\" \/>\n\t<meta name=\"twitter:data1\" content=\"2 minutos\" \/>\n<script type=\"application\/ld+json\" class=\"yoast-schema-graph\">{\"@context\":\"https:\/\/schema.org\",\"@graph\":[{\"@type\":\"WebPage\",\"@id\":\"https:\/\/brunellostore.es\/product\/ploskiy-alyuminiyevyy-plintus-skrytogo-montazha-p-112\/\",\"url\":\"https:\/\/brunellostore.es\/product\/ploskiy-alyuminiyevyy-plintus-skrytogo-montazha-p-112\/\",\"name\":\"\u041f\u043b\u043e\u0441\u043a\u0438\u0439 \u0430\u043b\u044e\u043c\u0438\u043d\u0438\u0435\u0432\u044b\u0439 \u043f\u043b\u0438\u043d\u0442\u0443\u0441 \u0441\u043a\u0440\u044b\u0442\u043e\u0433\u043e \u043c\u043e\u043d\u0442\u0430\u0436\u0430 P-112 - brunellostore.es\",\"isPartOf\":{\"@id\":\"https:\/\/brunellostore.es\/#website\"},\"primaryImageOfPage\":{\"@id\":\"https:\/\/brunellostore.es\/product\/ploskiy-alyuminiyevyy-plintus-skrytogo-montazha-p-112\/#primaryimage\"},\"image\":{\"@id\":\"https:\/\/brunellostore.es\/product\/ploskiy-alyuminiyevyy-plintus-skrytogo-montazha-p-112\/#primaryimage\"},\"thumbnailUrl\":\"https:\/\/brunellostore.es\/wp-content\/uploads\/2024\/12\/Sintezal-P-112.webp\",\"datePublished\":\"2024-12-01T03:16:18+00:00\",\"dateModified\":\"2025-06-29T21:21:29+00:00\",\"breadcrumb\":{\"@id\":\"https:\/\/brunellostore.es\/product\/ploskiy-alyuminiyevyy-plintus-skrytogo-montazha-p-112\/#breadcrumb\"},\"inLanguage\":\"es\",\"potentialAction\":[{\"@type\":\"ReadAction\",\"target\":[\"https:\/\/brunellostore.es\/product\/ploskiy-alyuminiyevyy-plintus-skrytogo-montazha-p-112\/\"]}]},{\"@type\":\"ImageObject\",\"inLanguage\":\"es\",\"@id\":\"https:\/\/brunellostore.es\/product\/ploskiy-alyuminiyevyy-plintus-skrytogo-montazha-p-112\/#primaryimage\",\"url\":\"https:\/\/brunellostore.es\/wp-content\/uploads\/2024\/12\/Sintezal-P-112.webp\",\"contentUrl\":\"https:\/\/brunellostore.es\/wp-content\/uploads\/2024\/12\/Sintezal-P-112.webp\",\"width\":500,\"height\":500},{\"@type\":\"BreadcrumbList\",\"@id\":\"https:\/\/brunellostore.es\/product\/ploskiy-alyuminiyevyy-plintus-skrytogo-montazha-p-112\/#breadcrumb\",\"itemListElement\":[{\"@type\":\"ListItem\",\"position\":1,\"name\":\"Home\",\"item\":\"https:\/\/brunellostore.es\/\"},{\"@type\":\"ListItem\",\"position\":2,\"name\":\"\u041c\u0430\u0433\u0430\u0437\u0438\u043d\",\"item\":\"https:\/\/brunellostore.es\/shop\/\"},{\"@type\":\"ListItem\",\"position\":3,\"name\":\"\u041f\u043b\u043e\u0441\u043a\u0438\u0439 \u0430\u043b\u044e\u043c\u0438\u043d\u0438\u0435\u0432\u044b\u0439 \u043f\u043b\u0438\u043d\u0442\u0443\u0441 \u0441\u043a\u0440\u044b\u0442\u043e\u0433\u043e \u043c\u043e\u043d\u0442\u0430\u0436\u0430 P-112\"}]},{\"@type\":\"WebSite\",\"@id\":\"https:\/\/brunellostore.es\/#website\",\"url\":\"https:\/\/brunellostore.es\/\",\"name\":\"brunellostore.es\",\"description\":\"\",\"publisher\":{\"@id\":\"https:\/\/brunellostore.es\/#organization\"},\"potentialAction\":[{\"@type\":\"SearchAction\",\"target\":{\"@type\":\"EntryPoint\",\"urlTemplate\":\"https:\/\/brunellostore.es\/?s={search_term_string}\"},\"query-input\":{\"@type\":\"PropertyValueSpecification\",\"valueRequired\":true,\"valueName\":\"search_term_string\"}}],\"inLanguage\":\"es\"},{\"@type\":\"Organization\",\"@id\":\"https:\/\/brunellostore.es\/#organization\",\"name\":\"brunellostore.es\",\"url\":\"https:\/\/brunellostore.es\/\",\"logo\":{\"@type\":\"ImageObject\",\"inLanguage\":\"es\",\"@id\":\"https:\/\/brunellostore.es\/#\/schema\/logo\/image\/\",\"url\":\"https:\/\/brunellostore.es\/wp-content\/uploads\/2024\/09\/Brunello-logo.png\",\"contentUrl\":\"https:\/\/brunellostore.es\/wp-content\/uploads\/2024\/09\/Brunello-logo.png\",\"width\":924,\"height\":240,\"caption\":\"brunellostore.es\"},\"image\":{\"@id\":\"https:\/\/brunellostore.es\/#\/schema\/logo\/image\/\"}}]}<\/script>\n<!-- \/ Yoast SEO plugin. -->","yoast_head_json":{"title":"\u041f\u043b\u043e\u0441\u043a\u0438\u0439 \u0430\u043b\u044e\u043c\u0438\u043d\u0438\u0435\u0432\u044b\u0439 \u043f\u043b\u0438\u043d\u0442\u0443\u0441 \u0441\u043a\u0440\u044b\u0442\u043e\u0433\u043e \u043c\u043e\u043d\u0442\u0430\u0436\u0430 P-112 - brunellostore.es","robots":{"index":"index","follow":"follow","max-snippet":"max-snippet:-1","max-image-preview":"max-image-preview:large","max-video-preview":"max-video-preview:-1"},"canonical":"https:\/\/brunellostore.es\/es\/producto\/ploskiy-alyuminiyevyy-plintus-skrytogo-montazha-p-112\/","og_locale":"es_ES","og_type":"article","og_title":"\u041f\u043b\u043e\u0441\u043a\u0438\u0439 \u0430\u043b\u044e\u043c\u0438\u043d\u0438\u0435\u0432\u044b\u0439 \u043f\u043b\u0438\u043d\u0442\u0443\u0441 \u0441\u043a\u0440\u044b\u0442\u043e\u0433\u043e \u043c\u043e\u043d\u0442\u0430\u0436\u0430 P-112 - brunellostore.es","og_description":"\u0412\u0441\u0442\u0440\u043e\u0435\u043d\u043d\u044b\u0439 \u0430\u043b\u044e\u043c\u0438\u043d\u0438\u0435\u0432\u044b\u0439 \u043f\u043b\u0438\u043d\u0442\u0443\u0441 P-112. \u0422\u0430\u043a\u043e\u0439 \u043f\u043b\u0438\u043d\u0442\u0443\u0441 \u043f\u043e\u0437\u0432\u043e\u043b\u044f\u0435\u0442 \u0441\u0434\u0435\u043b\u0430\u0442\u044c \u0432\u0441\u0442\u0440\u043e\u0435\u043d\u043d\u044b\u0439 \u0432 \u043f\u043b\u043e\u0441\u043a\u043e\u0441\u0442\u044c \u0441\u043e \u0441\u0442\u0435\u043d\u043e\u0439 \u043f\u043b\u0438\u043d\u0442\u0443\u0441 \u0431\u0435\u0437 \u043d\u0435\u043e\u0431\u0445\u043e\u0434\u0438\u043c\u043e\u0441\u0442\u0438 \u0441\u043e\u0437\u0434\u0430\u043d\u0438\u044f \u043c\u043e\u043d\u0442\u0430\u0436\u043d\u044b\u0445 \u043f\u0440\u0438\u044f\u043c\u043a\u043e\u0432. \u041e\u0441\u043e\u0431\u0435\u043d\u043d\u043e \u0430\u043a\u0442\u0443\u0430\u043b\u044c\u043d\u0430 \u0434\u0430\u043d\u043d\u0430\u044f \u043c\u043e\u0434\u0435\u043b\u044c \u0431\u0443\u0434\u0435\u0442 \u0432 \u0441\u043b\u0443\u0447\u0430\u0435, \u043a\u043e\u0433\u0434\u0430 \u043f\u043e \u043f\u0440\u043e\u0435\u043a\u0442\u0443 \u043f\u043b\u0438\u043d\u0442\u0443\u0441 \u0434\u043e\u043b\u0436\u0435\u043d \u0431\u044b\u0442\u044c \u0438\u043c\u0435\u043d\u043d\u043e \u0432\u0441\u0442\u0440\u043e\u0435\u043d\u043d\u044b\u043c, \u043d\u043e \u043f\u0440\u0438\u044f\u043c\u043e\u043a \u0441\u0434\u0435\u043b\u0430\u0442\u044c \u0437\u0430\u0431\u044b\u043b\u0438, \u0438\u043b\u0438 \u0432\u044b\u043f\u043e\u043b\u043d\u0438\u0442\u044c \u0435\u0433\u043e \u0443\u0436\u0435 \u043d\u0435\u0432\u043e\u0437\u043c\u043e\u0436\u043d\u043e \u043f\u043e \u043a\u0430\u043a\u0438\u043c-\u0442\u043e \u043f\u0440\u0438\u0447\u0438\u043d\u0430\u043c. \u042d\u0442\u043e \u043e\u0434\u043d\u0430 \u0438\u0437 \u0441\u0430\u043c\u044b\u0445 \u043f\u043e\u043f\u0443\u043b\u044f\u0440\u043d\u044b\u0445 \u043c\u043e\u0434\u0435\u043b\u0435\u0439 \u0430\u043b\u044e\u043c\u0438\u043d\u0438\u0435\u0432\u044b\u0445 \u043f\u043b\u0438\u043d\u0442\u0443\u0441\u043e\u0432 \u0441\u043a\u0440\u044b\u0442\u043e\u0433\u043e \u043c\u043e\u043d\u0442\u0430\u0436\u0430.","og_url":"https:\/\/brunellostore.es\/es\/producto\/ploskiy-alyuminiyevyy-plintus-skrytogo-montazha-p-112\/","og_site_name":"brunellostore.es","article_modified_time":"2025-06-29T21:21:29+00:00","og_image":[{"width":500,"height":500,"url":"https:\/\/brunellostore.es\/wp-content\/uploads\/2024\/12\/Sintezal-P-112.webp","type":"image\/webp"}],"twitter_card":"summary_large_image","twitter_misc":{"Tiempo de lectura":"2 minutos"},"schema":{"@context":"https:\/\/schema.org","@graph":[{"@type":"WebPage","@id":"https:\/\/brunellostore.es\/product\/ploskiy-alyuminiyevyy-plintus-skrytogo-montazha-p-112\/","url":"https:\/\/brunellostore.es\/product\/ploskiy-alyuminiyevyy-plintus-skrytogo-montazha-p-112\/","name":"\u041f\u043b\u043e\u0441\u043a\u0438\u0439 \u0430\u043b\u044e\u043c\u0438\u043d\u0438\u0435\u0432\u044b\u0439 \u043f\u043b\u0438\u043d\u0442\u0443\u0441 \u0441\u043a\u0440\u044b\u0442\u043e\u0433\u043e \u043c\u043e\u043d\u0442\u0430\u0436\u0430 P-112 - brunellostore.es","isPartOf":{"@id":"https:\/\/brunellostore.es\/#website"},"primaryImageOfPage":{"@id":"https:\/\/brunellostore.es\/product\/ploskiy-alyuminiyevyy-plintus-skrytogo-montazha-p-112\/#primaryimage"},"image":{"@id":"https:\/\/brunellostore.es\/product\/ploskiy-alyuminiyevyy-plintus-skrytogo-montazha-p-112\/#primaryimage"},"thumbnailUrl":"https:\/\/brunellostore.es\/wp-content\/uploads\/2024\/12\/Sintezal-P-112.webp","datePublished":"2024-12-01T03:16:18+00:00","dateModified":"2025-06-29T21:21:29+00:00","breadcrumb":{"@id":"https:\/\/brunellostore.es\/product\/ploskiy-alyuminiyevyy-plintus-skrytogo-montazha-p-112\/#breadcrumb"},"inLanguage":"es","potentialAction":[{"@type":"ReadAction","target":["https:\/\/brunellostore.es\/product\/ploskiy-alyuminiyevyy-plintus-skrytogo-montazha-p-112\/"]}]},{"@type":"ImageObject","inLanguage":"es","@id":"https:\/\/brunellostore.es\/product\/ploskiy-alyuminiyevyy-plintus-skrytogo-montazha-p-112\/#primaryimage","url":"https:\/\/brunellostore.es\/wp-content\/uploads\/2024\/12\/Sintezal-P-112.webp","contentUrl":"https:\/\/brunellostore.es\/wp-content\/uploads\/2024\/12\/Sintezal-P-112.webp","width":500,"height":500},{"@type":"BreadcrumbList","@id":"https:\/\/brunellostore.es\/product\/ploskiy-alyuminiyevyy-plintus-skrytogo-montazha-p-112\/#breadcrumb","itemListElement":[{"@type":"ListItem","position":1,"name":"Home","item":"https:\/\/brunellostore.es\/"},{"@type":"ListItem","position":2,"name":"\u041c\u0430\u0433\u0430\u0437\u0438\u043d","item":"https:\/\/brunellostore.es\/shop\/"},{"@type":"ListItem","position":3,"name":"\u041f\u043b\u043e\u0441\u043a\u0438\u0439 \u0430\u043b\u044e\u043c\u0438\u043d\u0438\u0435\u0432\u044b\u0439 \u043f\u043b\u0438\u043d\u0442\u0443\u0441 \u0441\u043a\u0440\u044b\u0442\u043e\u0433\u043e \u043c\u043e\u043d\u0442\u0430\u0436\u0430 P-112"}]},{"@type":"WebSite","@id":"https:\/\/brunellostore.es\/#website","url":"https:\/\/brunellostore.es\/","name":"brunellostore.es","description":"","publisher":{"@id":"https:\/\/brunellostore.es\/#organization"},"potentialAction":[{"@type":"SearchAction","target":{"@type":"EntryPoint","urlTemplate":"https:\/\/brunellostore.es\/?s={search_term_string}"},"query-input":{"@type":"PropertyValueSpecification","valueRequired":true,"valueName":"search_term_string"}}],"inLanguage":"es"},{"@type":"Organization","@id":"https:\/\/brunellostore.es\/#organization","name":"brunellostore.es","url":"https:\/\/brunellostore.es\/","logo":{"@type":"ImageObject","inLanguage":"es","@id":"https:\/\/brunellostore.es\/#\/schema\/logo\/image\/","url":"https:\/\/brunellostore.es\/wp-content\/uploads\/2024\/09\/Brunello-logo.png","contentUrl":"https:\/\/brunellostore.es\/wp-content\/uploads\/2024\/09\/Brunello-logo.png","width":924,"height":240,"caption":"brunellostore.es"},"image":{"@id":"https:\/\/brunellostore.es\/#\/schema\/logo\/image\/"}}]}},"_links":{"self":[{"href":"https:\/\/brunellostore.es\/es\/wp-json\/wp\/v2\/product\/28441","targetHints":{"allow":["GET"]}}],"collection":[{"href":"https:\/\/brunellostore.es\/es\/wp-json\/wp\/v2\/product"}],"about":[{"href":"https:\/\/brunellostore.es\/es\/wp-json\/wp\/v2\/types\/product"}],"replies":[{"embeddable":true,"href":"https:\/\/brunellostore.es\/es\/wp-json\/wp\/v2\/comments?post=28441"}],"version-history":[{"count":9,"href":"https:\/\/brunellostore.es\/es\/wp-json\/wp\/v2\/product\/28441\/revisions"}],"predecessor-version":[{"id":30192,"href":"https:\/\/brunellostore.es\/es\/wp-json\/wp\/v2\/product\/28441\/revisions\/30192"}],"wp:featuredmedia":[{"embeddable":true,"href":"https:\/\/brunellostore.es\/es\/wp-json\/wp\/v2\/media\/28445"}],"wp:attachment":[{"href":"https:\/\/brunellostore.es\/es\/wp-json\/wp\/v2\/media?parent=28441"}],"wp:term":[{"taxonomy":"product_brand","embeddable":true,"href":"https:\/\/brunellostore.es\/es\/wp-json\/wp\/v2\/product_brand?post=28441"},{"taxonomy":"product_cat","embeddable":true,"href":"https:\/\/brunellostore.es\/es\/wp-json\/wp\/v2\/product_cat?post=28441"},{"taxonomy":"product_tag","embeddable":true,"href":"https:\/\/brunellostore.es\/es\/wp-json\/wp\/v2\/product_tag?post=28441"}],"curies":[{"name":"wp","href":"https:\/\/api.w.org\/{rel}","templated":true}]}}