{"id":28467,"date":"2024-12-01T15:04:44","date_gmt":"2024-12-01T14:04:44","guid":{"rendered":"https:\/\/brunellostore.es\/?post_type=product&#038;p=28467"},"modified":"2024-12-01T15:14:32","modified_gmt":"2024-12-01T14:14:32","slug":"dveri-kassetnyye-bezramnyye-green-door-40-standard","status":"publish","type":"product","link":"https:\/\/brunellostore.es\/es\/producto\/dveri-kassetnyye-bezramnyye-green-door-40-standard\/","title":{"rendered":"Puertas de cassette sin marco Green Door 40 Standard"},"content":{"rendered":"<div data-elementor-type=\"wp-post\" data-elementor-id=\"28467\" class=\"elementor elementor-28467\">\n\t\t\t\t<div class=\"elementor-element elementor-element-8fe9a00 e-flex e-con-boxed e-con e-parent\" data-id=\"8fe9a00\" data-element_type=\"container\">\n\t\t\t\t\t<div class=\"e-con-inner\">\n\t\t<div class=\"elementor-element elementor-element-430e551 e-con-full e-flex e-con e-child\" data-id=\"430e551\" data-element_type=\"container\">\n\t\t\t\t<div class=\"elementor-element elementor-element-05c1d79 elementor-widget elementor-widget-wd_text_block\" data-id=\"05c1d79\" data-element_type=\"widget\" data-widget_type=\"wd_text_block.default\">\n\t\t\t\t<div class=\"elementor-widget-container\">\n\t\t\t\t\t\t\t<div class=\"wd-text-block reset-last-child text-left\">\n\t\t\t\n\t\t\t<h3>Puertas LEON<\/h3>\nPuertas LEON: estilo, fiabilidad y calidad impecable\n\nLEON es una marca reconocida especializada en la producci\u00f3n de puertas modernas y de alta calidad que satisfacen las m\u00e1s altas exigencias en t\u00e9rminos de dise\u00f1o, funcionalidad y fiabilidad. Nuestras puertas han sido creadas para quienes aprecian el confort, la seguridad y la armon\u00eda est\u00e9tica en el interior.\n\t\t\t\t\t<\/div>\n\t\t\t\t\t\t<\/div>\n\t\t\t\t<\/div>\n\t\t\t\t<\/div>\n\t\t<div class=\"elementor-element elementor-element-c189e30 e-con-full e-flex e-con e-child\" data-id=\"c189e30\" data-element_type=\"container\">\n\t\t\t\t<div class=\"elementor-element elementor-element-a18d0ec elementor-widget elementor-widget-wd_text_block\" data-id=\"a18d0ec\" data-element_type=\"widget\" data-widget_type=\"wd_text_block.default\">\n\t\t\t\t<div class=\"elementor-widget-container\">\n\t\t\t\t\t\t\t<div class=\"wd-text-block reset-last-child text-left\">\n\t\t\t\n\t\t\t<strong>Caracter\u00edsticas:<\/strong>\n<ul>\n \t<li>Bandeja: aluminio con carros portantes silenciosos de 110 kg y juntas grises<\/li>\n \t<li>\n\nHoja de la puerta y relleno: La hoja de la puerta se pinta y, seg\u00fan la variante elegida, se rellena con los llamados \u00abpanales\u00bb, tablero macizo o tablero de bloques.<\/li>\n \t<li>\n\nTirador: prestigiosa empresa italiana, longitud y anchura 53 mm, color a elegir: cromo satinado, cromo brillante, blanco mate, negro mate\n\nSistema de deslizamiento: montado en la pared en color anodizado natural<\/li>\n<\/ul>\n\t\t\t\t\t<\/div>\n\t\t\t\t\t\t<\/div>\n\t\t\t\t<\/div>\n\t\t\t\t<\/div>\n\t\t<div class=\"elementor-element elementor-element-cd2d9d5 e-con-full e-flex e-con e-child\" data-id=\"cd2d9d5\" data-element_type=\"container\">\n\t\t\t\t<div class=\"elementor-element elementor-element-637df21 elementor-widget elementor-widget-wd_text_block\" data-id=\"637df21\" data-element_type=\"widget\" data-widget_type=\"wd_text_block.default\">\n\t\t\t\t<div class=\"elementor-widget-container\">\n\t\t\t\t\t\t\t<div class=\"wd-text-block reset-last-child text-left\">\n\t\t\t\n\t\t\t<h4>Dimensiones generales<\/h4><p>Grosor de la hoja: 40 mm<\/p><p>M\u00f3dulo 70: ancho de hoja 740 mm (ancho de pasillo 700 mm)<\/p><p>M\u00f3dulo 80: ancho de hoja 840 mm (ancho de pasillo 800 mm)<\/p><p>M\u00f3dulo 90: ancho de hoja 940 mm (ancho de pasillo 900 mm)<\/p><p>Espesor de pared: 100 mm o 125 mm<\/p><p>Altura de la hoja: 2045 mm (anchura del pasillo 2030 mm)<\/p>\n\t\t\t\t\t<\/div>\n\t\t\t\t\t\t<\/div>\n\t\t\t\t<\/div>\n\t\t\t\t<\/div>\n\t\t\t\t\t<\/div>\n\t\t\t\t<\/div>\n\t\t\t\t<\/div>","protected":false},"excerpt":{"rendered":"<p>El casete Green Door 40 es un conjunto completo (incluidos pasamanos y guardacabos) de dimensiones est\u00e1ndar. Consta de un casete de aluminio y una hoja de 40 mm de grosor. El sistema est\u00e1 equipado con carros silenciosos con rodamientos que soportan cargas de hasta 110 kg. El cassette est\u00e1 dise\u00f1ado para su instalaci\u00f3n en paredes de cart\u00f3n-yeso con un grosor de 100 mm o 125 mm. La hoja est\u00e1 preparada para pintarse con pinturas murales.<\/p>","protected":false},"featured_media":28468,"comment_status":"open","ping_status":"closed","template":"","meta":[],"product_brand":[],"product_cat":[53],"product_tag":[],"class_list":{"0":"post-28467","1":"product","2":"type-product","3":"status-publish","4":"has-post-thumbnail","6":"product_cat-doors","8":"first","9":"instock","10":"shipping-taxable","11":"purchasable","12":"product-type-simple"},"yoast_head":"<!-- This site is optimized with the Yoast SEO plugin v26.5 - https:\/\/yoast.com\/wordpress\/plugins\/seo\/ -->\n<title>\u0414\u0432\u0435\u0440\u0438 \u043a\u0430\u0441\u0441\u0435\u0442\u043d\u044b\u0435 \u0431\u0435\u0437\u0440\u0430\u043c\u043d\u044b\u0435 Green Door 40 Standard - brunellostore.es<\/title>\n<meta name=\"robots\" content=\"index, follow, max-snippet:-1, max-image-preview:large, max-video-preview:-1\" \/>\n<link rel=\"canonical\" href=\"https:\/\/brunellostore.es\/es\/producto\/dveri-kassetnyye-bezramnyye-green-door-40-standard\/\" \/>\n<meta property=\"og:locale\" content=\"es_ES\" \/>\n<meta property=\"og:type\" content=\"article\" \/>\n<meta property=\"og:title\" content=\"\u0414\u0432\u0435\u0440\u0438 \u043a\u0430\u0441\u0441\u0435\u0442\u043d\u044b\u0435 \u0431\u0435\u0437\u0440\u0430\u043c\u043d\u044b\u0435 Green Door 40 Standard - brunellostore.es\" \/>\n<meta property=\"og:description\" content=\"\u041a\u0430\u0441\u0441\u0435\u0442\u0430 Green Door 40 - \u044d\u0442\u043e \u043f\u043e\u043b\u043d\u044b\u0439 \u043a\u043e\u043c\u043f\u043b\u0435\u043a\u0442 (\u0432\u043a\u043b\u044e\u0447\u0430\u044f \u043f\u043e\u0440\u0443\u0447\u0435\u043d\u044c \u0438 \u043d\u0430\u043f\u0435\u0440\u0441\u0442\u043e\u043a) \u0441\u0442\u0430\u043d\u0434\u0430\u0440\u0442\u043d\u044b\u0445 \u0440\u0430\u0437\u043c\u0435\u0440\u043e\u0432. \u041e\u043d\u0430 \u0441\u043e\u0441\u0442\u043e\u0438\u0442 \u0438\u0437 \u0430\u043b\u044e\u043c\u0438\u043d\u0438\u0435\u0432\u043e\u0439 \u043a\u0430\u0441\u0441\u0435\u0442\u044b \u0438 \u0441\u0442\u0432\u043e\u0440\u043a\u0438 \u0442\u043e\u043b\u0449\u0438\u043d\u043e\u0439 40 \u043c\u043c. \u0421\u0438\u0441\u0442\u0435\u043c\u0430 \u043e\u0441\u043d\u0430\u0449\u0435\u043d\u0430 \u0431\u0435\u0441\u0448\u0443\u043c\u043d\u044b\u043c\u0438 \u0442\u0435\u043b\u0435\u0436\u043a\u0430\u043c\u0438 \u0441 \u043f\u043e\u0434\u0448\u0438\u043f\u043d\u0438\u043a\u0430\u043c\u0438, \u0432\u044b\u0434\u0435\u0440\u0436\u0438\u0432\u0430\u044e\u0449\u0438\u043c\u0438 \u043d\u0430\u0433\u0440\u0443\u0437\u043a\u0443 \u0434\u043e 110 \u043a\u0433. \u041a\u0430\u0441\u0441\u0435\u0442\u0430 \u043f\u0440\u0435\u0434\u043d\u0430\u0437\u043d\u0430\u0447\u0435\u043d\u0430 \u0434\u043b\u044f \u0443\u0441\u0442\u0430\u043d\u043e\u0432\u043a\u0438 \u0432 \u0433\u0438\u043f\u0441\u043e\u043a\u0430\u0440\u0442\u043e\u043d\u043d\u044b\u0435 \u0441\u0442\u0435\u043d\u044b \u0442\u043e\u043b\u0449\u0438\u043d\u043e\u0439 100 \u043c\u043c \u0438\u043b\u0438 125 \u043c\u043c. \u0421\u0442\u0432\u043e\u0440\u043a\u0430 \u043f\u043e\u0434\u0433\u043e\u0442\u043e\u0432\u043b\u0435\u043d\u0430 \u043a \u043e\u043a\u0440\u0430\u0448\u0438\u0432\u0430\u043d\u0438\u044e \u043a\u0440\u0430\u0441\u043a\u0430\u043c\u0438 \u0434\u043b\u044f \u0441\u0442\u0435\u043d.\" \/>\n<meta property=\"og:url\" content=\"https:\/\/brunellostore.es\/es\/producto\/dveri-kassetnyye-bezramnyye-green-door-40-standard\/\" \/>\n<meta property=\"og:site_name\" content=\"brunellostore.es\" \/>\n<meta property=\"article:modified_time\" content=\"2024-12-01T14:14:32+00:00\" \/>\n<meta property=\"og:image\" content=\"https:\/\/brunellostore.es\/wp-content\/uploads\/2024\/12\/13374.png\" \/>\n\t<meta property=\"og:image:width\" content=\"900\" \/>\n\t<meta property=\"og:image:height\" content=\"900\" \/>\n\t<meta property=\"og:image:type\" content=\"image\/png\" \/>\n<meta name=\"twitter:card\" content=\"summary_large_image\" \/>\n<meta name=\"twitter:label1\" content=\"Tiempo de lectura\" \/>\n\t<meta name=\"twitter:data1\" content=\"1 minuto\" \/>\n<script type=\"application\/ld+json\" class=\"yoast-schema-graph\">{\"@context\":\"https:\/\/schema.org\",\"@graph\":[{\"@type\":\"WebPage\",\"@id\":\"https:\/\/brunellostore.es\/product\/dveri-kassetnyye-bezramnyye-green-door-40-standard\/\",\"url\":\"https:\/\/brunellostore.es\/product\/dveri-kassetnyye-bezramnyye-green-door-40-standard\/\",\"name\":\"\u0414\u0432\u0435\u0440\u0438 \u043a\u0430\u0441\u0441\u0435\u0442\u043d\u044b\u0435 \u0431\u0435\u0437\u0440\u0430\u043c\u043d\u044b\u0435 Green Door 40 Standard - brunellostore.es\",\"isPartOf\":{\"@id\":\"https:\/\/brunellostore.es\/#website\"},\"primaryImageOfPage\":{\"@id\":\"https:\/\/brunellostore.es\/product\/dveri-kassetnyye-bezramnyye-green-door-40-standard\/#primaryimage\"},\"image\":{\"@id\":\"https:\/\/brunellostore.es\/product\/dveri-kassetnyye-bezramnyye-green-door-40-standard\/#primaryimage\"},\"thumbnailUrl\":\"https:\/\/brunellostore.es\/wp-content\/uploads\/2024\/12\/13374.png\",\"datePublished\":\"2024-12-01T14:04:44+00:00\",\"dateModified\":\"2024-12-01T14:14:32+00:00\",\"breadcrumb\":{\"@id\":\"https:\/\/brunellostore.es\/product\/dveri-kassetnyye-bezramnyye-green-door-40-standard\/#breadcrumb\"},\"inLanguage\":\"es\",\"potentialAction\":[{\"@type\":\"ReadAction\",\"target\":[\"https:\/\/brunellostore.es\/product\/dveri-kassetnyye-bezramnyye-green-door-40-standard\/\"]}]},{\"@type\":\"ImageObject\",\"inLanguage\":\"es\",\"@id\":\"https:\/\/brunellostore.es\/product\/dveri-kassetnyye-bezramnyye-green-door-40-standard\/#primaryimage\",\"url\":\"https:\/\/brunellostore.es\/wp-content\/uploads\/2024\/12\/13374.png\",\"contentUrl\":\"https:\/\/brunellostore.es\/wp-content\/uploads\/2024\/12\/13374.png\",\"width\":900,\"height\":900},{\"@type\":\"BreadcrumbList\",\"@id\":\"https:\/\/brunellostore.es\/product\/dveri-kassetnyye-bezramnyye-green-door-40-standard\/#breadcrumb\",\"itemListElement\":[{\"@type\":\"ListItem\",\"position\":1,\"name\":\"Home\",\"item\":\"https:\/\/brunellostore.es\/\"},{\"@type\":\"ListItem\",\"position\":2,\"name\":\"\u041c\u0430\u0433\u0430\u0437\u0438\u043d\",\"item\":\"https:\/\/brunellostore.es\/shop\/\"},{\"@type\":\"ListItem\",\"position\":3,\"name\":\"\u0414\u0432\u0435\u0440\u0438 \u043a\u0430\u0441\u0441\u0435\u0442\u043d\u044b\u0435 \u0431\u0435\u0437\u0440\u0430\u043c\u043d\u044b\u0435 Green Door 40 Standard\"}]},{\"@type\":\"WebSite\",\"@id\":\"https:\/\/brunellostore.es\/#website\",\"url\":\"https:\/\/brunellostore.es\/\",\"name\":\"brunellostore.es\",\"description\":\"\",\"publisher\":{\"@id\":\"https:\/\/brunellostore.es\/#organization\"},\"potentialAction\":[{\"@type\":\"SearchAction\",\"target\":{\"@type\":\"EntryPoint\",\"urlTemplate\":\"https:\/\/brunellostore.es\/?s={search_term_string}\"},\"query-input\":{\"@type\":\"PropertyValueSpecification\",\"valueRequired\":true,\"valueName\":\"search_term_string\"}}],\"inLanguage\":\"es\"},{\"@type\":\"Organization\",\"@id\":\"https:\/\/brunellostore.es\/#organization\",\"name\":\"brunellostore.es\",\"url\":\"https:\/\/brunellostore.es\/\",\"logo\":{\"@type\":\"ImageObject\",\"inLanguage\":\"es\",\"@id\":\"https:\/\/brunellostore.es\/#\/schema\/logo\/image\/\",\"url\":\"https:\/\/brunellostore.es\/wp-content\/uploads\/2024\/09\/Brunello-logo.png\",\"contentUrl\":\"https:\/\/brunellostore.es\/wp-content\/uploads\/2024\/09\/Brunello-logo.png\",\"width\":924,\"height\":240,\"caption\":\"brunellostore.es\"},\"image\":{\"@id\":\"https:\/\/brunellostore.es\/#\/schema\/logo\/image\/\"}}]}<\/script>\n<!-- \/ Yoast SEO plugin. -->","yoast_head_json":{"title":"\u0414\u0432\u0435\u0440\u0438 \u043a\u0430\u0441\u0441\u0435\u0442\u043d\u044b\u0435 \u0431\u0435\u0437\u0440\u0430\u043c\u043d\u044b\u0435 Green Door 40 Standard - brunellostore.es","robots":{"index":"index","follow":"follow","max-snippet":"max-snippet:-1","max-image-preview":"max-image-preview:large","max-video-preview":"max-video-preview:-1"},"canonical":"https:\/\/brunellostore.es\/es\/producto\/dveri-kassetnyye-bezramnyye-green-door-40-standard\/","og_locale":"es_ES","og_type":"article","og_title":"\u0414\u0432\u0435\u0440\u0438 \u043a\u0430\u0441\u0441\u0435\u0442\u043d\u044b\u0435 \u0431\u0435\u0437\u0440\u0430\u043c\u043d\u044b\u0435 Green Door 40 Standard - brunellostore.es","og_description":"\u041a\u0430\u0441\u0441\u0435\u0442\u0430 Green Door 40 - \u044d\u0442\u043e \u043f\u043e\u043b\u043d\u044b\u0439 \u043a\u043e\u043c\u043f\u043b\u0435\u043a\u0442 (\u0432\u043a\u043b\u044e\u0447\u0430\u044f \u043f\u043e\u0440\u0443\u0447\u0435\u043d\u044c \u0438 \u043d\u0430\u043f\u0435\u0440\u0441\u0442\u043e\u043a) \u0441\u0442\u0430\u043d\u0434\u0430\u0440\u0442\u043d\u044b\u0445 \u0440\u0430\u0437\u043c\u0435\u0440\u043e\u0432. \u041e\u043d\u0430 \u0441\u043e\u0441\u0442\u043e\u0438\u0442 \u0438\u0437 \u0430\u043b\u044e\u043c\u0438\u043d\u0438\u0435\u0432\u043e\u0439 \u043a\u0430\u0441\u0441\u0435\u0442\u044b \u0438 \u0441\u0442\u0432\u043e\u0440\u043a\u0438 \u0442\u043e\u043b\u0449\u0438\u043d\u043e\u0439 40 \u043c\u043c. \u0421\u0438\u0441\u0442\u0435\u043c\u0430 \u043e\u0441\u043d\u0430\u0449\u0435\u043d\u0430 \u0431\u0435\u0441\u0448\u0443\u043c\u043d\u044b\u043c\u0438 \u0442\u0435\u043b\u0435\u0436\u043a\u0430\u043c\u0438 \u0441 \u043f\u043e\u0434\u0448\u0438\u043f\u043d\u0438\u043a\u0430\u043c\u0438, \u0432\u044b\u0434\u0435\u0440\u0436\u0438\u0432\u0430\u044e\u0449\u0438\u043c\u0438 \u043d\u0430\u0433\u0440\u0443\u0437\u043a\u0443 \u0434\u043e 110 \u043a\u0433. \u041a\u0430\u0441\u0441\u0435\u0442\u0430 \u043f\u0440\u0435\u0434\u043d\u0430\u0437\u043d\u0430\u0447\u0435\u043d\u0430 \u0434\u043b\u044f \u0443\u0441\u0442\u0430\u043d\u043e\u0432\u043a\u0438 \u0432 \u0433\u0438\u043f\u0441\u043e\u043a\u0430\u0440\u0442\u043e\u043d\u043d\u044b\u0435 \u0441\u0442\u0435\u043d\u044b \u0442\u043e\u043b\u0449\u0438\u043d\u043e\u0439 100 \u043c\u043c \u0438\u043b\u0438 125 \u043c\u043c. \u0421\u0442\u0432\u043e\u0440\u043a\u0430 \u043f\u043e\u0434\u0433\u043e\u0442\u043e\u0432\u043b\u0435\u043d\u0430 \u043a \u043e\u043a\u0440\u0430\u0448\u0438\u0432\u0430\u043d\u0438\u044e \u043a\u0440\u0430\u0441\u043a\u0430\u043c\u0438 \u0434\u043b\u044f \u0441\u0442\u0435\u043d.","og_url":"https:\/\/brunellostore.es\/es\/producto\/dveri-kassetnyye-bezramnyye-green-door-40-standard\/","og_site_name":"brunellostore.es","article_modified_time":"2024-12-01T14:14:32+00:00","og_image":[{"width":900,"height":900,"url":"https:\/\/brunellostore.es\/wp-content\/uploads\/2024\/12\/13374.png","type":"image\/png"}],"twitter_card":"summary_large_image","twitter_misc":{"Tiempo de lectura":"1 minuto"},"schema":{"@context":"https:\/\/schema.org","@graph":[{"@type":"WebPage","@id":"https:\/\/brunellostore.es\/product\/dveri-kassetnyye-bezramnyye-green-door-40-standard\/","url":"https:\/\/brunellostore.es\/product\/dveri-kassetnyye-bezramnyye-green-door-40-standard\/","name":"\u0414\u0432\u0435\u0440\u0438 \u043a\u0430\u0441\u0441\u0435\u0442\u043d\u044b\u0435 \u0431\u0435\u0437\u0440\u0430\u043c\u043d\u044b\u0435 Green Door 40 Standard - brunellostore.es","isPartOf":{"@id":"https:\/\/brunellostore.es\/#website"},"primaryImageOfPage":{"@id":"https:\/\/brunellostore.es\/product\/dveri-kassetnyye-bezramnyye-green-door-40-standard\/#primaryimage"},"image":{"@id":"https:\/\/brunellostore.es\/product\/dveri-kassetnyye-bezramnyye-green-door-40-standard\/#primaryimage"},"thumbnailUrl":"https:\/\/brunellostore.es\/wp-content\/uploads\/2024\/12\/13374.png","datePublished":"2024-12-01T14:04:44+00:00","dateModified":"2024-12-01T14:14:32+00:00","breadcrumb":{"@id":"https:\/\/brunellostore.es\/product\/dveri-kassetnyye-bezramnyye-green-door-40-standard\/#breadcrumb"},"inLanguage":"es","potentialAction":[{"@type":"ReadAction","target":["https:\/\/brunellostore.es\/product\/dveri-kassetnyye-bezramnyye-green-door-40-standard\/"]}]},{"@type":"ImageObject","inLanguage":"es","@id":"https:\/\/brunellostore.es\/product\/dveri-kassetnyye-bezramnyye-green-door-40-standard\/#primaryimage","url":"https:\/\/brunellostore.es\/wp-content\/uploads\/2024\/12\/13374.png","contentUrl":"https:\/\/brunellostore.es\/wp-content\/uploads\/2024\/12\/13374.png","width":900,"height":900},{"@type":"BreadcrumbList","@id":"https:\/\/brunellostore.es\/product\/dveri-kassetnyye-bezramnyye-green-door-40-standard\/#breadcrumb","itemListElement":[{"@type":"ListItem","position":1,"name":"Home","item":"https:\/\/brunellostore.es\/"},{"@type":"ListItem","position":2,"name":"\u041c\u0430\u0433\u0430\u0437\u0438\u043d","item":"https:\/\/brunellostore.es\/shop\/"},{"@type":"ListItem","position":3,"name":"\u0414\u0432\u0435\u0440\u0438 \u043a\u0430\u0441\u0441\u0435\u0442\u043d\u044b\u0435 \u0431\u0435\u0437\u0440\u0430\u043c\u043d\u044b\u0435 Green Door 40 Standard"}]},{"@type":"WebSite","@id":"https:\/\/brunellostore.es\/#website","url":"https:\/\/brunellostore.es\/","name":"brunellostore.es","description":"","publisher":{"@id":"https:\/\/brunellostore.es\/#organization"},"potentialAction":[{"@type":"SearchAction","target":{"@type":"EntryPoint","urlTemplate":"https:\/\/brunellostore.es\/?s={search_term_string}"},"query-input":{"@type":"PropertyValueSpecification","valueRequired":true,"valueName":"search_term_string"}}],"inLanguage":"es"},{"@type":"Organization","@id":"https:\/\/brunellostore.es\/#organization","name":"brunellostore.es","url":"https:\/\/brunellostore.es\/","logo":{"@type":"ImageObject","inLanguage":"es","@id":"https:\/\/brunellostore.es\/#\/schema\/logo\/image\/","url":"https:\/\/brunellostore.es\/wp-content\/uploads\/2024\/09\/Brunello-logo.png","contentUrl":"https:\/\/brunellostore.es\/wp-content\/uploads\/2024\/09\/Brunello-logo.png","width":924,"height":240,"caption":"brunellostore.es"},"image":{"@id":"https:\/\/brunellostore.es\/#\/schema\/logo\/image\/"}}]}},"_links":{"self":[{"href":"https:\/\/brunellostore.es\/es\/wp-json\/wp\/v2\/product\/28467","targetHints":{"allow":["GET"]}}],"collection":[{"href":"https:\/\/brunellostore.es\/es\/wp-json\/wp\/v2\/product"}],"about":[{"href":"https:\/\/brunellostore.es\/es\/wp-json\/wp\/v2\/types\/product"}],"replies":[{"embeddable":true,"href":"https:\/\/brunellostore.es\/es\/wp-json\/wp\/v2\/comments?post=28467"}],"version-history":[{"count":4,"href":"https:\/\/brunellostore.es\/es\/wp-json\/wp\/v2\/product\/28467\/revisions"}],"predecessor-version":[{"id":28473,"href":"https:\/\/brunellostore.es\/es\/wp-json\/wp\/v2\/product\/28467\/revisions\/28473"}],"wp:featuredmedia":[{"embeddable":true,"href":"https:\/\/brunellostore.es\/es\/wp-json\/wp\/v2\/media\/28468"}],"wp:attachment":[{"href":"https:\/\/brunellostore.es\/es\/wp-json\/wp\/v2\/media?parent=28467"}],"wp:term":[{"taxonomy":"product_brand","embeddable":true,"href":"https:\/\/brunellostore.es\/es\/wp-json\/wp\/v2\/product_brand?post=28467"},{"taxonomy":"product_cat","embeddable":true,"href":"https:\/\/brunellostore.es\/es\/wp-json\/wp\/v2\/product_cat?post=28467"},{"taxonomy":"product_tag","embeddable":true,"href":"https:\/\/brunellostore.es\/es\/wp-json\/wp\/v2\/product_tag?post=28467"}],"curies":[{"name":"wp","href":"https:\/\/api.w.org\/{rel}","templated":true}]}}