{"id":28554,"date":"2024-12-01T17:22:14","date_gmt":"2024-12-01T16:22:14","guid":{"rendered":"https:\/\/brunellostore.es\/?post_type=product&#038;p=28554"},"modified":"2024-12-01T19:02:07","modified_gmt":"2024-12-01T18:02:07","slug":"infrakrasnaya-nagrevatelnaya-plenka-gameen-25sm-140w-m2","status":"publish","type":"product","link":"https:\/\/brunellostore.es\/es\/producto\/infrakrasnaya-nagrevatelnaya-plenka-gameen-25sm-140w-m2\/","title":{"rendered":"L\u00e1mina de calefacci\u00f3n por infrarrojos Gameen 25 cm 140 W\/m2"},"content":{"rendered":"<div data-elementor-type=\"wp-post\" data-elementor-id=\"28554\" class=\"elementor elementor-28554\">\n\t\t\t\t<div class=\"elementor-element elementor-element-8fe9a00 e-flex e-con-boxed e-con e-parent\" data-id=\"8fe9a00\" data-element_type=\"container\">\n\t\t\t\t\t<div class=\"e-con-inner\">\n\t\t<div class=\"elementor-element elementor-element-430e551 e-con-full e-flex e-con e-child\" data-id=\"430e551\" data-element_type=\"container\">\n\t\t\t\t<div class=\"elementor-element elementor-element-05c1d79 elementor-widget elementor-widget-wd_text_block\" data-id=\"05c1d79\" data-element_type=\"widget\" data-widget_type=\"wd_text_block.default\">\n\t\t\t\t<div class=\"elementor-widget-container\">\n\t\t\t\t\t\t\t<div class=\"wd-text-block reset-last-child text-left\">\n\t\t\t\n\t\t\t<h3>L\u00e1mina calefactora de infrarrojos Gameen<\/h3><p>La pel\u00edcula distribuye el calor de forma r\u00e1pida y eficaz por toda la superficie de una habitaci\u00f3n, lo que la convierte en una alternativa rentable a los m\u00e9todos tradicionales de calefacci\u00f3n. La posibilidad de aplicar la pel\u00edcula en paredes o techos acelera a\u00fan m\u00e1s el proceso de calefacci\u00f3n, lo que la convierte en una opci\u00f3n ideal como principal fuente de calor en el hogar, eliminando la necesidad de instalar sistemas de calefacci\u00f3n tradicionales.<\/p>\n\t\t\t\t\t<\/div>\n\t\t\t\t\t\t<\/div>\n\t\t\t\t<\/div>\n\t\t\t\t<\/div>\n\t\t<div class=\"elementor-element elementor-element-c189e30 e-con-full e-flex e-con e-child\" data-id=\"c189e30\" data-element_type=\"container\">\n\t\t\t\t<div class=\"elementor-element elementor-element-a18d0ec elementor-widget elementor-widget-wd_text_block\" data-id=\"a18d0ec\" data-element_type=\"widget\" data-widget_type=\"wd_text_block.default\">\n\t\t\t\t<div class=\"elementor-widget-container\">\n\t\t\t\t\t\t\t<div class=\"wd-text-block reset-last-child text-left\">\n\t\t\t\n\t\t\t\n\t\t\t\t\t<\/div>\n\t\t\t\t\t\t<\/div>\n\t\t\t\t<\/div>\n\t\t\t\t<\/div>\n\t\t<div class=\"elementor-element elementor-element-cd2d9d5 e-con-full e-flex e-con e-child\" data-id=\"cd2d9d5\" data-element_type=\"container\">\n\t\t\t\t<div class=\"elementor-element elementor-element-637df21 elementor-widget elementor-widget-wd_text_block\" data-id=\"637df21\" data-element_type=\"widget\" data-widget_type=\"wd_text_block.default\">\n\t\t\t\t<div class=\"elementor-widget-container\">\n\t\t\t\t\t\t\t<div class=\"wd-text-block reset-last-child text-left\">\n\t\t\t\n\t\t\t<h4>Dimensiones generales<\/h4>\nN\u00famero de producto: FOLIA 25\/140W<br>\nPotencia calor\u00edfica: 140 W<br>\nAnchura: 25 cm\n\t\t\t\t\t<\/div>\n\t\t\t\t\t\t<\/div>\n\t\t\t\t<\/div>\n\t\t\t\t<\/div>\n\t\t\t\t\t<\/div>\n\t\t\t\t<\/div>\n\t\t\t\t<\/div>","protected":false},"excerpt":{"rendered":"<p>La pel\u00edcula calefactora de 25 cm de ancho y 140 W\/m\u00b2 de Gameen elimina la necesidad de radiadores tradicionales y costosas bombas de calor, ofreciendo un moderno sistema de calefacci\u00f3n por infrarrojos.<\/p>","protected":false},"featured_media":28555,"comment_status":"open","ping_status":"closed","template":"","meta":[],"product_brand":[],"product_cat":[28],"product_tag":[],"class_list":{"0":"post-28554","1":"product","2":"type-product","3":"status-publish","4":"has-post-thumbnail","6":"product_cat-sistema-tepliy-pol","8":"first","9":"instock","10":"shipping-taxable","11":"purchasable","12":"product-type-simple"},"yoast_head":"<!-- This site is optimized with the Yoast SEO plugin v26.5 - https:\/\/yoast.com\/wordpress\/plugins\/seo\/ -->\n<title>\u0418\u043d\u0444\u0440\u0430\u043a\u0440\u0430\u0441\u043d\u0430\u044f \u043d\u0430\u0433\u0440\u0435\u0432\u0430\u0442\u0435\u043b\u044c\u043d\u0430\u044f \u043f\u043b\u0435\u043d\u043a\u0430 Gameen 25 \u0441\u043c 140 \u0412\u0442\/\u043c2 - brunellostore.es<\/title>\n<meta name=\"robots\" content=\"index, follow, max-snippet:-1, max-image-preview:large, max-video-preview:-1\" \/>\n<link rel=\"canonical\" href=\"https:\/\/brunellostore.es\/es\/producto\/infrakrasnaya-nagrevatelnaya-plenka-gameen-25sm-140w-m2\/\" \/>\n<meta property=\"og:locale\" content=\"es_ES\" \/>\n<meta property=\"og:type\" content=\"article\" \/>\n<meta property=\"og:title\" content=\"\u0418\u043d\u0444\u0440\u0430\u043a\u0440\u0430\u0441\u043d\u0430\u044f \u043d\u0430\u0433\u0440\u0435\u0432\u0430\u0442\u0435\u043b\u044c\u043d\u0430\u044f \u043f\u043b\u0435\u043d\u043a\u0430 Gameen 25 \u0441\u043c 140 \u0412\u0442\/\u043c2 - brunellostore.es\" \/>\n<meta property=\"og:description\" content=\"\u041d\u0430\u0433\u0440\u0435\u0432\u0430\u0442\u0435\u043b\u044c\u043d\u0430\u044f \u043f\u043b\u0435\u043d\u043a\u0430 Gameen \u0448\u0438\u0440\u0438\u043d\u043e\u0439 25 \u0441\u043c \u0438 \u043c\u043e\u0449\u043d\u043e\u0441\u0442\u044c\u044e 140 \u0412\u0442\/\u043c\u00b2 \u043f\u043e\u0437\u0432\u043e\u043b\u044f\u0435\u0442 \u043e\u0442\u043a\u0430\u0437\u0430\u0442\u044c\u0441\u044f \u043e\u0442 \u0442\u0440\u0430\u0434\u0438\u0446\u0438\u043e\u043d\u043d\u044b\u0445 \u0440\u0430\u0434\u0438\u0430\u0442\u043e\u0440\u043e\u0432 \u0438 \u0434\u043e\u0440\u043e\u0433\u043e\u0441\u0442\u043e\u044f\u0449\u0438\u0445 \u0442\u0435\u043f\u043b\u043e\u0432\u044b\u0445 \u043d\u0430\u0441\u043e\u0441\u043e\u0432, \u043f\u0440\u0435\u0434\u043b\u0430\u0433\u0430\u044f \u0441\u043e\u0432\u0440\u0435\u043c\u0435\u043d\u043d\u0443\u044e \u0441\u0438\u0441\u0442\u0435\u043c\u0443 \u0438\u043d\u0444\u0440\u0430\u043a\u0440\u0430\u0441\u043d\u043e\u0433\u043e \u043e\u0442\u043e\u043f\u043b\u0435\u043d\u0438\u044f.\" \/>\n<meta property=\"og:url\" content=\"https:\/\/brunellostore.es\/es\/producto\/infrakrasnaya-nagrevatelnaya-plenka-gameen-25sm-140w-m2\/\" \/>\n<meta property=\"og:site_name\" content=\"brunellostore.es\" \/>\n<meta property=\"article:modified_time\" content=\"2024-12-01T18:02:07+00:00\" \/>\n<meta property=\"og:image\" content=\"https:\/\/brunellostore.es\/wp-content\/uploads\/2024\/12\/folia-grzewcza-gameen-25cm-140w-m2.jpg\" \/>\n\t<meta property=\"og:image:width\" content=\"800\" \/>\n\t<meta property=\"og:image:height\" content=\"800\" \/>\n\t<meta property=\"og:image:type\" content=\"image\/jpeg\" \/>\n<meta name=\"twitter:card\" content=\"summary_large_image\" \/>\n<meta name=\"twitter:label1\" content=\"Tiempo de lectura\" \/>\n\t<meta name=\"twitter:data1\" content=\"1 minuto\" \/>\n<script type=\"application\/ld+json\" class=\"yoast-schema-graph\">{\"@context\":\"https:\/\/schema.org\",\"@graph\":[{\"@type\":\"WebPage\",\"@id\":\"https:\/\/brunellostore.es\/product\/infrakrasnaya-nagrevatelnaya-plenka-gameen-25sm-140w-m2\/\",\"url\":\"https:\/\/brunellostore.es\/product\/infrakrasnaya-nagrevatelnaya-plenka-gameen-25sm-140w-m2\/\",\"name\":\"\u0418\u043d\u0444\u0440\u0430\u043a\u0440\u0430\u0441\u043d\u0430\u044f \u043d\u0430\u0433\u0440\u0435\u0432\u0430\u0442\u0435\u043b\u044c\u043d\u0430\u044f \u043f\u043b\u0435\u043d\u043a\u0430 Gameen 25 \u0441\u043c 140 \u0412\u0442\/\u043c2 - brunellostore.es\",\"isPartOf\":{\"@id\":\"https:\/\/brunellostore.es\/#website\"},\"primaryImageOfPage\":{\"@id\":\"https:\/\/brunellostore.es\/product\/infrakrasnaya-nagrevatelnaya-plenka-gameen-25sm-140w-m2\/#primaryimage\"},\"image\":{\"@id\":\"https:\/\/brunellostore.es\/product\/infrakrasnaya-nagrevatelnaya-plenka-gameen-25sm-140w-m2\/#primaryimage\"},\"thumbnailUrl\":\"https:\/\/brunellostore.es\/wp-content\/uploads\/2024\/12\/folia-grzewcza-gameen-25cm-140w-m2.jpg\",\"datePublished\":\"2024-12-01T16:22:14+00:00\",\"dateModified\":\"2024-12-01T18:02:07+00:00\",\"breadcrumb\":{\"@id\":\"https:\/\/brunellostore.es\/product\/infrakrasnaya-nagrevatelnaya-plenka-gameen-25sm-140w-m2\/#breadcrumb\"},\"inLanguage\":\"es\",\"potentialAction\":[{\"@type\":\"ReadAction\",\"target\":[\"https:\/\/brunellostore.es\/product\/infrakrasnaya-nagrevatelnaya-plenka-gameen-25sm-140w-m2\/\"]}]},{\"@type\":\"ImageObject\",\"inLanguage\":\"es\",\"@id\":\"https:\/\/brunellostore.es\/product\/infrakrasnaya-nagrevatelnaya-plenka-gameen-25sm-140w-m2\/#primaryimage\",\"url\":\"https:\/\/brunellostore.es\/wp-content\/uploads\/2024\/12\/folia-grzewcza-gameen-25cm-140w-m2.jpg\",\"contentUrl\":\"https:\/\/brunellostore.es\/wp-content\/uploads\/2024\/12\/folia-grzewcza-gameen-25cm-140w-m2.jpg\",\"width\":800,\"height\":800},{\"@type\":\"BreadcrumbList\",\"@id\":\"https:\/\/brunellostore.es\/product\/infrakrasnaya-nagrevatelnaya-plenka-gameen-25sm-140w-m2\/#breadcrumb\",\"itemListElement\":[{\"@type\":\"ListItem\",\"position\":1,\"name\":\"Home\",\"item\":\"https:\/\/brunellostore.es\/\"},{\"@type\":\"ListItem\",\"position\":2,\"name\":\"\u041c\u0430\u0433\u0430\u0437\u0438\u043d\",\"item\":\"https:\/\/brunellostore.es\/shop\/\"},{\"@type\":\"ListItem\",\"position\":3,\"name\":\"\u0418\u043d\u0444\u0440\u0430\u043a\u0440\u0430\u0441\u043d\u0430\u044f \u043d\u0430\u0433\u0440\u0435\u0432\u0430\u0442\u0435\u043b\u044c\u043d\u0430\u044f \u043f\u043b\u0435\u043d\u043a\u0430 Gameen 25 \u0441\u043c 140 \u0412\u0442\/\u043c2\"}]},{\"@type\":\"WebSite\",\"@id\":\"https:\/\/brunellostore.es\/#website\",\"url\":\"https:\/\/brunellostore.es\/\",\"name\":\"brunellostore.es\",\"description\":\"\",\"publisher\":{\"@id\":\"https:\/\/brunellostore.es\/#organization\"},\"potentialAction\":[{\"@type\":\"SearchAction\",\"target\":{\"@type\":\"EntryPoint\",\"urlTemplate\":\"https:\/\/brunellostore.es\/?s={search_term_string}\"},\"query-input\":{\"@type\":\"PropertyValueSpecification\",\"valueRequired\":true,\"valueName\":\"search_term_string\"}}],\"inLanguage\":\"es\"},{\"@type\":\"Organization\",\"@id\":\"https:\/\/brunellostore.es\/#organization\",\"name\":\"brunellostore.es\",\"url\":\"https:\/\/brunellostore.es\/\",\"logo\":{\"@type\":\"ImageObject\",\"inLanguage\":\"es\",\"@id\":\"https:\/\/brunellostore.es\/#\/schema\/logo\/image\/\",\"url\":\"https:\/\/brunellostore.es\/wp-content\/uploads\/2024\/09\/Brunello-logo.png\",\"contentUrl\":\"https:\/\/brunellostore.es\/wp-content\/uploads\/2024\/09\/Brunello-logo.png\",\"width\":924,\"height\":240,\"caption\":\"brunellostore.es\"},\"image\":{\"@id\":\"https:\/\/brunellostore.es\/#\/schema\/logo\/image\/\"}}]}<\/script>\n<!-- \/ Yoast SEO plugin. -->","yoast_head_json":{"title":"\u0418\u043d\u0444\u0440\u0430\u043a\u0440\u0430\u0441\u043d\u0430\u044f \u043d\u0430\u0433\u0440\u0435\u0432\u0430\u0442\u0435\u043b\u044c\u043d\u0430\u044f \u043f\u043b\u0435\u043d\u043a\u0430 Gameen 25 \u0441\u043c 140 \u0412\u0442\/\u043c2 - brunellostore.es","robots":{"index":"index","follow":"follow","max-snippet":"max-snippet:-1","max-image-preview":"max-image-preview:large","max-video-preview":"max-video-preview:-1"},"canonical":"https:\/\/brunellostore.es\/es\/producto\/infrakrasnaya-nagrevatelnaya-plenka-gameen-25sm-140w-m2\/","og_locale":"es_ES","og_type":"article","og_title":"\u0418\u043d\u0444\u0440\u0430\u043a\u0440\u0430\u0441\u043d\u0430\u044f \u043d\u0430\u0433\u0440\u0435\u0432\u0430\u0442\u0435\u043b\u044c\u043d\u0430\u044f \u043f\u043b\u0435\u043d\u043a\u0430 Gameen 25 \u0441\u043c 140 \u0412\u0442\/\u043c2 - brunellostore.es","og_description":"\u041d\u0430\u0433\u0440\u0435\u0432\u0430\u0442\u0435\u043b\u044c\u043d\u0430\u044f \u043f\u043b\u0435\u043d\u043a\u0430 Gameen \u0448\u0438\u0440\u0438\u043d\u043e\u0439 25 \u0441\u043c \u0438 \u043c\u043e\u0449\u043d\u043e\u0441\u0442\u044c\u044e 140 \u0412\u0442\/\u043c\u00b2 \u043f\u043e\u0437\u0432\u043e\u043b\u044f\u0435\u0442 \u043e\u0442\u043a\u0430\u0437\u0430\u0442\u044c\u0441\u044f \u043e\u0442 \u0442\u0440\u0430\u0434\u0438\u0446\u0438\u043e\u043d\u043d\u044b\u0445 \u0440\u0430\u0434\u0438\u0430\u0442\u043e\u0440\u043e\u0432 \u0438 \u0434\u043e\u0440\u043e\u0433\u043e\u0441\u0442\u043e\u044f\u0449\u0438\u0445 \u0442\u0435\u043f\u043b\u043e\u0432\u044b\u0445 \u043d\u0430\u0441\u043e\u0441\u043e\u0432, \u043f\u0440\u0435\u0434\u043b\u0430\u0433\u0430\u044f \u0441\u043e\u0432\u0440\u0435\u043c\u0435\u043d\u043d\u0443\u044e \u0441\u0438\u0441\u0442\u0435\u043c\u0443 \u0438\u043d\u0444\u0440\u0430\u043a\u0440\u0430\u0441\u043d\u043e\u0433\u043e \u043e\u0442\u043e\u043f\u043b\u0435\u043d\u0438\u044f.","og_url":"https:\/\/brunellostore.es\/es\/producto\/infrakrasnaya-nagrevatelnaya-plenka-gameen-25sm-140w-m2\/","og_site_name":"brunellostore.es","article_modified_time":"2024-12-01T18:02:07+00:00","og_image":[{"width":800,"height":800,"url":"https:\/\/brunellostore.es\/wp-content\/uploads\/2024\/12\/folia-grzewcza-gameen-25cm-140w-m2.jpg","type":"image\/jpeg"}],"twitter_card":"summary_large_image","twitter_misc":{"Tiempo de lectura":"1 minuto"},"schema":{"@context":"https:\/\/schema.org","@graph":[{"@type":"WebPage","@id":"https:\/\/brunellostore.es\/product\/infrakrasnaya-nagrevatelnaya-plenka-gameen-25sm-140w-m2\/","url":"https:\/\/brunellostore.es\/product\/infrakrasnaya-nagrevatelnaya-plenka-gameen-25sm-140w-m2\/","name":"\u0418\u043d\u0444\u0440\u0430\u043a\u0440\u0430\u0441\u043d\u0430\u044f \u043d\u0430\u0433\u0440\u0435\u0432\u0430\u0442\u0435\u043b\u044c\u043d\u0430\u044f \u043f\u043b\u0435\u043d\u043a\u0430 Gameen 25 \u0441\u043c 140 \u0412\u0442\/\u043c2 - brunellostore.es","isPartOf":{"@id":"https:\/\/brunellostore.es\/#website"},"primaryImageOfPage":{"@id":"https:\/\/brunellostore.es\/product\/infrakrasnaya-nagrevatelnaya-plenka-gameen-25sm-140w-m2\/#primaryimage"},"image":{"@id":"https:\/\/brunellostore.es\/product\/infrakrasnaya-nagrevatelnaya-plenka-gameen-25sm-140w-m2\/#primaryimage"},"thumbnailUrl":"https:\/\/brunellostore.es\/wp-content\/uploads\/2024\/12\/folia-grzewcza-gameen-25cm-140w-m2.jpg","datePublished":"2024-12-01T16:22:14+00:00","dateModified":"2024-12-01T18:02:07+00:00","breadcrumb":{"@id":"https:\/\/brunellostore.es\/product\/infrakrasnaya-nagrevatelnaya-plenka-gameen-25sm-140w-m2\/#breadcrumb"},"inLanguage":"es","potentialAction":[{"@type":"ReadAction","target":["https:\/\/brunellostore.es\/product\/infrakrasnaya-nagrevatelnaya-plenka-gameen-25sm-140w-m2\/"]}]},{"@type":"ImageObject","inLanguage":"es","@id":"https:\/\/brunellostore.es\/product\/infrakrasnaya-nagrevatelnaya-plenka-gameen-25sm-140w-m2\/#primaryimage","url":"https:\/\/brunellostore.es\/wp-content\/uploads\/2024\/12\/folia-grzewcza-gameen-25cm-140w-m2.jpg","contentUrl":"https:\/\/brunellostore.es\/wp-content\/uploads\/2024\/12\/folia-grzewcza-gameen-25cm-140w-m2.jpg","width":800,"height":800},{"@type":"BreadcrumbList","@id":"https:\/\/brunellostore.es\/product\/infrakrasnaya-nagrevatelnaya-plenka-gameen-25sm-140w-m2\/#breadcrumb","itemListElement":[{"@type":"ListItem","position":1,"name":"Home","item":"https:\/\/brunellostore.es\/"},{"@type":"ListItem","position":2,"name":"\u041c\u0430\u0433\u0430\u0437\u0438\u043d","item":"https:\/\/brunellostore.es\/shop\/"},{"@type":"ListItem","position":3,"name":"\u0418\u043d\u0444\u0440\u0430\u043a\u0440\u0430\u0441\u043d\u0430\u044f \u043d\u0430\u0433\u0440\u0435\u0432\u0430\u0442\u0435\u043b\u044c\u043d\u0430\u044f \u043f\u043b\u0435\u043d\u043a\u0430 Gameen 25 \u0441\u043c 140 \u0412\u0442\/\u043c2"}]},{"@type":"WebSite","@id":"https:\/\/brunellostore.es\/#website","url":"https:\/\/brunellostore.es\/","name":"brunellostore.es","description":"","publisher":{"@id":"https:\/\/brunellostore.es\/#organization"},"potentialAction":[{"@type":"SearchAction","target":{"@type":"EntryPoint","urlTemplate":"https:\/\/brunellostore.es\/?s={search_term_string}"},"query-input":{"@type":"PropertyValueSpecification","valueRequired":true,"valueName":"search_term_string"}}],"inLanguage":"es"},{"@type":"Organization","@id":"https:\/\/brunellostore.es\/#organization","name":"brunellostore.es","url":"https:\/\/brunellostore.es\/","logo":{"@type":"ImageObject","inLanguage":"es","@id":"https:\/\/brunellostore.es\/#\/schema\/logo\/image\/","url":"https:\/\/brunellostore.es\/wp-content\/uploads\/2024\/09\/Brunello-logo.png","contentUrl":"https:\/\/brunellostore.es\/wp-content\/uploads\/2024\/09\/Brunello-logo.png","width":924,"height":240,"caption":"brunellostore.es"},"image":{"@id":"https:\/\/brunellostore.es\/#\/schema\/logo\/image\/"}}]}},"_links":{"self":[{"href":"https:\/\/brunellostore.es\/es\/wp-json\/wp\/v2\/product\/28554","targetHints":{"allow":["GET"]}}],"collection":[{"href":"https:\/\/brunellostore.es\/es\/wp-json\/wp\/v2\/product"}],"about":[{"href":"https:\/\/brunellostore.es\/es\/wp-json\/wp\/v2\/types\/product"}],"replies":[{"embeddable":true,"href":"https:\/\/brunellostore.es\/es\/wp-json\/wp\/v2\/comments?post=28554"}],"version-history":[{"count":5,"href":"https:\/\/brunellostore.es\/es\/wp-json\/wp\/v2\/product\/28554\/revisions"}],"predecessor-version":[{"id":28601,"href":"https:\/\/brunellostore.es\/es\/wp-json\/wp\/v2\/product\/28554\/revisions\/28601"}],"wp:featuredmedia":[{"embeddable":true,"href":"https:\/\/brunellostore.es\/es\/wp-json\/wp\/v2\/media\/28555"}],"wp:attachment":[{"href":"https:\/\/brunellostore.es\/es\/wp-json\/wp\/v2\/media?parent=28554"}],"wp:term":[{"taxonomy":"product_brand","embeddable":true,"href":"https:\/\/brunellostore.es\/es\/wp-json\/wp\/v2\/product_brand?post=28554"},{"taxonomy":"product_cat","embeddable":true,"href":"https:\/\/brunellostore.es\/es\/wp-json\/wp\/v2\/product_cat?post=28554"},{"taxonomy":"product_tag","embeddable":true,"href":"https:\/\/brunellostore.es\/es\/wp-json\/wp\/v2\/product_tag?post=28554"}],"curies":[{"name":"wp","href":"https:\/\/api.w.org\/{rel}","templated":true}]}}