{"id":28615,"date":"2024-12-01T19:19:42","date_gmt":"2024-12-01T18:19:42","guid":{"rendered":"https:\/\/brunellostore.es\/?post_type=product&#038;p=28615"},"modified":"2024-12-01T19:24:44","modified_gmt":"2024-12-01T18:24:44","slug":"termoregulyator-wifi-zilver-t-1","status":"publish","type":"product","link":"https:\/\/brunellostore.es\/es\/producto\/termoregulyator-wifi-zilver-t-1\/","title":{"rendered":"Regulador de temperatura WiFi Zilver T-1"},"content":{"rendered":"<div data-elementor-type=\"wp-post\" data-elementor-id=\"28615\" class=\"elementor elementor-28615\">\n\t\t\t\t<div class=\"elementor-element elementor-element-8fe9a00 e-flex e-con-boxed e-con e-parent\" data-id=\"8fe9a00\" data-element_type=\"container\">\n\t\t\t\t\t<div class=\"e-con-inner\">\n\t\t<div class=\"elementor-element elementor-element-430e551 e-con-full e-flex e-con e-child\" data-id=\"430e551\" data-element_type=\"container\">\n\t\t\t\t<div class=\"elementor-element elementor-element-05c1d79 elementor-widget elementor-widget-wd_text_block\" data-id=\"05c1d79\" data-element_type=\"widget\" data-widget_type=\"wd_text_block.default\">\n\t\t\t\t<div class=\"elementor-widget-container\">\n\t\t\t\t\t\t\t<div class=\"wd-text-block reset-last-child text-left\">\n\t\t\t\n\t\t\t<h4>Termostato Wi-Fi Zilver T-1 de KRIL&amp;BL\u00d6HM<\/h4><p>El termostato Wi-Fi Zilver T-1 de KRIL&amp;BL\u00d6HM es un dispositivo avanzado que cambiar\u00e1 la forma de enfocar la calefacci\u00f3n por suelo radiante en su hogar. Producto del fabricante holand\u00e9s de sistemas de calefacci\u00f3n ecol\u00f3gicos, combina fiabilidad, durabilidad e innovaci\u00f3n. Equipado con un m\u00f3dulo Wi-Fi, le permite controlar a distancia la temperatura mediante su smartphone. El panel de control, protegido por un cristal de diamante, tiene una pantalla t\u00e1ctil. La pantalla es de color blanco y tiene una forma elegante y estilizada. El modelo presentado est\u00e1 equipado con dos sensores de temperatura: un sensor de aire incorporado y un \u00absensor NTC\u00bb de suelo. Se puede montar en la pared o empotrado y el panel tiene un grosor de 12 mm. La unidad tiene una garant\u00eda de 24 meses.<\/p>\n\t\t\t\t\t<\/div>\n\t\t\t\t\t\t<\/div>\n\t\t\t\t<\/div>\n\t\t\t\t<\/div>\n\t\t<div class=\"elementor-element elementor-element-c189e30 e-con-full e-flex e-con e-child\" data-id=\"c189e30\" data-element_type=\"container\">\n\t\t\t\t<div class=\"elementor-element elementor-element-a18d0ec elementor-widget elementor-widget-wd_text_block\" data-id=\"a18d0ec\" data-element_type=\"widget\" data-widget_type=\"wd_text_block.default\">\n\t\t\t\t<div class=\"elementor-widget-container\">\n\t\t\t\t\t\t\t<div class=\"wd-text-block reset-last-child text-left\">\n\t\t\t\n\t\t\t\n\t\t\t\t\t<\/div>\n\t\t\t\t\t\t<\/div>\n\t\t\t\t<\/div>\n\t\t\t\t<\/div>\n\t\t<div class=\"elementor-element elementor-element-cd2d9d5 e-con-full e-flex e-con e-child\" data-id=\"cd2d9d5\" data-element_type=\"container\">\n\t\t\t\t<div class=\"elementor-element elementor-element-637df21 elementor-widget elementor-widget-wd_text_block\" data-id=\"637df21\" data-element_type=\"widget\" data-widget_type=\"wd_text_block.default\">\n\t\t\t\t<div class=\"elementor-widget-container\">\n\t\t\t\t\t\t\t<div class=\"wd-text-block reset-last-child text-left\">\n\t\t\t\n\t\t\t<h4>Dimensiones generales<\/h4><p>N\u00famero de art\u00edculo: T-1<\/p>\n\t\t\t\t\t<\/div>\n\t\t\t\t\t\t<\/div>\n\t\t\t\t<\/div>\n\t\t\t\t<\/div>\n\t\t\t\t\t<\/div>\n\t\t\t\t<\/div>\n\t\t\t\t<\/div>","protected":false},"excerpt":{"rendered":"<p>El termostato Wi-Fi Zilver T-1 de KRIL&amp;BL\u00d6HM es un avanzado dispositivo que cambiar\u00e1 la forma de enfocar la calefacci\u00f3n por suelo radiante en su hogar.<\/p>","protected":false},"featured_media":28616,"comment_status":"open","ping_status":"closed","template":"","meta":[],"product_brand":[],"product_cat":[28],"product_tag":[],"class_list":{"0":"post-28615","1":"product","2":"type-product","3":"status-publish","4":"has-post-thumbnail","6":"product_cat-sistema-tepliy-pol","8":"first","9":"instock","10":"shipping-taxable","11":"purchasable","12":"product-type-simple"},"yoast_head":"<!-- This site is optimized with the Yoast SEO plugin v26.5 - https:\/\/yoast.com\/wordpress\/plugins\/seo\/ -->\n<title>\u0422\u0435\u0440\u043c\u043e\u0440\u0435\u0433\u0443\u043b\u044f\u0442\u043e\u0440 WiFi Zilver T-1 - brunellostore.es<\/title>\n<meta name=\"robots\" content=\"index, follow, max-snippet:-1, max-image-preview:large, max-video-preview:-1\" \/>\n<link rel=\"canonical\" href=\"https:\/\/brunellostore.es\/es\/producto\/termoregulyator-wifi-zilver-t-1\/\" \/>\n<meta property=\"og:locale\" content=\"es_ES\" \/>\n<meta property=\"og:type\" content=\"article\" \/>\n<meta property=\"og:title\" content=\"\u0422\u0435\u0440\u043c\u043e\u0440\u0435\u0433\u0443\u043b\u044f\u0442\u043e\u0440 WiFi Zilver T-1 - brunellostore.es\" \/>\n<meta property=\"og:description\" content=\"\u0422\u0435\u0440\u043c\u043e\u0440\u0435\u0433\u0443\u043b\u044f\u0442\u043e\u0440 Zilver T-1 Wi-Fi \u043e\u0442 KRIL&amp;BL\u00d6HM - \u044d\u0442\u043e \u043f\u0435\u0440\u0435\u0434\u043e\u0432\u043e\u0435 \u0443\u0441\u0442\u0440\u043e\u0439\u0441\u0442\u0432\u043e, \u043a\u043e\u0442\u043e\u0440\u043e\u0435 \u0438\u0437\u043c\u0435\u043d\u0438\u0442 \u043f\u043e\u0434\u0445\u043e\u0434 \u043a \u043f\u043e\u0434\u043e\u0433\u0440\u0435\u0432\u0443 \u043f\u043e\u043b\u0430 \u0432 \u0432\u0430\u0448\u0435\u043c \u0434\u043e\u043c\u0435.\" \/>\n<meta property=\"og:url\" content=\"https:\/\/brunellostore.es\/es\/producto\/termoregulyator-wifi-zilver-t-1\/\" \/>\n<meta property=\"og:site_name\" content=\"brunellostore.es\" \/>\n<meta property=\"article:modified_time\" content=\"2024-12-01T18:24:44+00:00\" \/>\n<meta property=\"og:image\" content=\"https:\/\/brunellostore.es\/wp-content\/uploads\/2024\/12\/termoregulato-wifi-zilver-t-1-1.jpg\" \/>\n\t<meta property=\"og:image:width\" content=\"800\" \/>\n\t<meta property=\"og:image:height\" content=\"800\" \/>\n\t<meta property=\"og:image:type\" content=\"image\/jpeg\" \/>\n<meta name=\"twitter:card\" content=\"summary_large_image\" \/>\n<meta name=\"twitter:label1\" content=\"Tiempo de lectura\" \/>\n\t<meta name=\"twitter:data1\" content=\"1 minuto\" \/>\n<script type=\"application\/ld+json\" class=\"yoast-schema-graph\">{\"@context\":\"https:\/\/schema.org\",\"@graph\":[{\"@type\":\"WebPage\",\"@id\":\"https:\/\/brunellostore.es\/product\/termoregulyator-wifi-zilver-t-1\/\",\"url\":\"https:\/\/brunellostore.es\/product\/termoregulyator-wifi-zilver-t-1\/\",\"name\":\"\u0422\u0435\u0440\u043c\u043e\u0440\u0435\u0433\u0443\u043b\u044f\u0442\u043e\u0440 WiFi Zilver T-1 - brunellostore.es\",\"isPartOf\":{\"@id\":\"https:\/\/brunellostore.es\/#website\"},\"primaryImageOfPage\":{\"@id\":\"https:\/\/brunellostore.es\/product\/termoregulyator-wifi-zilver-t-1\/#primaryimage\"},\"image\":{\"@id\":\"https:\/\/brunellostore.es\/product\/termoregulyator-wifi-zilver-t-1\/#primaryimage\"},\"thumbnailUrl\":\"https:\/\/brunellostore.es\/wp-content\/uploads\/2024\/12\/termoregulato-wifi-zilver-t-1-1.jpg\",\"datePublished\":\"2024-12-01T18:19:42+00:00\",\"dateModified\":\"2024-12-01T18:24:44+00:00\",\"breadcrumb\":{\"@id\":\"https:\/\/brunellostore.es\/product\/termoregulyator-wifi-zilver-t-1\/#breadcrumb\"},\"inLanguage\":\"es\",\"potentialAction\":[{\"@type\":\"ReadAction\",\"target\":[\"https:\/\/brunellostore.es\/product\/termoregulyator-wifi-zilver-t-1\/\"]}]},{\"@type\":\"ImageObject\",\"inLanguage\":\"es\",\"@id\":\"https:\/\/brunellostore.es\/product\/termoregulyator-wifi-zilver-t-1\/#primaryimage\",\"url\":\"https:\/\/brunellostore.es\/wp-content\/uploads\/2024\/12\/termoregulato-wifi-zilver-t-1-1.jpg\",\"contentUrl\":\"https:\/\/brunellostore.es\/wp-content\/uploads\/2024\/12\/termoregulato-wifi-zilver-t-1-1.jpg\",\"width\":800,\"height\":800},{\"@type\":\"BreadcrumbList\",\"@id\":\"https:\/\/brunellostore.es\/product\/termoregulyator-wifi-zilver-t-1\/#breadcrumb\",\"itemListElement\":[{\"@type\":\"ListItem\",\"position\":1,\"name\":\"Home\",\"item\":\"https:\/\/brunellostore.es\/\"},{\"@type\":\"ListItem\",\"position\":2,\"name\":\"\u041c\u0430\u0433\u0430\u0437\u0438\u043d\",\"item\":\"https:\/\/brunellostore.es\/shop\/\"},{\"@type\":\"ListItem\",\"position\":3,\"name\":\"\u0422\u0435\u0440\u043c\u043e\u0440\u0435\u0433\u0443\u043b\u044f\u0442\u043e\u0440 WiFi Zilver T-1\"}]},{\"@type\":\"WebSite\",\"@id\":\"https:\/\/brunellostore.es\/#website\",\"url\":\"https:\/\/brunellostore.es\/\",\"name\":\"brunellostore.es\",\"description\":\"\",\"publisher\":{\"@id\":\"https:\/\/brunellostore.es\/#organization\"},\"potentialAction\":[{\"@type\":\"SearchAction\",\"target\":{\"@type\":\"EntryPoint\",\"urlTemplate\":\"https:\/\/brunellostore.es\/?s={search_term_string}\"},\"query-input\":{\"@type\":\"PropertyValueSpecification\",\"valueRequired\":true,\"valueName\":\"search_term_string\"}}],\"inLanguage\":\"es\"},{\"@type\":\"Organization\",\"@id\":\"https:\/\/brunellostore.es\/#organization\",\"name\":\"brunellostore.es\",\"url\":\"https:\/\/brunellostore.es\/\",\"logo\":{\"@type\":\"ImageObject\",\"inLanguage\":\"es\",\"@id\":\"https:\/\/brunellostore.es\/#\/schema\/logo\/image\/\",\"url\":\"https:\/\/brunellostore.es\/wp-content\/uploads\/2024\/09\/Brunello-logo.png\",\"contentUrl\":\"https:\/\/brunellostore.es\/wp-content\/uploads\/2024\/09\/Brunello-logo.png\",\"width\":924,\"height\":240,\"caption\":\"brunellostore.es\"},\"image\":{\"@id\":\"https:\/\/brunellostore.es\/#\/schema\/logo\/image\/\"}}]}<\/script>\n<!-- \/ Yoast SEO plugin. -->","yoast_head_json":{"title":"\u0422\u0435\u0440\u043c\u043e\u0440\u0435\u0433\u0443\u043b\u044f\u0442\u043e\u0440 WiFi Zilver T-1 - brunellostore.es","robots":{"index":"index","follow":"follow","max-snippet":"max-snippet:-1","max-image-preview":"max-image-preview:large","max-video-preview":"max-video-preview:-1"},"canonical":"https:\/\/brunellostore.es\/es\/producto\/termoregulyator-wifi-zilver-t-1\/","og_locale":"es_ES","og_type":"article","og_title":"\u0422\u0435\u0440\u043c\u043e\u0440\u0435\u0433\u0443\u043b\u044f\u0442\u043e\u0440 WiFi Zilver T-1 - brunellostore.es","og_description":"\u0422\u0435\u0440\u043c\u043e\u0440\u0435\u0433\u0443\u043b\u044f\u0442\u043e\u0440 Zilver T-1 Wi-Fi \u043e\u0442 KRIL&amp;BL\u00d6HM - \u044d\u0442\u043e \u043f\u0435\u0440\u0435\u0434\u043e\u0432\u043e\u0435 \u0443\u0441\u0442\u0440\u043e\u0439\u0441\u0442\u0432\u043e, \u043a\u043e\u0442\u043e\u0440\u043e\u0435 \u0438\u0437\u043c\u0435\u043d\u0438\u0442 \u043f\u043e\u0434\u0445\u043e\u0434 \u043a \u043f\u043e\u0434\u043e\u0433\u0440\u0435\u0432\u0443 \u043f\u043e\u043b\u0430 \u0432 \u0432\u0430\u0448\u0435\u043c \u0434\u043e\u043c\u0435.","og_url":"https:\/\/brunellostore.es\/es\/producto\/termoregulyator-wifi-zilver-t-1\/","og_site_name":"brunellostore.es","article_modified_time":"2024-12-01T18:24:44+00:00","og_image":[{"width":800,"height":800,"url":"https:\/\/brunellostore.es\/wp-content\/uploads\/2024\/12\/termoregulato-wifi-zilver-t-1-1.jpg","type":"image\/jpeg"}],"twitter_card":"summary_large_image","twitter_misc":{"Tiempo de lectura":"1 minuto"},"schema":{"@context":"https:\/\/schema.org","@graph":[{"@type":"WebPage","@id":"https:\/\/brunellostore.es\/product\/termoregulyator-wifi-zilver-t-1\/","url":"https:\/\/brunellostore.es\/product\/termoregulyator-wifi-zilver-t-1\/","name":"\u0422\u0435\u0440\u043c\u043e\u0440\u0435\u0433\u0443\u043b\u044f\u0442\u043e\u0440 WiFi Zilver T-1 - brunellostore.es","isPartOf":{"@id":"https:\/\/brunellostore.es\/#website"},"primaryImageOfPage":{"@id":"https:\/\/brunellostore.es\/product\/termoregulyator-wifi-zilver-t-1\/#primaryimage"},"image":{"@id":"https:\/\/brunellostore.es\/product\/termoregulyator-wifi-zilver-t-1\/#primaryimage"},"thumbnailUrl":"https:\/\/brunellostore.es\/wp-content\/uploads\/2024\/12\/termoregulato-wifi-zilver-t-1-1.jpg","datePublished":"2024-12-01T18:19:42+00:00","dateModified":"2024-12-01T18:24:44+00:00","breadcrumb":{"@id":"https:\/\/brunellostore.es\/product\/termoregulyator-wifi-zilver-t-1\/#breadcrumb"},"inLanguage":"es","potentialAction":[{"@type":"ReadAction","target":["https:\/\/brunellostore.es\/product\/termoregulyator-wifi-zilver-t-1\/"]}]},{"@type":"ImageObject","inLanguage":"es","@id":"https:\/\/brunellostore.es\/product\/termoregulyator-wifi-zilver-t-1\/#primaryimage","url":"https:\/\/brunellostore.es\/wp-content\/uploads\/2024\/12\/termoregulato-wifi-zilver-t-1-1.jpg","contentUrl":"https:\/\/brunellostore.es\/wp-content\/uploads\/2024\/12\/termoregulato-wifi-zilver-t-1-1.jpg","width":800,"height":800},{"@type":"BreadcrumbList","@id":"https:\/\/brunellostore.es\/product\/termoregulyator-wifi-zilver-t-1\/#breadcrumb","itemListElement":[{"@type":"ListItem","position":1,"name":"Home","item":"https:\/\/brunellostore.es\/"},{"@type":"ListItem","position":2,"name":"\u041c\u0430\u0433\u0430\u0437\u0438\u043d","item":"https:\/\/brunellostore.es\/shop\/"},{"@type":"ListItem","position":3,"name":"\u0422\u0435\u0440\u043c\u043e\u0440\u0435\u0433\u0443\u043b\u044f\u0442\u043e\u0440 WiFi Zilver T-1"}]},{"@type":"WebSite","@id":"https:\/\/brunellostore.es\/#website","url":"https:\/\/brunellostore.es\/","name":"brunellostore.es","description":"","publisher":{"@id":"https:\/\/brunellostore.es\/#organization"},"potentialAction":[{"@type":"SearchAction","target":{"@type":"EntryPoint","urlTemplate":"https:\/\/brunellostore.es\/?s={search_term_string}"},"query-input":{"@type":"PropertyValueSpecification","valueRequired":true,"valueName":"search_term_string"}}],"inLanguage":"es"},{"@type":"Organization","@id":"https:\/\/brunellostore.es\/#organization","name":"brunellostore.es","url":"https:\/\/brunellostore.es\/","logo":{"@type":"ImageObject","inLanguage":"es","@id":"https:\/\/brunellostore.es\/#\/schema\/logo\/image\/","url":"https:\/\/brunellostore.es\/wp-content\/uploads\/2024\/09\/Brunello-logo.png","contentUrl":"https:\/\/brunellostore.es\/wp-content\/uploads\/2024\/09\/Brunello-logo.png","width":924,"height":240,"caption":"brunellostore.es"},"image":{"@id":"https:\/\/brunellostore.es\/#\/schema\/logo\/image\/"}}]}},"_links":{"self":[{"href":"https:\/\/brunellostore.es\/es\/wp-json\/wp\/v2\/product\/28615","targetHints":{"allow":["GET"]}}],"collection":[{"href":"https:\/\/brunellostore.es\/es\/wp-json\/wp\/v2\/product"}],"about":[{"href":"https:\/\/brunellostore.es\/es\/wp-json\/wp\/v2\/types\/product"}],"replies":[{"embeddable":true,"href":"https:\/\/brunellostore.es\/es\/wp-json\/wp\/v2\/comments?post=28615"}],"version-history":[{"count":5,"href":"https:\/\/brunellostore.es\/es\/wp-json\/wp\/v2\/product\/28615\/revisions"}],"predecessor-version":[{"id":28626,"href":"https:\/\/brunellostore.es\/es\/wp-json\/wp\/v2\/product\/28615\/revisions\/28626"}],"wp:featuredmedia":[{"embeddable":true,"href":"https:\/\/brunellostore.es\/es\/wp-json\/wp\/v2\/media\/28616"}],"wp:attachment":[{"href":"https:\/\/brunellostore.es\/es\/wp-json\/wp\/v2\/media?parent=28615"}],"wp:term":[{"taxonomy":"product_brand","embeddable":true,"href":"https:\/\/brunellostore.es\/es\/wp-json\/wp\/v2\/product_brand?post=28615"},{"taxonomy":"product_cat","embeddable":true,"href":"https:\/\/brunellostore.es\/es\/wp-json\/wp\/v2\/product_cat?post=28615"},{"taxonomy":"product_tag","embeddable":true,"href":"https:\/\/brunellostore.es\/es\/wp-json\/wp\/v2\/product_tag?post=28615"}],"curies":[{"name":"wp","href":"https:\/\/api.w.org\/{rel}","templated":true}]}}