{"id":28627,"date":"2024-12-01T19:26:03","date_gmt":"2024-12-01T18:26:03","guid":{"rendered":"https:\/\/brunellostore.es\/?post_type=product&#038;p=28627"},"modified":"2024-12-01T19:32:45","modified_gmt":"2024-12-01T18:32:45","slug":"termoregulyator-zwart-t-2-wifi","status":"publish","type":"product","link":"https:\/\/brunellostore.es\/es\/producto\/termoregulyator-zwart-t-2-wifi\/","title":{"rendered":"Controlador de temperatura Zwart T-2 WiFi"},"content":{"rendered":"<div data-elementor-type=\"wp-post\" data-elementor-id=\"28627\" class=\"elementor elementor-28627\">\n\t\t\t\t<div class=\"elementor-element elementor-element-8fe9a00 e-flex e-con-boxed e-con e-parent\" data-id=\"8fe9a00\" data-element_type=\"container\">\n\t\t\t\t\t<div class=\"e-con-inner\">\n\t\t<div class=\"elementor-element elementor-element-430e551 e-con-full e-flex e-con e-child\" data-id=\"430e551\" data-element_type=\"container\">\n\t\t\t\t<div class=\"elementor-element elementor-element-05c1d79 elementor-widget elementor-widget-wd_text_block\" data-id=\"05c1d79\" data-element_type=\"widget\" data-widget_type=\"wd_text_block.default\">\n\t\t\t\t<div class=\"elementor-widget-container\">\n\t\t\t\t\t\t\t<div class=\"wd-text-block reset-last-child text-left\">\n\t\t\t\n\t\t\t<h4>Termostato Zwart T-2 Wi-Fi Negro de KRIL&amp;BL\u00d6HM<\/h4><p>El termostato Zwart T-2 Wi-Fi Negro de KRIL&amp;BL\u00d6HM es un elegante dispositivo para controlar la calefacci\u00f3n por suelo radiante. Est\u00e1 equipado con una funci\u00f3n Wi-Fi, que facilita el control de la temperatura mediante un smartphone. Tiene un color negro perla y un panel t\u00e1ctil LCD retroiluminado en blanco. Dos sensores de temperatura -interno y externo- y memoria incorporada garantizan un funcionamiento preciso y fiable. Dispone de seguridad para ni\u00f1os, modo vacaciones y funci\u00f3n de ventana abierta, as\u00ed como de una capacidad de carga de hasta 16 A y protecci\u00f3n IP 20, y se instala f\u00e1cilmente en una caja de empotrar est\u00e1ndar de 60 mm.<\/p>\n\t\t\t\t\t<\/div>\n\t\t\t\t\t\t<\/div>\n\t\t\t\t<\/div>\n\t\t\t\t<\/div>\n\t\t<div class=\"elementor-element elementor-element-c189e30 e-con-full e-flex e-con e-child\" data-id=\"c189e30\" data-element_type=\"container\">\n\t\t\t\t<div class=\"elementor-element elementor-element-a18d0ec elementor-widget elementor-widget-wd_text_block\" data-id=\"a18d0ec\" data-element_type=\"widget\" data-widget_type=\"wd_text_block.default\">\n\t\t\t\t<div class=\"elementor-widget-container\">\n\t\t\t\t\t\t\t<div class=\"wd-text-block reset-last-child text-left\">\n\t\t\t\n\t\t\t\n\t\t\t\t\t<\/div>\n\t\t\t\t\t\t<\/div>\n\t\t\t\t<\/div>\n\t\t\t\t<\/div>\n\t\t<div class=\"elementor-element elementor-element-cd2d9d5 e-con-full e-flex e-con e-child\" data-id=\"cd2d9d5\" data-element_type=\"container\">\n\t\t\t\t<div class=\"elementor-element elementor-element-637df21 elementor-widget elementor-widget-wd_text_block\" data-id=\"637df21\" data-element_type=\"widget\" data-widget_type=\"wd_text_block.default\">\n\t\t\t\t<div class=\"elementor-widget-container\">\n\t\t\t\t\t\t\t<div class=\"wd-text-block reset-last-child text-left\">\n\t\t\t\n\t\t\t<h4>Dimensiones generales<\/h4><p>N\u00famero de art\u00edculo: T-2<\/p>\n\t\t\t\t\t<\/div>\n\t\t\t\t\t\t<\/div>\n\t\t\t\t<\/div>\n\t\t\t\t<\/div>\n\t\t\t\t\t<\/div>\n\t\t\t\t<\/div>\n\t\t\t\t<\/div>","protected":false},"excerpt":{"rendered":"<p>El termostato Zwart T-2 Wi-Fi Negro de KRIL&amp;BL\u00d6HM es un elegante dispositivo para controlar la calefacci\u00f3n por suelo radiante.<\/p>","protected":false},"featured_media":28628,"comment_status":"open","ping_status":"closed","template":"","meta":[],"product_brand":[],"product_cat":[28],"product_tag":[],"class_list":{"0":"post-28627","1":"product","2":"type-product","3":"status-publish","4":"has-post-thumbnail","6":"product_cat-sistema-tepliy-pol","8":"first","9":"instock","10":"shipping-taxable","11":"purchasable","12":"product-type-simple"},"yoast_head":"<!-- This site is optimized with the Yoast SEO plugin v26.5 - https:\/\/yoast.com\/wordpress\/plugins\/seo\/ -->\n<title>\u0422\u0435\u0440\u043c\u043e\u0440\u0435\u0433\u0443\u043b\u044f\u0442\u043e\u0440 Zwart T-2 WiFi - brunellostore.es<\/title>\n<meta name=\"robots\" content=\"index, follow, max-snippet:-1, max-image-preview:large, max-video-preview:-1\" \/>\n<link rel=\"canonical\" href=\"https:\/\/brunellostore.es\/es\/producto\/termoregulyator-zwart-t-2-wifi\/\" \/>\n<meta property=\"og:locale\" content=\"es_ES\" \/>\n<meta property=\"og:type\" content=\"article\" \/>\n<meta property=\"og:title\" content=\"\u0422\u0435\u0440\u043c\u043e\u0440\u0435\u0433\u0443\u043b\u044f\u0442\u043e\u0440 Zwart T-2 WiFi - brunellostore.es\" \/>\n<meta property=\"og:description\" content=\"\u0422\u0435\u0440\u043c\u043e\u0440\u0435\u0433\u0443\u043b\u044f\u0442\u043e\u0440 Zwart T-2 Wi-Fi Black \u043e\u0442 KRIL&amp;BL\u00d6HM - \u044d\u0442\u043e \u044d\u043b\u0435\u0433\u0430\u043d\u0442\u043d\u043e\u0435 \u0443\u0441\u0442\u0440\u043e\u0439\u0441\u0442\u0432\u043e \u0434\u043b\u044f \u0443\u043f\u0440\u0430\u0432\u043b\u0435\u043d\u0438\u044f \u0442\u0435\u043f\u043b\u044b\u043c \u043f\u043e\u043b\u043e\u043c.\" \/>\n<meta property=\"og:url\" content=\"https:\/\/brunellostore.es\/es\/producto\/termoregulyator-zwart-t-2-wifi\/\" \/>\n<meta property=\"og:site_name\" content=\"brunellostore.es\" \/>\n<meta property=\"article:modified_time\" content=\"2024-12-01T18:32:45+00:00\" \/>\n<meta property=\"og:image\" content=\"https:\/\/brunellostore.es\/wp-content\/uploads\/2024\/12\/termoregulator-zwart-t-2-wifi-black.jpg\" \/>\n\t<meta property=\"og:image:width\" content=\"800\" \/>\n\t<meta property=\"og:image:height\" content=\"800\" \/>\n\t<meta property=\"og:image:type\" content=\"image\/jpeg\" \/>\n<meta name=\"twitter:card\" content=\"summary_large_image\" \/>\n<meta name=\"twitter:label1\" content=\"Tiempo de lectura\" \/>\n\t<meta name=\"twitter:data1\" content=\"1 minuto\" \/>\n<script type=\"application\/ld+json\" class=\"yoast-schema-graph\">{\"@context\":\"https:\/\/schema.org\",\"@graph\":[{\"@type\":\"WebPage\",\"@id\":\"https:\/\/brunellostore.es\/product\/termoregulyator-zwart-t-2-wifi\/\",\"url\":\"https:\/\/brunellostore.es\/product\/termoregulyator-zwart-t-2-wifi\/\",\"name\":\"\u0422\u0435\u0440\u043c\u043e\u0440\u0435\u0433\u0443\u043b\u044f\u0442\u043e\u0440 Zwart T-2 WiFi - brunellostore.es\",\"isPartOf\":{\"@id\":\"https:\/\/brunellostore.es\/#website\"},\"primaryImageOfPage\":{\"@id\":\"https:\/\/brunellostore.es\/product\/termoregulyator-zwart-t-2-wifi\/#primaryimage\"},\"image\":{\"@id\":\"https:\/\/brunellostore.es\/product\/termoregulyator-zwart-t-2-wifi\/#primaryimage\"},\"thumbnailUrl\":\"https:\/\/brunellostore.es\/wp-content\/uploads\/2024\/12\/termoregulator-zwart-t-2-wifi-black.jpg\",\"datePublished\":\"2024-12-01T18:26:03+00:00\",\"dateModified\":\"2024-12-01T18:32:45+00:00\",\"breadcrumb\":{\"@id\":\"https:\/\/brunellostore.es\/product\/termoregulyator-zwart-t-2-wifi\/#breadcrumb\"},\"inLanguage\":\"es\",\"potentialAction\":[{\"@type\":\"ReadAction\",\"target\":[\"https:\/\/brunellostore.es\/product\/termoregulyator-zwart-t-2-wifi\/\"]}]},{\"@type\":\"ImageObject\",\"inLanguage\":\"es\",\"@id\":\"https:\/\/brunellostore.es\/product\/termoregulyator-zwart-t-2-wifi\/#primaryimage\",\"url\":\"https:\/\/brunellostore.es\/wp-content\/uploads\/2024\/12\/termoregulator-zwart-t-2-wifi-black.jpg\",\"contentUrl\":\"https:\/\/brunellostore.es\/wp-content\/uploads\/2024\/12\/termoregulator-zwart-t-2-wifi-black.jpg\",\"width\":800,\"height\":800},{\"@type\":\"BreadcrumbList\",\"@id\":\"https:\/\/brunellostore.es\/product\/termoregulyator-zwart-t-2-wifi\/#breadcrumb\",\"itemListElement\":[{\"@type\":\"ListItem\",\"position\":1,\"name\":\"Home\",\"item\":\"https:\/\/brunellostore.es\/\"},{\"@type\":\"ListItem\",\"position\":2,\"name\":\"\u041c\u0430\u0433\u0430\u0437\u0438\u043d\",\"item\":\"https:\/\/brunellostore.es\/shop\/\"},{\"@type\":\"ListItem\",\"position\":3,\"name\":\"\u0422\u0435\u0440\u043c\u043e\u0440\u0435\u0433\u0443\u043b\u044f\u0442\u043e\u0440 Zwart T-2 WiFi\"}]},{\"@type\":\"WebSite\",\"@id\":\"https:\/\/brunellostore.es\/#website\",\"url\":\"https:\/\/brunellostore.es\/\",\"name\":\"brunellostore.es\",\"description\":\"\",\"publisher\":{\"@id\":\"https:\/\/brunellostore.es\/#organization\"},\"potentialAction\":[{\"@type\":\"SearchAction\",\"target\":{\"@type\":\"EntryPoint\",\"urlTemplate\":\"https:\/\/brunellostore.es\/?s={search_term_string}\"},\"query-input\":{\"@type\":\"PropertyValueSpecification\",\"valueRequired\":true,\"valueName\":\"search_term_string\"}}],\"inLanguage\":\"es\"},{\"@type\":\"Organization\",\"@id\":\"https:\/\/brunellostore.es\/#organization\",\"name\":\"brunellostore.es\",\"url\":\"https:\/\/brunellostore.es\/\",\"logo\":{\"@type\":\"ImageObject\",\"inLanguage\":\"es\",\"@id\":\"https:\/\/brunellostore.es\/#\/schema\/logo\/image\/\",\"url\":\"https:\/\/brunellostore.es\/wp-content\/uploads\/2024\/09\/Brunello-logo.png\",\"contentUrl\":\"https:\/\/brunellostore.es\/wp-content\/uploads\/2024\/09\/Brunello-logo.png\",\"width\":924,\"height\":240,\"caption\":\"brunellostore.es\"},\"image\":{\"@id\":\"https:\/\/brunellostore.es\/#\/schema\/logo\/image\/\"}}]}<\/script>\n<!-- \/ Yoast SEO plugin. -->","yoast_head_json":{"title":"\u0422\u0435\u0440\u043c\u043e\u0440\u0435\u0433\u0443\u043b\u044f\u0442\u043e\u0440 Zwart T-2 WiFi - brunellostore.es","robots":{"index":"index","follow":"follow","max-snippet":"max-snippet:-1","max-image-preview":"max-image-preview:large","max-video-preview":"max-video-preview:-1"},"canonical":"https:\/\/brunellostore.es\/es\/producto\/termoregulyator-zwart-t-2-wifi\/","og_locale":"es_ES","og_type":"article","og_title":"\u0422\u0435\u0440\u043c\u043e\u0440\u0435\u0433\u0443\u043b\u044f\u0442\u043e\u0440 Zwart T-2 WiFi - brunellostore.es","og_description":"\u0422\u0435\u0440\u043c\u043e\u0440\u0435\u0433\u0443\u043b\u044f\u0442\u043e\u0440 Zwart T-2 Wi-Fi Black \u043e\u0442 KRIL&amp;BL\u00d6HM - \u044d\u0442\u043e \u044d\u043b\u0435\u0433\u0430\u043d\u0442\u043d\u043e\u0435 \u0443\u0441\u0442\u0440\u043e\u0439\u0441\u0442\u0432\u043e \u0434\u043b\u044f \u0443\u043f\u0440\u0430\u0432\u043b\u0435\u043d\u0438\u044f \u0442\u0435\u043f\u043b\u044b\u043c \u043f\u043e\u043b\u043e\u043c.","og_url":"https:\/\/brunellostore.es\/es\/producto\/termoregulyator-zwart-t-2-wifi\/","og_site_name":"brunellostore.es","article_modified_time":"2024-12-01T18:32:45+00:00","og_image":[{"width":800,"height":800,"url":"https:\/\/brunellostore.es\/wp-content\/uploads\/2024\/12\/termoregulator-zwart-t-2-wifi-black.jpg","type":"image\/jpeg"}],"twitter_card":"summary_large_image","twitter_misc":{"Tiempo de lectura":"1 minuto"},"schema":{"@context":"https:\/\/schema.org","@graph":[{"@type":"WebPage","@id":"https:\/\/brunellostore.es\/product\/termoregulyator-zwart-t-2-wifi\/","url":"https:\/\/brunellostore.es\/product\/termoregulyator-zwart-t-2-wifi\/","name":"\u0422\u0435\u0440\u043c\u043e\u0440\u0435\u0433\u0443\u043b\u044f\u0442\u043e\u0440 Zwart T-2 WiFi - brunellostore.es","isPartOf":{"@id":"https:\/\/brunellostore.es\/#website"},"primaryImageOfPage":{"@id":"https:\/\/brunellostore.es\/product\/termoregulyator-zwart-t-2-wifi\/#primaryimage"},"image":{"@id":"https:\/\/brunellostore.es\/product\/termoregulyator-zwart-t-2-wifi\/#primaryimage"},"thumbnailUrl":"https:\/\/brunellostore.es\/wp-content\/uploads\/2024\/12\/termoregulator-zwart-t-2-wifi-black.jpg","datePublished":"2024-12-01T18:26:03+00:00","dateModified":"2024-12-01T18:32:45+00:00","breadcrumb":{"@id":"https:\/\/brunellostore.es\/product\/termoregulyator-zwart-t-2-wifi\/#breadcrumb"},"inLanguage":"es","potentialAction":[{"@type":"ReadAction","target":["https:\/\/brunellostore.es\/product\/termoregulyator-zwart-t-2-wifi\/"]}]},{"@type":"ImageObject","inLanguage":"es","@id":"https:\/\/brunellostore.es\/product\/termoregulyator-zwart-t-2-wifi\/#primaryimage","url":"https:\/\/brunellostore.es\/wp-content\/uploads\/2024\/12\/termoregulator-zwart-t-2-wifi-black.jpg","contentUrl":"https:\/\/brunellostore.es\/wp-content\/uploads\/2024\/12\/termoregulator-zwart-t-2-wifi-black.jpg","width":800,"height":800},{"@type":"BreadcrumbList","@id":"https:\/\/brunellostore.es\/product\/termoregulyator-zwart-t-2-wifi\/#breadcrumb","itemListElement":[{"@type":"ListItem","position":1,"name":"Home","item":"https:\/\/brunellostore.es\/"},{"@type":"ListItem","position":2,"name":"\u041c\u0430\u0433\u0430\u0437\u0438\u043d","item":"https:\/\/brunellostore.es\/shop\/"},{"@type":"ListItem","position":3,"name":"\u0422\u0435\u0440\u043c\u043e\u0440\u0435\u0433\u0443\u043b\u044f\u0442\u043e\u0440 Zwart T-2 WiFi"}]},{"@type":"WebSite","@id":"https:\/\/brunellostore.es\/#website","url":"https:\/\/brunellostore.es\/","name":"brunellostore.es","description":"","publisher":{"@id":"https:\/\/brunellostore.es\/#organization"},"potentialAction":[{"@type":"SearchAction","target":{"@type":"EntryPoint","urlTemplate":"https:\/\/brunellostore.es\/?s={search_term_string}"},"query-input":{"@type":"PropertyValueSpecification","valueRequired":true,"valueName":"search_term_string"}}],"inLanguage":"es"},{"@type":"Organization","@id":"https:\/\/brunellostore.es\/#organization","name":"brunellostore.es","url":"https:\/\/brunellostore.es\/","logo":{"@type":"ImageObject","inLanguage":"es","@id":"https:\/\/brunellostore.es\/#\/schema\/logo\/image\/","url":"https:\/\/brunellostore.es\/wp-content\/uploads\/2024\/09\/Brunello-logo.png","contentUrl":"https:\/\/brunellostore.es\/wp-content\/uploads\/2024\/09\/Brunello-logo.png","width":924,"height":240,"caption":"brunellostore.es"},"image":{"@id":"https:\/\/brunellostore.es\/#\/schema\/logo\/image\/"}}]}},"_links":{"self":[{"href":"https:\/\/brunellostore.es\/es\/wp-json\/wp\/v2\/product\/28627","targetHints":{"allow":["GET"]}}],"collection":[{"href":"https:\/\/brunellostore.es\/es\/wp-json\/wp\/v2\/product"}],"about":[{"href":"https:\/\/brunellostore.es\/es\/wp-json\/wp\/v2\/types\/product"}],"replies":[{"embeddable":true,"href":"https:\/\/brunellostore.es\/es\/wp-json\/wp\/v2\/comments?post=28627"}],"version-history":[{"count":5,"href":"https:\/\/brunellostore.es\/es\/wp-json\/wp\/v2\/product\/28627\/revisions"}],"predecessor-version":[{"id":28639,"href":"https:\/\/brunellostore.es\/es\/wp-json\/wp\/v2\/product\/28627\/revisions\/28639"}],"wp:featuredmedia":[{"embeddable":true,"href":"https:\/\/brunellostore.es\/es\/wp-json\/wp\/v2\/media\/28628"}],"wp:attachment":[{"href":"https:\/\/brunellostore.es\/es\/wp-json\/wp\/v2\/media?parent=28627"}],"wp:term":[{"taxonomy":"product_brand","embeddable":true,"href":"https:\/\/brunellostore.es\/es\/wp-json\/wp\/v2\/product_brand?post=28627"},{"taxonomy":"product_cat","embeddable":true,"href":"https:\/\/brunellostore.es\/es\/wp-json\/wp\/v2\/product_cat?post=28627"},{"taxonomy":"product_tag","embeddable":true,"href":"https:\/\/brunellostore.es\/es\/wp-json\/wp\/v2\/product_tag?post=28627"}],"curies":[{"name":"wp","href":"https:\/\/api.w.org\/{rel}","templated":true}]}}