{"id":28657,"date":"2024-12-01T19:56:16","date_gmt":"2024-12-01T18:56:16","guid":{"rendered":"https:\/\/brunellostore.es\/?post_type=product&#038;p=28657"},"modified":"2024-12-01T20:19:46","modified_gmt":"2024-12-01T19:19:46","slug":"nagrevatelnyy-mat-afval-pod-plitku-3-5m2","status":"publish","type":"product","link":"https:\/\/brunellostore.es\/es\/producto\/nagrevatelnyy-mat-afval-pod-plitku-3-5m2\/","title":{"rendered":"Estera calefactora AFVAL bajo baldosas 3.5m2"},"content":{"rendered":"<div data-elementor-type=\"wp-post\" data-elementor-id=\"28657\" class=\"elementor elementor-28657\">\n\t\t\t\t<div class=\"elementor-element elementor-element-8fe9a00 e-flex e-con-boxed e-con e-parent\" data-id=\"8fe9a00\" data-element_type=\"container\">\n\t\t\t\t\t<div class=\"e-con-inner\">\n\t\t<div class=\"elementor-element elementor-element-430e551 e-con-full e-flex e-con e-child\" data-id=\"430e551\" data-element_type=\"container\">\n\t\t\t\t<div class=\"elementor-element elementor-element-010185c elementor-widget elementor-widget-wd_text_block\" data-id=\"010185c\" data-element_type=\"widget\" data-widget_type=\"wd_text_block.default\">\n\t\t\t\t<div class=\"elementor-widget-container\">\n\t\t\t\t\t\t\t<div class=\"wd-text-block reset-last-child text-left\">\n\t\t\t\n\t\t\t<h4>Estera calefactora AFVAL bajo baldosas 3.5m2<\/h4><p>La alfombra calefactora Afval de 3,5 m2 combina eficiencia energ\u00e9tica, facilidad de instalaci\u00f3n y excelentes propiedades de ahorro de calor. Con esta innovadora soluci\u00f3n, la calefacci\u00f3n de su hogar no s\u00f3lo ser\u00e1 m\u00e1s econ\u00f3mica, sino tambi\u00e9n mucho m\u00e1s agradable. La estera de calefacci\u00f3n que ofrece Kril&amp;Bl\u00f6hm es la soluci\u00f3n \u00f3ptima para quienes aprecian el confort de la calefacci\u00f3n por suelo radiante, especialmente en los d\u00edas fr\u00edos.<\/p><p>Estera calefactora funcional 3,5 m2<br \/>La alfombra calefactora Afval de 3,5 m2 es la opci\u00f3n ideal para quienes buscan una forma eficiente de calentar los espacios vitales. Con una potencia de 150 W\/m\u00b2 a 230 voltios, nuestra estera calefactora no s\u00f3lo proporciona una distribuci\u00f3n r\u00e1pida y uniforme del calor, sino que tambi\u00e9n reduce significativamente los costes de los servicios p\u00fablicos. Lo que la diferencia de la competencia es su facilidad de instalaci\u00f3n. Gracias a su malla de fibra de vidrio autoadhesiva, la alfombra calefactora bajo baldosas de 3,5 m2 se adapta perfectamente a cualquier tipo de superficie, por lo que es ideal tanto para interiores nuevos como renovados.<\/p>\n\t\t\t\t\t<\/div>\n\t\t\t\t\t\t<\/div>\n\t\t\t\t<\/div>\n\t\t\t\t<div class=\"elementor-element elementor-element-05c1d79 elementor-widget elementor-widget-wd_text_block\" data-id=\"05c1d79\" data-element_type=\"widget\" data-widget_type=\"wd_text_block.default\">\n\t\t\t\t<div class=\"elementor-widget-container\">\n\t\t\t\t\t\t\t<div class=\"wd-text-block reset-last-child text-left\">\n\t\t\t\n\t\t\t\n\t\t\t\t\t<\/div>\n\t\t\t\t\t\t<\/div>\n\t\t\t\t<\/div>\n\t\t\t\t<\/div>\n\t\t<div class=\"elementor-element elementor-element-c189e30 e-con-full e-flex e-con e-child\" data-id=\"c189e30\" data-element_type=\"container\">\n\t\t\t\t<div class=\"elementor-element elementor-element-33e79f8 elementor-widget elementor-widget-wd_text_block\" data-id=\"33e79f8\" data-element_type=\"widget\" data-widget_type=\"wd_text_block.default\">\n\t\t\t\t<div class=\"elementor-widget-container\">\n\t\t\t\t\t\t\t<div class=\"wd-text-block reset-last-child text-left\">\n\t\t\t\n\t\t\t<p><em>\u00bfD\u00f3nde debe utilizarse una esterilla calefactora?<\/em><br \/>Esta soluci\u00f3n est\u00e1 especialmente recomendada como alfombra calefactora para un cuarto de ba\u00f1o, una cocina o un pasillo de 3.5 m2, donde el confort de un suelo c\u00e1lido es inestimable. El producto combina bien con distintos tipos de revestimientos de suelo, desde baldosas de porcelana hasta baldosas de cer\u00e1mica y m\u00e1rmol. Con un grosor de cable de s\u00f3lo 3,6 mm y protecci\u00f3n IPX7, la alfombrilla calefactora Afval es duradera y segura de usar, lo que la convierte en<\/p><p>para que sea una fuente de calor fiable durante muchos a\u00f1os. Con esta soluci\u00f3n, no solo obtendr\u00e1 calor, sino que podr\u00e1 estar seguro de que elige un producto f\u00e1cil de instalar.<\/p><p>Descubra toda nuestra gama de productos, incluida la calefacci\u00f3n por infrarrojos de \u00faltima generaci\u00f3n. Tambi\u00e9n ofrecemos alfombras calefactoras, incluidas alfombras calefactoras bajo baldosas.\u00a0<\/p>\n\t\t\t\t\t<\/div>\n\t\t\t\t\t\t<\/div>\n\t\t\t\t<\/div>\n\t\t\t\t<\/div>\n\t\t<div class=\"elementor-element elementor-element-cd2d9d5 e-con-full e-flex e-con e-child\" data-id=\"cd2d9d5\" data-element_type=\"container\">\n\t\t\t\t<div class=\"elementor-element elementor-element-637df21 elementor-widget elementor-widget-wd_text_block\" data-id=\"637df21\" data-element_type=\"widget\" data-widget_type=\"wd_text_block.default\">\n\t\t\t\t<div class=\"elementor-widget-container\">\n\t\t\t\t\t\t\t<div class=\"wd-text-block reset-last-child text-left\">\n\t\t\t\n\t\t\t<h4>Dimensiones generales<\/h4><p>N\u00famero de producto: MATA 3.5 M2<\/p>\n\t\t\t\t\t<\/div>\n\t\t\t\t\t\t<\/div>\n\t\t\t\t<\/div>\n\t\t\t\t<\/div>\n\t\t\t\t\t<\/div>\n\t\t\t\t<\/div>\n\t\t\t\t<\/div>","protected":false},"excerpt":{"rendered":"<p>La alfombra calefactora Afval 3.5 m2 combina eficiencia energ\u00e9tica, facilidad de instalaci\u00f3n y excelentes propiedades de ahorro de calor. Con esta innovadora soluci\u00f3n, calentar su hogar no solo ser\u00e1 m\u00e1s econ\u00f3mico, sino tambi\u00e9n mucho m\u00e1s agradable.<\/p>","protected":false},"featured_media":28641,"comment_status":"open","ping_status":"closed","template":"","meta":[],"product_brand":[],"product_cat":[28],"product_tag":[],"class_list":{"0":"post-28657","1":"product","2":"type-product","3":"status-publish","4":"has-post-thumbnail","6":"product_cat-sistema-tepliy-pol","8":"first","9":"instock","10":"shipping-taxable","11":"purchasable","12":"product-type-simple"},"yoast_head":"<!-- This site is optimized with the Yoast SEO plugin v26.5 - https:\/\/yoast.com\/wordpress\/plugins\/seo\/ -->\n<title>\u041d\u0430\u0433\u0440\u0435\u0432\u0430\u0442\u0435\u043b\u044c\u043d\u044b\u0439 \u043c\u0430\u0442 AFVAL \u043f\u043e\u0434 \u043f\u043b\u0438\u0442\u043a\u0443 3.5\u043c2 - brunellostore.es<\/title>\n<meta name=\"robots\" content=\"index, follow, max-snippet:-1, max-image-preview:large, max-video-preview:-1\" \/>\n<link rel=\"canonical\" href=\"https:\/\/brunellostore.es\/es\/producto\/nagrevatelnyy-mat-afval-pod-plitku-3-5m2\/\" \/>\n<meta property=\"og:locale\" content=\"es_ES\" \/>\n<meta property=\"og:type\" content=\"article\" \/>\n<meta property=\"og:title\" content=\"\u041d\u0430\u0433\u0440\u0435\u0432\u0430\u0442\u0435\u043b\u044c\u043d\u044b\u0439 \u043c\u0430\u0442 AFVAL \u043f\u043e\u0434 \u043f\u043b\u0438\u0442\u043a\u0443 3.5\u043c2 - brunellostore.es\" \/>\n<meta property=\"og:description\" content=\"\u041d\u0430\u0433\u0440\u0435\u0432\u0430\u0442\u0435\u043b\u044c\u043d\u044b\u0439 \u043c\u0430\u0442 Afval \u043f\u043b\u043e\u0449\u0430\u0434\u044c\u044e 3.5 \u043c2 \u0441\u043e\u0447\u0435\u0442\u0430\u0435\u0442 \u0432 \u0441\u0435\u0431\u0435 \u044d\u043d\u0435\u0440\u0433\u043e\u044d\u0444\u0444\u0435\u043a\u0442\u0438\u0432\u043d\u043e\u0441\u0442\u044c, \u043f\u0440\u043e\u0441\u0442\u043e\u0442\u0443 \u043c\u043e\u043d\u0442\u0430\u0436\u0430 \u0438 \u043e\u0442\u043b\u0438\u0447\u043d\u044b\u0435 \u0442\u0435\u043f\u043b\u043e\u0441\u0431\u0435\u0440\u0435\u0433\u0430\u044e\u0449\u0438\u0435 \u0441\u0432\u043e\u0439\u0441\u0442\u0432\u0430. \u0421 \u044d\u0442\u0438\u043c \u0438\u043d\u043d\u043e\u0432\u0430\u0446\u0438\u043e\u043d\u043d\u044b\u043c \u0440\u0435\u0448\u0435\u043d\u0438\u0435\u043c \u043e\u0442\u043e\u043f\u043b\u0435\u043d\u0438\u0435 \u0432\u0430\u0448\u0435\u0433\u043e \u0434\u043e\u043c\u0430 \u0441\u0442\u0430\u043d\u0435\u0442 \u043d\u0435 \u0442\u043e\u043b\u044c\u043a\u043e \u0431\u043e\u043b\u0435\u0435 \u044d\u043a\u043e\u043d\u043e\u043c\u0438\u0447\u043d\u044b\u043c, \u043d\u043e \u0438 \u0433\u043e\u0440\u0430\u0437\u0434\u043e \u0431\u043e\u043b\u0435\u0435 \u043f\u0440\u0438\u044f\u0442\u043d\u044b\u043c.\" \/>\n<meta property=\"og:url\" content=\"https:\/\/brunellostore.es\/es\/producto\/nagrevatelnyy-mat-afval-pod-plitku-3-5m2\/\" \/>\n<meta property=\"og:site_name\" content=\"brunellostore.es\" \/>\n<meta property=\"article:modified_time\" content=\"2024-12-01T19:19:46+00:00\" \/>\n<meta property=\"og:image\" content=\"https:\/\/brunellostore.es\/wp-content\/uploads\/2024\/12\/mata-grzewcza-afval-10-m2.jpg\" \/>\n\t<meta property=\"og:image:width\" content=\"800\" \/>\n\t<meta property=\"og:image:height\" content=\"800\" \/>\n\t<meta property=\"og:image:type\" content=\"image\/jpeg\" \/>\n<meta name=\"twitter:card\" content=\"summary_large_image\" \/>\n<meta name=\"twitter:label1\" content=\"Tiempo de lectura\" \/>\n\t<meta name=\"twitter:data1\" content=\"2 minutos\" \/>\n<script type=\"application\/ld+json\" class=\"yoast-schema-graph\">{\"@context\":\"https:\/\/schema.org\",\"@graph\":[{\"@type\":\"WebPage\",\"@id\":\"https:\/\/brunellostore.es\/product\/nagrevatelnyy-mat-afval-pod-plitku-3-5m2\/\",\"url\":\"https:\/\/brunellostore.es\/product\/nagrevatelnyy-mat-afval-pod-plitku-3-5m2\/\",\"name\":\"\u041d\u0430\u0433\u0440\u0435\u0432\u0430\u0442\u0435\u043b\u044c\u043d\u044b\u0439 \u043c\u0430\u0442 AFVAL \u043f\u043e\u0434 \u043f\u043b\u0438\u0442\u043a\u0443 3.5\u043c2 - brunellostore.es\",\"isPartOf\":{\"@id\":\"https:\/\/brunellostore.es\/#website\"},\"primaryImageOfPage\":{\"@id\":\"https:\/\/brunellostore.es\/product\/nagrevatelnyy-mat-afval-pod-plitku-3-5m2\/#primaryimage\"},\"image\":{\"@id\":\"https:\/\/brunellostore.es\/product\/nagrevatelnyy-mat-afval-pod-plitku-3-5m2\/#primaryimage\"},\"thumbnailUrl\":\"https:\/\/brunellostore.es\/wp-content\/uploads\/2024\/12\/mata-grzewcza-afval-10-m2.jpg\",\"datePublished\":\"2024-12-01T18:56:16+00:00\",\"dateModified\":\"2024-12-01T19:19:46+00:00\",\"breadcrumb\":{\"@id\":\"https:\/\/brunellostore.es\/product\/nagrevatelnyy-mat-afval-pod-plitku-3-5m2\/#breadcrumb\"},\"inLanguage\":\"es\",\"potentialAction\":[{\"@type\":\"ReadAction\",\"target\":[\"https:\/\/brunellostore.es\/product\/nagrevatelnyy-mat-afval-pod-plitku-3-5m2\/\"]}]},{\"@type\":\"ImageObject\",\"inLanguage\":\"es\",\"@id\":\"https:\/\/brunellostore.es\/product\/nagrevatelnyy-mat-afval-pod-plitku-3-5m2\/#primaryimage\",\"url\":\"https:\/\/brunellostore.es\/wp-content\/uploads\/2024\/12\/mata-grzewcza-afval-10-m2.jpg\",\"contentUrl\":\"https:\/\/brunellostore.es\/wp-content\/uploads\/2024\/12\/mata-grzewcza-afval-10-m2.jpg\",\"width\":800,\"height\":800},{\"@type\":\"BreadcrumbList\",\"@id\":\"https:\/\/brunellostore.es\/product\/nagrevatelnyy-mat-afval-pod-plitku-3-5m2\/#breadcrumb\",\"itemListElement\":[{\"@type\":\"ListItem\",\"position\":1,\"name\":\"Home\",\"item\":\"https:\/\/brunellostore.es\/\"},{\"@type\":\"ListItem\",\"position\":2,\"name\":\"\u041c\u0430\u0433\u0430\u0437\u0438\u043d\",\"item\":\"https:\/\/brunellostore.es\/shop\/\"},{\"@type\":\"ListItem\",\"position\":3,\"name\":\"\u041d\u0430\u0433\u0440\u0435\u0432\u0430\u0442\u0435\u043b\u044c\u043d\u044b\u0439 \u043c\u0430\u0442 AFVAL \u043f\u043e\u0434 \u043f\u043b\u0438\u0442\u043a\u0443 3.5\u043c2\"}]},{\"@type\":\"WebSite\",\"@id\":\"https:\/\/brunellostore.es\/#website\",\"url\":\"https:\/\/brunellostore.es\/\",\"name\":\"brunellostore.es\",\"description\":\"\",\"publisher\":{\"@id\":\"https:\/\/brunellostore.es\/#organization\"},\"potentialAction\":[{\"@type\":\"SearchAction\",\"target\":{\"@type\":\"EntryPoint\",\"urlTemplate\":\"https:\/\/brunellostore.es\/?s={search_term_string}\"},\"query-input\":{\"@type\":\"PropertyValueSpecification\",\"valueRequired\":true,\"valueName\":\"search_term_string\"}}],\"inLanguage\":\"es\"},{\"@type\":\"Organization\",\"@id\":\"https:\/\/brunellostore.es\/#organization\",\"name\":\"brunellostore.es\",\"url\":\"https:\/\/brunellostore.es\/\",\"logo\":{\"@type\":\"ImageObject\",\"inLanguage\":\"es\",\"@id\":\"https:\/\/brunellostore.es\/#\/schema\/logo\/image\/\",\"url\":\"https:\/\/brunellostore.es\/wp-content\/uploads\/2024\/09\/Brunello-logo.png\",\"contentUrl\":\"https:\/\/brunellostore.es\/wp-content\/uploads\/2024\/09\/Brunello-logo.png\",\"width\":924,\"height\":240,\"caption\":\"brunellostore.es\"},\"image\":{\"@id\":\"https:\/\/brunellostore.es\/#\/schema\/logo\/image\/\"}}]}<\/script>\n<!-- \/ Yoast SEO plugin. -->","yoast_head_json":{"title":"\u041d\u0430\u0433\u0440\u0435\u0432\u0430\u0442\u0435\u043b\u044c\u043d\u044b\u0439 \u043c\u0430\u0442 AFVAL \u043f\u043e\u0434 \u043f\u043b\u0438\u0442\u043a\u0443 3.5\u043c2 - brunellostore.es","robots":{"index":"index","follow":"follow","max-snippet":"max-snippet:-1","max-image-preview":"max-image-preview:large","max-video-preview":"max-video-preview:-1"},"canonical":"https:\/\/brunellostore.es\/es\/producto\/nagrevatelnyy-mat-afval-pod-plitku-3-5m2\/","og_locale":"es_ES","og_type":"article","og_title":"\u041d\u0430\u0433\u0440\u0435\u0432\u0430\u0442\u0435\u043b\u044c\u043d\u044b\u0439 \u043c\u0430\u0442 AFVAL \u043f\u043e\u0434 \u043f\u043b\u0438\u0442\u043a\u0443 3.5\u043c2 - brunellostore.es","og_description":"\u041d\u0430\u0433\u0440\u0435\u0432\u0430\u0442\u0435\u043b\u044c\u043d\u044b\u0439 \u043c\u0430\u0442 Afval \u043f\u043b\u043e\u0449\u0430\u0434\u044c\u044e 3.5 \u043c2 \u0441\u043e\u0447\u0435\u0442\u0430\u0435\u0442 \u0432 \u0441\u0435\u0431\u0435 \u044d\u043d\u0435\u0440\u0433\u043e\u044d\u0444\u0444\u0435\u043a\u0442\u0438\u0432\u043d\u043e\u0441\u0442\u044c, \u043f\u0440\u043e\u0441\u0442\u043e\u0442\u0443 \u043c\u043e\u043d\u0442\u0430\u0436\u0430 \u0438 \u043e\u0442\u043b\u0438\u0447\u043d\u044b\u0435 \u0442\u0435\u043f\u043b\u043e\u0441\u0431\u0435\u0440\u0435\u0433\u0430\u044e\u0449\u0438\u0435 \u0441\u0432\u043e\u0439\u0441\u0442\u0432\u0430. \u0421 \u044d\u0442\u0438\u043c \u0438\u043d\u043d\u043e\u0432\u0430\u0446\u0438\u043e\u043d\u043d\u044b\u043c \u0440\u0435\u0448\u0435\u043d\u0438\u0435\u043c \u043e\u0442\u043e\u043f\u043b\u0435\u043d\u0438\u0435 \u0432\u0430\u0448\u0435\u0433\u043e \u0434\u043e\u043c\u0430 \u0441\u0442\u0430\u043d\u0435\u0442 \u043d\u0435 \u0442\u043e\u043b\u044c\u043a\u043e \u0431\u043e\u043b\u0435\u0435 \u044d\u043a\u043e\u043d\u043e\u043c\u0438\u0447\u043d\u044b\u043c, \u043d\u043e \u0438 \u0433\u043e\u0440\u0430\u0437\u0434\u043e \u0431\u043e\u043b\u0435\u0435 \u043f\u0440\u0438\u044f\u0442\u043d\u044b\u043c.","og_url":"https:\/\/brunellostore.es\/es\/producto\/nagrevatelnyy-mat-afval-pod-plitku-3-5m2\/","og_site_name":"brunellostore.es","article_modified_time":"2024-12-01T19:19:46+00:00","og_image":[{"width":800,"height":800,"url":"https:\/\/brunellostore.es\/wp-content\/uploads\/2024\/12\/mata-grzewcza-afval-10-m2.jpg","type":"image\/jpeg"}],"twitter_card":"summary_large_image","twitter_misc":{"Tiempo de lectura":"2 minutos"},"schema":{"@context":"https:\/\/schema.org","@graph":[{"@type":"WebPage","@id":"https:\/\/brunellostore.es\/product\/nagrevatelnyy-mat-afval-pod-plitku-3-5m2\/","url":"https:\/\/brunellostore.es\/product\/nagrevatelnyy-mat-afval-pod-plitku-3-5m2\/","name":"\u041d\u0430\u0433\u0440\u0435\u0432\u0430\u0442\u0435\u043b\u044c\u043d\u044b\u0439 \u043c\u0430\u0442 AFVAL \u043f\u043e\u0434 \u043f\u043b\u0438\u0442\u043a\u0443 3.5\u043c2 - brunellostore.es","isPartOf":{"@id":"https:\/\/brunellostore.es\/#website"},"primaryImageOfPage":{"@id":"https:\/\/brunellostore.es\/product\/nagrevatelnyy-mat-afval-pod-plitku-3-5m2\/#primaryimage"},"image":{"@id":"https:\/\/brunellostore.es\/product\/nagrevatelnyy-mat-afval-pod-plitku-3-5m2\/#primaryimage"},"thumbnailUrl":"https:\/\/brunellostore.es\/wp-content\/uploads\/2024\/12\/mata-grzewcza-afval-10-m2.jpg","datePublished":"2024-12-01T18:56:16+00:00","dateModified":"2024-12-01T19:19:46+00:00","breadcrumb":{"@id":"https:\/\/brunellostore.es\/product\/nagrevatelnyy-mat-afval-pod-plitku-3-5m2\/#breadcrumb"},"inLanguage":"es","potentialAction":[{"@type":"ReadAction","target":["https:\/\/brunellostore.es\/product\/nagrevatelnyy-mat-afval-pod-plitku-3-5m2\/"]}]},{"@type":"ImageObject","inLanguage":"es","@id":"https:\/\/brunellostore.es\/product\/nagrevatelnyy-mat-afval-pod-plitku-3-5m2\/#primaryimage","url":"https:\/\/brunellostore.es\/wp-content\/uploads\/2024\/12\/mata-grzewcza-afval-10-m2.jpg","contentUrl":"https:\/\/brunellostore.es\/wp-content\/uploads\/2024\/12\/mata-grzewcza-afval-10-m2.jpg","width":800,"height":800},{"@type":"BreadcrumbList","@id":"https:\/\/brunellostore.es\/product\/nagrevatelnyy-mat-afval-pod-plitku-3-5m2\/#breadcrumb","itemListElement":[{"@type":"ListItem","position":1,"name":"Home","item":"https:\/\/brunellostore.es\/"},{"@type":"ListItem","position":2,"name":"\u041c\u0430\u0433\u0430\u0437\u0438\u043d","item":"https:\/\/brunellostore.es\/shop\/"},{"@type":"ListItem","position":3,"name":"\u041d\u0430\u0433\u0440\u0435\u0432\u0430\u0442\u0435\u043b\u044c\u043d\u044b\u0439 \u043c\u0430\u0442 AFVAL \u043f\u043e\u0434 \u043f\u043b\u0438\u0442\u043a\u0443 3.5\u043c2"}]},{"@type":"WebSite","@id":"https:\/\/brunellostore.es\/#website","url":"https:\/\/brunellostore.es\/","name":"brunellostore.es","description":"","publisher":{"@id":"https:\/\/brunellostore.es\/#organization"},"potentialAction":[{"@type":"SearchAction","target":{"@type":"EntryPoint","urlTemplate":"https:\/\/brunellostore.es\/?s={search_term_string}"},"query-input":{"@type":"PropertyValueSpecification","valueRequired":true,"valueName":"search_term_string"}}],"inLanguage":"es"},{"@type":"Organization","@id":"https:\/\/brunellostore.es\/#organization","name":"brunellostore.es","url":"https:\/\/brunellostore.es\/","logo":{"@type":"ImageObject","inLanguage":"es","@id":"https:\/\/brunellostore.es\/#\/schema\/logo\/image\/","url":"https:\/\/brunellostore.es\/wp-content\/uploads\/2024\/09\/Brunello-logo.png","contentUrl":"https:\/\/brunellostore.es\/wp-content\/uploads\/2024\/09\/Brunello-logo.png","width":924,"height":240,"caption":"brunellostore.es"},"image":{"@id":"https:\/\/brunellostore.es\/#\/schema\/logo\/image\/"}}]}},"_links":{"self":[{"href":"https:\/\/brunellostore.es\/es\/wp-json\/wp\/v2\/product\/28657","targetHints":{"allow":["GET"]}}],"collection":[{"href":"https:\/\/brunellostore.es\/es\/wp-json\/wp\/v2\/product"}],"about":[{"href":"https:\/\/brunellostore.es\/es\/wp-json\/wp\/v2\/types\/product"}],"replies":[{"embeddable":true,"href":"https:\/\/brunellostore.es\/es\/wp-json\/wp\/v2\/comments?post=28657"}],"version-history":[{"count":17,"href":"https:\/\/brunellostore.es\/es\/wp-json\/wp\/v2\/product\/28657\/revisions"}],"predecessor-version":[{"id":28687,"href":"https:\/\/brunellostore.es\/es\/wp-json\/wp\/v2\/product\/28657\/revisions\/28687"}],"wp:featuredmedia":[{"embeddable":true,"href":"https:\/\/brunellostore.es\/es\/wp-json\/wp\/v2\/media\/28641"}],"wp:attachment":[{"href":"https:\/\/brunellostore.es\/es\/wp-json\/wp\/v2\/media?parent=28657"}],"wp:term":[{"taxonomy":"product_brand","embeddable":true,"href":"https:\/\/brunellostore.es\/es\/wp-json\/wp\/v2\/product_brand?post=28657"},{"taxonomy":"product_cat","embeddable":true,"href":"https:\/\/brunellostore.es\/es\/wp-json\/wp\/v2\/product_cat?post=28657"},{"taxonomy":"product_tag","embeddable":true,"href":"https:\/\/brunellostore.es\/es\/wp-json\/wp\/v2\/product_tag?post=28657"}],"curies":[{"name":"wp","href":"https:\/\/api.w.org\/{rel}","templated":true}]}}