{"id":28694,"date":"2024-12-01T20:31:39","date_gmt":"2024-12-01T19:31:39","guid":{"rendered":"https:\/\/brunellostore.es\/?post_type=product&#038;p=28694"},"modified":"2024-12-01T20:44:27","modified_gmt":"2024-12-01T19:44:27","slug":"konvektornyy-obogrevatel-groningen-1000w-2000w","status":"publish","type":"product","link":"https:\/\/brunellostore.es\/es\/producto\/konvektornyy-obogrevatel-groningen-1000w-2000w\/","title":{"rendered":"Convector Groningen 1000W-2000W"},"content":{"rendered":"<div data-elementor-type=\"wp-post\" data-elementor-id=\"28694\" class=\"elementor elementor-28694\">\n\t\t\t\t<div class=\"elementor-element elementor-element-8fe9a00 e-flex e-con-boxed e-con e-parent\" data-id=\"8fe9a00\" data-element_type=\"container\">\n\t\t\t\t\t<div class=\"e-con-inner\">\n\t\t<div class=\"elementor-element elementor-element-430e551 e-con-full e-flex e-con e-child\" data-id=\"430e551\" data-element_type=\"container\">\n\t\t\t\t<div class=\"elementor-element elementor-element-010185c elementor-widget elementor-widget-wd_text_block\" data-id=\"010185c\" data-element_type=\"widget\" data-widget_type=\"wd_text_block.default\">\n\t\t\t\t<div class=\"elementor-widget-container\">\n\t\t\t\t\t\t\t<div class=\"wd-text-block reset-last-child text-left\">\n\t\t\t\n\t\t\t<h4>Convector Groningen 1000W-2000W<\/h4><p>El convector el\u00e9ctrico Groningen 1000W\/2000W de Kril &amp; Bl\u00f6hm es un aparato que combina tecnolog\u00eda avanzada y dise\u00f1o elegante. Dispone de dos modos de funcionamiento, 1000W y 2000W, que le permiten ajustar la potencia a sus necesidades de forma flexible. Adem\u00e1s, gracias a su elegante dise\u00f1o, encajar\u00e1 en cualquier interior moderno. La unidad est\u00e1 equipada con un control preciso de la temperatura, que se puede realizar a distancia gracias a Wi-Fi. Gracias a esta funci\u00f3n, el usuario puede controlar la calefacci\u00f3n independientemente de su ubicaci\u00f3n, lo que supone comodidad y la posibilidad de reducir los costes de calefacci\u00f3n.<\/p>\n\t\t\t\t\t<\/div>\n\t\t\t\t\t\t<\/div>\n\t\t\t\t<\/div>\n\t\t\t\t<div class=\"elementor-element elementor-element-05c1d79 elementor-widget elementor-widget-wd_text_block\" data-id=\"05c1d79\" data-element_type=\"widget\" data-widget_type=\"wd_text_block.default\">\n\t\t\t\t<div class=\"elementor-widget-container\">\n\t\t\t\t\t\t\t<div class=\"wd-text-block reset-last-child text-left\">\n\t\t\t\n\t\t\t\n\t\t\t\t\t<\/div>\n\t\t\t\t\t\t<\/div>\n\t\t\t\t<\/div>\n\t\t\t\t<\/div>\n\t\t<div class=\"elementor-element elementor-element-c189e30 e-con-full e-flex e-con e-child\" data-id=\"c189e30\" data-element_type=\"container\">\n\t\t\t\t<div class=\"elementor-element elementor-element-33e79f8 elementor-widget elementor-widget-wd_text_block\" data-id=\"33e79f8\" data-element_type=\"widget\" data-widget_type=\"wd_text_block.default\">\n\t\t\t\t<div class=\"elementor-widget-container\">\n\t\t\t\t\t\t\t<div class=\"wd-text-block reset-last-child text-left\">\n\t\t\t\n\t\t\t<p>Convector potente y pr\u00e1ctico<br \/>El convector calefactor Groningen se caracteriza por su alto rendimiento, durabilidad y larga vida \u00fatil. Cuenta con varios certificados (CE, RoHS, CB, GS, ETL y TUV), que atestiguan la alta calidad del aparato. El paquete incluye no s\u00f3lo el equipo con termostato incorporado, sino tambi\u00e9n pies, soporte de pared e instrucciones de funcionamiento. El calefactor dispone de un panel de control LED con pantalla t\u00e1ctil, panel frontal de cristal templado, temporizador de 24 horas, protecci\u00f3n contra sobrecalentamiento y calefactores X-Shape de \u00faltima generaci\u00f3n. Se puede montar en la pared o en el suelo. La unidad pesa 7,5 kg y es apta para calentar estancias de distintos grados de calor, de 14 a 28 m\u00b2, lo que la convierte en una soluci\u00f3n vers\u00e1til para una gran variedad de espacios.<\/p><p>Una comodidad a\u00f1adida es la posibilidad de programar la calefacci\u00f3n diaria o semanalmente.<\/p>\n\t\t\t\t\t<\/div>\n\t\t\t\t\t\t<\/div>\n\t\t\t\t<\/div>\n\t\t\t\t<\/div>\n\t\t<div class=\"elementor-element elementor-element-cd2d9d5 e-con-full e-flex e-con e-child\" data-id=\"cd2d9d5\" data-element_type=\"container\">\n\t\t\t\t<div class=\"elementor-element elementor-element-637df21 elementor-widget elementor-widget-wd_text_block\" data-id=\"637df21\" data-element_type=\"widget\" data-widget_type=\"wd_text_block.default\">\n\t\t\t\t<div class=\"elementor-widget-container\">\n\t\t\t\t\t\t\t<div class=\"wd-text-block reset-last-child text-left\">\n\t\t\t\n\t\t\t<h4>Dimensiones generales<\/h4>\nPotencia: 1000 W \/ 2000 W<br>\nWi-Fi: s\u00ed<br>\nDimensiones: 920 mm x 380 mm x 65 mm<br>\nColor: negro, blanco<br>\nGrado de protecci\u00f3n: IP 24<br>\nPanel de control: LED (digital, pantalla t\u00e1ctil)<br>\nPanel frontal: cristal templado<br>\nTemporizador: 24 h<br>\nProtecci\u00f3n contra sobrecalentamiento: s\u00ed<br>\nCalefactores: nueva generaci\u00f3n, X-Shape<br>\nMontaje: pared o suelo<br>\nPeso: 7,5 kg\n\t\t\t\t\t<\/div>\n\t\t\t\t\t\t<\/div>\n\t\t\t\t<\/div>\n\t\t\t\t<\/div>\n\t\t\t\t\t<\/div>\n\t\t\t\t<\/div>\n\t\t\t\t<\/div>","protected":false},"excerpt":{"rendered":"<p>El convector el\u00e9ctrico Groningen 1000W\/2000W de Kril &amp; Bl\u00f6hm es un aparato que combina tecnolog\u00eda avanzada y dise\u00f1o elegante. Dispone de dos modos de funcionamiento, 1000 W y 2000 W, que le permiten ajustar la potencia de forma flexible para adaptarla a sus necesidades.<\/p>","protected":false},"featured_media":28695,"comment_status":"open","ping_status":"closed","template":"","meta":[],"product_brand":[],"product_cat":[28],"product_tag":[],"class_list":{"0":"post-28694","1":"product","2":"type-product","3":"status-publish","4":"has-post-thumbnail","6":"product_cat-sistema-tepliy-pol","8":"first","9":"instock","10":"shipping-taxable","11":"purchasable","12":"product-type-variable"},"yoast_head":"<!-- This site is optimized with the Yoast SEO plugin v26.5 - https:\/\/yoast.com\/wordpress\/plugins\/seo\/ -->\n<title>\u041a\u043e\u043d\u0432\u0435\u043a\u0442\u043e\u0440\u043d\u044b\u0439 \u043e\u0431\u043e\u0433\u0440\u0435\u0432\u0430\u0442\u0435\u043b\u044c Groningen 1000W-2000W - brunellostore.es<\/title>\n<meta name=\"robots\" content=\"index, follow, max-snippet:-1, max-image-preview:large, max-video-preview:-1\" \/>\n<link rel=\"canonical\" href=\"https:\/\/brunellostore.es\/es\/producto\/konvektornyy-obogrevatel-groningen-1000w-2000w\/\" \/>\n<meta property=\"og:locale\" content=\"es_ES\" \/>\n<meta property=\"og:type\" content=\"article\" \/>\n<meta property=\"og:title\" content=\"\u041a\u043e\u043d\u0432\u0435\u043a\u0442\u043e\u0440\u043d\u044b\u0439 \u043e\u0431\u043e\u0433\u0440\u0435\u0432\u0430\u0442\u0435\u043b\u044c Groningen 1000W-2000W - brunellostore.es\" \/>\n<meta property=\"og:description\" content=\"\u042d\u043b\u0435\u043a\u0442\u0440\u0438\u0447\u0435\u0441\u043a\u0438\u0439 \u043a\u043e\u043d\u0432\u0435\u043a\u0442\u043e\u0440\u043d\u044b\u0439 \u043e\u0431\u043e\u0433\u0440\u0435\u0432\u0430\u0442\u0435\u043b\u044c Groningen 1000W\/2000W \u043e\u0442 Kril &amp; Bl\u00f6hm - \u044d\u0442\u043e \u043f\u0440\u0438\u0431\u043e\u0440, \u0441\u043e\u0447\u0435\u0442\u0430\u044e\u0449\u0438\u0439 \u0432 \u0441\u0435\u0431\u0435 \u043f\u0435\u0440\u0435\u0434\u043e\u0432\u044b\u0435 \u0442\u0435\u0445\u043d\u043e\u043b\u043e\u0433\u0438\u0438 \u0438 \u0441\u0442\u0438\u043b\u044c\u043d\u044b\u0439 \u0434\u0438\u0437\u0430\u0439\u043d. \u041e\u043d \u0438\u043c\u0435\u0435\u0442 \u0434\u0432\u0430 \u0440\u0435\u0436\u0438\u043c\u0430 \u0440\u0430\u0431\u043e\u0442\u044b - 1000 \u0438 2000 \u0412\u0442, \u0447\u0442\u043e \u043f\u043e\u0437\u0432\u043e\u043b\u044f\u0435\u0442 \u0433\u0438\u0431\u043a\u043e \u0440\u0435\u0433\u0443\u043b\u0438\u0440\u043e\u0432\u0430\u0442\u044c \u043c\u043e\u0449\u043d\u043e\u0441\u0442\u044c \u0432 \u0441\u043e\u043e\u0442\u0432\u0435\u0442\u0441\u0442\u0432\u0438\u0438 \u0441 \u0432\u0430\u0448\u0438\u043c\u0438 \u043f\u043e\u0442\u0440\u0435\u0431\u043d\u043e\u0441\u0442\u044f\u043c\u0438.\" \/>\n<meta property=\"og:url\" content=\"https:\/\/brunellostore.es\/es\/producto\/konvektornyy-obogrevatel-groningen-1000w-2000w\/\" \/>\n<meta property=\"og:site_name\" content=\"brunellostore.es\" \/>\n<meta property=\"article:modified_time\" content=\"2024-12-01T19:44:27+00:00\" \/>\n<meta property=\"og:image\" content=\"https:\/\/brunellostore.es\/wp-content\/uploads\/2024\/12\/grzejnik-groningen-1000w-2000w-black.jpg\" \/>\n\t<meta property=\"og:image:width\" content=\"800\" \/>\n\t<meta property=\"og:image:height\" content=\"800\" \/>\n\t<meta property=\"og:image:type\" content=\"image\/jpeg\" \/>\n<meta name=\"twitter:card\" content=\"summary_large_image\" \/>\n<meta name=\"twitter:label1\" content=\"Tiempo de lectura\" \/>\n\t<meta name=\"twitter:data1\" content=\"2 minutos\" \/>\n<script type=\"application\/ld+json\" class=\"yoast-schema-graph\">{\"@context\":\"https:\/\/schema.org\",\"@graph\":[{\"@type\":\"WebPage\",\"@id\":\"https:\/\/brunellostore.es\/product\/konvektornyy-obogrevatel-groningen-1000w-2000w\/\",\"url\":\"https:\/\/brunellostore.es\/product\/konvektornyy-obogrevatel-groningen-1000w-2000w\/\",\"name\":\"\u041a\u043e\u043d\u0432\u0435\u043a\u0442\u043e\u0440\u043d\u044b\u0439 \u043e\u0431\u043e\u0433\u0440\u0435\u0432\u0430\u0442\u0435\u043b\u044c Groningen 1000W-2000W - brunellostore.es\",\"isPartOf\":{\"@id\":\"https:\/\/brunellostore.es\/#website\"},\"primaryImageOfPage\":{\"@id\":\"https:\/\/brunellostore.es\/product\/konvektornyy-obogrevatel-groningen-1000w-2000w\/#primaryimage\"},\"image\":{\"@id\":\"https:\/\/brunellostore.es\/product\/konvektornyy-obogrevatel-groningen-1000w-2000w\/#primaryimage\"},\"thumbnailUrl\":\"https:\/\/brunellostore.es\/wp-content\/uploads\/2024\/12\/grzejnik-groningen-1000w-2000w-black.jpg\",\"datePublished\":\"2024-12-01T19:31:39+00:00\",\"dateModified\":\"2024-12-01T19:44:27+00:00\",\"breadcrumb\":{\"@id\":\"https:\/\/brunellostore.es\/product\/konvektornyy-obogrevatel-groningen-1000w-2000w\/#breadcrumb\"},\"inLanguage\":\"es\",\"potentialAction\":[{\"@type\":\"ReadAction\",\"target\":[\"https:\/\/brunellostore.es\/product\/konvektornyy-obogrevatel-groningen-1000w-2000w\/\"]}]},{\"@type\":\"ImageObject\",\"inLanguage\":\"es\",\"@id\":\"https:\/\/brunellostore.es\/product\/konvektornyy-obogrevatel-groningen-1000w-2000w\/#primaryimage\",\"url\":\"https:\/\/brunellostore.es\/wp-content\/uploads\/2024\/12\/grzejnik-groningen-1000w-2000w-black.jpg\",\"contentUrl\":\"https:\/\/brunellostore.es\/wp-content\/uploads\/2024\/12\/grzejnik-groningen-1000w-2000w-black.jpg\",\"width\":800,\"height\":800},{\"@type\":\"BreadcrumbList\",\"@id\":\"https:\/\/brunellostore.es\/product\/konvektornyy-obogrevatel-groningen-1000w-2000w\/#breadcrumb\",\"itemListElement\":[{\"@type\":\"ListItem\",\"position\":1,\"name\":\"Home\",\"item\":\"https:\/\/brunellostore.es\/\"},{\"@type\":\"ListItem\",\"position\":2,\"name\":\"\u041c\u0430\u0433\u0430\u0437\u0438\u043d\",\"item\":\"https:\/\/brunellostore.es\/shop\/\"},{\"@type\":\"ListItem\",\"position\":3,\"name\":\"\u041a\u043e\u043d\u0432\u0435\u043a\u0442\u043e\u0440\u043d\u044b\u0439 \u043e\u0431\u043e\u0433\u0440\u0435\u0432\u0430\u0442\u0435\u043b\u044c Groningen 1000W-2000W\"}]},{\"@type\":\"WebSite\",\"@id\":\"https:\/\/brunellostore.es\/#website\",\"url\":\"https:\/\/brunellostore.es\/\",\"name\":\"brunellostore.es\",\"description\":\"\",\"publisher\":{\"@id\":\"https:\/\/brunellostore.es\/#organization\"},\"potentialAction\":[{\"@type\":\"SearchAction\",\"target\":{\"@type\":\"EntryPoint\",\"urlTemplate\":\"https:\/\/brunellostore.es\/?s={search_term_string}\"},\"query-input\":{\"@type\":\"PropertyValueSpecification\",\"valueRequired\":true,\"valueName\":\"search_term_string\"}}],\"inLanguage\":\"es\"},{\"@type\":\"Organization\",\"@id\":\"https:\/\/brunellostore.es\/#organization\",\"name\":\"brunellostore.es\",\"url\":\"https:\/\/brunellostore.es\/\",\"logo\":{\"@type\":\"ImageObject\",\"inLanguage\":\"es\",\"@id\":\"https:\/\/brunellostore.es\/#\/schema\/logo\/image\/\",\"url\":\"https:\/\/brunellostore.es\/wp-content\/uploads\/2024\/09\/Brunello-logo.png\",\"contentUrl\":\"https:\/\/brunellostore.es\/wp-content\/uploads\/2024\/09\/Brunello-logo.png\",\"width\":924,\"height\":240,\"caption\":\"brunellostore.es\"},\"image\":{\"@id\":\"https:\/\/brunellostore.es\/#\/schema\/logo\/image\/\"}}]}<\/script>\n<!-- \/ Yoast SEO plugin. -->","yoast_head_json":{"title":"\u041a\u043e\u043d\u0432\u0435\u043a\u0442\u043e\u0440\u043d\u044b\u0439 \u043e\u0431\u043e\u0433\u0440\u0435\u0432\u0430\u0442\u0435\u043b\u044c Groningen 1000W-2000W - brunellostore.es","robots":{"index":"index","follow":"follow","max-snippet":"max-snippet:-1","max-image-preview":"max-image-preview:large","max-video-preview":"max-video-preview:-1"},"canonical":"https:\/\/brunellostore.es\/es\/producto\/konvektornyy-obogrevatel-groningen-1000w-2000w\/","og_locale":"es_ES","og_type":"article","og_title":"\u041a\u043e\u043d\u0432\u0435\u043a\u0442\u043e\u0440\u043d\u044b\u0439 \u043e\u0431\u043e\u0433\u0440\u0435\u0432\u0430\u0442\u0435\u043b\u044c Groningen 1000W-2000W - brunellostore.es","og_description":"\u042d\u043b\u0435\u043a\u0442\u0440\u0438\u0447\u0435\u0441\u043a\u0438\u0439 \u043a\u043e\u043d\u0432\u0435\u043a\u0442\u043e\u0440\u043d\u044b\u0439 \u043e\u0431\u043e\u0433\u0440\u0435\u0432\u0430\u0442\u0435\u043b\u044c Groningen 1000W\/2000W \u043e\u0442 Kril &amp; Bl\u00f6hm - \u044d\u0442\u043e \u043f\u0440\u0438\u0431\u043e\u0440, \u0441\u043e\u0447\u0435\u0442\u0430\u044e\u0449\u0438\u0439 \u0432 \u0441\u0435\u0431\u0435 \u043f\u0435\u0440\u0435\u0434\u043e\u0432\u044b\u0435 \u0442\u0435\u0445\u043d\u043e\u043b\u043e\u0433\u0438\u0438 \u0438 \u0441\u0442\u0438\u043b\u044c\u043d\u044b\u0439 \u0434\u0438\u0437\u0430\u0439\u043d. \u041e\u043d \u0438\u043c\u0435\u0435\u0442 \u0434\u0432\u0430 \u0440\u0435\u0436\u0438\u043c\u0430 \u0440\u0430\u0431\u043e\u0442\u044b - 1000 \u0438 2000 \u0412\u0442, \u0447\u0442\u043e \u043f\u043e\u0437\u0432\u043e\u043b\u044f\u0435\u0442 \u0433\u0438\u0431\u043a\u043e \u0440\u0435\u0433\u0443\u043b\u0438\u0440\u043e\u0432\u0430\u0442\u044c \u043c\u043e\u0449\u043d\u043e\u0441\u0442\u044c \u0432 \u0441\u043e\u043e\u0442\u0432\u0435\u0442\u0441\u0442\u0432\u0438\u0438 \u0441 \u0432\u0430\u0448\u0438\u043c\u0438 \u043f\u043e\u0442\u0440\u0435\u0431\u043d\u043e\u0441\u0442\u044f\u043c\u0438.","og_url":"https:\/\/brunellostore.es\/es\/producto\/konvektornyy-obogrevatel-groningen-1000w-2000w\/","og_site_name":"brunellostore.es","article_modified_time":"2024-12-01T19:44:27+00:00","og_image":[{"width":800,"height":800,"url":"https:\/\/brunellostore.es\/wp-content\/uploads\/2024\/12\/grzejnik-groningen-1000w-2000w-black.jpg","type":"image\/jpeg"}],"twitter_card":"summary_large_image","twitter_misc":{"Tiempo de lectura":"2 minutos"},"schema":{"@context":"https:\/\/schema.org","@graph":[{"@type":"WebPage","@id":"https:\/\/brunellostore.es\/product\/konvektornyy-obogrevatel-groningen-1000w-2000w\/","url":"https:\/\/brunellostore.es\/product\/konvektornyy-obogrevatel-groningen-1000w-2000w\/","name":"\u041a\u043e\u043d\u0432\u0435\u043a\u0442\u043e\u0440\u043d\u044b\u0439 \u043e\u0431\u043e\u0433\u0440\u0435\u0432\u0430\u0442\u0435\u043b\u044c Groningen 1000W-2000W - brunellostore.es","isPartOf":{"@id":"https:\/\/brunellostore.es\/#website"},"primaryImageOfPage":{"@id":"https:\/\/brunellostore.es\/product\/konvektornyy-obogrevatel-groningen-1000w-2000w\/#primaryimage"},"image":{"@id":"https:\/\/brunellostore.es\/product\/konvektornyy-obogrevatel-groningen-1000w-2000w\/#primaryimage"},"thumbnailUrl":"https:\/\/brunellostore.es\/wp-content\/uploads\/2024\/12\/grzejnik-groningen-1000w-2000w-black.jpg","datePublished":"2024-12-01T19:31:39+00:00","dateModified":"2024-12-01T19:44:27+00:00","breadcrumb":{"@id":"https:\/\/brunellostore.es\/product\/konvektornyy-obogrevatel-groningen-1000w-2000w\/#breadcrumb"},"inLanguage":"es","potentialAction":[{"@type":"ReadAction","target":["https:\/\/brunellostore.es\/product\/konvektornyy-obogrevatel-groningen-1000w-2000w\/"]}]},{"@type":"ImageObject","inLanguage":"es","@id":"https:\/\/brunellostore.es\/product\/konvektornyy-obogrevatel-groningen-1000w-2000w\/#primaryimage","url":"https:\/\/brunellostore.es\/wp-content\/uploads\/2024\/12\/grzejnik-groningen-1000w-2000w-black.jpg","contentUrl":"https:\/\/brunellostore.es\/wp-content\/uploads\/2024\/12\/grzejnik-groningen-1000w-2000w-black.jpg","width":800,"height":800},{"@type":"BreadcrumbList","@id":"https:\/\/brunellostore.es\/product\/konvektornyy-obogrevatel-groningen-1000w-2000w\/#breadcrumb","itemListElement":[{"@type":"ListItem","position":1,"name":"Home","item":"https:\/\/brunellostore.es\/"},{"@type":"ListItem","position":2,"name":"\u041c\u0430\u0433\u0430\u0437\u0438\u043d","item":"https:\/\/brunellostore.es\/shop\/"},{"@type":"ListItem","position":3,"name":"\u041a\u043e\u043d\u0432\u0435\u043a\u0442\u043e\u0440\u043d\u044b\u0439 \u043e\u0431\u043e\u0433\u0440\u0435\u0432\u0430\u0442\u0435\u043b\u044c Groningen 1000W-2000W"}]},{"@type":"WebSite","@id":"https:\/\/brunellostore.es\/#website","url":"https:\/\/brunellostore.es\/","name":"brunellostore.es","description":"","publisher":{"@id":"https:\/\/brunellostore.es\/#organization"},"potentialAction":[{"@type":"SearchAction","target":{"@type":"EntryPoint","urlTemplate":"https:\/\/brunellostore.es\/?s={search_term_string}"},"query-input":{"@type":"PropertyValueSpecification","valueRequired":true,"valueName":"search_term_string"}}],"inLanguage":"es"},{"@type":"Organization","@id":"https:\/\/brunellostore.es\/#organization","name":"brunellostore.es","url":"https:\/\/brunellostore.es\/","logo":{"@type":"ImageObject","inLanguage":"es","@id":"https:\/\/brunellostore.es\/#\/schema\/logo\/image\/","url":"https:\/\/brunellostore.es\/wp-content\/uploads\/2024\/09\/Brunello-logo.png","contentUrl":"https:\/\/brunellostore.es\/wp-content\/uploads\/2024\/09\/Brunello-logo.png","width":924,"height":240,"caption":"brunellostore.es"},"image":{"@id":"https:\/\/brunellostore.es\/#\/schema\/logo\/image\/"}}]}},"_links":{"self":[{"href":"https:\/\/brunellostore.es\/es\/wp-json\/wp\/v2\/product\/28694","targetHints":{"allow":["GET"]}}],"collection":[{"href":"https:\/\/brunellostore.es\/es\/wp-json\/wp\/v2\/product"}],"about":[{"href":"https:\/\/brunellostore.es\/es\/wp-json\/wp\/v2\/types\/product"}],"replies":[{"embeddable":true,"href":"https:\/\/brunellostore.es\/es\/wp-json\/wp\/v2\/comments?post=28694"}],"version-history":[{"count":7,"href":"https:\/\/brunellostore.es\/es\/wp-json\/wp\/v2\/product\/28694\/revisions"}],"predecessor-version":[{"id":28721,"href":"https:\/\/brunellostore.es\/es\/wp-json\/wp\/v2\/product\/28694\/revisions\/28721"}],"wp:featuredmedia":[{"embeddable":true,"href":"https:\/\/brunellostore.es\/es\/wp-json\/wp\/v2\/media\/28695"}],"wp:attachment":[{"href":"https:\/\/brunellostore.es\/es\/wp-json\/wp\/v2\/media?parent=28694"}],"wp:term":[{"taxonomy":"product_brand","embeddable":true,"href":"https:\/\/brunellostore.es\/es\/wp-json\/wp\/v2\/product_brand?post=28694"},{"taxonomy":"product_cat","embeddable":true,"href":"https:\/\/brunellostore.es\/es\/wp-json\/wp\/v2\/product_cat?post=28694"},{"taxonomy":"product_tag","embeddable":true,"href":"https:\/\/brunellostore.es\/es\/wp-json\/wp\/v2\/product_tag?post=28694"}],"curies":[{"name":"wp","href":"https:\/\/api.w.org\/{rel}","templated":true}]}}