{"id":28744,"date":"2024-12-01T21:14:11","date_gmt":"2024-12-01T20:14:11","guid":{"rendered":"https:\/\/brunellostore.es\/?post_type=product&#038;p=28744"},"modified":"2024-12-01T21:21:26","modified_gmt":"2024-12-01T20:21:26","slug":"infrakrasnyy-obogrevatel-eyndkhoven-wifi-500w","status":"publish","type":"product","link":"https:\/\/brunellostore.es\/es\/producto\/infrakrasnyy-obogrevatel-eyndkhoven-wifi-500w\/","title":{"rendered":"Calefactor de infrarrojos Eindhoven WiFi 500 W"},"content":{"rendered":"<div data-elementor-type=\"wp-post\" data-elementor-id=\"28744\" class=\"elementor elementor-28744\">\n\t\t\t\t<div class=\"elementor-element elementor-element-8fe9a00 e-flex e-con-boxed e-con e-parent\" data-id=\"8fe9a00\" data-element_type=\"container\">\n\t\t\t\t\t<div class=\"e-con-inner\">\n\t\t<div class=\"elementor-element elementor-element-430e551 e-con-full e-flex e-con e-child\" data-id=\"430e551\" data-element_type=\"container\">\n\t\t\t\t<div class=\"elementor-element elementor-element-010185c elementor-widget elementor-widget-wd_text_block\" data-id=\"010185c\" data-element_type=\"widget\" data-widget_type=\"wd_text_block.default\">\n\t\t\t\t<div class=\"elementor-widget-container\">\n\t\t\t\t\t\t\t<div class=\"wd-text-block reset-last-child text-left\">\n\t\t\t\n\t\t\t<h4>Calefactor de infrarrojos Eindhoven WiFi 500 W<\/h4><p>El calefactor de infrarrojos Eindhoven WiFi 500 W es un aparato innovador que combina la avanzada tecnolog\u00eda de infrarrojos con modernas prestaciones. Con una potencia de 500 W, proporciona una calefacci\u00f3n eficiente para habitaciones de hasta 10 m2 o 15 m3. Gracias a la funci\u00f3n Wi-Fi, el calefactor puede controlarse a distancia a trav\u00e9s de una app, lo que permite ajustar la temperatura a las necesidades individuales. Sus dimensiones compactas (850 mm x 600 mm x 15 mm) y su elegante color blanco permiten que el radiador encaje f\u00e1cilmente en cualquier interior. Su grosor de solo 15 mm lo convierte en un mueble delgado y est\u00e9ticamente agradable.\n\nTraducci\u00f3n realizada con la versi\u00f3n gratuita del traductor DeepL.com<\/p><p>Calefactor el\u00e9ctrico por infrarrojos Eindhoven: moderno y pr\u00e1ctico<br \/>Este modelo est\u00e1 equipado con un termostato para un control preciso de la temperatura, y el mando a distancia incluido a\u00f1ade comodidad de uso.<\/p>\n\t\t\t\t\t<\/div>\n\t\t\t\t\t\t<\/div>\n\t\t\t\t<\/div>\n\t\t\t\t<div class=\"elementor-element elementor-element-05c1d79 elementor-widget elementor-widget-wd_text_block\" data-id=\"05c1d79\" data-element_type=\"widget\" data-widget_type=\"wd_text_block.default\">\n\t\t\t\t<div class=\"elementor-widget-container\">\n\t\t\t\t\t\t\t<div class=\"wd-text-block reset-last-child text-left\">\n\t\t\t\n\t\t\t\n\t\t\t\t\t<\/div>\n\t\t\t\t\t\t<\/div>\n\t\t\t\t<\/div>\n\t\t\t\t<\/div>\n\t\t<div class=\"elementor-element elementor-element-c189e30 e-con-full e-flex e-con e-child\" data-id=\"c189e30\" data-element_type=\"container\">\n\t\t\t\t<div class=\"elementor-element elementor-element-33e79f8 elementor-widget elementor-widget-wd_text_block\" data-id=\"33e79f8\" data-element_type=\"widget\" data-widget_type=\"wd_text_block.default\">\n\t\t\t\t<div class=\"elementor-widget-container\">\n\t\t\t\t\t\t\t<div class=\"wd-text-block reset-last-child text-left\">\n\t\t\t\n\t\t\t<p>La capacidad del calefactor para instalarse vertical y horizontalmente lo convierte en una soluci\u00f3n vers\u00e1til para cualquier tipo de habitaci\u00f3n. Tambi\u00e9n son perfectos para cuartos de ba\u00f1o gracias a su grado de protecci\u00f3n IP44.<\/p><p>El funcionamiento pr\u00e1cticamente inaudible del radiador es otra ventaja especialmente importante para las habitaciones que requieren silencio. Eindhoven tiene una funci\u00f3n integrada de protecci\u00f3n infantil, no reseca el aire y es seguro para las personas al\u00e9rgicas. La facilidad de limpieza gracias al dise\u00f1o EasyClean y la sencillez de instalaci\u00f3n son otras caracter\u00edsticas que a\u00f1aden valor al equipo. Tambi\u00e9n puede adquirir pies especiales para el producto.<\/p>\n\t\t\t\t\t<\/div>\n\t\t\t\t\t\t<\/div>\n\t\t\t\t<\/div>\n\t\t\t\t<\/div>\n\t\t<div class=\"elementor-element elementor-element-cd2d9d5 e-con-full e-flex e-con e-child\" data-id=\"cd2d9d5\" data-element_type=\"container\">\n\t\t\t\t<div class=\"elementor-element elementor-element-637df21 elementor-widget elementor-widget-wd_text_block\" data-id=\"637df21\" data-element_type=\"widget\" data-widget_type=\"wd_text_block.default\">\n\t\t\t\t<div class=\"elementor-widget-container\">\n\t\t\t\t\t\t\t<div class=\"wd-text-block reset-last-child text-left\">\n\t\t\t\n\t\t\t<h4>Dimensiones generales<\/h4><p>Potencia: 500 W.<br \/>Wi-Fi: s\u00ed<br \/>Dimensiones: 85 cm x 60 cm x 1,5 cm<br \/>Color: blanco<br \/>Termostato: s\u00ed<br \/>Grado de protecci\u00f3n: IP 44<br \/>Mando a distancia: s\u00ed<br \/>Montaje: horizontal\/vertical<\/p>\n\t\t\t\t\t<\/div>\n\t\t\t\t\t\t<\/div>\n\t\t\t\t<\/div>\n\t\t\t\t<\/div>\n\t\t\t\t\t<\/div>\n\t\t\t\t<\/div>\n\t\t\t\t<\/div>","protected":false},"excerpt":{"rendered":"<p>El calefactor de infrarrojos Eindhoven WiFi 500 W es un aparato innovador que combina la avanzada tecnolog\u00eda de infrarrojos con modernas prestaciones. Con una potencia de 500 W, proporciona un calentamiento eficiente de habitaciones de hasta 10 m2 o hasta 15 m3.<\/p>","protected":false},"featured_media":28745,"comment_status":"open","ping_status":"closed","template":"","meta":[],"product_brand":[],"product_cat":[28],"product_tag":[],"class_list":{"0":"post-28744","1":"product","2":"type-product","3":"status-publish","4":"has-post-thumbnail","6":"product_cat-sistema-tepliy-pol","8":"first","9":"instock","10":"shipping-taxable","11":"purchasable","12":"product-type-simple"},"yoast_head":"<!-- This site is optimized with the Yoast SEO plugin v26.5 - https:\/\/yoast.com\/wordpress\/plugins\/seo\/ -->\n<title>\u0418\u043d\u0444\u0440\u0430\u043a\u0440\u0430\u0441\u043d\u044b\u0439 \u043e\u0431\u043e\u0433\u0440\u0435\u0432\u0430\u0442\u0435\u043b\u044c Eindhoven WiFi 500 \u0412\u0442 - brunellostore.es<\/title>\n<meta name=\"robots\" content=\"index, follow, max-snippet:-1, max-image-preview:large, max-video-preview:-1\" \/>\n<link rel=\"canonical\" href=\"https:\/\/brunellostore.es\/es\/producto\/infrakrasnyy-obogrevatel-eyndkhoven-wifi-500w\/\" \/>\n<meta property=\"og:locale\" content=\"es_ES\" \/>\n<meta property=\"og:type\" content=\"article\" \/>\n<meta property=\"og:title\" content=\"\u0418\u043d\u0444\u0440\u0430\u043a\u0440\u0430\u0441\u043d\u044b\u0439 \u043e\u0431\u043e\u0433\u0440\u0435\u0432\u0430\u0442\u0435\u043b\u044c Eindhoven WiFi 500 \u0412\u0442 - brunellostore.es\" \/>\n<meta property=\"og:description\" content=\"\u0418\u043d\u0444\u0440\u0430\u043a\u0440\u0430\u0441\u043d\u044b\u0439 \u043e\u0431\u043e\u0433\u0440\u0435\u0432\u0430\u0442\u0435\u043b\u044c Eindhoven WiFi 500 \u0412\u0442 - \u044d\u0442\u043e \u0438\u043d\u043d\u043e\u0432\u0430\u0446\u0438\u043e\u043d\u043d\u044b\u0439 \u043f\u0440\u0438\u0431\u043e\u0440, \u0441\u043e\u0447\u0435\u0442\u0430\u044e\u0449\u0438\u0439 \u0432 \u0441\u0435\u0431\u0435 \u043f\u0435\u0440\u0435\u0434\u043e\u0432\u044b\u0435 \u0438\u043d\u0444\u0440\u0430\u043a\u0440\u0430\u0441\u043d\u044b\u0435 \u0442\u0435\u0445\u043d\u043e\u043b\u043e\u0433\u0438\u0438 \u0438 \u0441\u043e\u0432\u0440\u0435\u043c\u0435\u043d\u043d\u044b\u0435 \u0444\u0443\u043d\u043a\u0446\u0438\u0438. \u041c\u043e\u0449\u043d\u043e\u0441\u0442\u044c \u043e\u0431\u043e\u0440\u0443\u0434\u043e\u0432\u0430\u043d\u0438\u044f \u0441\u043e\u0441\u0442\u0430\u0432\u043b\u044f\u0435\u0442 500 \u0412\u0442, \u043e\u0431\u0435\u0441\u043f\u0435\u0447\u0438\u0432\u0430\u044f \u044d\u0444\u0444\u0435\u043a\u0442\u0438\u0432\u043d\u044b\u0439 \u043e\u0431\u043e\u0433\u0440\u0435\u0432 \u043f\u043e\u043c\u0435\u0449\u0435\u043d\u0438\u0439 \u043f\u043b\u043e\u0449\u0430\u0434\u044c\u044e \u0434\u043e 10 \u043c2 \u0438\u043b\u0438 \u043e\u0431\u044a\u0435\u043c\u043e\u043c \u0434\u043e 15 \u043c3.\" \/>\n<meta property=\"og:url\" content=\"https:\/\/brunellostore.es\/es\/producto\/infrakrasnyy-obogrevatel-eyndkhoven-wifi-500w\/\" \/>\n<meta property=\"og:site_name\" content=\"brunellostore.es\" \/>\n<meta property=\"article:modified_time\" content=\"2024-12-01T20:21:26+00:00\" \/>\n<meta property=\"og:image\" content=\"https:\/\/brunellostore.es\/wp-content\/uploads\/2024\/12\/grzejnik-eindhoven-wifi-500w.jpg\" \/>\n\t<meta property=\"og:image:width\" content=\"800\" \/>\n\t<meta property=\"og:image:height\" content=\"800\" \/>\n\t<meta property=\"og:image:type\" content=\"image\/jpeg\" \/>\n<meta name=\"twitter:card\" content=\"summary_large_image\" \/>\n<meta name=\"twitter:label1\" content=\"Tiempo de lectura\" \/>\n\t<meta name=\"twitter:data1\" content=\"2 minutos\" \/>\n<script type=\"application\/ld+json\" class=\"yoast-schema-graph\">{\"@context\":\"https:\/\/schema.org\",\"@graph\":[{\"@type\":\"WebPage\",\"@id\":\"https:\/\/brunellostore.es\/product\/infrakrasnyy-obogrevatel-eyndkhoven-wifi-500w\/\",\"url\":\"https:\/\/brunellostore.es\/product\/infrakrasnyy-obogrevatel-eyndkhoven-wifi-500w\/\",\"name\":\"\u0418\u043d\u0444\u0440\u0430\u043a\u0440\u0430\u0441\u043d\u044b\u0439 \u043e\u0431\u043e\u0433\u0440\u0435\u0432\u0430\u0442\u0435\u043b\u044c Eindhoven WiFi 500 \u0412\u0442 - brunellostore.es\",\"isPartOf\":{\"@id\":\"https:\/\/brunellostore.es\/#website\"},\"primaryImageOfPage\":{\"@id\":\"https:\/\/brunellostore.es\/product\/infrakrasnyy-obogrevatel-eyndkhoven-wifi-500w\/#primaryimage\"},\"image\":{\"@id\":\"https:\/\/brunellostore.es\/product\/infrakrasnyy-obogrevatel-eyndkhoven-wifi-500w\/#primaryimage\"},\"thumbnailUrl\":\"https:\/\/brunellostore.es\/wp-content\/uploads\/2024\/12\/grzejnik-eindhoven-wifi-500w.jpg\",\"datePublished\":\"2024-12-01T20:14:11+00:00\",\"dateModified\":\"2024-12-01T20:21:26+00:00\",\"breadcrumb\":{\"@id\":\"https:\/\/brunellostore.es\/product\/infrakrasnyy-obogrevatel-eyndkhoven-wifi-500w\/#breadcrumb\"},\"inLanguage\":\"es\",\"potentialAction\":[{\"@type\":\"ReadAction\",\"target\":[\"https:\/\/brunellostore.es\/product\/infrakrasnyy-obogrevatel-eyndkhoven-wifi-500w\/\"]}]},{\"@type\":\"ImageObject\",\"inLanguage\":\"es\",\"@id\":\"https:\/\/brunellostore.es\/product\/infrakrasnyy-obogrevatel-eyndkhoven-wifi-500w\/#primaryimage\",\"url\":\"https:\/\/brunellostore.es\/wp-content\/uploads\/2024\/12\/grzejnik-eindhoven-wifi-500w.jpg\",\"contentUrl\":\"https:\/\/brunellostore.es\/wp-content\/uploads\/2024\/12\/grzejnik-eindhoven-wifi-500w.jpg\",\"width\":800,\"height\":800},{\"@type\":\"BreadcrumbList\",\"@id\":\"https:\/\/brunellostore.es\/product\/infrakrasnyy-obogrevatel-eyndkhoven-wifi-500w\/#breadcrumb\",\"itemListElement\":[{\"@type\":\"ListItem\",\"position\":1,\"name\":\"Home\",\"item\":\"https:\/\/brunellostore.es\/\"},{\"@type\":\"ListItem\",\"position\":2,\"name\":\"\u041c\u0430\u0433\u0430\u0437\u0438\u043d\",\"item\":\"https:\/\/brunellostore.es\/shop\/\"},{\"@type\":\"ListItem\",\"position\":3,\"name\":\"\u0418\u043d\u0444\u0440\u0430\u043a\u0440\u0430\u0441\u043d\u044b\u0439 \u043e\u0431\u043e\u0433\u0440\u0435\u0432\u0430\u0442\u0435\u043b\u044c Eindhoven WiFi 500 \u0412\u0442\"}]},{\"@type\":\"WebSite\",\"@id\":\"https:\/\/brunellostore.es\/#website\",\"url\":\"https:\/\/brunellostore.es\/\",\"name\":\"brunellostore.es\",\"description\":\"\",\"publisher\":{\"@id\":\"https:\/\/brunellostore.es\/#organization\"},\"potentialAction\":[{\"@type\":\"SearchAction\",\"target\":{\"@type\":\"EntryPoint\",\"urlTemplate\":\"https:\/\/brunellostore.es\/?s={search_term_string}\"},\"query-input\":{\"@type\":\"PropertyValueSpecification\",\"valueRequired\":true,\"valueName\":\"search_term_string\"}}],\"inLanguage\":\"es\"},{\"@type\":\"Organization\",\"@id\":\"https:\/\/brunellostore.es\/#organization\",\"name\":\"brunellostore.es\",\"url\":\"https:\/\/brunellostore.es\/\",\"logo\":{\"@type\":\"ImageObject\",\"inLanguage\":\"es\",\"@id\":\"https:\/\/brunellostore.es\/#\/schema\/logo\/image\/\",\"url\":\"https:\/\/brunellostore.es\/wp-content\/uploads\/2024\/09\/Brunello-logo.png\",\"contentUrl\":\"https:\/\/brunellostore.es\/wp-content\/uploads\/2024\/09\/Brunello-logo.png\",\"width\":924,\"height\":240,\"caption\":\"brunellostore.es\"},\"image\":{\"@id\":\"https:\/\/brunellostore.es\/#\/schema\/logo\/image\/\"}}]}<\/script>\n<!-- \/ Yoast SEO plugin. -->","yoast_head_json":{"title":"\u0418\u043d\u0444\u0440\u0430\u043a\u0440\u0430\u0441\u043d\u044b\u0439 \u043e\u0431\u043e\u0433\u0440\u0435\u0432\u0430\u0442\u0435\u043b\u044c Eindhoven WiFi 500 \u0412\u0442 - brunellostore.es","robots":{"index":"index","follow":"follow","max-snippet":"max-snippet:-1","max-image-preview":"max-image-preview:large","max-video-preview":"max-video-preview:-1"},"canonical":"https:\/\/brunellostore.es\/es\/producto\/infrakrasnyy-obogrevatel-eyndkhoven-wifi-500w\/","og_locale":"es_ES","og_type":"article","og_title":"\u0418\u043d\u0444\u0440\u0430\u043a\u0440\u0430\u0441\u043d\u044b\u0439 \u043e\u0431\u043e\u0433\u0440\u0435\u0432\u0430\u0442\u0435\u043b\u044c Eindhoven WiFi 500 \u0412\u0442 - brunellostore.es","og_description":"\u0418\u043d\u0444\u0440\u0430\u043a\u0440\u0430\u0441\u043d\u044b\u0439 \u043e\u0431\u043e\u0433\u0440\u0435\u0432\u0430\u0442\u0435\u043b\u044c Eindhoven WiFi 500 \u0412\u0442 - \u044d\u0442\u043e \u0438\u043d\u043d\u043e\u0432\u0430\u0446\u0438\u043e\u043d\u043d\u044b\u0439 \u043f\u0440\u0438\u0431\u043e\u0440, \u0441\u043e\u0447\u0435\u0442\u0430\u044e\u0449\u0438\u0439 \u0432 \u0441\u0435\u0431\u0435 \u043f\u0435\u0440\u0435\u0434\u043e\u0432\u044b\u0435 \u0438\u043d\u0444\u0440\u0430\u043a\u0440\u0430\u0441\u043d\u044b\u0435 \u0442\u0435\u0445\u043d\u043e\u043b\u043e\u0433\u0438\u0438 \u0438 \u0441\u043e\u0432\u0440\u0435\u043c\u0435\u043d\u043d\u044b\u0435 \u0444\u0443\u043d\u043a\u0446\u0438\u0438. \u041c\u043e\u0449\u043d\u043e\u0441\u0442\u044c \u043e\u0431\u043e\u0440\u0443\u0434\u043e\u0432\u0430\u043d\u0438\u044f \u0441\u043e\u0441\u0442\u0430\u0432\u043b\u044f\u0435\u0442 500 \u0412\u0442, \u043e\u0431\u0435\u0441\u043f\u0435\u0447\u0438\u0432\u0430\u044f \u044d\u0444\u0444\u0435\u043a\u0442\u0438\u0432\u043d\u044b\u0439 \u043e\u0431\u043e\u0433\u0440\u0435\u0432 \u043f\u043e\u043c\u0435\u0449\u0435\u043d\u0438\u0439 \u043f\u043b\u043e\u0449\u0430\u0434\u044c\u044e \u0434\u043e 10 \u043c2 \u0438\u043b\u0438 \u043e\u0431\u044a\u0435\u043c\u043e\u043c \u0434\u043e 15 \u043c3.","og_url":"https:\/\/brunellostore.es\/es\/producto\/infrakrasnyy-obogrevatel-eyndkhoven-wifi-500w\/","og_site_name":"brunellostore.es","article_modified_time":"2024-12-01T20:21:26+00:00","og_image":[{"width":800,"height":800,"url":"https:\/\/brunellostore.es\/wp-content\/uploads\/2024\/12\/grzejnik-eindhoven-wifi-500w.jpg","type":"image\/jpeg"}],"twitter_card":"summary_large_image","twitter_misc":{"Tiempo de lectura":"2 minutos"},"schema":{"@context":"https:\/\/schema.org","@graph":[{"@type":"WebPage","@id":"https:\/\/brunellostore.es\/product\/infrakrasnyy-obogrevatel-eyndkhoven-wifi-500w\/","url":"https:\/\/brunellostore.es\/product\/infrakrasnyy-obogrevatel-eyndkhoven-wifi-500w\/","name":"\u0418\u043d\u0444\u0440\u0430\u043a\u0440\u0430\u0441\u043d\u044b\u0439 \u043e\u0431\u043e\u0433\u0440\u0435\u0432\u0430\u0442\u0435\u043b\u044c Eindhoven WiFi 500 \u0412\u0442 - brunellostore.es","isPartOf":{"@id":"https:\/\/brunellostore.es\/#website"},"primaryImageOfPage":{"@id":"https:\/\/brunellostore.es\/product\/infrakrasnyy-obogrevatel-eyndkhoven-wifi-500w\/#primaryimage"},"image":{"@id":"https:\/\/brunellostore.es\/product\/infrakrasnyy-obogrevatel-eyndkhoven-wifi-500w\/#primaryimage"},"thumbnailUrl":"https:\/\/brunellostore.es\/wp-content\/uploads\/2024\/12\/grzejnik-eindhoven-wifi-500w.jpg","datePublished":"2024-12-01T20:14:11+00:00","dateModified":"2024-12-01T20:21:26+00:00","breadcrumb":{"@id":"https:\/\/brunellostore.es\/product\/infrakrasnyy-obogrevatel-eyndkhoven-wifi-500w\/#breadcrumb"},"inLanguage":"es","potentialAction":[{"@type":"ReadAction","target":["https:\/\/brunellostore.es\/product\/infrakrasnyy-obogrevatel-eyndkhoven-wifi-500w\/"]}]},{"@type":"ImageObject","inLanguage":"es","@id":"https:\/\/brunellostore.es\/product\/infrakrasnyy-obogrevatel-eyndkhoven-wifi-500w\/#primaryimage","url":"https:\/\/brunellostore.es\/wp-content\/uploads\/2024\/12\/grzejnik-eindhoven-wifi-500w.jpg","contentUrl":"https:\/\/brunellostore.es\/wp-content\/uploads\/2024\/12\/grzejnik-eindhoven-wifi-500w.jpg","width":800,"height":800},{"@type":"BreadcrumbList","@id":"https:\/\/brunellostore.es\/product\/infrakrasnyy-obogrevatel-eyndkhoven-wifi-500w\/#breadcrumb","itemListElement":[{"@type":"ListItem","position":1,"name":"Home","item":"https:\/\/brunellostore.es\/"},{"@type":"ListItem","position":2,"name":"\u041c\u0430\u0433\u0430\u0437\u0438\u043d","item":"https:\/\/brunellostore.es\/shop\/"},{"@type":"ListItem","position":3,"name":"\u0418\u043d\u0444\u0440\u0430\u043a\u0440\u0430\u0441\u043d\u044b\u0439 \u043e\u0431\u043e\u0433\u0440\u0435\u0432\u0430\u0442\u0435\u043b\u044c Eindhoven WiFi 500 \u0412\u0442"}]},{"@type":"WebSite","@id":"https:\/\/brunellostore.es\/#website","url":"https:\/\/brunellostore.es\/","name":"brunellostore.es","description":"","publisher":{"@id":"https:\/\/brunellostore.es\/#organization"},"potentialAction":[{"@type":"SearchAction","target":{"@type":"EntryPoint","urlTemplate":"https:\/\/brunellostore.es\/?s={search_term_string}"},"query-input":{"@type":"PropertyValueSpecification","valueRequired":true,"valueName":"search_term_string"}}],"inLanguage":"es"},{"@type":"Organization","@id":"https:\/\/brunellostore.es\/#organization","name":"brunellostore.es","url":"https:\/\/brunellostore.es\/","logo":{"@type":"ImageObject","inLanguage":"es","@id":"https:\/\/brunellostore.es\/#\/schema\/logo\/image\/","url":"https:\/\/brunellostore.es\/wp-content\/uploads\/2024\/09\/Brunello-logo.png","contentUrl":"https:\/\/brunellostore.es\/wp-content\/uploads\/2024\/09\/Brunello-logo.png","width":924,"height":240,"caption":"brunellostore.es"},"image":{"@id":"https:\/\/brunellostore.es\/#\/schema\/logo\/image\/"}}]}},"_links":{"self":[{"href":"https:\/\/brunellostore.es\/es\/wp-json\/wp\/v2\/product\/28744","targetHints":{"allow":["GET"]}}],"collection":[{"href":"https:\/\/brunellostore.es\/es\/wp-json\/wp\/v2\/product"}],"about":[{"href":"https:\/\/brunellostore.es\/es\/wp-json\/wp\/v2\/types\/product"}],"replies":[{"embeddable":true,"href":"https:\/\/brunellostore.es\/es\/wp-json\/wp\/v2\/comments?post=28744"}],"version-history":[{"count":4,"href":"https:\/\/brunellostore.es\/es\/wp-json\/wp\/v2\/product\/28744\/revisions"}],"predecessor-version":[{"id":28753,"href":"https:\/\/brunellostore.es\/es\/wp-json\/wp\/v2\/product\/28744\/revisions\/28753"}],"wp:featuredmedia":[{"embeddable":true,"href":"https:\/\/brunellostore.es\/es\/wp-json\/wp\/v2\/media\/28745"}],"wp:attachment":[{"href":"https:\/\/brunellostore.es\/es\/wp-json\/wp\/v2\/media?parent=28744"}],"wp:term":[{"taxonomy":"product_brand","embeddable":true,"href":"https:\/\/brunellostore.es\/es\/wp-json\/wp\/v2\/product_brand?post=28744"},{"taxonomy":"product_cat","embeddable":true,"href":"https:\/\/brunellostore.es\/es\/wp-json\/wp\/v2\/product_cat?post=28744"},{"taxonomy":"product_tag","embeddable":true,"href":"https:\/\/brunellostore.es\/es\/wp-json\/wp\/v2\/product_tag?post=28744"}],"curies":[{"name":"wp","href":"https:\/\/api.w.org\/{rel}","templated":true}]}}