{"id":28764,"date":"2024-12-01T21:35:06","date_gmt":"2024-12-01T20:35:06","guid":{"rendered":"https:\/\/brunellostore.es\/?post_type=product&#038;p=28764"},"modified":"2024-12-01T21:43:45","modified_gmt":"2024-12-01T20:43:45","slug":"infrakrasnyy-steklyannyy-obogrevatel-arnhem-750w-wifi","status":"publish","type":"product","link":"https:\/\/brunellostore.es\/es\/producto\/infrakrasnyy-steklyannyy-obogrevatel-arnhem-750w-wifi\/","title":{"rendered":"Calefactor infrarrojo de vidrio Arnhem 750 W WiFi"},"content":{"rendered":"<div data-elementor-type=\"wp-post\" data-elementor-id=\"28764\" class=\"elementor elementor-28764\">\n\t\t\t\t<div class=\"elementor-element elementor-element-8fe9a00 e-flex e-con-boxed e-con e-parent\" data-id=\"8fe9a00\" data-element_type=\"container\">\n\t\t\t\t\t<div class=\"e-con-inner\">\n\t\t<div class=\"elementor-element elementor-element-430e551 e-con-full e-flex e-con e-child\" data-id=\"430e551\" data-element_type=\"container\">\n\t\t\t\t<div class=\"elementor-element elementor-element-010185c elementor-widget elementor-widget-wd_text_block\" data-id=\"010185c\" data-element_type=\"widget\" data-widget_type=\"wd_text_block.default\">\n\t\t\t\t<div class=\"elementor-widget-container\">\n\t\t\t\t\t\t\t<div class=\"wd-text-block reset-last-child text-left\">\n\t\t\t\n\t\t\t<h4>Calefactor infrarrojo de vidrio Arnhem 750 W WiFi<\/h4><p>El calefactor por infrarrojos de cristal Arnhem 750W WiFi es un moderno panel calefactor que combina un alto rendimiento y un dise\u00f1o contempor\u00e1neo. Su potencia de 750 W lo hace ideal para calentar estancias de hasta 20 m\u00b2. Su transferencia instant\u00e1nea de energ\u00eda no s\u00f3lo proporciona un ahorro significativo, sino que tambi\u00e9n es respetuosa con el medio ambiente. Adem\u00e1s, el calefactor se caracteriza por una resistencia a los da\u00f1os superior a la media y un funcionamiento silencioso, lo que, combinado con su f\u00e1cil instalaci\u00f3n vertical, lo convierte en una soluci\u00f3n muy pr\u00e1ctica. Fabricado en vidrio templado con un elegante acabado blanco perla, encaja perfectamente en interiores modernos, siendo no s\u00f3lo un elemento funcional sino tambi\u00e9n decorativo.<\/p>\n\t\t\t\t\t<\/div>\n\t\t\t\t\t\t<\/div>\n\t\t\t\t<\/div>\n\t\t\t\t<div class=\"elementor-element elementor-element-05c1d79 elementor-widget elementor-widget-wd_text_block\" data-id=\"05c1d79\" data-element_type=\"widget\" data-widget_type=\"wd_text_block.default\">\n\t\t\t\t<div class=\"elementor-widget-container\">\n\t\t\t\t\t\t\t<div class=\"wd-text-block reset-last-child text-left\">\n\t\t\t\n\t\t\t\n\t\t\t\t\t<\/div>\n\t\t\t\t\t\t<\/div>\n\t\t\t\t<\/div>\n\t\t\t\t<\/div>\n\t\t<div class=\"elementor-element elementor-element-c189e30 e-con-full e-flex e-con e-child\" data-id=\"c189e30\" data-element_type=\"container\">\n\t\t\t\t<div class=\"elementor-element elementor-element-33e79f8 elementor-widget elementor-widget-wd_text_block\" data-id=\"33e79f8\" data-element_type=\"widget\" data-widget_type=\"wd_text_block.default\">\n\t\t\t\t<div class=\"elementor-widget-container\">\n\t\t\t\t\t\t\t<div class=\"wd-text-block reset-last-child text-left\">\n\t\t\t\n\t\t\t<p>Calefactor de cristal por infrarrojos con mando a distancia<br \/>La estufa de infrarrojos Arnhem est\u00e1 habilitada para Wi-Fi, lo que te permite controlarla c\u00f3modamente a distancia con el mando a distancia o el smartphone incluidos. Basta con descargar la aplicaci\u00f3n Tuya o Smart Life para controlar el aparato desde cualquier lugar. Gracias a esta soluci\u00f3n, el calefactor le ayuda a ahorrar energ\u00eda al no calentar innecesariamente habitaciones vac\u00edas. Adem\u00e1s, el equipo es seguro de usar, ya que cuenta con las certificaciones CE, RoHS, CB, GS, ETL y TUV. Su perfecta adaptaci\u00f3n a los cuartos de ba\u00f1o se ve acentuada por la disponibilidad de un accesorio toallero.<\/p><p>Un punto a favor del modelo es la posibilidad de programar el horario de calefacci\u00f3n: diario, semanal, as\u00ed como la opci\u00f3n de detectar una ventana abierta.<\/p>\n\t\t\t\t\t<\/div>\n\t\t\t\t\t\t<\/div>\n\t\t\t\t<\/div>\n\t\t\t\t<\/div>\n\t\t<div class=\"elementor-element elementor-element-cd2d9d5 e-con-full e-flex e-con e-child\" data-id=\"cd2d9d5\" data-element_type=\"container\">\n\t\t\t\t<div class=\"elementor-element elementor-element-637df21 elementor-widget elementor-widget-wd_text_block\" data-id=\"637df21\" data-element_type=\"widget\" data-widget_type=\"wd_text_block.default\">\n\t\t\t\t<div class=\"elementor-widget-container\">\n\t\t\t\t\t\t\t<div class=\"wd-text-block reset-last-child text-left\">\n\t\t\t\n\t\t\t<h4>Dimensiones generales<\/h4><p>Potencia: 750 W<br \/>Wi-Fi: s\u00ed<br \/>Dimensiones: 1100 mm x 550 mm x 15 mm<br \/>Dimensiones del paquete: 1210 mm x 667 mm x 128 mm<br \/>Tipo de montaje: vertical en pared (sin toallero)<br \/>Acabado: cristal templado<br \/>Color: blanco perla<br \/>Termostato: s\u00ed (integrado)<br \/>Mando a distancia: s\u00ed<br \/>Grado de protecci\u00f3n: IP 24<br \/>Pantalla: LED<br \/>Frecuencia: 50\/60 Hz<br \/>Temperatura de la superficie: 70\u00b0C + 95\u00b0C<\/p>\n\t\t\t\t\t<\/div>\n\t\t\t\t\t\t<\/div>\n\t\t\t\t<\/div>\n\t\t\t\t<\/div>\n\t\t\t\t\t<\/div>\n\t\t\t\t<\/div>\n\t\t\t\t<\/div>","protected":false},"excerpt":{"rendered":"<p>El calefactor por infrarrojos de cristal Arnhem 750W WiFi es un moderno panel calefactor que combina un alto rendimiento y un dise\u00f1o contempor\u00e1neo. Su potencia de 750 W lo hace ideal para calentar estancias de hasta 20 m\u00b2.<\/p>","protected":false},"featured_media":28766,"comment_status":"open","ping_status":"closed","template":"","meta":[],"product_brand":[],"product_cat":[28],"product_tag":[],"class_list":{"0":"post-28764","1":"product","2":"type-product","3":"status-publish","4":"has-post-thumbnail","6":"product_cat-sistema-tepliy-pol","8":"first","9":"instock","10":"shipping-taxable","11":"purchasable","12":"product-type-simple"},"yoast_head":"<!-- This site is optimized with the Yoast SEO plugin v26.5 - https:\/\/yoast.com\/wordpress\/plugins\/seo\/ -->\n<title>\u0418\u043d\u0444\u0440\u0430\u043a\u0440\u0430\u0441\u043d\u044b\u0439 \u0441\u0442\u0435\u043a\u043b\u044f\u043d\u043d\u044b\u0439 \u043e\u0431\u043e\u0433\u0440\u0435\u0432\u0430\u0442\u0435\u043b\u044c Arnhem 750 \u0412\u0442 WiFi - brunellostore.es<\/title>\n<meta name=\"robots\" content=\"index, follow, max-snippet:-1, max-image-preview:large, max-video-preview:-1\" \/>\n<link rel=\"canonical\" href=\"https:\/\/brunellostore.es\/es\/producto\/infrakrasnyy-steklyannyy-obogrevatel-arnhem-750w-wifi\/\" \/>\n<meta property=\"og:locale\" content=\"es_ES\" \/>\n<meta property=\"og:type\" content=\"article\" \/>\n<meta property=\"og:title\" content=\"\u0418\u043d\u0444\u0440\u0430\u043a\u0440\u0430\u0441\u043d\u044b\u0439 \u0441\u0442\u0435\u043a\u043b\u044f\u043d\u043d\u044b\u0439 \u043e\u0431\u043e\u0433\u0440\u0435\u0432\u0430\u0442\u0435\u043b\u044c Arnhem 750 \u0412\u0442 WiFi - brunellostore.es\" \/>\n<meta property=\"og:description\" content=\"\u0421\u0442\u0435\u043a\u043b\u044f\u043d\u043d\u044b\u0439 \u0438\u043d\u0444\u0440\u0430\u043a\u0440\u0430\u0441\u043d\u044b\u0439 \u043e\u0431\u043e\u0433\u0440\u0435\u0432\u0430\u0442\u0435\u043b\u044c Arnhem 750W WiFi - \u044d\u0442\u043e \u0441\u043e\u0432\u0440\u0435\u043c\u0435\u043d\u043d\u0430\u044f \u043e\u0442\u043e\u043f\u0438\u0442\u0435\u043b\u044c\u043d\u0430\u044f \u043f\u0430\u043d\u0435\u043b\u044c, \u0441\u043e\u0447\u0435\u0442\u0430\u044e\u0449\u0430\u044f \u0432 \u0441\u0435\u0431\u0435 \u0432\u044b\u0441\u043e\u043a\u0443\u044e \u043f\u0440\u043e\u0438\u0437\u0432\u043e\u0434\u0438\u0442\u0435\u043b\u044c\u043d\u043e\u0441\u0442\u044c \u0438 \u0441\u043e\u0432\u0440\u0435\u043c\u0435\u043d\u043d\u044b\u0439 \u0434\u0438\u0437\u0430\u0439\u043d. \u041c\u043e\u0449\u043d\u043e\u0441\u0442\u044c 750 \u0412\u0442 \u0434\u0435\u043b\u0430\u0435\u0442 \u0435\u0433\u043e \u0438\u0434\u0435\u0430\u043b\u044c\u043d\u044b\u043c \u0434\u043b\u044f \u043e\u0431\u043e\u0433\u0440\u0435\u0432\u0430 \u043f\u043e\u043c\u0435\u0449\u0435\u043d\u0438\u0439 \u043f\u043b\u043e\u0449\u0430\u0434\u044c\u044e \u0434\u043e 20 \u043c\u00b2.\" \/>\n<meta property=\"og:url\" content=\"https:\/\/brunellostore.es\/es\/producto\/infrakrasnyy-steklyannyy-obogrevatel-arnhem-750w-wifi\/\" \/>\n<meta property=\"og:site_name\" content=\"brunellostore.es\" \/>\n<meta property=\"article:modified_time\" content=\"2024-12-01T20:43:45+00:00\" \/>\n<meta property=\"og:image\" content=\"https:\/\/brunellostore.es\/wp-content\/uploads\/2024\/12\/grzejnik-szklany-arnhem-750w-wifi-white.jpg\" \/>\n\t<meta property=\"og:image:width\" content=\"800\" \/>\n\t<meta property=\"og:image:height\" content=\"800\" \/>\n\t<meta property=\"og:image:type\" content=\"image\/jpeg\" \/>\n<meta name=\"twitter:card\" content=\"summary_large_image\" \/>\n<meta name=\"twitter:label1\" content=\"Tiempo de lectura\" \/>\n\t<meta name=\"twitter:data1\" content=\"2 minutos\" \/>\n<script type=\"application\/ld+json\" class=\"yoast-schema-graph\">{\"@context\":\"https:\/\/schema.org\",\"@graph\":[{\"@type\":\"WebPage\",\"@id\":\"https:\/\/brunellostore.es\/product\/infrakrasnyy-steklyannyy-obogrevatel-arnhem-750w-wifi\/\",\"url\":\"https:\/\/brunellostore.es\/product\/infrakrasnyy-steklyannyy-obogrevatel-arnhem-750w-wifi\/\",\"name\":\"\u0418\u043d\u0444\u0440\u0430\u043a\u0440\u0430\u0441\u043d\u044b\u0439 \u0441\u0442\u0435\u043a\u043b\u044f\u043d\u043d\u044b\u0439 \u043e\u0431\u043e\u0433\u0440\u0435\u0432\u0430\u0442\u0435\u043b\u044c Arnhem 750 \u0412\u0442 WiFi - brunellostore.es\",\"isPartOf\":{\"@id\":\"https:\/\/brunellostore.es\/#website\"},\"primaryImageOfPage\":{\"@id\":\"https:\/\/brunellostore.es\/product\/infrakrasnyy-steklyannyy-obogrevatel-arnhem-750w-wifi\/#primaryimage\"},\"image\":{\"@id\":\"https:\/\/brunellostore.es\/product\/infrakrasnyy-steklyannyy-obogrevatel-arnhem-750w-wifi\/#primaryimage\"},\"thumbnailUrl\":\"https:\/\/brunellostore.es\/wp-content\/uploads\/2024\/12\/grzejnik-szklany-arnhem-750w-wifi-white.jpg\",\"datePublished\":\"2024-12-01T20:35:06+00:00\",\"dateModified\":\"2024-12-01T20:43:45+00:00\",\"breadcrumb\":{\"@id\":\"https:\/\/brunellostore.es\/product\/infrakrasnyy-steklyannyy-obogrevatel-arnhem-750w-wifi\/#breadcrumb\"},\"inLanguage\":\"es\",\"potentialAction\":[{\"@type\":\"ReadAction\",\"target\":[\"https:\/\/brunellostore.es\/product\/infrakrasnyy-steklyannyy-obogrevatel-arnhem-750w-wifi\/\"]}]},{\"@type\":\"ImageObject\",\"inLanguage\":\"es\",\"@id\":\"https:\/\/brunellostore.es\/product\/infrakrasnyy-steklyannyy-obogrevatel-arnhem-750w-wifi\/#primaryimage\",\"url\":\"https:\/\/brunellostore.es\/wp-content\/uploads\/2024\/12\/grzejnik-szklany-arnhem-750w-wifi-white.jpg\",\"contentUrl\":\"https:\/\/brunellostore.es\/wp-content\/uploads\/2024\/12\/grzejnik-szklany-arnhem-750w-wifi-white.jpg\",\"width\":800,\"height\":800},{\"@type\":\"BreadcrumbList\",\"@id\":\"https:\/\/brunellostore.es\/product\/infrakrasnyy-steklyannyy-obogrevatel-arnhem-750w-wifi\/#breadcrumb\",\"itemListElement\":[{\"@type\":\"ListItem\",\"position\":1,\"name\":\"Home\",\"item\":\"https:\/\/brunellostore.es\/\"},{\"@type\":\"ListItem\",\"position\":2,\"name\":\"\u041c\u0430\u0433\u0430\u0437\u0438\u043d\",\"item\":\"https:\/\/brunellostore.es\/shop\/\"},{\"@type\":\"ListItem\",\"position\":3,\"name\":\"\u0418\u043d\u0444\u0440\u0430\u043a\u0440\u0430\u0441\u043d\u044b\u0439 \u0441\u0442\u0435\u043a\u043b\u044f\u043d\u043d\u044b\u0439 \u043e\u0431\u043e\u0433\u0440\u0435\u0432\u0430\u0442\u0435\u043b\u044c Arnhem 750 \u0412\u0442 WiFi\"}]},{\"@type\":\"WebSite\",\"@id\":\"https:\/\/brunellostore.es\/#website\",\"url\":\"https:\/\/brunellostore.es\/\",\"name\":\"brunellostore.es\",\"description\":\"\",\"publisher\":{\"@id\":\"https:\/\/brunellostore.es\/#organization\"},\"potentialAction\":[{\"@type\":\"SearchAction\",\"target\":{\"@type\":\"EntryPoint\",\"urlTemplate\":\"https:\/\/brunellostore.es\/?s={search_term_string}\"},\"query-input\":{\"@type\":\"PropertyValueSpecification\",\"valueRequired\":true,\"valueName\":\"search_term_string\"}}],\"inLanguage\":\"es\"},{\"@type\":\"Organization\",\"@id\":\"https:\/\/brunellostore.es\/#organization\",\"name\":\"brunellostore.es\",\"url\":\"https:\/\/brunellostore.es\/\",\"logo\":{\"@type\":\"ImageObject\",\"inLanguage\":\"es\",\"@id\":\"https:\/\/brunellostore.es\/#\/schema\/logo\/image\/\",\"url\":\"https:\/\/brunellostore.es\/wp-content\/uploads\/2024\/09\/Brunello-logo.png\",\"contentUrl\":\"https:\/\/brunellostore.es\/wp-content\/uploads\/2024\/09\/Brunello-logo.png\",\"width\":924,\"height\":240,\"caption\":\"brunellostore.es\"},\"image\":{\"@id\":\"https:\/\/brunellostore.es\/#\/schema\/logo\/image\/\"}}]}<\/script>\n<!-- \/ Yoast SEO plugin. -->","yoast_head_json":{"title":"\u0418\u043d\u0444\u0440\u0430\u043a\u0440\u0430\u0441\u043d\u044b\u0439 \u0441\u0442\u0435\u043a\u043b\u044f\u043d\u043d\u044b\u0439 \u043e\u0431\u043e\u0433\u0440\u0435\u0432\u0430\u0442\u0435\u043b\u044c Arnhem 750 \u0412\u0442 WiFi - brunellostore.es","robots":{"index":"index","follow":"follow","max-snippet":"max-snippet:-1","max-image-preview":"max-image-preview:large","max-video-preview":"max-video-preview:-1"},"canonical":"https:\/\/brunellostore.es\/es\/producto\/infrakrasnyy-steklyannyy-obogrevatel-arnhem-750w-wifi\/","og_locale":"es_ES","og_type":"article","og_title":"\u0418\u043d\u0444\u0440\u0430\u043a\u0440\u0430\u0441\u043d\u044b\u0439 \u0441\u0442\u0435\u043a\u043b\u044f\u043d\u043d\u044b\u0439 \u043e\u0431\u043e\u0433\u0440\u0435\u0432\u0430\u0442\u0435\u043b\u044c Arnhem 750 \u0412\u0442 WiFi - brunellostore.es","og_description":"\u0421\u0442\u0435\u043a\u043b\u044f\u043d\u043d\u044b\u0439 \u0438\u043d\u0444\u0440\u0430\u043a\u0440\u0430\u0441\u043d\u044b\u0439 \u043e\u0431\u043e\u0433\u0440\u0435\u0432\u0430\u0442\u0435\u043b\u044c Arnhem 750W WiFi - \u044d\u0442\u043e \u0441\u043e\u0432\u0440\u0435\u043c\u0435\u043d\u043d\u0430\u044f \u043e\u0442\u043e\u043f\u0438\u0442\u0435\u043b\u044c\u043d\u0430\u044f \u043f\u0430\u043d\u0435\u043b\u044c, \u0441\u043e\u0447\u0435\u0442\u0430\u044e\u0449\u0430\u044f \u0432 \u0441\u0435\u0431\u0435 \u0432\u044b\u0441\u043e\u043a\u0443\u044e \u043f\u0440\u043e\u0438\u0437\u0432\u043e\u0434\u0438\u0442\u0435\u043b\u044c\u043d\u043e\u0441\u0442\u044c \u0438 \u0441\u043e\u0432\u0440\u0435\u043c\u0435\u043d\u043d\u044b\u0439 \u0434\u0438\u0437\u0430\u0439\u043d. \u041c\u043e\u0449\u043d\u043e\u0441\u0442\u044c 750 \u0412\u0442 \u0434\u0435\u043b\u0430\u0435\u0442 \u0435\u0433\u043e \u0438\u0434\u0435\u0430\u043b\u044c\u043d\u044b\u043c \u0434\u043b\u044f \u043e\u0431\u043e\u0433\u0440\u0435\u0432\u0430 \u043f\u043e\u043c\u0435\u0449\u0435\u043d\u0438\u0439 \u043f\u043b\u043e\u0449\u0430\u0434\u044c\u044e \u0434\u043e 20 \u043c\u00b2.","og_url":"https:\/\/brunellostore.es\/es\/producto\/infrakrasnyy-steklyannyy-obogrevatel-arnhem-750w-wifi\/","og_site_name":"brunellostore.es","article_modified_time":"2024-12-01T20:43:45+00:00","og_image":[{"width":800,"height":800,"url":"https:\/\/brunellostore.es\/wp-content\/uploads\/2024\/12\/grzejnik-szklany-arnhem-750w-wifi-white.jpg","type":"image\/jpeg"}],"twitter_card":"summary_large_image","twitter_misc":{"Tiempo de lectura":"2 minutos"},"schema":{"@context":"https:\/\/schema.org","@graph":[{"@type":"WebPage","@id":"https:\/\/brunellostore.es\/product\/infrakrasnyy-steklyannyy-obogrevatel-arnhem-750w-wifi\/","url":"https:\/\/brunellostore.es\/product\/infrakrasnyy-steklyannyy-obogrevatel-arnhem-750w-wifi\/","name":"\u0418\u043d\u0444\u0440\u0430\u043a\u0440\u0430\u0441\u043d\u044b\u0439 \u0441\u0442\u0435\u043a\u043b\u044f\u043d\u043d\u044b\u0439 \u043e\u0431\u043e\u0433\u0440\u0435\u0432\u0430\u0442\u0435\u043b\u044c Arnhem 750 \u0412\u0442 WiFi - brunellostore.es","isPartOf":{"@id":"https:\/\/brunellostore.es\/#website"},"primaryImageOfPage":{"@id":"https:\/\/brunellostore.es\/product\/infrakrasnyy-steklyannyy-obogrevatel-arnhem-750w-wifi\/#primaryimage"},"image":{"@id":"https:\/\/brunellostore.es\/product\/infrakrasnyy-steklyannyy-obogrevatel-arnhem-750w-wifi\/#primaryimage"},"thumbnailUrl":"https:\/\/brunellostore.es\/wp-content\/uploads\/2024\/12\/grzejnik-szklany-arnhem-750w-wifi-white.jpg","datePublished":"2024-12-01T20:35:06+00:00","dateModified":"2024-12-01T20:43:45+00:00","breadcrumb":{"@id":"https:\/\/brunellostore.es\/product\/infrakrasnyy-steklyannyy-obogrevatel-arnhem-750w-wifi\/#breadcrumb"},"inLanguage":"es","potentialAction":[{"@type":"ReadAction","target":["https:\/\/brunellostore.es\/product\/infrakrasnyy-steklyannyy-obogrevatel-arnhem-750w-wifi\/"]}]},{"@type":"ImageObject","inLanguage":"es","@id":"https:\/\/brunellostore.es\/product\/infrakrasnyy-steklyannyy-obogrevatel-arnhem-750w-wifi\/#primaryimage","url":"https:\/\/brunellostore.es\/wp-content\/uploads\/2024\/12\/grzejnik-szklany-arnhem-750w-wifi-white.jpg","contentUrl":"https:\/\/brunellostore.es\/wp-content\/uploads\/2024\/12\/grzejnik-szklany-arnhem-750w-wifi-white.jpg","width":800,"height":800},{"@type":"BreadcrumbList","@id":"https:\/\/brunellostore.es\/product\/infrakrasnyy-steklyannyy-obogrevatel-arnhem-750w-wifi\/#breadcrumb","itemListElement":[{"@type":"ListItem","position":1,"name":"Home","item":"https:\/\/brunellostore.es\/"},{"@type":"ListItem","position":2,"name":"\u041c\u0430\u0433\u0430\u0437\u0438\u043d","item":"https:\/\/brunellostore.es\/shop\/"},{"@type":"ListItem","position":3,"name":"\u0418\u043d\u0444\u0440\u0430\u043a\u0440\u0430\u0441\u043d\u044b\u0439 \u0441\u0442\u0435\u043a\u043b\u044f\u043d\u043d\u044b\u0439 \u043e\u0431\u043e\u0433\u0440\u0435\u0432\u0430\u0442\u0435\u043b\u044c Arnhem 750 \u0412\u0442 WiFi"}]},{"@type":"WebSite","@id":"https:\/\/brunellostore.es\/#website","url":"https:\/\/brunellostore.es\/","name":"brunellostore.es","description":"","publisher":{"@id":"https:\/\/brunellostore.es\/#organization"},"potentialAction":[{"@type":"SearchAction","target":{"@type":"EntryPoint","urlTemplate":"https:\/\/brunellostore.es\/?s={search_term_string}"},"query-input":{"@type":"PropertyValueSpecification","valueRequired":true,"valueName":"search_term_string"}}],"inLanguage":"es"},{"@type":"Organization","@id":"https:\/\/brunellostore.es\/#organization","name":"brunellostore.es","url":"https:\/\/brunellostore.es\/","logo":{"@type":"ImageObject","inLanguage":"es","@id":"https:\/\/brunellostore.es\/#\/schema\/logo\/image\/","url":"https:\/\/brunellostore.es\/wp-content\/uploads\/2024\/09\/Brunello-logo.png","contentUrl":"https:\/\/brunellostore.es\/wp-content\/uploads\/2024\/09\/Brunello-logo.png","width":924,"height":240,"caption":"brunellostore.es"},"image":{"@id":"https:\/\/brunellostore.es\/#\/schema\/logo\/image\/"}}]}},"_links":{"self":[{"href":"https:\/\/brunellostore.es\/es\/wp-json\/wp\/v2\/product\/28764","targetHints":{"allow":["GET"]}}],"collection":[{"href":"https:\/\/brunellostore.es\/es\/wp-json\/wp\/v2\/product"}],"about":[{"href":"https:\/\/brunellostore.es\/es\/wp-json\/wp\/v2\/types\/product"}],"replies":[{"embeddable":true,"href":"https:\/\/brunellostore.es\/es\/wp-json\/wp\/v2\/comments?post=28764"}],"version-history":[{"count":5,"href":"https:\/\/brunellostore.es\/es\/wp-json\/wp\/v2\/product\/28764\/revisions"}],"predecessor-version":[{"id":28776,"href":"https:\/\/brunellostore.es\/es\/wp-json\/wp\/v2\/product\/28764\/revisions\/28776"}],"wp:featuredmedia":[{"embeddable":true,"href":"https:\/\/brunellostore.es\/es\/wp-json\/wp\/v2\/media\/28766"}],"wp:attachment":[{"href":"https:\/\/brunellostore.es\/es\/wp-json\/wp\/v2\/media?parent=28764"}],"wp:term":[{"taxonomy":"product_brand","embeddable":true,"href":"https:\/\/brunellostore.es\/es\/wp-json\/wp\/v2\/product_brand?post=28764"},{"taxonomy":"product_cat","embeddable":true,"href":"https:\/\/brunellostore.es\/es\/wp-json\/wp\/v2\/product_cat?post=28764"},{"taxonomy":"product_tag","embeddable":true,"href":"https:\/\/brunellostore.es\/es\/wp-json\/wp\/v2\/product_tag?post=28764"}],"curies":[{"name":"wp","href":"https:\/\/api.w.org\/{rel}","templated":true}]}}