{"id":28840,"date":"2024-12-02T21:49:09","date_gmt":"2024-12-02T20:49:09","guid":{"rendered":"https:\/\/brunellostore.es\/?post_type=product&#038;p=28840"},"modified":"2024-12-17T03:30:59","modified_gmt":"2024-12-17T02:30:59","slug":"skrytyy-plintus-alyuminiyevyy-priyamkov-sintezal-r-118","status":"publish","type":"product","link":"https:\/\/brunellostore.es\/es\/producto\/skrytyy-plintus-alyuminiyevyy-priyamkov-sintezal-r-118\/","title":{"rendered":"Z\u00f3calo oculto z\u00f3calo de aluminio para fosos poco profundos P-118"},"content":{"rendered":"<div data-elementor-type=\"wp-post\" data-elementor-id=\"28840\" class=\"elementor elementor-28840\">\n\t\t\t\t<div class=\"elementor-element elementor-element-8fe9a00 e-flex e-con-boxed e-con e-parent\" data-id=\"8fe9a00\" data-element_type=\"container\">\n\t\t\t\t\t<div class=\"e-con-inner\">\n\t\t<div class=\"elementor-element elementor-element-430e551 e-con-full e-flex e-con e-child\" data-id=\"430e551\" data-element_type=\"container\">\n\t\t\t\t<div class=\"elementor-element elementor-element-05c1d79 elementor-widget elementor-widget-wd_text_block\" data-id=\"05c1d79\" data-element_type=\"widget\" data-widget_type=\"wd_text_block.default\">\n\t\t\t\t<div class=\"elementor-widget-container\">\n\t\t\t\t\t\t\t<div class=\"wd-text-block reset-last-child text-left\">\n\t\t\t\n\t\t\t<h3>Z\u00f3calo oculto z\u00f3calo de aluminio para fosos poco profundos P-118<\/h3><p>El rodapi\u00e9 de aluminio enrasado P-118 ha sido desarrollado en respuesta a numerosas peticiones de nuestros clientes y est\u00e1 dise\u00f1ado para su instalaci\u00f3n en una fosa poco profunda. Hemos reducido la profundidad del rodapi\u00e9 de los 15 mm. est\u00e1ndar a 8 mm, lo que permite utilizar este rodapi\u00e9 en obras en las que no es posible crear una ranura profunda en las paredes.<\/p><p>El rodapi\u00e9 crea una cavidad de 80x6 mm que puede rellenarse con diversos insertos o actuar como elemento independiente. El rodapi\u00e9 de aluminio queda totalmente oculto bajo el enlucido en toda la l\u00ednea de uni\u00f3n con la pared, gracias a la forma especial de la pieza de montaje.<\/p>\n\t\t\t\t\t<\/div>\n\t\t\t\t\t\t<\/div>\n\t\t\t\t<\/div>\n\t\t\t\t<\/div>\n\t\t<div class=\"elementor-element elementor-element-c189e30 e-con-full e-flex e-con e-child\" data-id=\"c189e30\" data-element_type=\"container\">\n\t\t\t\t<div class=\"elementor-element elementor-element-a18d0ec elementor-widget elementor-widget-wd_text_block\" data-id=\"a18d0ec\" data-element_type=\"widget\" data-widget_type=\"wd_text_block.default\">\n\t\t\t\t<div class=\"elementor-widget-container\">\n\t\t\t\t\t\t\t<div class=\"wd-text-block reset-last-child text-left\">\n\t\t\t\n\t\t\t<p>La altura est\u00e1ndar de la fosa del rodapi\u00e9 (80 mm) puede reducirse fresando la parte inferior del perfil. Es posible aumentar la altura de la fosa colocando el rodapi\u00e9 a cierta altura del suelo, este m\u00e9todo es aceptable s\u00f3lo si la fosa est\u00e1 cubierta por un inserto. Se trata de un nuevo modelo exclusivo de z\u00f3calo de aluminio empotrado fabricado por nosotros.<\/p>\n\t\t\t\t\t<\/div>\n\t\t\t\t\t\t<\/div>\n\t\t\t\t<\/div>\n\t\t\t\t<\/div>\n\t\t<div class=\"elementor-element elementor-element-cd2d9d5 e-con-full e-flex e-con e-child\" data-id=\"cd2d9d5\" data-element_type=\"container\">\n\t\t\t\t<div class=\"elementor-element elementor-element-637df21 elementor-widget elementor-widget-wd_text_block\" data-id=\"637df21\" data-element_type=\"widget\" data-widget_type=\"wd_text_block.default\">\n\t\t\t\t<div class=\"elementor-widget-container\">\n\t\t\t\t\t\t\t<div class=\"wd-text-block reset-last-child text-left\">\n\t\t\t\n\t\t\t<h4>Dimensiones generales<\/h4><p>Material: Aluminio<br \/>Anchura: 8 mm<br \/>Color: plata\u00a0<br \/>N\u00famero de canales para cables: Sin canales para cables<br \/>Longitud: 2500 mm<br \/>Tipo de z\u00f3calo: Instalaci\u00f3n oculta<br \/>Revestimiento: Sin revestimiento<br \/>Altura: 80 mm<\/p>\n\t\t\t\t\t<\/div>\n\t\t\t\t\t\t<\/div>\n\t\t\t\t<\/div>\n\t\t\t\t<\/div>\n\t\t\t\t\t<\/div>\n\t\t\t\t<\/div>\n\t\t\t\t<\/div>","protected":false},"excerpt":{"rendered":"<p>El rodapi\u00e9 de aluminio enrasado P-118 ha sido desarrollado en respuesta a numerosas peticiones de nuestros clientes y est\u00e1 dise\u00f1ado para su instalaci\u00f3n en una fosa poco profunda. Hemos reducido la profundidad del rodapi\u00e9 de los 15 mm. est\u00e1ndar a 8 mm, lo que permite utilizar este rodapi\u00e9 en obras en las que no es posible crear una ranura profunda en las paredes.<\/p>","protected":false},"featured_media":28841,"comment_status":"open","ping_status":"closed","template":"","meta":[],"product_brand":[],"product_cat":[29],"product_tag":[],"class_list":{"0":"post-28840","1":"product","2":"type-product","3":"status-publish","4":"has-post-thumbnail","6":"product_cat-plintus","8":"first","9":"instock","10":"shipping-taxable","11":"purchasable","12":"product-type-simple"},"yoast_head":"<!-- This site is optimized with the Yoast SEO plugin v26.5 - https:\/\/yoast.com\/wordpress\/plugins\/seo\/ -->\n<title>\u0421\u043a\u0440\u044b\u0442\u044b\u0439 \u043f\u043b\u0438\u043d\u0442\u0443\u0441 \u0430\u043b\u044e\u043c\u0438\u043d\u0438\u0435\u0432\u044b\u0439 \u043f\u043b\u0438\u043d\u0442\u0443\u0441 \u0434\u043b\u044f \u043d\u0435\u0433\u043b\u0443\u0431\u043e\u043a\u0438\u0445 \u043f\u0440\u0438\u044f\u043c\u043a\u043e\u0432 Sintezal \u0420-118 - brunellostore.es<\/title>\n<meta name=\"robots\" content=\"index, follow, max-snippet:-1, max-image-preview:large, max-video-preview:-1\" \/>\n<link rel=\"canonical\" href=\"https:\/\/brunellostore.es\/es\/producto\/skrytyy-plintus-alyuminiyevyy-priyamkov-sintezal-r-118\/\" \/>\n<meta property=\"og:locale\" content=\"es_ES\" \/>\n<meta property=\"og:type\" content=\"article\" \/>\n<meta property=\"og:title\" content=\"\u0421\u043a\u0440\u044b\u0442\u044b\u0439 \u043f\u043b\u0438\u043d\u0442\u0443\u0441 \u0430\u043b\u044e\u043c\u0438\u043d\u0438\u0435\u0432\u044b\u0439 \u043f\u043b\u0438\u043d\u0442\u0443\u0441 \u0434\u043b\u044f \u043d\u0435\u0433\u043b\u0443\u0431\u043e\u043a\u0438\u0445 \u043f\u0440\u0438\u044f\u043c\u043a\u043e\u0432 Sintezal \u0420-118 - brunellostore.es\" \/>\n<meta property=\"og:description\" content=\"\u0410\u043b\u044e\u043c\u0438\u043d\u0438\u0435\u0432\u044b\u0439 \u043f\u043b\u0438\u043d\u0442\u0443\u0441 \u0441\u043a\u0440\u044b\u0442\u043e\u0433\u043e \u043c\u043e\u043d\u0442\u0430\u0436\u0430 Sintezal P-118 \u0440\u0430\u0437\u0440\u0430\u0431\u043e\u0442\u0430\u043d \u043f\u043e \u043c\u043d\u043e\u0433\u043e\u0447\u0438\u0441\u043b\u0435\u043d\u043d\u044b\u043c \u043f\u0440\u043e\u0441\u044c\u0431\u0430\u043c \u043d\u0430\u0448\u0438\u0445 \u043a\u043b\u0438\u0435\u043d\u0442\u043e\u0432 \u0438 \u043f\u0440\u0435\u0434\u043d\u0430\u0437\u043d\u0430\u0447\u0435\u043d \u0434\u043b\u044f \u0443\u0441\u0442\u0430\u043d\u043e\u0432\u043a\u0438 \u0432 \u043f\u0440\u0438\u044f\u043c\u043e\u043a \u043d\u0435\u0431\u043e\u043b\u044c\u0448\u043e\u0439 \u0433\u043b\u0443\u0431\u0438\u043d\u044b. \u041c\u044b \u0443\u043c\u0435\u043d\u044c\u0448\u0438\u043b\u0438 \u0433\u043b\u0443\u0431\u0438\u043d\u0443 \u0437\u0430\u043b\u0435\u0433\u0430\u043d\u0438\u044f \u043f\u043b\u0438\u043d\u0442\u0443\u0441\u0430 \u0441\u043e \u0441\u0442\u0430\u043d\u0434\u0430\u0440\u0442\u043d\u044b\u043c 15 \u043c\u043c. \u0434\u043e 8 \u043c\u043c, \u044d\u0442\u043e \u0434\u0430\u0435\u0442 \u0432\u043e\u0437\u043c\u043e\u0436\u043d\u043e\u0441\u0442\u044c \u0438\u0441\u043f\u043e\u043b\u044c\u0437\u043e\u0432\u0430\u043d\u0438\u044f \u0442\u0430\u043a\u043e\u0433\u043e \u043f\u043b\u0438\u043d\u0442\u0443\u0441\u0430 \u043d\u0430 \u043e\u0431\u044a\u0435\u043a\u0442\u0430\u0445, \u0433\u0434\u0435 \u043d\u0435\u0442 \u0432\u043e\u0437\u043c\u043e\u0436\u043d\u043e\u0441\u0442\u0438 \u0441\u043e\u0437\u0434\u0430\u0442\u044c \u0433\u043b\u0443\u0431\u043e\u043a\u0438\u0439 \u043f\u0430\u0437 \u0432 \u0441\u0442\u0435\u043d\u0430\u0445.\" \/>\n<meta property=\"og:url\" content=\"https:\/\/brunellostore.es\/es\/producto\/skrytyy-plintus-alyuminiyevyy-priyamkov-sintezal-r-118\/\" \/>\n<meta property=\"og:site_name\" content=\"brunellostore.es\" \/>\n<meta property=\"article:modified_time\" content=\"2024-12-17T02:30:59+00:00\" \/>\n<meta property=\"og:image\" content=\"https:\/\/brunellostore.es\/wp-content\/uploads\/2024\/12\/P-118.webp\" \/>\n\t<meta property=\"og:image:width\" content=\"500\" \/>\n\t<meta property=\"og:image:height\" content=\"500\" \/>\n\t<meta property=\"og:image:type\" content=\"image\/webp\" \/>\n<meta name=\"twitter:card\" content=\"summary_large_image\" \/>\n<meta name=\"twitter:label1\" content=\"Tiempo de lectura\" \/>\n\t<meta name=\"twitter:data1\" content=\"2 minutos\" \/>\n<script type=\"application\/ld+json\" class=\"yoast-schema-graph\">{\"@context\":\"https:\/\/schema.org\",\"@graph\":[{\"@type\":\"WebPage\",\"@id\":\"https:\/\/brunellostore.es\/product\/skrytyy-plintus-alyuminiyevyy-priyamkov-sintezal-r-118\/\",\"url\":\"https:\/\/brunellostore.es\/product\/skrytyy-plintus-alyuminiyevyy-priyamkov-sintezal-r-118\/\",\"name\":\"\u0421\u043a\u0440\u044b\u0442\u044b\u0439 \u043f\u043b\u0438\u043d\u0442\u0443\u0441 \u0430\u043b\u044e\u043c\u0438\u043d\u0438\u0435\u0432\u044b\u0439 \u043f\u043b\u0438\u043d\u0442\u0443\u0441 \u0434\u043b\u044f \u043d\u0435\u0433\u043b\u0443\u0431\u043e\u043a\u0438\u0445 \u043f\u0440\u0438\u044f\u043c\u043a\u043e\u0432 Sintezal \u0420-118 - brunellostore.es\",\"isPartOf\":{\"@id\":\"https:\/\/brunellostore.es\/#website\"},\"primaryImageOfPage\":{\"@id\":\"https:\/\/brunellostore.es\/product\/skrytyy-plintus-alyuminiyevyy-priyamkov-sintezal-r-118\/#primaryimage\"},\"image\":{\"@id\":\"https:\/\/brunellostore.es\/product\/skrytyy-plintus-alyuminiyevyy-priyamkov-sintezal-r-118\/#primaryimage\"},\"thumbnailUrl\":\"https:\/\/brunellostore.es\/wp-content\/uploads\/2024\/12\/P-118.webp\",\"datePublished\":\"2024-12-02T20:49:09+00:00\",\"dateModified\":\"2024-12-17T02:30:59+00:00\",\"breadcrumb\":{\"@id\":\"https:\/\/brunellostore.es\/product\/skrytyy-plintus-alyuminiyevyy-priyamkov-sintezal-r-118\/#breadcrumb\"},\"inLanguage\":\"es\",\"potentialAction\":[{\"@type\":\"ReadAction\",\"target\":[\"https:\/\/brunellostore.es\/product\/skrytyy-plintus-alyuminiyevyy-priyamkov-sintezal-r-118\/\"]}]},{\"@type\":\"ImageObject\",\"inLanguage\":\"es\",\"@id\":\"https:\/\/brunellostore.es\/product\/skrytyy-plintus-alyuminiyevyy-priyamkov-sintezal-r-118\/#primaryimage\",\"url\":\"https:\/\/brunellostore.es\/wp-content\/uploads\/2024\/12\/P-118.webp\",\"contentUrl\":\"https:\/\/brunellostore.es\/wp-content\/uploads\/2024\/12\/P-118.webp\",\"width\":500,\"height\":500},{\"@type\":\"BreadcrumbList\",\"@id\":\"https:\/\/brunellostore.es\/product\/skrytyy-plintus-alyuminiyevyy-priyamkov-sintezal-r-118\/#breadcrumb\",\"itemListElement\":[{\"@type\":\"ListItem\",\"position\":1,\"name\":\"Home\",\"item\":\"https:\/\/brunellostore.es\/\"},{\"@type\":\"ListItem\",\"position\":2,\"name\":\"\u041c\u0430\u0433\u0430\u0437\u0438\u043d\",\"item\":\"https:\/\/brunellostore.es\/shop\/\"},{\"@type\":\"ListItem\",\"position\":3,\"name\":\"\u0421\u043a\u0440\u044b\u0442\u044b\u0439 \u043f\u043b\u0438\u043d\u0442\u0443\u0441 \u0430\u043b\u044e\u043c\u0438\u043d\u0438\u0435\u0432\u044b\u0439 \u043f\u043b\u0438\u043d\u0442\u0443\u0441 \u0434\u043b\u044f \u043d\u0435\u0433\u043b\u0443\u0431\u043e\u043a\u0438\u0445 \u043f\u0440\u0438\u044f\u043c\u043a\u043e\u0432 Sintezal \u0420-118\"}]},{\"@type\":\"WebSite\",\"@id\":\"https:\/\/brunellostore.es\/#website\",\"url\":\"https:\/\/brunellostore.es\/\",\"name\":\"brunellostore.es\",\"description\":\"\",\"publisher\":{\"@id\":\"https:\/\/brunellostore.es\/#organization\"},\"potentialAction\":[{\"@type\":\"SearchAction\",\"target\":{\"@type\":\"EntryPoint\",\"urlTemplate\":\"https:\/\/brunellostore.es\/?s={search_term_string}\"},\"query-input\":{\"@type\":\"PropertyValueSpecification\",\"valueRequired\":true,\"valueName\":\"search_term_string\"}}],\"inLanguage\":\"es\"},{\"@type\":\"Organization\",\"@id\":\"https:\/\/brunellostore.es\/#organization\",\"name\":\"brunellostore.es\",\"url\":\"https:\/\/brunellostore.es\/\",\"logo\":{\"@type\":\"ImageObject\",\"inLanguage\":\"es\",\"@id\":\"https:\/\/brunellostore.es\/#\/schema\/logo\/image\/\",\"url\":\"https:\/\/brunellostore.es\/wp-content\/uploads\/2024\/09\/Brunello-logo.png\",\"contentUrl\":\"https:\/\/brunellostore.es\/wp-content\/uploads\/2024\/09\/Brunello-logo.png\",\"width\":924,\"height\":240,\"caption\":\"brunellostore.es\"},\"image\":{\"@id\":\"https:\/\/brunellostore.es\/#\/schema\/logo\/image\/\"}}]}<\/script>\n<!-- \/ Yoast SEO plugin. -->","yoast_head_json":{"title":"\u0421\u043a\u0440\u044b\u0442\u044b\u0439 \u043f\u043b\u0438\u043d\u0442\u0443\u0441 \u0430\u043b\u044e\u043c\u0438\u043d\u0438\u0435\u0432\u044b\u0439 \u043f\u043b\u0438\u043d\u0442\u0443\u0441 \u0434\u043b\u044f \u043d\u0435\u0433\u043b\u0443\u0431\u043e\u043a\u0438\u0445 \u043f\u0440\u0438\u044f\u043c\u043a\u043e\u0432 Sintezal \u0420-118 - brunellostore.es","robots":{"index":"index","follow":"follow","max-snippet":"max-snippet:-1","max-image-preview":"max-image-preview:large","max-video-preview":"max-video-preview:-1"},"canonical":"https:\/\/brunellostore.es\/es\/producto\/skrytyy-plintus-alyuminiyevyy-priyamkov-sintezal-r-118\/","og_locale":"es_ES","og_type":"article","og_title":"\u0421\u043a\u0440\u044b\u0442\u044b\u0439 \u043f\u043b\u0438\u043d\u0442\u0443\u0441 \u0430\u043b\u044e\u043c\u0438\u043d\u0438\u0435\u0432\u044b\u0439 \u043f\u043b\u0438\u043d\u0442\u0443\u0441 \u0434\u043b\u044f \u043d\u0435\u0433\u043b\u0443\u0431\u043e\u043a\u0438\u0445 \u043f\u0440\u0438\u044f\u043c\u043a\u043e\u0432 Sintezal \u0420-118 - brunellostore.es","og_description":"\u0410\u043b\u044e\u043c\u0438\u043d\u0438\u0435\u0432\u044b\u0439 \u043f\u043b\u0438\u043d\u0442\u0443\u0441 \u0441\u043a\u0440\u044b\u0442\u043e\u0433\u043e \u043c\u043e\u043d\u0442\u0430\u0436\u0430 Sintezal P-118 \u0440\u0430\u0437\u0440\u0430\u0431\u043e\u0442\u0430\u043d \u043f\u043e \u043c\u043d\u043e\u0433\u043e\u0447\u0438\u0441\u043b\u0435\u043d\u043d\u044b\u043c \u043f\u0440\u043e\u0441\u044c\u0431\u0430\u043c \u043d\u0430\u0448\u0438\u0445 \u043a\u043b\u0438\u0435\u043d\u0442\u043e\u0432 \u0438 \u043f\u0440\u0435\u0434\u043d\u0430\u0437\u043d\u0430\u0447\u0435\u043d \u0434\u043b\u044f \u0443\u0441\u0442\u0430\u043d\u043e\u0432\u043a\u0438 \u0432 \u043f\u0440\u0438\u044f\u043c\u043e\u043a \u043d\u0435\u0431\u043e\u043b\u044c\u0448\u043e\u0439 \u0433\u043b\u0443\u0431\u0438\u043d\u044b. \u041c\u044b \u0443\u043c\u0435\u043d\u044c\u0448\u0438\u043b\u0438 \u0433\u043b\u0443\u0431\u0438\u043d\u0443 \u0437\u0430\u043b\u0435\u0433\u0430\u043d\u0438\u044f \u043f\u043b\u0438\u043d\u0442\u0443\u0441\u0430 \u0441\u043e \u0441\u0442\u0430\u043d\u0434\u0430\u0440\u0442\u043d\u044b\u043c 15 \u043c\u043c. \u0434\u043e 8 \u043c\u043c, \u044d\u0442\u043e \u0434\u0430\u0435\u0442 \u0432\u043e\u0437\u043c\u043e\u0436\u043d\u043e\u0441\u0442\u044c \u0438\u0441\u043f\u043e\u043b\u044c\u0437\u043e\u0432\u0430\u043d\u0438\u044f \u0442\u0430\u043a\u043e\u0433\u043e \u043f\u043b\u0438\u043d\u0442\u0443\u0441\u0430 \u043d\u0430 \u043e\u0431\u044a\u0435\u043a\u0442\u0430\u0445, \u0433\u0434\u0435 \u043d\u0435\u0442 \u0432\u043e\u0437\u043c\u043e\u0436\u043d\u043e\u0441\u0442\u0438 \u0441\u043e\u0437\u0434\u0430\u0442\u044c \u0433\u043b\u0443\u0431\u043e\u043a\u0438\u0439 \u043f\u0430\u0437 \u0432 \u0441\u0442\u0435\u043d\u0430\u0445.","og_url":"https:\/\/brunellostore.es\/es\/producto\/skrytyy-plintus-alyuminiyevyy-priyamkov-sintezal-r-118\/","og_site_name":"brunellostore.es","article_modified_time":"2024-12-17T02:30:59+00:00","og_image":[{"width":500,"height":500,"url":"https:\/\/brunellostore.es\/wp-content\/uploads\/2024\/12\/P-118.webp","type":"image\/webp"}],"twitter_card":"summary_large_image","twitter_misc":{"Tiempo de lectura":"2 minutos"},"schema":{"@context":"https:\/\/schema.org","@graph":[{"@type":"WebPage","@id":"https:\/\/brunellostore.es\/product\/skrytyy-plintus-alyuminiyevyy-priyamkov-sintezal-r-118\/","url":"https:\/\/brunellostore.es\/product\/skrytyy-plintus-alyuminiyevyy-priyamkov-sintezal-r-118\/","name":"\u0421\u043a\u0440\u044b\u0442\u044b\u0439 \u043f\u043b\u0438\u043d\u0442\u0443\u0441 \u0430\u043b\u044e\u043c\u0438\u043d\u0438\u0435\u0432\u044b\u0439 \u043f\u043b\u0438\u043d\u0442\u0443\u0441 \u0434\u043b\u044f \u043d\u0435\u0433\u043b\u0443\u0431\u043e\u043a\u0438\u0445 \u043f\u0440\u0438\u044f\u043c\u043a\u043e\u0432 Sintezal \u0420-118 - brunellostore.es","isPartOf":{"@id":"https:\/\/brunellostore.es\/#website"},"primaryImageOfPage":{"@id":"https:\/\/brunellostore.es\/product\/skrytyy-plintus-alyuminiyevyy-priyamkov-sintezal-r-118\/#primaryimage"},"image":{"@id":"https:\/\/brunellostore.es\/product\/skrytyy-plintus-alyuminiyevyy-priyamkov-sintezal-r-118\/#primaryimage"},"thumbnailUrl":"https:\/\/brunellostore.es\/wp-content\/uploads\/2024\/12\/P-118.webp","datePublished":"2024-12-02T20:49:09+00:00","dateModified":"2024-12-17T02:30:59+00:00","breadcrumb":{"@id":"https:\/\/brunellostore.es\/product\/skrytyy-plintus-alyuminiyevyy-priyamkov-sintezal-r-118\/#breadcrumb"},"inLanguage":"es","potentialAction":[{"@type":"ReadAction","target":["https:\/\/brunellostore.es\/product\/skrytyy-plintus-alyuminiyevyy-priyamkov-sintezal-r-118\/"]}]},{"@type":"ImageObject","inLanguage":"es","@id":"https:\/\/brunellostore.es\/product\/skrytyy-plintus-alyuminiyevyy-priyamkov-sintezal-r-118\/#primaryimage","url":"https:\/\/brunellostore.es\/wp-content\/uploads\/2024\/12\/P-118.webp","contentUrl":"https:\/\/brunellostore.es\/wp-content\/uploads\/2024\/12\/P-118.webp","width":500,"height":500},{"@type":"BreadcrumbList","@id":"https:\/\/brunellostore.es\/product\/skrytyy-plintus-alyuminiyevyy-priyamkov-sintezal-r-118\/#breadcrumb","itemListElement":[{"@type":"ListItem","position":1,"name":"Home","item":"https:\/\/brunellostore.es\/"},{"@type":"ListItem","position":2,"name":"\u041c\u0430\u0433\u0430\u0437\u0438\u043d","item":"https:\/\/brunellostore.es\/shop\/"},{"@type":"ListItem","position":3,"name":"\u0421\u043a\u0440\u044b\u0442\u044b\u0439 \u043f\u043b\u0438\u043d\u0442\u0443\u0441 \u0430\u043b\u044e\u043c\u0438\u043d\u0438\u0435\u0432\u044b\u0439 \u043f\u043b\u0438\u043d\u0442\u0443\u0441 \u0434\u043b\u044f \u043d\u0435\u0433\u043b\u0443\u0431\u043e\u043a\u0438\u0445 \u043f\u0440\u0438\u044f\u043c\u043a\u043e\u0432 Sintezal \u0420-118"}]},{"@type":"WebSite","@id":"https:\/\/brunellostore.es\/#website","url":"https:\/\/brunellostore.es\/","name":"brunellostore.es","description":"","publisher":{"@id":"https:\/\/brunellostore.es\/#organization"},"potentialAction":[{"@type":"SearchAction","target":{"@type":"EntryPoint","urlTemplate":"https:\/\/brunellostore.es\/?s={search_term_string}"},"query-input":{"@type":"PropertyValueSpecification","valueRequired":true,"valueName":"search_term_string"}}],"inLanguage":"es"},{"@type":"Organization","@id":"https:\/\/brunellostore.es\/#organization","name":"brunellostore.es","url":"https:\/\/brunellostore.es\/","logo":{"@type":"ImageObject","inLanguage":"es","@id":"https:\/\/brunellostore.es\/#\/schema\/logo\/image\/","url":"https:\/\/brunellostore.es\/wp-content\/uploads\/2024\/09\/Brunello-logo.png","contentUrl":"https:\/\/brunellostore.es\/wp-content\/uploads\/2024\/09\/Brunello-logo.png","width":924,"height":240,"caption":"brunellostore.es"},"image":{"@id":"https:\/\/brunellostore.es\/#\/schema\/logo\/image\/"}}]}},"_links":{"self":[{"href":"https:\/\/brunellostore.es\/es\/wp-json\/wp\/v2\/product\/28840","targetHints":{"allow":["GET"]}}],"collection":[{"href":"https:\/\/brunellostore.es\/es\/wp-json\/wp\/v2\/product"}],"about":[{"href":"https:\/\/brunellostore.es\/es\/wp-json\/wp\/v2\/types\/product"}],"replies":[{"embeddable":true,"href":"https:\/\/brunellostore.es\/es\/wp-json\/wp\/v2\/comments?post=28840"}],"version-history":[{"count":4,"href":"https:\/\/brunellostore.es\/es\/wp-json\/wp\/v2\/product\/28840\/revisions"}],"predecessor-version":[{"id":28845,"href":"https:\/\/brunellostore.es\/es\/wp-json\/wp\/v2\/product\/28840\/revisions\/28845"}],"wp:featuredmedia":[{"embeddable":true,"href":"https:\/\/brunellostore.es\/es\/wp-json\/wp\/v2\/media\/28841"}],"wp:attachment":[{"href":"https:\/\/brunellostore.es\/es\/wp-json\/wp\/v2\/media?parent=28840"}],"wp:term":[{"taxonomy":"product_brand","embeddable":true,"href":"https:\/\/brunellostore.es\/es\/wp-json\/wp\/v2\/product_brand?post=28840"},{"taxonomy":"product_cat","embeddable":true,"href":"https:\/\/brunellostore.es\/es\/wp-json\/wp\/v2\/product_cat?post=28840"},{"taxonomy":"product_tag","embeddable":true,"href":"https:\/\/brunellostore.es\/es\/wp-json\/wp\/v2\/product_tag?post=28840"}],"curies":[{"name":"wp","href":"https:\/\/api.w.org\/{rel}","templated":true}]}}