{"id":28874,"date":"2024-12-02T22:46:06","date_gmt":"2024-12-02T21:46:06","guid":{"rendered":"https:\/\/brunellostore.es\/?post_type=product&#038;p=28874"},"modified":"2025-06-29T22:09:34","modified_gmt":"2025-06-29T21:09:34","slug":"tonkiy-alyuminiyevyy-plintus-tenevogo-shva-p-117","status":"publish","type":"product","link":"https:\/\/brunellostore.es\/es\/producto\/tonkiy-alyuminiyevyy-plintus-tenevogo-shva-p-117\/","title":{"rendered":"P-117 rodapi\u00e9 fino de aluminio con junta de sombra"},"content":{"rendered":"<div data-elementor-type=\"wp-post\" data-elementor-id=\"28874\" class=\"elementor elementor-28874\">\n\t\t\t\t<div class=\"elementor-element elementor-element-8fe9a00 e-flex e-con-boxed e-con e-parent\" data-id=\"8fe9a00\" data-element_type=\"container\">\n\t\t\t\t\t<div class=\"e-con-inner\">\n\t\t<div class=\"elementor-element elementor-element-430e551 e-con-full e-flex e-con e-child\" data-id=\"430e551\" data-element_type=\"container\">\n\t\t\t\t<div class=\"elementor-element elementor-element-05c1d79 elementor-widget elementor-widget-wd_text_block\" data-id=\"05c1d79\" data-element_type=\"widget\" data-widget_type=\"wd_text_block.default\">\n\t\t\t\t<div class=\"elementor-widget-container\">\n\t\t\t\t\t\t\t<div class=\"wd-text-block reset-last-child text-left\">\n\t\t\t\n\t\t\t<h3>P-117 rodapi\u00e9 fino de aluminio con junta de sombra<\/h3><p>El rodapi\u00e9 integrado de aluminio con junta de sombra P-117 est\u00e1 dise\u00f1ado para montar l\u00e1minas de cart\u00f3n-yeso sobre \u00e9l, o para instalarlo en un foso preparado. Se trata de un nuevo modelo de nuestros rodapi\u00e9s de dise\u00f1o, que crea una fina ranura de sombra a lo largo de la l\u00ednea de uni\u00f3n entre la pared y el suelo. El dise\u00f1o del perfil no tiene elementos de fijaci\u00f3n empotrados, lo que facilita la instalaci\u00f3n del perfil al taladrar las paredes, ya que la cavidad se hace s\u00f3lo a la altura real del perfil. De este modo, no es necesario restaurar la l\u00ednea de uni\u00f3n entre la pared y el propio rodapi\u00e9 de aluminio.<\/p>\n\t\t\t\t\t<\/div>\n\t\t\t\t\t\t<\/div>\n\t\t\t\t<\/div>\n\t\t\t\t<\/div>\n\t\t<div class=\"elementor-element elementor-element-c189e30 e-con-full e-flex e-con e-child\" data-id=\"c189e30\" data-element_type=\"container\">\n\t\t\t\t<div class=\"elementor-element elementor-element-a18d0ec elementor-widget elementor-widget-wd_text_block\" data-id=\"a18d0ec\" data-element_type=\"widget\" data-widget_type=\"wd_text_block.default\">\n\t\t\t\t<div class=\"elementor-widget-container\">\n\t\t\t\t\t\t\t<div class=\"wd-text-block reset-last-child text-left\">\n\t\t\t\n\t\t\t<p>La anchura del borde de montaje en la parte superior del perfil es de 3 mm, es pr\u00e1cticamente invisible cuando se instala y crea una l\u00ednea limpia entre el perfil y las paredes. Este borde de montaje tambi\u00e9n cumple una funci\u00f3n protectora, ya que cubre de forma segura la junta entre el rodapi\u00e9 y la pared, lo que evita que se astille el acabado de la pared en caso de golpes accidentales. Este es uno de los modelos m\u00e1s nuevos de nuestros rodapi\u00e9s de aluminio empotrados.<\/p>\n\t\t\t\t\t<\/div>\n\t\t\t\t\t\t<\/div>\n\t\t\t\t<\/div>\n\t\t\t\t<\/div>\n\t\t<div class=\"elementor-element elementor-element-cd2d9d5 e-con-full e-flex e-con e-child\" data-id=\"cd2d9d5\" data-element_type=\"container\">\n\t\t\t\t<div class=\"elementor-element elementor-element-637df21 elementor-widget elementor-widget-wd_text_block\" data-id=\"637df21\" data-element_type=\"widget\" data-widget_type=\"wd_text_block.default\">\n\t\t\t\t<div class=\"elementor-widget-container\">\n\t\t\t\t\t\t\t<div class=\"wd-text-block reset-last-child text-left\">\n\t\t\t\n\t\t\t<h4>Dimensiones generales<\/h4><p>Material: Aluminio<br \/>Anchura: 10 mm<br \/>Color: plata\u00a0<br \/>N\u00famero de canales para cables: Sin canales para cables<br \/>Longitud: 2500 mm<br \/>Tipo de z\u00f3calo: Instalaci\u00f3n oculta<br \/>Revestimiento: Anodizado<br \/>Altura: 20 mm<\/p>\n\t\t\t\t\t<\/div>\n\t\t\t\t\t\t<\/div>\n\t\t\t\t<\/div>\n\t\t\t\t<\/div>\n\t\t\t\t\t<\/div>\n\t\t\t\t<\/div>\n\t\t\t\t<\/div>","protected":false},"excerpt":{"rendered":"<p>El z\u00f3calo empotrado de aluminio con junta oculta P-117 est\u00e1 dise\u00f1ado para instalar placas de yeso laminado sobre \u00e9l o para montarlo en un hueco preparado. Se trata de un nuevo modelo de nuestros z\u00f3calos de dise\u00f1o, que crea una fina junta oculta a lo largo de la l\u00ednea de uni\u00f3n entre las paredes y el suelo.<\/p>","protected":false},"featured_media":28875,"comment_status":"open","ping_status":"closed","template":"","meta":[],"product_brand":[],"product_cat":[29],"product_tag":[],"class_list":{"0":"post-28874","1":"product","2":"type-product","3":"status-publish","4":"has-post-thumbnail","6":"product_cat-plintus","8":"first","9":"instock","10":"shipping-taxable","11":"purchasable","12":"product-type-simple"},"yoast_head":"<!-- This site is optimized with the Yoast SEO plugin v26.5 - https:\/\/yoast.com\/wordpress\/plugins\/seo\/ -->\n<title>\u0422\u043e\u043d\u043a\u0438\u0439 \u0430\u043b\u044e\u043c\u0438\u043d\u0438\u0435\u0432\u044b\u0439 \u043f\u043b\u0438\u043d\u0442\u0443\u0441 \u0442\u0435\u043d\u0435\u0432\u043e\u0433\u043e \u0448\u0432\u0430 P-117 - brunellostore.es<\/title>\n<meta name=\"robots\" content=\"index, follow, max-snippet:-1, max-image-preview:large, max-video-preview:-1\" \/>\n<link rel=\"canonical\" href=\"https:\/\/brunellostore.es\/es\/producto\/tonkiy-alyuminiyevyy-plintus-tenevogo-shva-p-117\/\" \/>\n<meta property=\"og:locale\" content=\"es_ES\" \/>\n<meta property=\"og:type\" content=\"article\" \/>\n<meta property=\"og:title\" content=\"\u0422\u043e\u043d\u043a\u0438\u0439 \u0430\u043b\u044e\u043c\u0438\u043d\u0438\u0435\u0432\u044b\u0439 \u043f\u043b\u0438\u043d\u0442\u0443\u0441 \u0442\u0435\u043d\u0435\u0432\u043e\u0433\u043e \u0448\u0432\u0430 P-117 - brunellostore.es\" \/>\n<meta property=\"og:description\" content=\"\u0412\u0441\u0442\u0440\u043e\u0435\u043d\u043d\u044b\u0439 \u0430\u043b\u044e\u043c\u0438\u043d\u0438\u0435\u0432\u044b\u0439 \u043f\u043b\u0438\u043d\u0442\u0443\u0441 \u0442\u0435\u043d\u0435\u0432\u043e\u0433\u043e \u0448\u0432\u0430 P-117 \u043f\u0440\u0435\u0434\u043d\u0430\u0437\u043d\u0430\u0447\u0435\u043d \u0434\u043b\u044f \u0443\u0441\u0442\u0430\u043d\u043e\u0432\u043a\u0438 \u043d\u0430 \u043d\u0435\u0433\u043e \u043b\u0438\u0441\u0442\u043e\u0432 \u0433\u0438\u043f\u0441\u043e\u043a\u0430\u0440\u0442\u043e\u043d\u0430, \u0438\u043b\u0438 \u043c\u043e\u043d\u0442\u0430\u0436\u0430 \u0432 \u043f\u043e\u0434\u0433\u043e\u0442\u043e\u0432\u043b\u0435\u043d\u043d\u044b\u0439 \u043f\u0440\u0438\u044f\u043c\u043e\u043a. \u042d\u0442\u043e \u043d\u043e\u0432\u0430\u044f \u043c\u043e\u0434\u0435\u043b\u044c \u043d\u0430\u0448\u0438\u0445 \u0434\u0438\u0437\u0430\u0439\u043d\u0435\u0440\u0441\u043a\u0438\u0445 \u043f\u043b\u0438\u043d\u0442\u0443\u0441\u043e\u0432, \u0441\u043e\u0437\u0434\u0430\u044e\u0449\u0430\u044f \u0442\u043e\u043d\u043a\u0438\u0439 \u0442\u0435\u043d\u0435\u0432\u043e\u0439 \u043f\u0430\u0437 \u0432\u0434\u043e\u043b\u044c \u043b\u0438\u043d\u0438\u0438 \u0441\u043e\u0435\u0434\u0438\u043d\u0435\u043d\u0438\u044f \u0441\u0442\u0435\u043d \u0438 \u043f\u043e\u043b\u0430.\" \/>\n<meta property=\"og:url\" content=\"https:\/\/brunellostore.es\/es\/producto\/tonkiy-alyuminiyevyy-plintus-tenevogo-shva-p-117\/\" \/>\n<meta property=\"og:site_name\" content=\"brunellostore.es\" \/>\n<meta property=\"article:modified_time\" content=\"2025-06-29T21:09:34+00:00\" \/>\n<meta property=\"og:image\" content=\"https:\/\/brunellostore.es\/wp-content\/uploads\/2024\/12\/P-117.webp\" \/>\n\t<meta property=\"og:image:width\" content=\"500\" \/>\n\t<meta property=\"og:image:height\" content=\"500\" \/>\n\t<meta property=\"og:image:type\" content=\"image\/webp\" \/>\n<meta name=\"twitter:card\" content=\"summary_large_image\" \/>\n<meta name=\"twitter:label1\" content=\"Tiempo de lectura\" \/>\n\t<meta name=\"twitter:data1\" content=\"2 minutos\" \/>\n<script type=\"application\/ld+json\" class=\"yoast-schema-graph\">{\"@context\":\"https:\/\/schema.org\",\"@graph\":[{\"@type\":\"WebPage\",\"@id\":\"https:\/\/brunellostore.es\/product\/tonkiy-alyuminiyevyy-plintus-tenevogo-shva-p-117\/\",\"url\":\"https:\/\/brunellostore.es\/product\/tonkiy-alyuminiyevyy-plintus-tenevogo-shva-p-117\/\",\"name\":\"\u0422\u043e\u043d\u043a\u0438\u0439 \u0430\u043b\u044e\u043c\u0438\u043d\u0438\u0435\u0432\u044b\u0439 \u043f\u043b\u0438\u043d\u0442\u0443\u0441 \u0442\u0435\u043d\u0435\u0432\u043e\u0433\u043e \u0448\u0432\u0430 P-117 - brunellostore.es\",\"isPartOf\":{\"@id\":\"https:\/\/brunellostore.es\/#website\"},\"primaryImageOfPage\":{\"@id\":\"https:\/\/brunellostore.es\/product\/tonkiy-alyuminiyevyy-plintus-tenevogo-shva-p-117\/#primaryimage\"},\"image\":{\"@id\":\"https:\/\/brunellostore.es\/product\/tonkiy-alyuminiyevyy-plintus-tenevogo-shva-p-117\/#primaryimage\"},\"thumbnailUrl\":\"https:\/\/brunellostore.es\/wp-content\/uploads\/2024\/12\/P-117.webp\",\"datePublished\":\"2024-12-02T21:46:06+00:00\",\"dateModified\":\"2025-06-29T21:09:34+00:00\",\"breadcrumb\":{\"@id\":\"https:\/\/brunellostore.es\/product\/tonkiy-alyuminiyevyy-plintus-tenevogo-shva-p-117\/#breadcrumb\"},\"inLanguage\":\"es\",\"potentialAction\":[{\"@type\":\"ReadAction\",\"target\":[\"https:\/\/brunellostore.es\/product\/tonkiy-alyuminiyevyy-plintus-tenevogo-shva-p-117\/\"]}]},{\"@type\":\"ImageObject\",\"inLanguage\":\"es\",\"@id\":\"https:\/\/brunellostore.es\/product\/tonkiy-alyuminiyevyy-plintus-tenevogo-shva-p-117\/#primaryimage\",\"url\":\"https:\/\/brunellostore.es\/wp-content\/uploads\/2024\/12\/P-117.webp\",\"contentUrl\":\"https:\/\/brunellostore.es\/wp-content\/uploads\/2024\/12\/P-117.webp\",\"width\":500,\"height\":500},{\"@type\":\"BreadcrumbList\",\"@id\":\"https:\/\/brunellostore.es\/product\/tonkiy-alyuminiyevyy-plintus-tenevogo-shva-p-117\/#breadcrumb\",\"itemListElement\":[{\"@type\":\"ListItem\",\"position\":1,\"name\":\"Home\",\"item\":\"https:\/\/brunellostore.es\/\"},{\"@type\":\"ListItem\",\"position\":2,\"name\":\"\u041c\u0430\u0433\u0430\u0437\u0438\u043d\",\"item\":\"https:\/\/brunellostore.es\/shop\/\"},{\"@type\":\"ListItem\",\"position\":3,\"name\":\"\u0422\u043e\u043d\u043a\u0438\u0439 \u0430\u043b\u044e\u043c\u0438\u043d\u0438\u0435\u0432\u044b\u0439 \u043f\u043b\u0438\u043d\u0442\u0443\u0441 \u0442\u0435\u043d\u0435\u0432\u043e\u0433\u043e \u0448\u0432\u0430 P-117\"}]},{\"@type\":\"WebSite\",\"@id\":\"https:\/\/brunellostore.es\/#website\",\"url\":\"https:\/\/brunellostore.es\/\",\"name\":\"brunellostore.es\",\"description\":\"\",\"publisher\":{\"@id\":\"https:\/\/brunellostore.es\/#organization\"},\"potentialAction\":[{\"@type\":\"SearchAction\",\"target\":{\"@type\":\"EntryPoint\",\"urlTemplate\":\"https:\/\/brunellostore.es\/?s={search_term_string}\"},\"query-input\":{\"@type\":\"PropertyValueSpecification\",\"valueRequired\":true,\"valueName\":\"search_term_string\"}}],\"inLanguage\":\"es\"},{\"@type\":\"Organization\",\"@id\":\"https:\/\/brunellostore.es\/#organization\",\"name\":\"brunellostore.es\",\"url\":\"https:\/\/brunellostore.es\/\",\"logo\":{\"@type\":\"ImageObject\",\"inLanguage\":\"es\",\"@id\":\"https:\/\/brunellostore.es\/#\/schema\/logo\/image\/\",\"url\":\"https:\/\/brunellostore.es\/wp-content\/uploads\/2024\/09\/Brunello-logo.png\",\"contentUrl\":\"https:\/\/brunellostore.es\/wp-content\/uploads\/2024\/09\/Brunello-logo.png\",\"width\":924,\"height\":240,\"caption\":\"brunellostore.es\"},\"image\":{\"@id\":\"https:\/\/brunellostore.es\/#\/schema\/logo\/image\/\"}}]}<\/script>\n<!-- \/ Yoast SEO plugin. -->","yoast_head_json":{"title":"\u0422\u043e\u043d\u043a\u0438\u0439 \u0430\u043b\u044e\u043c\u0438\u043d\u0438\u0435\u0432\u044b\u0439 \u043f\u043b\u0438\u043d\u0442\u0443\u0441 \u0442\u0435\u043d\u0435\u0432\u043e\u0433\u043e \u0448\u0432\u0430 P-117 - brunellostore.es","robots":{"index":"index","follow":"follow","max-snippet":"max-snippet:-1","max-image-preview":"max-image-preview:large","max-video-preview":"max-video-preview:-1"},"canonical":"https:\/\/brunellostore.es\/es\/producto\/tonkiy-alyuminiyevyy-plintus-tenevogo-shva-p-117\/","og_locale":"es_ES","og_type":"article","og_title":"\u0422\u043e\u043d\u043a\u0438\u0439 \u0430\u043b\u044e\u043c\u0438\u043d\u0438\u0435\u0432\u044b\u0439 \u043f\u043b\u0438\u043d\u0442\u0443\u0441 \u0442\u0435\u043d\u0435\u0432\u043e\u0433\u043e \u0448\u0432\u0430 P-117 - brunellostore.es","og_description":"\u0412\u0441\u0442\u0440\u043e\u0435\u043d\u043d\u044b\u0439 \u0430\u043b\u044e\u043c\u0438\u043d\u0438\u0435\u0432\u044b\u0439 \u043f\u043b\u0438\u043d\u0442\u0443\u0441 \u0442\u0435\u043d\u0435\u0432\u043e\u0433\u043e \u0448\u0432\u0430 P-117 \u043f\u0440\u0435\u0434\u043d\u0430\u0437\u043d\u0430\u0447\u0435\u043d \u0434\u043b\u044f \u0443\u0441\u0442\u0430\u043d\u043e\u0432\u043a\u0438 \u043d\u0430 \u043d\u0435\u0433\u043e \u043b\u0438\u0441\u0442\u043e\u0432 \u0433\u0438\u043f\u0441\u043e\u043a\u0430\u0440\u0442\u043e\u043d\u0430, \u0438\u043b\u0438 \u043c\u043e\u043d\u0442\u0430\u0436\u0430 \u0432 \u043f\u043e\u0434\u0433\u043e\u0442\u043e\u0432\u043b\u0435\u043d\u043d\u044b\u0439 \u043f\u0440\u0438\u044f\u043c\u043e\u043a. \u042d\u0442\u043e \u043d\u043e\u0432\u0430\u044f \u043c\u043e\u0434\u0435\u043b\u044c \u043d\u0430\u0448\u0438\u0445 \u0434\u0438\u0437\u0430\u0439\u043d\u0435\u0440\u0441\u043a\u0438\u0445 \u043f\u043b\u0438\u043d\u0442\u0443\u0441\u043e\u0432, \u0441\u043e\u0437\u0434\u0430\u044e\u0449\u0430\u044f \u0442\u043e\u043d\u043a\u0438\u0439 \u0442\u0435\u043d\u0435\u0432\u043e\u0439 \u043f\u0430\u0437 \u0432\u0434\u043e\u043b\u044c \u043b\u0438\u043d\u0438\u0438 \u0441\u043e\u0435\u0434\u0438\u043d\u0435\u043d\u0438\u044f \u0441\u0442\u0435\u043d \u0438 \u043f\u043e\u043b\u0430.","og_url":"https:\/\/brunellostore.es\/es\/producto\/tonkiy-alyuminiyevyy-plintus-tenevogo-shva-p-117\/","og_site_name":"brunellostore.es","article_modified_time":"2025-06-29T21:09:34+00:00","og_image":[{"width":500,"height":500,"url":"https:\/\/brunellostore.es\/wp-content\/uploads\/2024\/12\/P-117.webp","type":"image\/webp"}],"twitter_card":"summary_large_image","twitter_misc":{"Tiempo de lectura":"2 minutos"},"schema":{"@context":"https:\/\/schema.org","@graph":[{"@type":"WebPage","@id":"https:\/\/brunellostore.es\/product\/tonkiy-alyuminiyevyy-plintus-tenevogo-shva-p-117\/","url":"https:\/\/brunellostore.es\/product\/tonkiy-alyuminiyevyy-plintus-tenevogo-shva-p-117\/","name":"\u0422\u043e\u043d\u043a\u0438\u0439 \u0430\u043b\u044e\u043c\u0438\u043d\u0438\u0435\u0432\u044b\u0439 \u043f\u043b\u0438\u043d\u0442\u0443\u0441 \u0442\u0435\u043d\u0435\u0432\u043e\u0433\u043e \u0448\u0432\u0430 P-117 - brunellostore.es","isPartOf":{"@id":"https:\/\/brunellostore.es\/#website"},"primaryImageOfPage":{"@id":"https:\/\/brunellostore.es\/product\/tonkiy-alyuminiyevyy-plintus-tenevogo-shva-p-117\/#primaryimage"},"image":{"@id":"https:\/\/brunellostore.es\/product\/tonkiy-alyuminiyevyy-plintus-tenevogo-shva-p-117\/#primaryimage"},"thumbnailUrl":"https:\/\/brunellostore.es\/wp-content\/uploads\/2024\/12\/P-117.webp","datePublished":"2024-12-02T21:46:06+00:00","dateModified":"2025-06-29T21:09:34+00:00","breadcrumb":{"@id":"https:\/\/brunellostore.es\/product\/tonkiy-alyuminiyevyy-plintus-tenevogo-shva-p-117\/#breadcrumb"},"inLanguage":"es","potentialAction":[{"@type":"ReadAction","target":["https:\/\/brunellostore.es\/product\/tonkiy-alyuminiyevyy-plintus-tenevogo-shva-p-117\/"]}]},{"@type":"ImageObject","inLanguage":"es","@id":"https:\/\/brunellostore.es\/product\/tonkiy-alyuminiyevyy-plintus-tenevogo-shva-p-117\/#primaryimage","url":"https:\/\/brunellostore.es\/wp-content\/uploads\/2024\/12\/P-117.webp","contentUrl":"https:\/\/brunellostore.es\/wp-content\/uploads\/2024\/12\/P-117.webp","width":500,"height":500},{"@type":"BreadcrumbList","@id":"https:\/\/brunellostore.es\/product\/tonkiy-alyuminiyevyy-plintus-tenevogo-shva-p-117\/#breadcrumb","itemListElement":[{"@type":"ListItem","position":1,"name":"Home","item":"https:\/\/brunellostore.es\/"},{"@type":"ListItem","position":2,"name":"\u041c\u0430\u0433\u0430\u0437\u0438\u043d","item":"https:\/\/brunellostore.es\/shop\/"},{"@type":"ListItem","position":3,"name":"\u0422\u043e\u043d\u043a\u0438\u0439 \u0430\u043b\u044e\u043c\u0438\u043d\u0438\u0435\u0432\u044b\u0439 \u043f\u043b\u0438\u043d\u0442\u0443\u0441 \u0442\u0435\u043d\u0435\u0432\u043e\u0433\u043e \u0448\u0432\u0430 P-117"}]},{"@type":"WebSite","@id":"https:\/\/brunellostore.es\/#website","url":"https:\/\/brunellostore.es\/","name":"brunellostore.es","description":"","publisher":{"@id":"https:\/\/brunellostore.es\/#organization"},"potentialAction":[{"@type":"SearchAction","target":{"@type":"EntryPoint","urlTemplate":"https:\/\/brunellostore.es\/?s={search_term_string}"},"query-input":{"@type":"PropertyValueSpecification","valueRequired":true,"valueName":"search_term_string"}}],"inLanguage":"es"},{"@type":"Organization","@id":"https:\/\/brunellostore.es\/#organization","name":"brunellostore.es","url":"https:\/\/brunellostore.es\/","logo":{"@type":"ImageObject","inLanguage":"es","@id":"https:\/\/brunellostore.es\/#\/schema\/logo\/image\/","url":"https:\/\/brunellostore.es\/wp-content\/uploads\/2024\/09\/Brunello-logo.png","contentUrl":"https:\/\/brunellostore.es\/wp-content\/uploads\/2024\/09\/Brunello-logo.png","width":924,"height":240,"caption":"brunellostore.es"},"image":{"@id":"https:\/\/brunellostore.es\/#\/schema\/logo\/image\/"}}]}},"_links":{"self":[{"href":"https:\/\/brunellostore.es\/es\/wp-json\/wp\/v2\/product\/28874","targetHints":{"allow":["GET"]}}],"collection":[{"href":"https:\/\/brunellostore.es\/es\/wp-json\/wp\/v2\/product"}],"about":[{"href":"https:\/\/brunellostore.es\/es\/wp-json\/wp\/v2\/types\/product"}],"replies":[{"embeddable":true,"href":"https:\/\/brunellostore.es\/es\/wp-json\/wp\/v2\/comments?post=28874"}],"version-history":[{"count":9,"href":"https:\/\/brunellostore.es\/es\/wp-json\/wp\/v2\/product\/28874\/revisions"}],"predecessor-version":[{"id":30168,"href":"https:\/\/brunellostore.es\/es\/wp-json\/wp\/v2\/product\/28874\/revisions\/30168"}],"wp:featuredmedia":[{"embeddable":true,"href":"https:\/\/brunellostore.es\/es\/wp-json\/wp\/v2\/media\/28875"}],"wp:attachment":[{"href":"https:\/\/brunellostore.es\/es\/wp-json\/wp\/v2\/media?parent=28874"}],"wp:term":[{"taxonomy":"product_brand","embeddable":true,"href":"https:\/\/brunellostore.es\/es\/wp-json\/wp\/v2\/product_brand?post=28874"},{"taxonomy":"product_cat","embeddable":true,"href":"https:\/\/brunellostore.es\/es\/wp-json\/wp\/v2\/product_cat?post=28874"},{"taxonomy":"product_tag","embeddable":true,"href":"https:\/\/brunellostore.es\/es\/wp-json\/wp\/v2\/product_tag?post=28874"}],"curies":[{"name":"wp","href":"https:\/\/api.w.org\/{rel}","templated":true}]}}