{"id":28892,"date":"2024-12-02T23:13:12","date_gmt":"2024-12-02T22:13:12","guid":{"rendered":"https:\/\/brunellostore.es\/?post_type=product&#038;p=28892"},"modified":"2025-06-29T22:00:56","modified_gmt":"2025-06-29T21:00:56","slug":"skrytyy-plintus-tenevogo-shva-s-led-podsvetkoy-p-120","status":"publish","type":"product","link":"https:\/\/brunellostore.es\/es\/producto\/skrytyy-plintus-tenevogo-shva-s-led-podsvetkoy-p-120\/","title":{"rendered":"Rodapi\u00e9 con junta de sombra oculta e iluminaci\u00f3n LED P-120"},"content":{"rendered":"<div data-elementor-type=\"wp-post\" data-elementor-id=\"28892\" class=\"elementor elementor-28892\">\n\t\t\t\t<div class=\"elementor-element elementor-element-8fe9a00 e-flex e-con-boxed e-con e-parent\" data-id=\"8fe9a00\" data-element_type=\"container\">\n\t\t\t\t\t<div class=\"e-con-inner\">\n\t\t<div class=\"elementor-element elementor-element-430e551 e-con-full e-flex e-con e-child\" data-id=\"430e551\" data-element_type=\"container\">\n\t\t\t\t<div class=\"elementor-element elementor-element-05c1d79 elementor-widget elementor-widget-wd_text_block\" data-id=\"05c1d79\" data-element_type=\"widget\" data-widget_type=\"wd_text_block.default\">\n\t\t\t\t<div class=\"elementor-widget-container\">\n\t\t\t\t\t\t\t<div class=\"wd-text-block reset-last-child text-left\">\n\t\t\t\n\t\t\t<h3>Rodapi\u00e9 con junta de sombra oculta e iluminaci\u00f3n LED P-120<\/h3><p>El z\u00f3calo empotrable de aluminio con junta de sombra P-120 est\u00e1 dise\u00f1ado para el montaje de placas de cart\u00f3n yeso sobre \u00e9l o para la instalaci\u00f3n en un foso preparado. Se trata de un modelo refinado de nuestra gama de z\u00f3calos de dise\u00f1o con iluminaci\u00f3n LED, que crea una fina ranura de sombra a lo largo de la l\u00ednea de uni\u00f3n entre la pared y el suelo. El dise\u00f1o del perfil no tiene elementos de fijaci\u00f3n empotrados, lo que facilita la instalaci\u00f3n del perfil al taladrar las paredes, ya que la ranura se hace s\u00f3lo a la altura real del perfil. De este modo, se libra del trabajo de restablecer la l\u00ednea de uni\u00f3n de la pared y el propio rodapi\u00e9 de aluminio. Este es uno de nuestros nuevos modelos de z\u00f3calos de aluminio empotrados.<\/p><p>Las principales ventajas de este modelo de rodapi\u00e9:<\/p><p>El tal\u00f3n de montaje es ahora m\u00e1s robusto y puede soportar impactos accidentales sin deformarse. Los bordes de la parte visible del reborde est\u00e1n redondeados para una adherencia suave a la pared. La anchura del borde de montaje se ha reducido a 11,5 mm, lo que mejora notablemente el aspecto est\u00e9tico general del rodapi\u00e9;<\/p>\n\t\t\t\t\t<\/div>\n\t\t\t\t\t\t<\/div>\n\t\t\t\t<\/div>\n\t\t\t\t<\/div>\n\t\t<div class=\"elementor-element elementor-element-c189e30 e-con-full e-flex e-con e-child\" data-id=\"c189e30\" data-element_type=\"container\">\n\t\t\t\t<div class=\"elementor-element elementor-element-a18d0ec elementor-widget elementor-widget-wd_text_block\" data-id=\"a18d0ec\" data-element_type=\"widget\" data-widget_type=\"wd_text_block.default\">\n\t\t\t\t<div class=\"elementor-widget-container\">\n\t\t\t\t\t\t\t<div class=\"wd-text-block reset-last-child text-left\">\n\t\t\t\n\t\t\t<p>Lente difusora de luz. Debido a las numerosas peticiones de nuestros clientes, hemos a\u00f1adido al dise\u00f1o del perfil un inserto difusor de luz de pol\u00edmero de color blanco. El difusor se encarga perfectamente de difuminar el flujo luminoso de los diodos y es absolutamente invisible en la posici\u00f3n instalada;<br \/>Altura del z\u00f3calo La altura del rebaje visible es de 20 mm, lo que aumenta la superficie de flujo luminoso reflejado en el suelo y hace que las dimensiones del z\u00f3calo sean m\u00e1s org\u00e1nicas en el interior;<br \/>La profundidad del perfil se reduce a 12 mm. Esta modificaci\u00f3n elimina la necesidad de crear fosos m\u00e1s profundos en la pared o de aplicar una gruesa capa de acabado de masilla (en caso de instalar placas de cart\u00f3n-yeso en la pared).<br \/>La resistencia a los ara\u00f1azos, la humedad y la luz solar permite utilizar el rodapi\u00e9 en instalaciones comerciales con mucho tr\u00e1nsito, en la decoraci\u00f3n de zonas exteriores (terrazas, grupos de entrada, p\u00e9rgolas, etc.).<br \/>El rodapi\u00e9 se pinta respetando todas las tecnolog\u00edas. Utilizamos \u00fanicamente pintura de alta calidad para trabajos en exteriores, por lo que el rodapi\u00e9 no teme a la humedad y no se quema con el sol. La superficie frontal tiene una textura rugosa, que no deja huellas al tocarla, y el propio rodapi\u00e9 tiene un tono m\u00e1s profundo.<\/p>\n\t\t\t\t\t<\/div>\n\t\t\t\t\t\t<\/div>\n\t\t\t\t<\/div>\n\t\t\t\t<\/div>\n\t\t<div class=\"elementor-element elementor-element-cd2d9d5 e-con-full e-flex e-con e-child\" data-id=\"cd2d9d5\" data-element_type=\"container\">\n\t\t\t\t<div class=\"elementor-element elementor-element-637df21 elementor-widget elementor-widget-wd_text_block\" data-id=\"637df21\" data-element_type=\"widget\" data-widget_type=\"wd_text_block.default\">\n\t\t\t\t<div class=\"elementor-widget-container\">\n\t\t\t\t\t\t\t<div class=\"wd-text-block reset-last-child text-left\">\n\t\t\t\n\t\t\t<h4>Dimensiones generales<\/h4><p>Material: Aluminio<br \/>Anchura: 10 mm<br \/>Color: plata\u00a0<br \/>N\u00famero de canales para cables: Sin canales para cables<br \/>Longitud: 2500 mm<br \/>Tipo de z\u00f3calo: Instalaci\u00f3n oculta<br \/>Revestimiento: Anodizado<br \/>Altura: 20 mm<\/p>\n\t\t\t\t\t<\/div>\n\t\t\t\t\t\t<\/div>\n\t\t\t\t<\/div>\n\t\t\t\t<\/div>\n\t\t\t\t\t<\/div>\n\t\t\t\t<\/div>\n\t\t\t\t<\/div>","protected":false},"excerpt":{"rendered":"<p>P-120 z\u00f3calo empotrable de aluminio con junta de sombra est\u00e1 dise\u00f1ado para el montaje de placas de cart\u00f3n yeso sobre \u00e9l o para la instalaci\u00f3n en un foso preparado. Es un modelo refinado de nuestra gama de z\u00f3calos de dise\u00f1o con iluminaci\u00f3n LED, que crea una fina ranura de sombra a lo largo de la l\u00ednea de uni\u00f3n entre la pared y el suelo.<\/p>","protected":false},"featured_media":28893,"comment_status":"open","ping_status":"closed","template":"","meta":[],"product_brand":[],"product_cat":[29],"product_tag":[],"class_list":{"0":"post-28892","1":"product","2":"type-product","3":"status-publish","4":"has-post-thumbnail","6":"product_cat-plintus","8":"first","9":"instock","10":"shipping-taxable","11":"purchasable","12":"product-type-simple"},"yoast_head":"<!-- This site is optimized with the Yoast SEO plugin v26.5 - https:\/\/yoast.com\/wordpress\/plugins\/seo\/ -->\n<title>\u0421\u043a\u0440\u044b\u0442\u044b\u0439 \u043f\u043b\u0438\u043d\u0442\u0443\u0441 \u0442\u0435\u043d\u0435\u0432\u043e\u0433\u043e \u0448\u0432\u0430 \u0441 LED-\u043f\u043e\u0434\u0441\u0432\u0435\u0442\u043a\u043e\u0439 P-120 - brunellostore.es<\/title>\n<meta name=\"robots\" content=\"index, follow, max-snippet:-1, max-image-preview:large, max-video-preview:-1\" \/>\n<link rel=\"canonical\" href=\"https:\/\/brunellostore.es\/es\/producto\/skrytyy-plintus-tenevogo-shva-s-led-podsvetkoy-p-120\/\" \/>\n<meta property=\"og:locale\" content=\"es_ES\" \/>\n<meta property=\"og:type\" content=\"article\" \/>\n<meta property=\"og:title\" content=\"\u0421\u043a\u0440\u044b\u0442\u044b\u0439 \u043f\u043b\u0438\u043d\u0442\u0443\u0441 \u0442\u0435\u043d\u0435\u0432\u043e\u0433\u043e \u0448\u0432\u0430 \u0441 LED-\u043f\u043e\u0434\u0441\u0432\u0435\u0442\u043a\u043e\u0439 P-120 - brunellostore.es\" \/>\n<meta property=\"og:description\" content=\"\u0412\u0441\u0442\u0440\u0430\u0438\u0432\u0430\u0435\u043c\u044b\u0439 \u0430\u043b\u044e\u043c\u0438\u043d\u0438\u0435\u0432\u044b\u0439 \u043f\u043b\u0438\u043d\u0442\u0443\u0441 \u0442\u0435\u043d\u0435\u0432\u043e\u0433\u043e \u0448\u0432\u0430 P-120 \u043f\u0440\u0435\u0434\u043d\u0430\u0437\u043d\u0430\u0447\u0435\u043d \u0434\u043b\u044f \u0443\u0441\u0442\u0430\u043d\u043e\u0432\u043a\u0438 \u043d\u0430 \u043d\u0435\u0433\u043e \u043b\u0438\u0441\u0442\u043e\u0432 \u0433\u0438\u043f\u0441\u043e\u043a\u0430\u0440\u0442\u043e\u043d\u0430 \u0438\u043b\u0438 \u043c\u043e\u043d\u0442\u0430\u0436\u0430 \u0432 \u043f\u043e\u0434\u0433\u043e\u0442\u043e\u0432\u043b\u0435\u043d\u043d\u044b\u0439 \u043f\u0440\u0438\u044f\u043c\u043e\u043a. \u042d\u0442\u043e \u0434\u043e\u0440\u0430\u0431\u043e\u0442\u0430\u043d\u043d\u0430\u044f \u043c\u043e\u0434\u0435\u043b\u044c \u0432 \u0430\u0441\u0441\u043e\u0440\u0442\u0438\u043c\u0435\u043d\u0442\u0435 \u043d\u0430\u0448\u0438\u0445 \u0434\u0438\u0437\u0430\u0439\u043d\u0435\u0440\u0441\u043a\u0438\u0445 \u043f\u043b\u0438\u043d\u0442\u0443\u0441\u043e\u0432 \u0441 LED-\u043f\u043e\u0434\u0441\u0432\u0435\u0442\u043a\u043e\u0439, \u0441\u043e\u0437\u0434\u0430\u044e\u0449\u0430\u044f \u0442\u043e\u043d\u043a\u0438\u0439 \u0442\u0435\u043d\u0435\u0432\u043e\u0439 \u043f\u0430\u0437 \u0432\u0434\u043e\u043b\u044c \u043b\u0438\u043d\u0438\u0438 \u0441\u043e\u0435\u0434\u0438\u043d\u0435\u043d\u0438\u044f \u0441\u0442\u0435\u043d \u0438 \u043f\u043e\u043b\u0430.\" \/>\n<meta property=\"og:url\" content=\"https:\/\/brunellostore.es\/es\/producto\/skrytyy-plintus-tenevogo-shva-s-led-podsvetkoy-p-120\/\" \/>\n<meta property=\"og:site_name\" content=\"brunellostore.es\" \/>\n<meta property=\"article:modified_time\" content=\"2025-06-29T21:00:56+00:00\" \/>\n<meta property=\"og:image\" content=\"https:\/\/brunellostore.es\/wp-content\/uploads\/2024\/12\/P-120.webp\" \/>\n\t<meta property=\"og:image:width\" content=\"500\" \/>\n\t<meta property=\"og:image:height\" content=\"500\" \/>\n\t<meta property=\"og:image:type\" content=\"image\/webp\" \/>\n<meta name=\"twitter:card\" content=\"summary_large_image\" \/>\n<meta name=\"twitter:label1\" content=\"Tiempo de lectura\" \/>\n\t<meta name=\"twitter:data1\" content=\"2 minutos\" \/>\n<script type=\"application\/ld+json\" class=\"yoast-schema-graph\">{\"@context\":\"https:\/\/schema.org\",\"@graph\":[{\"@type\":\"WebPage\",\"@id\":\"https:\/\/brunellostore.es\/product\/skrytyy-plintus-tenevogo-shva-s-led-podsvetkoy-p-120\/\",\"url\":\"https:\/\/brunellostore.es\/product\/skrytyy-plintus-tenevogo-shva-s-led-podsvetkoy-p-120\/\",\"name\":\"\u0421\u043a\u0440\u044b\u0442\u044b\u0439 \u043f\u043b\u0438\u043d\u0442\u0443\u0441 \u0442\u0435\u043d\u0435\u0432\u043e\u0433\u043e \u0448\u0432\u0430 \u0441 LED-\u043f\u043e\u0434\u0441\u0432\u0435\u0442\u043a\u043e\u0439 P-120 - brunellostore.es\",\"isPartOf\":{\"@id\":\"https:\/\/brunellostore.es\/#website\"},\"primaryImageOfPage\":{\"@id\":\"https:\/\/brunellostore.es\/product\/skrytyy-plintus-tenevogo-shva-s-led-podsvetkoy-p-120\/#primaryimage\"},\"image\":{\"@id\":\"https:\/\/brunellostore.es\/product\/skrytyy-plintus-tenevogo-shva-s-led-podsvetkoy-p-120\/#primaryimage\"},\"thumbnailUrl\":\"https:\/\/brunellostore.es\/wp-content\/uploads\/2024\/12\/P-120.webp\",\"datePublished\":\"2024-12-02T22:13:12+00:00\",\"dateModified\":\"2025-06-29T21:00:56+00:00\",\"breadcrumb\":{\"@id\":\"https:\/\/brunellostore.es\/product\/skrytyy-plintus-tenevogo-shva-s-led-podsvetkoy-p-120\/#breadcrumb\"},\"inLanguage\":\"es\",\"potentialAction\":[{\"@type\":\"ReadAction\",\"target\":[\"https:\/\/brunellostore.es\/product\/skrytyy-plintus-tenevogo-shva-s-led-podsvetkoy-p-120\/\"]}]},{\"@type\":\"ImageObject\",\"inLanguage\":\"es\",\"@id\":\"https:\/\/brunellostore.es\/product\/skrytyy-plintus-tenevogo-shva-s-led-podsvetkoy-p-120\/#primaryimage\",\"url\":\"https:\/\/brunellostore.es\/wp-content\/uploads\/2024\/12\/P-120.webp\",\"contentUrl\":\"https:\/\/brunellostore.es\/wp-content\/uploads\/2024\/12\/P-120.webp\",\"width\":500,\"height\":500},{\"@type\":\"BreadcrumbList\",\"@id\":\"https:\/\/brunellostore.es\/product\/skrytyy-plintus-tenevogo-shva-s-led-podsvetkoy-p-120\/#breadcrumb\",\"itemListElement\":[{\"@type\":\"ListItem\",\"position\":1,\"name\":\"Home\",\"item\":\"https:\/\/brunellostore.es\/\"},{\"@type\":\"ListItem\",\"position\":2,\"name\":\"\u041c\u0430\u0433\u0430\u0437\u0438\u043d\",\"item\":\"https:\/\/brunellostore.es\/shop\/\"},{\"@type\":\"ListItem\",\"position\":3,\"name\":\"\u0421\u043a\u0440\u044b\u0442\u044b\u0439 \u043f\u043b\u0438\u043d\u0442\u0443\u0441 \u0442\u0435\u043d\u0435\u0432\u043e\u0433\u043e \u0448\u0432\u0430 \u0441 LED-\u043f\u043e\u0434\u0441\u0432\u0435\u0442\u043a\u043e\u0439 P-120\"}]},{\"@type\":\"WebSite\",\"@id\":\"https:\/\/brunellostore.es\/#website\",\"url\":\"https:\/\/brunellostore.es\/\",\"name\":\"brunellostore.es\",\"description\":\"\",\"publisher\":{\"@id\":\"https:\/\/brunellostore.es\/#organization\"},\"potentialAction\":[{\"@type\":\"SearchAction\",\"target\":{\"@type\":\"EntryPoint\",\"urlTemplate\":\"https:\/\/brunellostore.es\/?s={search_term_string}\"},\"query-input\":{\"@type\":\"PropertyValueSpecification\",\"valueRequired\":true,\"valueName\":\"search_term_string\"}}],\"inLanguage\":\"es\"},{\"@type\":\"Organization\",\"@id\":\"https:\/\/brunellostore.es\/#organization\",\"name\":\"brunellostore.es\",\"url\":\"https:\/\/brunellostore.es\/\",\"logo\":{\"@type\":\"ImageObject\",\"inLanguage\":\"es\",\"@id\":\"https:\/\/brunellostore.es\/#\/schema\/logo\/image\/\",\"url\":\"https:\/\/brunellostore.es\/wp-content\/uploads\/2024\/09\/Brunello-logo.png\",\"contentUrl\":\"https:\/\/brunellostore.es\/wp-content\/uploads\/2024\/09\/Brunello-logo.png\",\"width\":924,\"height\":240,\"caption\":\"brunellostore.es\"},\"image\":{\"@id\":\"https:\/\/brunellostore.es\/#\/schema\/logo\/image\/\"}}]}<\/script>\n<!-- \/ Yoast SEO plugin. -->","yoast_head_json":{"title":"\u0421\u043a\u0440\u044b\u0442\u044b\u0439 \u043f\u043b\u0438\u043d\u0442\u0443\u0441 \u0442\u0435\u043d\u0435\u0432\u043e\u0433\u043e \u0448\u0432\u0430 \u0441 LED-\u043f\u043e\u0434\u0441\u0432\u0435\u0442\u043a\u043e\u0439 P-120 - brunellostore.es","robots":{"index":"index","follow":"follow","max-snippet":"max-snippet:-1","max-image-preview":"max-image-preview:large","max-video-preview":"max-video-preview:-1"},"canonical":"https:\/\/brunellostore.es\/es\/producto\/skrytyy-plintus-tenevogo-shva-s-led-podsvetkoy-p-120\/","og_locale":"es_ES","og_type":"article","og_title":"\u0421\u043a\u0440\u044b\u0442\u044b\u0439 \u043f\u043b\u0438\u043d\u0442\u0443\u0441 \u0442\u0435\u043d\u0435\u0432\u043e\u0433\u043e \u0448\u0432\u0430 \u0441 LED-\u043f\u043e\u0434\u0441\u0432\u0435\u0442\u043a\u043e\u0439 P-120 - brunellostore.es","og_description":"\u0412\u0441\u0442\u0440\u0430\u0438\u0432\u0430\u0435\u043c\u044b\u0439 \u0430\u043b\u044e\u043c\u0438\u043d\u0438\u0435\u0432\u044b\u0439 \u043f\u043b\u0438\u043d\u0442\u0443\u0441 \u0442\u0435\u043d\u0435\u0432\u043e\u0433\u043e \u0448\u0432\u0430 P-120 \u043f\u0440\u0435\u0434\u043d\u0430\u0437\u043d\u0430\u0447\u0435\u043d \u0434\u043b\u044f \u0443\u0441\u0442\u0430\u043d\u043e\u0432\u043a\u0438 \u043d\u0430 \u043d\u0435\u0433\u043e \u043b\u0438\u0441\u0442\u043e\u0432 \u0433\u0438\u043f\u0441\u043e\u043a\u0430\u0440\u0442\u043e\u043d\u0430 \u0438\u043b\u0438 \u043c\u043e\u043d\u0442\u0430\u0436\u0430 \u0432 \u043f\u043e\u0434\u0433\u043e\u0442\u043e\u0432\u043b\u0435\u043d\u043d\u044b\u0439 \u043f\u0440\u0438\u044f\u043c\u043e\u043a. \u042d\u0442\u043e \u0434\u043e\u0440\u0430\u0431\u043e\u0442\u0430\u043d\u043d\u0430\u044f \u043c\u043e\u0434\u0435\u043b\u044c \u0432 \u0430\u0441\u0441\u043e\u0440\u0442\u0438\u043c\u0435\u043d\u0442\u0435 \u043d\u0430\u0448\u0438\u0445 \u0434\u0438\u0437\u0430\u0439\u043d\u0435\u0440\u0441\u043a\u0438\u0445 \u043f\u043b\u0438\u043d\u0442\u0443\u0441\u043e\u0432 \u0441 LED-\u043f\u043e\u0434\u0441\u0432\u0435\u0442\u043a\u043e\u0439, \u0441\u043e\u0437\u0434\u0430\u044e\u0449\u0430\u044f \u0442\u043e\u043d\u043a\u0438\u0439 \u0442\u0435\u043d\u0435\u0432\u043e\u0439 \u043f\u0430\u0437 \u0432\u0434\u043e\u043b\u044c \u043b\u0438\u043d\u0438\u0438 \u0441\u043e\u0435\u0434\u0438\u043d\u0435\u043d\u0438\u044f \u0441\u0442\u0435\u043d \u0438 \u043f\u043e\u043b\u0430.","og_url":"https:\/\/brunellostore.es\/es\/producto\/skrytyy-plintus-tenevogo-shva-s-led-podsvetkoy-p-120\/","og_site_name":"brunellostore.es","article_modified_time":"2025-06-29T21:00:56+00:00","og_image":[{"width":500,"height":500,"url":"https:\/\/brunellostore.es\/wp-content\/uploads\/2024\/12\/P-120.webp","type":"image\/webp"}],"twitter_card":"summary_large_image","twitter_misc":{"Tiempo de lectura":"2 minutos"},"schema":{"@context":"https:\/\/schema.org","@graph":[{"@type":"WebPage","@id":"https:\/\/brunellostore.es\/product\/skrytyy-plintus-tenevogo-shva-s-led-podsvetkoy-p-120\/","url":"https:\/\/brunellostore.es\/product\/skrytyy-plintus-tenevogo-shva-s-led-podsvetkoy-p-120\/","name":"\u0421\u043a\u0440\u044b\u0442\u044b\u0439 \u043f\u043b\u0438\u043d\u0442\u0443\u0441 \u0442\u0435\u043d\u0435\u0432\u043e\u0433\u043e \u0448\u0432\u0430 \u0441 LED-\u043f\u043e\u0434\u0441\u0432\u0435\u0442\u043a\u043e\u0439 P-120 - brunellostore.es","isPartOf":{"@id":"https:\/\/brunellostore.es\/#website"},"primaryImageOfPage":{"@id":"https:\/\/brunellostore.es\/product\/skrytyy-plintus-tenevogo-shva-s-led-podsvetkoy-p-120\/#primaryimage"},"image":{"@id":"https:\/\/brunellostore.es\/product\/skrytyy-plintus-tenevogo-shva-s-led-podsvetkoy-p-120\/#primaryimage"},"thumbnailUrl":"https:\/\/brunellostore.es\/wp-content\/uploads\/2024\/12\/P-120.webp","datePublished":"2024-12-02T22:13:12+00:00","dateModified":"2025-06-29T21:00:56+00:00","breadcrumb":{"@id":"https:\/\/brunellostore.es\/product\/skrytyy-plintus-tenevogo-shva-s-led-podsvetkoy-p-120\/#breadcrumb"},"inLanguage":"es","potentialAction":[{"@type":"ReadAction","target":["https:\/\/brunellostore.es\/product\/skrytyy-plintus-tenevogo-shva-s-led-podsvetkoy-p-120\/"]}]},{"@type":"ImageObject","inLanguage":"es","@id":"https:\/\/brunellostore.es\/product\/skrytyy-plintus-tenevogo-shva-s-led-podsvetkoy-p-120\/#primaryimage","url":"https:\/\/brunellostore.es\/wp-content\/uploads\/2024\/12\/P-120.webp","contentUrl":"https:\/\/brunellostore.es\/wp-content\/uploads\/2024\/12\/P-120.webp","width":500,"height":500},{"@type":"BreadcrumbList","@id":"https:\/\/brunellostore.es\/product\/skrytyy-plintus-tenevogo-shva-s-led-podsvetkoy-p-120\/#breadcrumb","itemListElement":[{"@type":"ListItem","position":1,"name":"Home","item":"https:\/\/brunellostore.es\/"},{"@type":"ListItem","position":2,"name":"\u041c\u0430\u0433\u0430\u0437\u0438\u043d","item":"https:\/\/brunellostore.es\/shop\/"},{"@type":"ListItem","position":3,"name":"\u0421\u043a\u0440\u044b\u0442\u044b\u0439 \u043f\u043b\u0438\u043d\u0442\u0443\u0441 \u0442\u0435\u043d\u0435\u0432\u043e\u0433\u043e \u0448\u0432\u0430 \u0441 LED-\u043f\u043e\u0434\u0441\u0432\u0435\u0442\u043a\u043e\u0439 P-120"}]},{"@type":"WebSite","@id":"https:\/\/brunellostore.es\/#website","url":"https:\/\/brunellostore.es\/","name":"brunellostore.es","description":"","publisher":{"@id":"https:\/\/brunellostore.es\/#organization"},"potentialAction":[{"@type":"SearchAction","target":{"@type":"EntryPoint","urlTemplate":"https:\/\/brunellostore.es\/?s={search_term_string}"},"query-input":{"@type":"PropertyValueSpecification","valueRequired":true,"valueName":"search_term_string"}}],"inLanguage":"es"},{"@type":"Organization","@id":"https:\/\/brunellostore.es\/#organization","name":"brunellostore.es","url":"https:\/\/brunellostore.es\/","logo":{"@type":"ImageObject","inLanguage":"es","@id":"https:\/\/brunellostore.es\/#\/schema\/logo\/image\/","url":"https:\/\/brunellostore.es\/wp-content\/uploads\/2024\/09\/Brunello-logo.png","contentUrl":"https:\/\/brunellostore.es\/wp-content\/uploads\/2024\/09\/Brunello-logo.png","width":924,"height":240,"caption":"brunellostore.es"},"image":{"@id":"https:\/\/brunellostore.es\/#\/schema\/logo\/image\/"}}]}},"_links":{"self":[{"href":"https:\/\/brunellostore.es\/es\/wp-json\/wp\/v2\/product\/28892","targetHints":{"allow":["GET"]}}],"collection":[{"href":"https:\/\/brunellostore.es\/es\/wp-json\/wp\/v2\/product"}],"about":[{"href":"https:\/\/brunellostore.es\/es\/wp-json\/wp\/v2\/types\/product"}],"replies":[{"embeddable":true,"href":"https:\/\/brunellostore.es\/es\/wp-json\/wp\/v2\/comments?post=28892"}],"version-history":[{"count":8,"href":"https:\/\/brunellostore.es\/es\/wp-json\/wp\/v2\/product\/28892\/revisions"}],"predecessor-version":[{"id":30155,"href":"https:\/\/brunellostore.es\/es\/wp-json\/wp\/v2\/product\/28892\/revisions\/30155"}],"wp:featuredmedia":[{"embeddable":true,"href":"https:\/\/brunellostore.es\/es\/wp-json\/wp\/v2\/media\/28893"}],"wp:attachment":[{"href":"https:\/\/brunellostore.es\/es\/wp-json\/wp\/v2\/media?parent=28892"}],"wp:term":[{"taxonomy":"product_brand","embeddable":true,"href":"https:\/\/brunellostore.es\/es\/wp-json\/wp\/v2\/product_brand?post=28892"},{"taxonomy":"product_cat","embeddable":true,"href":"https:\/\/brunellostore.es\/es\/wp-json\/wp\/v2\/product_cat?post=28892"},{"taxonomy":"product_tag","embeddable":true,"href":"https:\/\/brunellostore.es\/es\/wp-json\/wp\/v2\/product_tag?post=28892"}],"curies":[{"name":"wp","href":"https:\/\/api.w.org\/{rel}","templated":true}]}}