{"id":28917,"date":"2024-12-02T23:52:03","date_gmt":"2024-12-02T22:52:03","guid":{"rendered":"https:\/\/brunellostore.es\/?post_type=product&#038;p=28917"},"modified":"2025-06-29T21:50:23","modified_gmt":"2025-06-29T20:50:23","slug":"skrytyy-alyuminiyevyy-plintus-so-svetodiodnoy-podsvetkoy-p-105l","status":"publish","type":"product","link":"https:\/\/brunellostore.es\/es\/producto\/skrytyy-alyuminiyevyy-plintus-so-svetodiodnoy-podsvetkoy-p-105l\/","title":{"rendered":"Z\u00f3calo de aluminio oculto con iluminaci\u00f3n LED P-105L"},"content":{"rendered":"<div data-elementor-type=\"wp-post\" data-elementor-id=\"28917\" class=\"elementor elementor-28917\">\n\t\t\t\t<div class=\"elementor-element elementor-element-8fe9a00 e-flex e-con-boxed e-con e-parent\" data-id=\"8fe9a00\" data-element_type=\"container\">\n\t\t\t\t\t<div class=\"e-con-inner\">\n\t\t<div class=\"elementor-element elementor-element-430e551 e-con-full e-flex e-con e-child\" data-id=\"430e551\" data-element_type=\"container\">\n\t\t\t\t<div class=\"elementor-element elementor-element-05c1d79 elementor-widget elementor-widget-wd_text_block\" data-id=\"05c1d79\" data-element_type=\"widget\" data-widget_type=\"wd_text_block.default\">\n\t\t\t\t<div class=\"elementor-widget-container\">\n\t\t\t\t\t\t\t<div class=\"wd-text-block reset-last-child text-left\">\n\t\t\t\n\t\t\t<h3>Z\u00f3calo de aluminio oculto con iluminaci\u00f3n LED P-105L<\/h3><p>El z\u00f3calo de aluminio P-105L es un perfil de acabado moderno con un dise\u00f1o modificado que permite la implementaci\u00f3n de iluminaci\u00f3n LED en el interior del z\u00f3calo. La tira de LED puede dar una anchura y un flujo luminoso direccional diferentes, que dependen de la ubicaci\u00f3n de la tira de LED en la cavidad del rodapi\u00e9. La ranura para la salida de la luz, cuando la iluminaci\u00f3n est\u00e1 apagada, crea una l\u00ednea elegante entre la pared y el rodapi\u00e9.\u00a0<\/p>\n\t\t\t\t\t<\/div>\n\t\t\t\t\t\t<\/div>\n\t\t\t\t<\/div>\n\t\t\t\t<\/div>\n\t\t<div class=\"elementor-element elementor-element-c189e30 e-con-full e-flex e-con e-child\" data-id=\"c189e30\" data-element_type=\"container\">\n\t\t\t\t<div class=\"elementor-element elementor-element-a18d0ec elementor-widget elementor-widget-wd_text_block\" data-id=\"a18d0ec\" data-element_type=\"widget\" data-widget_type=\"wd_text_block.default\">\n\t\t\t\t<div class=\"elementor-widget-container\">\n\t\t\t\t\t\t\t<div class=\"wd-text-block reset-last-child text-left\">\n\t\t\t\n\t\t\t<p>Cuando la tira de LED se enciende, crea una l\u00ednea de iluminaci\u00f3n focalizada que acent\u00faa el acabado premium de la habitaci\u00f3n. Este es uno de nuestros nuevos z\u00f3calos de aluminio empotrados.<\/p><p>El perfil est\u00e1 fabricado en dos piezas: un perfil de montaje en forma de L y una cubierta frontal decorativa.<\/p>\n\t\t\t\t\t<\/div>\n\t\t\t\t\t\t<\/div>\n\t\t\t\t<\/div>\n\t\t\t\t<\/div>\n\t\t<div class=\"elementor-element elementor-element-cd2d9d5 e-con-full e-flex e-con e-child\" data-id=\"cd2d9d5\" data-element_type=\"container\">\n\t\t\t\t<div class=\"elementor-element elementor-element-637df21 elementor-widget elementor-widget-wd_text_block\" data-id=\"637df21\" data-element_type=\"widget\" data-widget_type=\"wd_text_block.default\">\n\t\t\t\t<div class=\"elementor-widget-container\">\n\t\t\t\t\t\t\t<div class=\"wd-text-block reset-last-child text-left\">\n\t\t\t\n\t\t\t<h4>Dimensiones generales<\/h4><p>Material: Aluminio<br \/>Anchura: 10 mm<br \/>Color: plata\u00a0<br \/>N\u00famero de canales para cables: Sin canales para cables<br \/>Longitud: 2500 mm<br \/>Tipo de z\u00f3calo: Instalaci\u00f3n oculta<br \/>Revestimiento: Sin revestimiento<br \/>Altura: 60 mm<\/p>\n\t\t\t\t\t<\/div>\n\t\t\t\t\t\t<\/div>\n\t\t\t\t<\/div>\n\t\t\t\t<\/div>\n\t\t\t\t\t<\/div>\n\t\t\t\t<\/div>\n\t\t\t\t<\/div>","protected":false},"excerpt":{"rendered":"<p>El z\u00f3calo de aluminio P-105L es un perfil de acabado moderno con un dise\u00f1o modificado que permite la implementaci\u00f3n de iluminaci\u00f3n LED en el interior del z\u00f3calo. La tira de LED puede ofrecer una anchura y un flujo luminoso direccional diferentes, que dependen de la ubicaci\u00f3n de la tira de LED en la cavidad del rodapi\u00e9.<\/p>","protected":false},"featured_media":28918,"comment_status":"open","ping_status":"closed","template":"","meta":[],"product_brand":[],"product_cat":[29],"product_tag":[],"class_list":{"0":"post-28917","1":"product","2":"type-product","3":"status-publish","4":"has-post-thumbnail","6":"product_cat-plintus","8":"first","9":"instock","10":"shipping-taxable","11":"purchasable","12":"product-type-simple"},"yoast_head":"<!-- This site is optimized with the Yoast SEO plugin v26.5 - https:\/\/yoast.com\/wordpress\/plugins\/seo\/ -->\n<title>\u0421\u043a\u0440\u044b\u0442\u044b\u0439 \u0430\u043b\u044e\u043c\u0438\u043d\u0438\u0435\u0432\u044b\u0439 \u043f\u043b\u0438\u043d\u0442\u0443\u0441 \u0441\u043e \u0441\u0432\u0435\u0442\u043e\u0434\u0438\u043e\u0434\u043d\u043e\u0439 \u043f\u043e\u0434\u0441\u0432\u0435\u0442\u043a\u043e\u0439 P-105L - brunellostore.es<\/title>\n<meta name=\"robots\" content=\"index, follow, max-snippet:-1, max-image-preview:large, max-video-preview:-1\" \/>\n<link rel=\"canonical\" href=\"https:\/\/brunellostore.es\/es\/producto\/skrytyy-alyuminiyevyy-plintus-so-svetodiodnoy-podsvetkoy-p-105l\/\" \/>\n<meta property=\"og:locale\" content=\"es_ES\" \/>\n<meta property=\"og:type\" content=\"article\" \/>\n<meta property=\"og:title\" content=\"\u0421\u043a\u0440\u044b\u0442\u044b\u0439 \u0430\u043b\u044e\u043c\u0438\u043d\u0438\u0435\u0432\u044b\u0439 \u043f\u043b\u0438\u043d\u0442\u0443\u0441 \u0441\u043e \u0441\u0432\u0435\u0442\u043e\u0434\u0438\u043e\u0434\u043d\u043e\u0439 \u043f\u043e\u0434\u0441\u0432\u0435\u0442\u043a\u043e\u0439 P-105L - brunellostore.es\" \/>\n<meta property=\"og:description\" content=\"\u0410\u043b\u044e\u043c\u0438\u043d\u0438\u0435\u0432\u044b\u0439 \u043f\u043b\u0438\u043d\u0442\u0443\u0441 P-105L - \u0441\u043e\u0432\u0440\u0435\u043c\u0435\u043d\u043d\u044b\u0439 \u043e\u0442\u0434\u0435\u043b\u043e\u0447\u043d\u044b\u0439 \u043f\u0440\u043e\u0444\u0438\u043b\u044c \u0441 \u0434\u043e\u0440\u0430\u0431\u043e\u0442\u0430\u043d\u043d\u043e\u0439 \u043a\u043e\u043d\u0441\u0442\u0440\u0443\u043a\u0446\u0438\u0435\u0439, \u043f\u043e\u0437\u0432\u043e\u043b\u044f\u044e\u0449\u0435\u0439 \u0440\u0435\u0430\u043b\u0438\u0437\u043e\u0432\u0430\u0442\u044c \u0432\u043d\u0443\u0442\u0440\u0438 \u043f\u043b\u0438\u043d\u0442\u0443\u0441\u0430 \u0441\u0432\u0435\u0442\u043e\u0434\u0438\u043e\u0434\u043d\u0443\u044e \u043f\u043e\u0434\u0441\u0432\u0435\u0442\u043a\u0443. \u0421\u0432\u0435\u0442\u043e\u0434\u0438\u043e\u0434\u043d\u0430\u044f \u043b\u0435\u043d\u0442\u0430 \u043c\u043e\u0436\u0435\u0442 \u0434\u0430\u0432\u0430\u0442\u044c \u0440\u0430\u0437\u043d\u044b\u0439 \u043f\u043e \u0448\u0438\u0440\u0438\u043d\u0435 \u0438 \u043d\u0430\u043f\u0440\u0430\u0432\u043b\u0435\u043d\u043d\u043e\u0441\u0442\u0438 \u043f\u043e\u0442\u043e\u043a \u0441\u0432\u0435\u0442\u0430, \u043a\u043e\u0442\u043e\u0440\u044b\u0439 \u0437\u0430\u0432\u0438\u0441\u0438\u0442 \u043e\u0442 \u043c\u0435\u0441\u0442\u0430 \u0440\u0430\u0441\u043f\u043e\u043b\u043e\u0436\u0435\u043d\u0438\u044f LED-\u043b\u0435\u043d\u0442\u044b \u0432 \u043f\u043e\u043b\u043e\u0441\u0442\u0438 \u043f\u043b\u0438\u043d\u0442\u0443\u0441\u0430.\" \/>\n<meta property=\"og:url\" content=\"https:\/\/brunellostore.es\/es\/producto\/skrytyy-alyuminiyevyy-plintus-so-svetodiodnoy-podsvetkoy-p-105l\/\" \/>\n<meta property=\"og:site_name\" content=\"brunellostore.es\" \/>\n<meta property=\"article:modified_time\" content=\"2025-06-29T20:50:23+00:00\" \/>\n<meta property=\"og:image\" content=\"https:\/\/brunellostore.es\/wp-content\/uploads\/2024\/12\/P-105L.webp\" \/>\n\t<meta property=\"og:image:width\" content=\"500\" \/>\n\t<meta property=\"og:image:height\" content=\"500\" \/>\n\t<meta property=\"og:image:type\" content=\"image\/webp\" \/>\n<meta name=\"twitter:card\" content=\"summary_large_image\" \/>\n<meta name=\"twitter:label1\" content=\"Tiempo de lectura\" \/>\n\t<meta name=\"twitter:data1\" content=\"1 minuto\" \/>\n<script type=\"application\/ld+json\" class=\"yoast-schema-graph\">{\"@context\":\"https:\/\/schema.org\",\"@graph\":[{\"@type\":\"WebPage\",\"@id\":\"https:\/\/brunellostore.es\/product\/skrytyy-alyuminiyevyy-plintus-so-svetodiodnoy-podsvetkoy-p-105l\/\",\"url\":\"https:\/\/brunellostore.es\/product\/skrytyy-alyuminiyevyy-plintus-so-svetodiodnoy-podsvetkoy-p-105l\/\",\"name\":\"\u0421\u043a\u0440\u044b\u0442\u044b\u0439 \u0430\u043b\u044e\u043c\u0438\u043d\u0438\u0435\u0432\u044b\u0439 \u043f\u043b\u0438\u043d\u0442\u0443\u0441 \u0441\u043e \u0441\u0432\u0435\u0442\u043e\u0434\u0438\u043e\u0434\u043d\u043e\u0439 \u043f\u043e\u0434\u0441\u0432\u0435\u0442\u043a\u043e\u0439 P-105L - brunellostore.es\",\"isPartOf\":{\"@id\":\"https:\/\/brunellostore.es\/#website\"},\"primaryImageOfPage\":{\"@id\":\"https:\/\/brunellostore.es\/product\/skrytyy-alyuminiyevyy-plintus-so-svetodiodnoy-podsvetkoy-p-105l\/#primaryimage\"},\"image\":{\"@id\":\"https:\/\/brunellostore.es\/product\/skrytyy-alyuminiyevyy-plintus-so-svetodiodnoy-podsvetkoy-p-105l\/#primaryimage\"},\"thumbnailUrl\":\"https:\/\/brunellostore.es\/wp-content\/uploads\/2024\/12\/P-105L.webp\",\"datePublished\":\"2024-12-02T22:52:03+00:00\",\"dateModified\":\"2025-06-29T20:50:23+00:00\",\"breadcrumb\":{\"@id\":\"https:\/\/brunellostore.es\/product\/skrytyy-alyuminiyevyy-plintus-so-svetodiodnoy-podsvetkoy-p-105l\/#breadcrumb\"},\"inLanguage\":\"es\",\"potentialAction\":[{\"@type\":\"ReadAction\",\"target\":[\"https:\/\/brunellostore.es\/product\/skrytyy-alyuminiyevyy-plintus-so-svetodiodnoy-podsvetkoy-p-105l\/\"]}]},{\"@type\":\"ImageObject\",\"inLanguage\":\"es\",\"@id\":\"https:\/\/brunellostore.es\/product\/skrytyy-alyuminiyevyy-plintus-so-svetodiodnoy-podsvetkoy-p-105l\/#primaryimage\",\"url\":\"https:\/\/brunellostore.es\/wp-content\/uploads\/2024\/12\/P-105L.webp\",\"contentUrl\":\"https:\/\/brunellostore.es\/wp-content\/uploads\/2024\/12\/P-105L.webp\",\"width\":500,\"height\":500},{\"@type\":\"BreadcrumbList\",\"@id\":\"https:\/\/brunellostore.es\/product\/skrytyy-alyuminiyevyy-plintus-so-svetodiodnoy-podsvetkoy-p-105l\/#breadcrumb\",\"itemListElement\":[{\"@type\":\"ListItem\",\"position\":1,\"name\":\"Home\",\"item\":\"https:\/\/brunellostore.es\/\"},{\"@type\":\"ListItem\",\"position\":2,\"name\":\"\u041c\u0430\u0433\u0430\u0437\u0438\u043d\",\"item\":\"https:\/\/brunellostore.es\/shop\/\"},{\"@type\":\"ListItem\",\"position\":3,\"name\":\"\u0421\u043a\u0440\u044b\u0442\u044b\u0439 \u0430\u043b\u044e\u043c\u0438\u043d\u0438\u0435\u0432\u044b\u0439 \u043f\u043b\u0438\u043d\u0442\u0443\u0441 \u0441\u043e \u0441\u0432\u0435\u0442\u043e\u0434\u0438\u043e\u0434\u043d\u043e\u0439 \u043f\u043e\u0434\u0441\u0432\u0435\u0442\u043a\u043e\u0439 P-105L\"}]},{\"@type\":\"WebSite\",\"@id\":\"https:\/\/brunellostore.es\/#website\",\"url\":\"https:\/\/brunellostore.es\/\",\"name\":\"brunellostore.es\",\"description\":\"\",\"publisher\":{\"@id\":\"https:\/\/brunellostore.es\/#organization\"},\"potentialAction\":[{\"@type\":\"SearchAction\",\"target\":{\"@type\":\"EntryPoint\",\"urlTemplate\":\"https:\/\/brunellostore.es\/?s={search_term_string}\"},\"query-input\":{\"@type\":\"PropertyValueSpecification\",\"valueRequired\":true,\"valueName\":\"search_term_string\"}}],\"inLanguage\":\"es\"},{\"@type\":\"Organization\",\"@id\":\"https:\/\/brunellostore.es\/#organization\",\"name\":\"brunellostore.es\",\"url\":\"https:\/\/brunellostore.es\/\",\"logo\":{\"@type\":\"ImageObject\",\"inLanguage\":\"es\",\"@id\":\"https:\/\/brunellostore.es\/#\/schema\/logo\/image\/\",\"url\":\"https:\/\/brunellostore.es\/wp-content\/uploads\/2024\/09\/Brunello-logo.png\",\"contentUrl\":\"https:\/\/brunellostore.es\/wp-content\/uploads\/2024\/09\/Brunello-logo.png\",\"width\":924,\"height\":240,\"caption\":\"brunellostore.es\"},\"image\":{\"@id\":\"https:\/\/brunellostore.es\/#\/schema\/logo\/image\/\"}}]}<\/script>\n<!-- \/ Yoast SEO plugin. -->","yoast_head_json":{"title":"\u0421\u043a\u0440\u044b\u0442\u044b\u0439 \u0430\u043b\u044e\u043c\u0438\u043d\u0438\u0435\u0432\u044b\u0439 \u043f\u043b\u0438\u043d\u0442\u0443\u0441 \u0441\u043e \u0441\u0432\u0435\u0442\u043e\u0434\u0438\u043e\u0434\u043d\u043e\u0439 \u043f\u043e\u0434\u0441\u0432\u0435\u0442\u043a\u043e\u0439 P-105L - brunellostore.es","robots":{"index":"index","follow":"follow","max-snippet":"max-snippet:-1","max-image-preview":"max-image-preview:large","max-video-preview":"max-video-preview:-1"},"canonical":"https:\/\/brunellostore.es\/es\/producto\/skrytyy-alyuminiyevyy-plintus-so-svetodiodnoy-podsvetkoy-p-105l\/","og_locale":"es_ES","og_type":"article","og_title":"\u0421\u043a\u0440\u044b\u0442\u044b\u0439 \u0430\u043b\u044e\u043c\u0438\u043d\u0438\u0435\u0432\u044b\u0439 \u043f\u043b\u0438\u043d\u0442\u0443\u0441 \u0441\u043e \u0441\u0432\u0435\u0442\u043e\u0434\u0438\u043e\u0434\u043d\u043e\u0439 \u043f\u043e\u0434\u0441\u0432\u0435\u0442\u043a\u043e\u0439 P-105L - brunellostore.es","og_description":"\u0410\u043b\u044e\u043c\u0438\u043d\u0438\u0435\u0432\u044b\u0439 \u043f\u043b\u0438\u043d\u0442\u0443\u0441 P-105L - \u0441\u043e\u0432\u0440\u0435\u043c\u0435\u043d\u043d\u044b\u0439 \u043e\u0442\u0434\u0435\u043b\u043e\u0447\u043d\u044b\u0439 \u043f\u0440\u043e\u0444\u0438\u043b\u044c \u0441 \u0434\u043e\u0440\u0430\u0431\u043e\u0442\u0430\u043d\u043d\u043e\u0439 \u043a\u043e\u043d\u0441\u0442\u0440\u0443\u043a\u0446\u0438\u0435\u0439, \u043f\u043e\u0437\u0432\u043e\u043b\u044f\u044e\u0449\u0435\u0439 \u0440\u0435\u0430\u043b\u0438\u0437\u043e\u0432\u0430\u0442\u044c \u0432\u043d\u0443\u0442\u0440\u0438 \u043f\u043b\u0438\u043d\u0442\u0443\u0441\u0430 \u0441\u0432\u0435\u0442\u043e\u0434\u0438\u043e\u0434\u043d\u0443\u044e \u043f\u043e\u0434\u0441\u0432\u0435\u0442\u043a\u0443. \u0421\u0432\u0435\u0442\u043e\u0434\u0438\u043e\u0434\u043d\u0430\u044f \u043b\u0435\u043d\u0442\u0430 \u043c\u043e\u0436\u0435\u0442 \u0434\u0430\u0432\u0430\u0442\u044c \u0440\u0430\u0437\u043d\u044b\u0439 \u043f\u043e \u0448\u0438\u0440\u0438\u043d\u0435 \u0438 \u043d\u0430\u043f\u0440\u0430\u0432\u043b\u0435\u043d\u043d\u043e\u0441\u0442\u0438 \u043f\u043e\u0442\u043e\u043a \u0441\u0432\u0435\u0442\u0430, \u043a\u043e\u0442\u043e\u0440\u044b\u0439 \u0437\u0430\u0432\u0438\u0441\u0438\u0442 \u043e\u0442 \u043c\u0435\u0441\u0442\u0430 \u0440\u0430\u0441\u043f\u043e\u043b\u043e\u0436\u0435\u043d\u0438\u044f LED-\u043b\u0435\u043d\u0442\u044b \u0432 \u043f\u043e\u043b\u043e\u0441\u0442\u0438 \u043f\u043b\u0438\u043d\u0442\u0443\u0441\u0430.","og_url":"https:\/\/brunellostore.es\/es\/producto\/skrytyy-alyuminiyevyy-plintus-so-svetodiodnoy-podsvetkoy-p-105l\/","og_site_name":"brunellostore.es","article_modified_time":"2025-06-29T20:50:23+00:00","og_image":[{"width":500,"height":500,"url":"https:\/\/brunellostore.es\/wp-content\/uploads\/2024\/12\/P-105L.webp","type":"image\/webp"}],"twitter_card":"summary_large_image","twitter_misc":{"Tiempo de lectura":"1 minuto"},"schema":{"@context":"https:\/\/schema.org","@graph":[{"@type":"WebPage","@id":"https:\/\/brunellostore.es\/product\/skrytyy-alyuminiyevyy-plintus-so-svetodiodnoy-podsvetkoy-p-105l\/","url":"https:\/\/brunellostore.es\/product\/skrytyy-alyuminiyevyy-plintus-so-svetodiodnoy-podsvetkoy-p-105l\/","name":"\u0421\u043a\u0440\u044b\u0442\u044b\u0439 \u0430\u043b\u044e\u043c\u0438\u043d\u0438\u0435\u0432\u044b\u0439 \u043f\u043b\u0438\u043d\u0442\u0443\u0441 \u0441\u043e \u0441\u0432\u0435\u0442\u043e\u0434\u0438\u043e\u0434\u043d\u043e\u0439 \u043f\u043e\u0434\u0441\u0432\u0435\u0442\u043a\u043e\u0439 P-105L - brunellostore.es","isPartOf":{"@id":"https:\/\/brunellostore.es\/#website"},"primaryImageOfPage":{"@id":"https:\/\/brunellostore.es\/product\/skrytyy-alyuminiyevyy-plintus-so-svetodiodnoy-podsvetkoy-p-105l\/#primaryimage"},"image":{"@id":"https:\/\/brunellostore.es\/product\/skrytyy-alyuminiyevyy-plintus-so-svetodiodnoy-podsvetkoy-p-105l\/#primaryimage"},"thumbnailUrl":"https:\/\/brunellostore.es\/wp-content\/uploads\/2024\/12\/P-105L.webp","datePublished":"2024-12-02T22:52:03+00:00","dateModified":"2025-06-29T20:50:23+00:00","breadcrumb":{"@id":"https:\/\/brunellostore.es\/product\/skrytyy-alyuminiyevyy-plintus-so-svetodiodnoy-podsvetkoy-p-105l\/#breadcrumb"},"inLanguage":"es","potentialAction":[{"@type":"ReadAction","target":["https:\/\/brunellostore.es\/product\/skrytyy-alyuminiyevyy-plintus-so-svetodiodnoy-podsvetkoy-p-105l\/"]}]},{"@type":"ImageObject","inLanguage":"es","@id":"https:\/\/brunellostore.es\/product\/skrytyy-alyuminiyevyy-plintus-so-svetodiodnoy-podsvetkoy-p-105l\/#primaryimage","url":"https:\/\/brunellostore.es\/wp-content\/uploads\/2024\/12\/P-105L.webp","contentUrl":"https:\/\/brunellostore.es\/wp-content\/uploads\/2024\/12\/P-105L.webp","width":500,"height":500},{"@type":"BreadcrumbList","@id":"https:\/\/brunellostore.es\/product\/skrytyy-alyuminiyevyy-plintus-so-svetodiodnoy-podsvetkoy-p-105l\/#breadcrumb","itemListElement":[{"@type":"ListItem","position":1,"name":"Home","item":"https:\/\/brunellostore.es\/"},{"@type":"ListItem","position":2,"name":"\u041c\u0430\u0433\u0430\u0437\u0438\u043d","item":"https:\/\/brunellostore.es\/shop\/"},{"@type":"ListItem","position":3,"name":"\u0421\u043a\u0440\u044b\u0442\u044b\u0439 \u0430\u043b\u044e\u043c\u0438\u043d\u0438\u0435\u0432\u044b\u0439 \u043f\u043b\u0438\u043d\u0442\u0443\u0441 \u0441\u043e \u0441\u0432\u0435\u0442\u043e\u0434\u0438\u043e\u0434\u043d\u043e\u0439 \u043f\u043e\u0434\u0441\u0432\u0435\u0442\u043a\u043e\u0439 P-105L"}]},{"@type":"WebSite","@id":"https:\/\/brunellostore.es\/#website","url":"https:\/\/brunellostore.es\/","name":"brunellostore.es","description":"","publisher":{"@id":"https:\/\/brunellostore.es\/#organization"},"potentialAction":[{"@type":"SearchAction","target":{"@type":"EntryPoint","urlTemplate":"https:\/\/brunellostore.es\/?s={search_term_string}"},"query-input":{"@type":"PropertyValueSpecification","valueRequired":true,"valueName":"search_term_string"}}],"inLanguage":"es"},{"@type":"Organization","@id":"https:\/\/brunellostore.es\/#organization","name":"brunellostore.es","url":"https:\/\/brunellostore.es\/","logo":{"@type":"ImageObject","inLanguage":"es","@id":"https:\/\/brunellostore.es\/#\/schema\/logo\/image\/","url":"https:\/\/brunellostore.es\/wp-content\/uploads\/2024\/09\/Brunello-logo.png","contentUrl":"https:\/\/brunellostore.es\/wp-content\/uploads\/2024\/09\/Brunello-logo.png","width":924,"height":240,"caption":"brunellostore.es"},"image":{"@id":"https:\/\/brunellostore.es\/#\/schema\/logo\/image\/"}}]}},"_links":{"self":[{"href":"https:\/\/brunellostore.es\/es\/wp-json\/wp\/v2\/product\/28917","targetHints":{"allow":["GET"]}}],"collection":[{"href":"https:\/\/brunellostore.es\/es\/wp-json\/wp\/v2\/product"}],"about":[{"href":"https:\/\/brunellostore.es\/es\/wp-json\/wp\/v2\/types\/product"}],"replies":[{"embeddable":true,"href":"https:\/\/brunellostore.es\/es\/wp-json\/wp\/v2\/comments?post=28917"}],"version-history":[{"count":8,"href":"https:\/\/brunellostore.es\/es\/wp-json\/wp\/v2\/product\/28917\/revisions"}],"predecessor-version":[{"id":30139,"href":"https:\/\/brunellostore.es\/es\/wp-json\/wp\/v2\/product\/28917\/revisions\/30139"}],"wp:featuredmedia":[{"embeddable":true,"href":"https:\/\/brunellostore.es\/es\/wp-json\/wp\/v2\/media\/28918"}],"wp:attachment":[{"href":"https:\/\/brunellostore.es\/es\/wp-json\/wp\/v2\/media?parent=28917"}],"wp:term":[{"taxonomy":"product_brand","embeddable":true,"href":"https:\/\/brunellostore.es\/es\/wp-json\/wp\/v2\/product_brand?post=28917"},{"taxonomy":"product_cat","embeddable":true,"href":"https:\/\/brunellostore.es\/es\/wp-json\/wp\/v2\/product_cat?post=28917"},{"taxonomy":"product_tag","embeddable":true,"href":"https:\/\/brunellostore.es\/es\/wp-json\/wp\/v2\/product_tag?post=28917"}],"curies":[{"name":"wp","href":"https:\/\/api.w.org\/{rel}","templated":true}]}}