{"id":29022,"date":"2024-12-03T23:20:28","date_gmt":"2024-12-03T22:20:28","guid":{"rendered":"https:\/\/brunellostore.es\/?post_type=product&#038;p=29022"},"modified":"2025-06-24T21:46:21","modified_gmt":"2025-06-24T20:46:21","slug":"antiplintus-dlya-laminata-i-plitki-p-05","status":"publish","type":"product","link":"https:\/\/brunellostore.es\/es\/producto\/antiplintus-dlya-laminata-i-plitki-p-05\/","title":{"rendered":"Anti z\u00f3calo para laminado y baldosas P-05"},"content":{"rendered":"<div data-elementor-type=\"wp-post\" data-elementor-id=\"29022\" class=\"elementor elementor-29022\">\n\t\t\t\t<div class=\"elementor-element elementor-element-8fe9a00 e-flex e-con-boxed e-con e-parent\" data-id=\"8fe9a00\" data-element_type=\"container\">\n\t\t\t\t\t<div class=\"e-con-inner\">\n\t\t<div class=\"elementor-element elementor-element-430e551 e-con-full e-flex e-con e-child\" data-id=\"430e551\" data-element_type=\"container\">\n\t\t\t\t<div class=\"elementor-element elementor-element-05c1d79 elementor-widget elementor-widget-wd_text_block\" data-id=\"05c1d79\" data-element_type=\"widget\" data-widget_type=\"wd_text_block.default\">\n\t\t\t\t<div class=\"elementor-widget-container\">\n\t\t\t\t\t\t\t<div class=\"wd-text-block reset-last-child text-left\">\n\t\t\t\n\t\t\t<h3>Anti z\u00f3calo para laminado y baldosas P-05<\/h3><p>El z\u00f3calo de aluminio P-05 es uno de los \u00faltimos modelos de nuestra gama de z\u00f3calos de aluminio para suelos elevados. Este rodapi\u00e9 tiene un aspecto lac\u00f3nico con curvas claras. El tama\u00f1o compacto del perfil hace que el rodapi\u00e9 sea invisible en el interior, y combina bien con los populares dise\u00f1os minimalistas.<br \/>Gracias a su inteligente dise\u00f1o, el rodapi\u00e9 puede ocultar peque\u00f1as irregularidades en paredes y suelos, reduciendo as\u00ed los requisitos de calidad del acabado.<\/p>\n\t\t\t\t\t<\/div>\n\t\t\t\t\t\t<\/div>\n\t\t\t\t<\/div>\n\t\t\t\t<\/div>\n\t\t<div class=\"elementor-element elementor-element-c189e30 e-con-full e-flex e-con e-child\" data-id=\"c189e30\" data-element_type=\"container\">\n\t\t\t\t<div class=\"elementor-element elementor-element-a18d0ec elementor-widget elementor-widget-wd_text_block\" data-id=\"a18d0ec\" data-element_type=\"widget\" data-widget_type=\"wd_text_block.default\">\n\t\t\t\t<div class=\"elementor-widget-container\">\n\t\t\t\t\t\t\t<div class=\"wd-text-block reset-last-child text-left\">\n\t\t\t\n\t\t\t<p>El perfil puede utilizarse como z\u00f3calo de suelo, z\u00f3calo de encimera o como z\u00f3calo para ventanas panor\u00e1micas.<\/p><p>El rodapi\u00e9 no requiere ning\u00fan elemento de uni\u00f3n y se instala mediante el cl\u00e1sico recorte. En los lugares donde la l\u00ednea del rodapi\u00e9 es discontinua y junto a los umbrales de las puertas, se recomienda recortar el rodapi\u00e9 a 45 grados y envolverlo visualmente en el suelo.<\/p>\n\t\t\t\t\t<\/div>\n\t\t\t\t\t\t<\/div>\n\t\t\t\t<\/div>\n\t\t\t\t<\/div>\n\t\t<div class=\"elementor-element elementor-element-cd2d9d5 e-con-full e-flex e-con e-child\" data-id=\"cd2d9d5\" data-element_type=\"container\">\n\t\t\t\t<div class=\"elementor-element elementor-element-637df21 elementor-widget elementor-widget-wd_text_block\" data-id=\"637df21\" data-element_type=\"widget\" data-widget_type=\"wd_text_block.default\">\n\t\t\t\t<div class=\"elementor-widget-container\">\n\t\t\t\t\t\t\t<div class=\"wd-text-block reset-last-child text-left\">\n\t\t\t\n\t\t\t<h4>Dimensiones generales<\/h4><p>Material: Aluminio<br \/>Anchura: 16 mm.<br \/>Color: plata\u00a0<br \/>N\u00famero de canales para cables: Sin canales para cables<br \/>Longitud: 2500 mm<br \/>Tipo de z\u00f3calo: Montaje en superficie<br \/>Altura: 5 mm<\/p>\n\t\t\t\t\t<\/div>\n\t\t\t\t\t\t<\/div>\n\t\t\t\t<\/div>\n\t\t\t\t<\/div>\n\t\t\t\t\t<\/div>\n\t\t\t\t<\/div>\n\t\t\t\t<\/div>","protected":false},"excerpt":{"rendered":"<p>El z\u00f3calo de aluminio P-05 es uno de los \u00faltimos modelos de nuestra gama de z\u00f3calos de aluminio para suelos elevados.<\/p>","protected":false},"featured_media":29023,"comment_status":"open","ping_status":"closed","template":"","meta":[],"product_brand":[],"product_cat":[29],"product_tag":[],"class_list":{"0":"post-29022","1":"product","2":"type-product","3":"status-publish","4":"has-post-thumbnail","6":"product_cat-plintus","8":"first","9":"instock","10":"sale","11":"shipping-taxable","12":"purchasable","13":"product-type-simple"},"yoast_head":"<!-- This site is optimized with the Yoast SEO plugin v26.5 - https:\/\/yoast.com\/wordpress\/plugins\/seo\/ -->\n<title>\u0410\u043d\u0442\u0438\u043f\u043b\u0438\u043d\u0442\u0443\u0441 \u0434\u043b\u044f \u043b\u0430\u043c\u0438\u043d\u0430\u0442\u0430 \u0438 \u043f\u043b\u0438\u0442\u043a\u0438 P-05 - brunellostore.es<\/title>\n<meta name=\"robots\" content=\"index, follow, max-snippet:-1, max-image-preview:large, max-video-preview:-1\" \/>\n<link rel=\"canonical\" href=\"https:\/\/brunellostore.es\/es\/producto\/antiplintus-dlya-laminata-i-plitki-p-05\/\" \/>\n<meta property=\"og:locale\" content=\"es_ES\" \/>\n<meta property=\"og:type\" content=\"article\" \/>\n<meta property=\"og:title\" content=\"\u0410\u043d\u0442\u0438\u043f\u043b\u0438\u043d\u0442\u0443\u0441 \u0434\u043b\u044f \u043b\u0430\u043c\u0438\u043d\u0430\u0442\u0430 \u0438 \u043f\u043b\u0438\u0442\u043a\u0438 P-05 - brunellostore.es\" \/>\n<meta property=\"og:description\" content=\"\u0410\u043b\u044e\u043c\u0438\u043d\u0438\u0435\u0432\u044b\u0439 \u043f\u043b\u0438\u043d\u0442\u0443\u0441 P-05 - \u043e\u0434\u043d\u0430 \u0438\u0437 \u043f\u043e\u0441\u043b\u0435\u0434\u043d\u0438\u0445 \u043c\u043e\u0434\u0435\u043b\u0435\u0439 \u0438\u0437 \u0430\u0441\u0441\u043e\u0440\u0442\u0438\u043c\u0435\u043d\u0442\u0430 \u0438\u0437\u0433\u043e\u0442\u0430\u0432\u043b\u0438\u0432\u0430\u0435\u043c\u044b\u0445 \u043d\u0430\u043c\u0438 \u043d\u0430\u043a\u043b\u0430\u0434\u043d\u044b\u0445 \u0430\u043b\u044e\u043c\u0438\u043d\u0438\u0435\u0432\u044b\u0445 \u043f\u043b\u0438\u043d\u0442\u0443\u0441\u043e\u0432 \u0434\u043b\u044f \u043f\u043e\u043b\u0430.\" \/>\n<meta property=\"og:url\" content=\"https:\/\/brunellostore.es\/es\/producto\/antiplintus-dlya-laminata-i-plitki-p-05\/\" \/>\n<meta property=\"og:site_name\" content=\"brunellostore.es\" \/>\n<meta property=\"article:modified_time\" content=\"2025-06-24T20:46:21+00:00\" \/>\n<meta property=\"og:image\" content=\"https:\/\/brunellostore.es\/wp-content\/uploads\/2024\/12\/P-05.webp\" \/>\n\t<meta property=\"og:image:width\" content=\"500\" \/>\n\t<meta property=\"og:image:height\" content=\"500\" \/>\n\t<meta property=\"og:image:type\" content=\"image\/webp\" \/>\n<meta name=\"twitter:card\" content=\"summary_large_image\" \/>\n<meta name=\"twitter:label1\" content=\"Tiempo de lectura\" \/>\n\t<meta name=\"twitter:data1\" content=\"1 minuto\" \/>\n<script type=\"application\/ld+json\" class=\"yoast-schema-graph\">{\"@context\":\"https:\/\/schema.org\",\"@graph\":[{\"@type\":\"WebPage\",\"@id\":\"https:\/\/brunellostore.es\/product\/antiplintus-dlya-laminata-i-plitki-p-05\/\",\"url\":\"https:\/\/brunellostore.es\/product\/antiplintus-dlya-laminata-i-plitki-p-05\/\",\"name\":\"\u0410\u043d\u0442\u0438\u043f\u043b\u0438\u043d\u0442\u0443\u0441 \u0434\u043b\u044f \u043b\u0430\u043c\u0438\u043d\u0430\u0442\u0430 \u0438 \u043f\u043b\u0438\u0442\u043a\u0438 P-05 - brunellostore.es\",\"isPartOf\":{\"@id\":\"https:\/\/brunellostore.es\/#website\"},\"primaryImageOfPage\":{\"@id\":\"https:\/\/brunellostore.es\/product\/antiplintus-dlya-laminata-i-plitki-p-05\/#primaryimage\"},\"image\":{\"@id\":\"https:\/\/brunellostore.es\/product\/antiplintus-dlya-laminata-i-plitki-p-05\/#primaryimage\"},\"thumbnailUrl\":\"https:\/\/brunellostore.es\/wp-content\/uploads\/2024\/12\/P-05.webp\",\"datePublished\":\"2024-12-03T22:20:28+00:00\",\"dateModified\":\"2025-06-24T20:46:21+00:00\",\"breadcrumb\":{\"@id\":\"https:\/\/brunellostore.es\/product\/antiplintus-dlya-laminata-i-plitki-p-05\/#breadcrumb\"},\"inLanguage\":\"es\",\"potentialAction\":[{\"@type\":\"ReadAction\",\"target\":[\"https:\/\/brunellostore.es\/product\/antiplintus-dlya-laminata-i-plitki-p-05\/\"]}]},{\"@type\":\"ImageObject\",\"inLanguage\":\"es\",\"@id\":\"https:\/\/brunellostore.es\/product\/antiplintus-dlya-laminata-i-plitki-p-05\/#primaryimage\",\"url\":\"https:\/\/brunellostore.es\/wp-content\/uploads\/2024\/12\/P-05.webp\",\"contentUrl\":\"https:\/\/brunellostore.es\/wp-content\/uploads\/2024\/12\/P-05.webp\",\"width\":500,\"height\":500},{\"@type\":\"BreadcrumbList\",\"@id\":\"https:\/\/brunellostore.es\/product\/antiplintus-dlya-laminata-i-plitki-p-05\/#breadcrumb\",\"itemListElement\":[{\"@type\":\"ListItem\",\"position\":1,\"name\":\"Home\",\"item\":\"https:\/\/brunellostore.es\/\"},{\"@type\":\"ListItem\",\"position\":2,\"name\":\"\u041c\u0430\u0433\u0430\u0437\u0438\u043d\",\"item\":\"https:\/\/brunellostore.es\/shop\/\"},{\"@type\":\"ListItem\",\"position\":3,\"name\":\"\u0410\u043d\u0442\u0438\u043f\u043b\u0438\u043d\u0442\u0443\u0441 \u0434\u043b\u044f \u043b\u0430\u043c\u0438\u043d\u0430\u0442\u0430 \u0438 \u043f\u043b\u0438\u0442\u043a\u0438 P-05\"}]},{\"@type\":\"WebSite\",\"@id\":\"https:\/\/brunellostore.es\/#website\",\"url\":\"https:\/\/brunellostore.es\/\",\"name\":\"brunellostore.es\",\"description\":\"\",\"publisher\":{\"@id\":\"https:\/\/brunellostore.es\/#organization\"},\"potentialAction\":[{\"@type\":\"SearchAction\",\"target\":{\"@type\":\"EntryPoint\",\"urlTemplate\":\"https:\/\/brunellostore.es\/?s={search_term_string}\"},\"query-input\":{\"@type\":\"PropertyValueSpecification\",\"valueRequired\":true,\"valueName\":\"search_term_string\"}}],\"inLanguage\":\"es\"},{\"@type\":\"Organization\",\"@id\":\"https:\/\/brunellostore.es\/#organization\",\"name\":\"brunellostore.es\",\"url\":\"https:\/\/brunellostore.es\/\",\"logo\":{\"@type\":\"ImageObject\",\"inLanguage\":\"es\",\"@id\":\"https:\/\/brunellostore.es\/#\/schema\/logo\/image\/\",\"url\":\"https:\/\/brunellostore.es\/wp-content\/uploads\/2024\/09\/Brunello-logo.png\",\"contentUrl\":\"https:\/\/brunellostore.es\/wp-content\/uploads\/2024\/09\/Brunello-logo.png\",\"width\":924,\"height\":240,\"caption\":\"brunellostore.es\"},\"image\":{\"@id\":\"https:\/\/brunellostore.es\/#\/schema\/logo\/image\/\"}}]}<\/script>\n<!-- \/ Yoast SEO plugin. -->","yoast_head_json":{"title":"\u0410\u043d\u0442\u0438\u043f\u043b\u0438\u043d\u0442\u0443\u0441 \u0434\u043b\u044f \u043b\u0430\u043c\u0438\u043d\u0430\u0442\u0430 \u0438 \u043f\u043b\u0438\u0442\u043a\u0438 P-05 - brunellostore.es","robots":{"index":"index","follow":"follow","max-snippet":"max-snippet:-1","max-image-preview":"max-image-preview:large","max-video-preview":"max-video-preview:-1"},"canonical":"https:\/\/brunellostore.es\/es\/producto\/antiplintus-dlya-laminata-i-plitki-p-05\/","og_locale":"es_ES","og_type":"article","og_title":"\u0410\u043d\u0442\u0438\u043f\u043b\u0438\u043d\u0442\u0443\u0441 \u0434\u043b\u044f \u043b\u0430\u043c\u0438\u043d\u0430\u0442\u0430 \u0438 \u043f\u043b\u0438\u0442\u043a\u0438 P-05 - brunellostore.es","og_description":"\u0410\u043b\u044e\u043c\u0438\u043d\u0438\u0435\u0432\u044b\u0439 \u043f\u043b\u0438\u043d\u0442\u0443\u0441 P-05 - \u043e\u0434\u043d\u0430 \u0438\u0437 \u043f\u043e\u0441\u043b\u0435\u0434\u043d\u0438\u0445 \u043c\u043e\u0434\u0435\u043b\u0435\u0439 \u0438\u0437 \u0430\u0441\u0441\u043e\u0440\u0442\u0438\u043c\u0435\u043d\u0442\u0430 \u0438\u0437\u0433\u043e\u0442\u0430\u0432\u043b\u0438\u0432\u0430\u0435\u043c\u044b\u0445 \u043d\u0430\u043c\u0438 \u043d\u0430\u043a\u043b\u0430\u0434\u043d\u044b\u0445 \u0430\u043b\u044e\u043c\u0438\u043d\u0438\u0435\u0432\u044b\u0445 \u043f\u043b\u0438\u043d\u0442\u0443\u0441\u043e\u0432 \u0434\u043b\u044f \u043f\u043e\u043b\u0430.","og_url":"https:\/\/brunellostore.es\/es\/producto\/antiplintus-dlya-laminata-i-plitki-p-05\/","og_site_name":"brunellostore.es","article_modified_time":"2025-06-24T20:46:21+00:00","og_image":[{"width":500,"height":500,"url":"https:\/\/brunellostore.es\/wp-content\/uploads\/2024\/12\/P-05.webp","type":"image\/webp"}],"twitter_card":"summary_large_image","twitter_misc":{"Tiempo de lectura":"1 minuto"},"schema":{"@context":"https:\/\/schema.org","@graph":[{"@type":"WebPage","@id":"https:\/\/brunellostore.es\/product\/antiplintus-dlya-laminata-i-plitki-p-05\/","url":"https:\/\/brunellostore.es\/product\/antiplintus-dlya-laminata-i-plitki-p-05\/","name":"\u0410\u043d\u0442\u0438\u043f\u043b\u0438\u043d\u0442\u0443\u0441 \u0434\u043b\u044f \u043b\u0430\u043c\u0438\u043d\u0430\u0442\u0430 \u0438 \u043f\u043b\u0438\u0442\u043a\u0438 P-05 - brunellostore.es","isPartOf":{"@id":"https:\/\/brunellostore.es\/#website"},"primaryImageOfPage":{"@id":"https:\/\/brunellostore.es\/product\/antiplintus-dlya-laminata-i-plitki-p-05\/#primaryimage"},"image":{"@id":"https:\/\/brunellostore.es\/product\/antiplintus-dlya-laminata-i-plitki-p-05\/#primaryimage"},"thumbnailUrl":"https:\/\/brunellostore.es\/wp-content\/uploads\/2024\/12\/P-05.webp","datePublished":"2024-12-03T22:20:28+00:00","dateModified":"2025-06-24T20:46:21+00:00","breadcrumb":{"@id":"https:\/\/brunellostore.es\/product\/antiplintus-dlya-laminata-i-plitki-p-05\/#breadcrumb"},"inLanguage":"es","potentialAction":[{"@type":"ReadAction","target":["https:\/\/brunellostore.es\/product\/antiplintus-dlya-laminata-i-plitki-p-05\/"]}]},{"@type":"ImageObject","inLanguage":"es","@id":"https:\/\/brunellostore.es\/product\/antiplintus-dlya-laminata-i-plitki-p-05\/#primaryimage","url":"https:\/\/brunellostore.es\/wp-content\/uploads\/2024\/12\/P-05.webp","contentUrl":"https:\/\/brunellostore.es\/wp-content\/uploads\/2024\/12\/P-05.webp","width":500,"height":500},{"@type":"BreadcrumbList","@id":"https:\/\/brunellostore.es\/product\/antiplintus-dlya-laminata-i-plitki-p-05\/#breadcrumb","itemListElement":[{"@type":"ListItem","position":1,"name":"Home","item":"https:\/\/brunellostore.es\/"},{"@type":"ListItem","position":2,"name":"\u041c\u0430\u0433\u0430\u0437\u0438\u043d","item":"https:\/\/brunellostore.es\/shop\/"},{"@type":"ListItem","position":3,"name":"\u0410\u043d\u0442\u0438\u043f\u043b\u0438\u043d\u0442\u0443\u0441 \u0434\u043b\u044f \u043b\u0430\u043c\u0438\u043d\u0430\u0442\u0430 \u0438 \u043f\u043b\u0438\u0442\u043a\u0438 P-05"}]},{"@type":"WebSite","@id":"https:\/\/brunellostore.es\/#website","url":"https:\/\/brunellostore.es\/","name":"brunellostore.es","description":"","publisher":{"@id":"https:\/\/brunellostore.es\/#organization"},"potentialAction":[{"@type":"SearchAction","target":{"@type":"EntryPoint","urlTemplate":"https:\/\/brunellostore.es\/?s={search_term_string}"},"query-input":{"@type":"PropertyValueSpecification","valueRequired":true,"valueName":"search_term_string"}}],"inLanguage":"es"},{"@type":"Organization","@id":"https:\/\/brunellostore.es\/#organization","name":"brunellostore.es","url":"https:\/\/brunellostore.es\/","logo":{"@type":"ImageObject","inLanguage":"es","@id":"https:\/\/brunellostore.es\/#\/schema\/logo\/image\/","url":"https:\/\/brunellostore.es\/wp-content\/uploads\/2024\/09\/Brunello-logo.png","contentUrl":"https:\/\/brunellostore.es\/wp-content\/uploads\/2024\/09\/Brunello-logo.png","width":924,"height":240,"caption":"brunellostore.es"},"image":{"@id":"https:\/\/brunellostore.es\/#\/schema\/logo\/image\/"}}]}},"_links":{"self":[{"href":"https:\/\/brunellostore.es\/es\/wp-json\/wp\/v2\/product\/29022","targetHints":{"allow":["GET"]}}],"collection":[{"href":"https:\/\/brunellostore.es\/es\/wp-json\/wp\/v2\/product"}],"about":[{"href":"https:\/\/brunellostore.es\/es\/wp-json\/wp\/v2\/types\/product"}],"replies":[{"embeddable":true,"href":"https:\/\/brunellostore.es\/es\/wp-json\/wp\/v2\/comments?post=29022"}],"version-history":[{"count":8,"href":"https:\/\/brunellostore.es\/es\/wp-json\/wp\/v2\/product\/29022\/revisions"}],"predecessor-version":[{"id":30068,"href":"https:\/\/brunellostore.es\/es\/wp-json\/wp\/v2\/product\/29022\/revisions\/30068"}],"wp:featuredmedia":[{"embeddable":true,"href":"https:\/\/brunellostore.es\/es\/wp-json\/wp\/v2\/media\/29023"}],"wp:attachment":[{"href":"https:\/\/brunellostore.es\/es\/wp-json\/wp\/v2\/media?parent=29022"}],"wp:term":[{"taxonomy":"product_brand","embeddable":true,"href":"https:\/\/brunellostore.es\/es\/wp-json\/wp\/v2\/product_brand?post=29022"},{"taxonomy":"product_cat","embeddable":true,"href":"https:\/\/brunellostore.es\/es\/wp-json\/wp\/v2\/product_cat?post=29022"},{"taxonomy":"product_tag","embeddable":true,"href":"https:\/\/brunellostore.es\/es\/wp-json\/wp\/v2\/product_tag?post=29022"}],"curies":[{"name":"wp","href":"https:\/\/api.w.org\/{rel}","templated":true}]}}