{"id":29041,"date":"2024-12-03T23:42:22","date_gmt":"2024-12-03T22:42:22","guid":{"rendered":"https:\/\/brunellostore.es\/?post_type=product&#038;p=29041"},"modified":"2025-06-24T21:33:54","modified_gmt":"2025-06-24T20:33:54","slug":"antiplintus-dlya-lvt-polov-s-uvelichennym-perekrytiyem-p-07","status":"publish","type":"product","link":"https:\/\/brunellostore.es\/es\/producto\/antiplintus-dlya-lvt-polov-s-uvelichennym-perekrytiyem-p-07\/","title":{"rendered":"Anti z\u00f3calo para suelos LVT con solapamiento aumentado P-07"},"content":{"rendered":"<div data-elementor-type=\"wp-post\" data-elementor-id=\"29041\" class=\"elementor elementor-29041\">\n\t\t\t\t<div class=\"elementor-element elementor-element-8fe9a00 e-flex e-con-boxed e-con e-parent\" data-id=\"8fe9a00\" data-element_type=\"container\">\n\t\t\t\t\t<div class=\"e-con-inner\">\n\t\t<div class=\"elementor-element elementor-element-430e551 e-con-full e-flex e-con e-child\" data-id=\"430e551\" data-element_type=\"container\">\n\t\t\t\t<div class=\"elementor-element elementor-element-05c1d79 elementor-widget elementor-widget-wd_text_block\" data-id=\"05c1d79\" data-element_type=\"widget\" data-widget_type=\"wd_text_block.default\">\n\t\t\t\t<div class=\"elementor-widget-container\">\n\t\t\t\t\t\t\t<div class=\"wd-text-block reset-last-child text-left\">\n\t\t\t\n\t\t\t<h3>Anti z\u00f3calo para suelos LVT con solapamiento aumentado P-07<\/h3><p>El z\u00f3calo de aluminio P-07 es el modelo m\u00e1s compacto entre nuestros z\u00f3calos de aluminio superpuestos para suelos. Las dimensiones m\u00ednimas del rodapi\u00e9 no llaman la atenci\u00f3n innecesariamente, ocultando est\u00e9ticamente la uni\u00f3n entre el suelo y la pared. Este modelo tiene una aplicaci\u00f3n universal, por universal entendemos que puede utilizarse como rodapi\u00e9 de suelo y tambi\u00e9n como rodapi\u00e9 de encimera.<\/p><p>El Microplinto P-07 est\u00e1 dise\u00f1ado para revestimientos de suelo a partir de 4 mm (vinilo, moqueta, lin\u00f3leo, etc.). Tiene un solapamiento del suelo aumentado de 22 mm, ideal para revestimientos de suelo \u00abflotantes\u00bb y para grandes huecos entre la pared y el suelo.<\/p>\n\t\t\t\t\t<\/div>\n\t\t\t\t\t\t<\/div>\n\t\t\t\t<\/div>\n\t\t\t\t<\/div>\n\t\t<div class=\"elementor-element elementor-element-c189e30 e-con-full e-flex e-con e-child\" data-id=\"c189e30\" data-element_type=\"container\">\n\t\t\t\t<div class=\"elementor-element elementor-element-a18d0ec elementor-widget elementor-widget-wd_text_block\" data-id=\"a18d0ec\" data-element_type=\"widget\" data-widget_type=\"wd_text_block.default\">\n\t\t\t\t<div class=\"elementor-widget-container\">\n\t\t\t\t\t\t\t<div class=\"wd-text-block reset-last-child text-left\">\n\t\t\t\n\t\t\t<p>La versatilidad de este modelo permite instalarlo en combinaci\u00f3n con rodapi\u00e9s de tipo empotrado, creando un efecto de pared levitante y permitiendo cubrir los huecos dejados al instalar parquet, tarima y otros tipos de tarima flotante.<\/p><p>La resistencia a los ara\u00f1azos, la humedad y la luz solar permite utilizar el rodapi\u00e9 en instalaciones comerciales con mucho tr\u00e1fico, utilizado en el dise\u00f1o de zonas exteriores (terrazas, grupos de entrada, p\u00e9rgolas, etc.).<\/p>\n\t\t\t\t\t<\/div>\n\t\t\t\t\t\t<\/div>\n\t\t\t\t<\/div>\n\t\t\t\t<\/div>\n\t\t<div class=\"elementor-element elementor-element-cd2d9d5 e-con-full e-flex e-con e-child\" data-id=\"cd2d9d5\" data-element_type=\"container\">\n\t\t\t\t<div class=\"elementor-element elementor-element-637df21 elementor-widget elementor-widget-wd_text_block\" data-id=\"637df21\" data-element_type=\"widget\" data-widget_type=\"wd_text_block.default\">\n\t\t\t\t<div class=\"elementor-widget-container\">\n\t\t\t\t\t\t\t<div class=\"wd-text-block reset-last-child text-left\">\n\t\t\t\n\t\t\t<h4>Dimensiones generales<\/h4><p>Material: Aluminio<br \/>Anchura: 22 mm.<br \/>Color: plata\u00a0<br \/>N\u00famero de canales para cables: Sin canales para cables<br \/>Longitud: 2500 mm<br \/>Tipo de z\u00f3calo: Montaje en superficie<br \/>Altura: 4 mm<\/p>\n\t\t\t\t\t<\/div>\n\t\t\t\t\t\t<\/div>\n\t\t\t\t<\/div>\n\t\t\t\t<\/div>\n\t\t\t\t\t<\/div>\n\t\t\t\t<\/div>\n\t\t\t\t<\/div>","protected":false},"excerpt":{"rendered":"<p>El z\u00f3calo de aluminio P-07 es el modelo m\u00e1s compacto entre nuestros z\u00f3calos de aluminio superpuestos para suelos. Las dimensiones m\u00ednimas del rodapi\u00e9 no llaman la atenci\u00f3n innecesariamente, ocultando est\u00e9ticamente la uni\u00f3n entre el suelo y la pared. Este modelo tiene una aplicaci\u00f3n universal, por universal entendemos que puede utilizarse como rodapi\u00e9 de suelo y tambi\u00e9n como rodapi\u00e9 de encimera.<\/p>","protected":false},"featured_media":29084,"comment_status":"open","ping_status":"closed","template":"","meta":[],"product_brand":[],"product_cat":[29],"product_tag":[],"class_list":{"0":"post-29041","1":"product","2":"type-product","3":"status-publish","4":"has-post-thumbnail","6":"product_cat-plintus","8":"first","9":"instock","10":"shipping-taxable","11":"purchasable","12":"product-type-simple"},"yoast_head":"<!-- This site is optimized with the Yoast SEO plugin v26.5 - https:\/\/yoast.com\/wordpress\/plugins\/seo\/ -->\n<title>\u0410\u043d\u0442\u0438\u043f\u043b\u0438\u043d\u0442\u0443\u0441 \u0434\u043b\u044f LVT-\u043f\u043e\u043b\u043e\u0432 \u0441 \u0443\u0432\u0435\u043b\u0438\u0447\u0435\u043d\u043d\u044b\u043c \u043f\u0435\u0440\u0435\u043a\u0440\u044b\u0442\u0438\u0435\u043c P-07 - brunellostore.es<\/title>\n<meta name=\"robots\" content=\"index, follow, max-snippet:-1, max-image-preview:large, max-video-preview:-1\" \/>\n<link rel=\"canonical\" href=\"https:\/\/brunellostore.es\/es\/producto\/antiplintus-dlya-lvt-polov-s-uvelichennym-perekrytiyem-p-07\/\" \/>\n<meta property=\"og:locale\" content=\"es_ES\" \/>\n<meta property=\"og:type\" content=\"article\" \/>\n<meta property=\"og:title\" content=\"\u0410\u043d\u0442\u0438\u043f\u043b\u0438\u043d\u0442\u0443\u0441 \u0434\u043b\u044f LVT-\u043f\u043e\u043b\u043e\u0432 \u0441 \u0443\u0432\u0435\u043b\u0438\u0447\u0435\u043d\u043d\u044b\u043c \u043f\u0435\u0440\u0435\u043a\u0440\u044b\u0442\u0438\u0435\u043c P-07 - brunellostore.es\" \/>\n<meta property=\"og:description\" content=\"\u0410\u043b\u044e\u043c\u0438\u043d\u0438\u0435\u0432\u044b\u0439 \u043f\u043b\u0438\u043d\u0442\u0443\u0441 P-07 - \u0441\u0430\u043c\u0430\u044f \u043a\u043e\u043c\u043f\u0430\u043a\u0442\u043d\u0430\u044f \u043c\u043e\u0434\u0435\u043b\u044c \u0441\u0440\u0435\u0434\u0438 \u043f\u0440\u043e\u0438\u0437\u0432\u043e\u0434\u0438\u043c\u044b\u0445 \u043d\u0430\u043c\u0438 \u043d\u0430\u043a\u043b\u0430\u0434\u043d\u044b\u0445 \u0430\u043b\u044e\u043c\u0438\u043d\u0438\u0435\u0432\u044b\u0445 \u043f\u043b\u0438\u043d\u0442\u0443\u0441\u043e\u0432 \u0434\u043b\u044f \u043f\u043e\u043b\u0430. \u041c\u0438\u043d\u0438\u043c\u0430\u043b\u044c\u043d\u044b\u0435 \u0433\u0430\u0431\u0430\u0440\u0438\u0442\u044b \u043f\u043b\u0438\u043d\u0442\u0443\u0441\u0430 \u043d\u0435 \u043f\u0440\u0438\u0432\u043b\u0435\u043a\u0430\u044e\u0442 \u043a \u0441\u0435\u0431\u0435 \u043b\u0438\u0448\u043d\u0435\u0433\u043e \u0432\u043d\u0438\u043c\u0430\u043d\u0438\u044f, \u044d\u0441\u0442\u0435\u0442\u0438\u0447\u043d\u043e \u0441\u043a\u0440\u044b\u0432\u0430\u044f \u0441\u043e\u0435\u0434\u0438\u043d\u0435\u043d\u0438\u0435 \u043f\u043e\u043b\u0430 \u0438 \u0441\u0442\u0435\u043d. \u0414\u0430\u043d\u043d\u0430\u044f \u043c\u043e\u0434\u0435\u043b\u044c \u0438\u043c\u0435\u0435\u0442 \u0443\u043d\u0438\u0432\u0435\u0440\u0441\u0430\u043b\u044c\u043d\u043e\u0435 \u043f\u0440\u0438\u043c\u0435\u043d\u0435\u043d\u0438\u0435, \u043f\u043e\u0434 \u0443\u043d\u0438\u0432\u0435\u0440\u0441\u0430\u043b\u044c\u043d\u043e\u0441\u0442\u044c\u044e \u043c\u044b \u043f\u043e\u0434\u0440\u0430\u0437\u0443\u043c\u0435\u0432\u0430\u0435\u043c \u0432\u043e\u0437\u043c\u043e\u0436\u043d\u043e\u0441\u0442\u044c \u0438\u0441\u043f\u043e\u043b\u044c\u0437\u043e\u0432\u0430\u043d\u0438\u044f \u0435\u0433\u043e \u0432 \u043a\u0430\u0447\u0435\u0441\u0442\u0432\u0435 \u043d\u0430\u043f\u043e\u043b\u044c\u043d\u043e\u0433\u043e \u043f\u043b\u0438\u043d\u0442\u0443\u0441\u0430, \u0430 \u0442\u0430\u043a\u0436\u0435 \u0438\u0441\u043f\u043e\u043b\u044c\u0437\u043e\u0432\u0430\u043d\u0438\u0435 \u043a\u0430\u043a \u043f\u043b\u0438\u043d\u0442\u0443\u0441\u0430 \u0441\u0442\u043e\u043b\u0435\u0448\u043d\u0438\u0446\u044b.\" \/>\n<meta property=\"og:url\" content=\"https:\/\/brunellostore.es\/es\/producto\/antiplintus-dlya-lvt-polov-s-uvelichennym-perekrytiyem-p-07\/\" \/>\n<meta property=\"og:site_name\" content=\"brunellostore.es\" \/>\n<meta property=\"article:modified_time\" content=\"2025-06-24T20:33:54+00:00\" \/>\n<meta property=\"og:image\" content=\"https:\/\/brunellostore.es\/wp-content\/uploads\/2024\/12\/P-07.webp\" \/>\n\t<meta property=\"og:image:width\" content=\"500\" \/>\n\t<meta property=\"og:image:height\" content=\"500\" \/>\n\t<meta property=\"og:image:type\" content=\"image\/webp\" \/>\n<meta name=\"twitter:card\" content=\"summary_large_image\" \/>\n<meta name=\"twitter:label1\" content=\"Tiempo de lectura\" \/>\n\t<meta name=\"twitter:data1\" content=\"1 minuto\" \/>\n<script type=\"application\/ld+json\" class=\"yoast-schema-graph\">{\"@context\":\"https:\/\/schema.org\",\"@graph\":[{\"@type\":\"WebPage\",\"@id\":\"https:\/\/brunellostore.es\/product\/antiplintus-dlya-lvt-polov-s-uvelichennym-perekrytiyem-p-07\/\",\"url\":\"https:\/\/brunellostore.es\/product\/antiplintus-dlya-lvt-polov-s-uvelichennym-perekrytiyem-p-07\/\",\"name\":\"\u0410\u043d\u0442\u0438\u043f\u043b\u0438\u043d\u0442\u0443\u0441 \u0434\u043b\u044f LVT-\u043f\u043e\u043b\u043e\u0432 \u0441 \u0443\u0432\u0435\u043b\u0438\u0447\u0435\u043d\u043d\u044b\u043c \u043f\u0435\u0440\u0435\u043a\u0440\u044b\u0442\u0438\u0435\u043c P-07 - brunellostore.es\",\"isPartOf\":{\"@id\":\"https:\/\/brunellostore.es\/#website\"},\"primaryImageOfPage\":{\"@id\":\"https:\/\/brunellostore.es\/product\/antiplintus-dlya-lvt-polov-s-uvelichennym-perekrytiyem-p-07\/#primaryimage\"},\"image\":{\"@id\":\"https:\/\/brunellostore.es\/product\/antiplintus-dlya-lvt-polov-s-uvelichennym-perekrytiyem-p-07\/#primaryimage\"},\"thumbnailUrl\":\"https:\/\/brunellostore.es\/wp-content\/uploads\/2024\/12\/P-07.webp\",\"datePublished\":\"2024-12-03T22:42:22+00:00\",\"dateModified\":\"2025-06-24T20:33:54+00:00\",\"breadcrumb\":{\"@id\":\"https:\/\/brunellostore.es\/product\/antiplintus-dlya-lvt-polov-s-uvelichennym-perekrytiyem-p-07\/#breadcrumb\"},\"inLanguage\":\"es\",\"potentialAction\":[{\"@type\":\"ReadAction\",\"target\":[\"https:\/\/brunellostore.es\/product\/antiplintus-dlya-lvt-polov-s-uvelichennym-perekrytiyem-p-07\/\"]}]},{\"@type\":\"ImageObject\",\"inLanguage\":\"es\",\"@id\":\"https:\/\/brunellostore.es\/product\/antiplintus-dlya-lvt-polov-s-uvelichennym-perekrytiyem-p-07\/#primaryimage\",\"url\":\"https:\/\/brunellostore.es\/wp-content\/uploads\/2024\/12\/P-07.webp\",\"contentUrl\":\"https:\/\/brunellostore.es\/wp-content\/uploads\/2024\/12\/P-07.webp\",\"width\":500,\"height\":500},{\"@type\":\"BreadcrumbList\",\"@id\":\"https:\/\/brunellostore.es\/product\/antiplintus-dlya-lvt-polov-s-uvelichennym-perekrytiyem-p-07\/#breadcrumb\",\"itemListElement\":[{\"@type\":\"ListItem\",\"position\":1,\"name\":\"Home\",\"item\":\"https:\/\/brunellostore.es\/\"},{\"@type\":\"ListItem\",\"position\":2,\"name\":\"\u041c\u0430\u0433\u0430\u0437\u0438\u043d\",\"item\":\"https:\/\/brunellostore.es\/shop\/\"},{\"@type\":\"ListItem\",\"position\":3,\"name\":\"\u0410\u043d\u0442\u0438\u043f\u043b\u0438\u043d\u0442\u0443\u0441 \u0434\u043b\u044f LVT-\u043f\u043e\u043b\u043e\u0432 \u0441 \u0443\u0432\u0435\u043b\u0438\u0447\u0435\u043d\u043d\u044b\u043c \u043f\u0435\u0440\u0435\u043a\u0440\u044b\u0442\u0438\u0435\u043c P-07\"}]},{\"@type\":\"WebSite\",\"@id\":\"https:\/\/brunellostore.es\/#website\",\"url\":\"https:\/\/brunellostore.es\/\",\"name\":\"brunellostore.es\",\"description\":\"\",\"publisher\":{\"@id\":\"https:\/\/brunellostore.es\/#organization\"},\"potentialAction\":[{\"@type\":\"SearchAction\",\"target\":{\"@type\":\"EntryPoint\",\"urlTemplate\":\"https:\/\/brunellostore.es\/?s={search_term_string}\"},\"query-input\":{\"@type\":\"PropertyValueSpecification\",\"valueRequired\":true,\"valueName\":\"search_term_string\"}}],\"inLanguage\":\"es\"},{\"@type\":\"Organization\",\"@id\":\"https:\/\/brunellostore.es\/#organization\",\"name\":\"brunellostore.es\",\"url\":\"https:\/\/brunellostore.es\/\",\"logo\":{\"@type\":\"ImageObject\",\"inLanguage\":\"es\",\"@id\":\"https:\/\/brunellostore.es\/#\/schema\/logo\/image\/\",\"url\":\"https:\/\/brunellostore.es\/wp-content\/uploads\/2024\/09\/Brunello-logo.png\",\"contentUrl\":\"https:\/\/brunellostore.es\/wp-content\/uploads\/2024\/09\/Brunello-logo.png\",\"width\":924,\"height\":240,\"caption\":\"brunellostore.es\"},\"image\":{\"@id\":\"https:\/\/brunellostore.es\/#\/schema\/logo\/image\/\"}}]}<\/script>\n<!-- \/ Yoast SEO plugin. -->","yoast_head_json":{"title":"\u0410\u043d\u0442\u0438\u043f\u043b\u0438\u043d\u0442\u0443\u0441 \u0434\u043b\u044f LVT-\u043f\u043e\u043b\u043e\u0432 \u0441 \u0443\u0432\u0435\u043b\u0438\u0447\u0435\u043d\u043d\u044b\u043c \u043f\u0435\u0440\u0435\u043a\u0440\u044b\u0442\u0438\u0435\u043c P-07 - brunellostore.es","robots":{"index":"index","follow":"follow","max-snippet":"max-snippet:-1","max-image-preview":"max-image-preview:large","max-video-preview":"max-video-preview:-1"},"canonical":"https:\/\/brunellostore.es\/es\/producto\/antiplintus-dlya-lvt-polov-s-uvelichennym-perekrytiyem-p-07\/","og_locale":"es_ES","og_type":"article","og_title":"\u0410\u043d\u0442\u0438\u043f\u043b\u0438\u043d\u0442\u0443\u0441 \u0434\u043b\u044f LVT-\u043f\u043e\u043b\u043e\u0432 \u0441 \u0443\u0432\u0435\u043b\u0438\u0447\u0435\u043d\u043d\u044b\u043c \u043f\u0435\u0440\u0435\u043a\u0440\u044b\u0442\u0438\u0435\u043c P-07 - brunellostore.es","og_description":"\u0410\u043b\u044e\u043c\u0438\u043d\u0438\u0435\u0432\u044b\u0439 \u043f\u043b\u0438\u043d\u0442\u0443\u0441 P-07 - \u0441\u0430\u043c\u0430\u044f \u043a\u043e\u043c\u043f\u0430\u043a\u0442\u043d\u0430\u044f \u043c\u043e\u0434\u0435\u043b\u044c \u0441\u0440\u0435\u0434\u0438 \u043f\u0440\u043e\u0438\u0437\u0432\u043e\u0434\u0438\u043c\u044b\u0445 \u043d\u0430\u043c\u0438 \u043d\u0430\u043a\u043b\u0430\u0434\u043d\u044b\u0445 \u0430\u043b\u044e\u043c\u0438\u043d\u0438\u0435\u0432\u044b\u0445 \u043f\u043b\u0438\u043d\u0442\u0443\u0441\u043e\u0432 \u0434\u043b\u044f \u043f\u043e\u043b\u0430. \u041c\u0438\u043d\u0438\u043c\u0430\u043b\u044c\u043d\u044b\u0435 \u0433\u0430\u0431\u0430\u0440\u0438\u0442\u044b \u043f\u043b\u0438\u043d\u0442\u0443\u0441\u0430 \u043d\u0435 \u043f\u0440\u0438\u0432\u043b\u0435\u043a\u0430\u044e\u0442 \u043a \u0441\u0435\u0431\u0435 \u043b\u0438\u0448\u043d\u0435\u0433\u043e \u0432\u043d\u0438\u043c\u0430\u043d\u0438\u044f, \u044d\u0441\u0442\u0435\u0442\u0438\u0447\u043d\u043e \u0441\u043a\u0440\u044b\u0432\u0430\u044f \u0441\u043e\u0435\u0434\u0438\u043d\u0435\u043d\u0438\u0435 \u043f\u043e\u043b\u0430 \u0438 \u0441\u0442\u0435\u043d. \u0414\u0430\u043d\u043d\u0430\u044f \u043c\u043e\u0434\u0435\u043b\u044c \u0438\u043c\u0435\u0435\u0442 \u0443\u043d\u0438\u0432\u0435\u0440\u0441\u0430\u043b\u044c\u043d\u043e\u0435 \u043f\u0440\u0438\u043c\u0435\u043d\u0435\u043d\u0438\u0435, \u043f\u043e\u0434 \u0443\u043d\u0438\u0432\u0435\u0440\u0441\u0430\u043b\u044c\u043d\u043e\u0441\u0442\u044c\u044e \u043c\u044b \u043f\u043e\u0434\u0440\u0430\u0437\u0443\u043c\u0435\u0432\u0430\u0435\u043c \u0432\u043e\u0437\u043c\u043e\u0436\u043d\u043e\u0441\u0442\u044c \u0438\u0441\u043f\u043e\u043b\u044c\u0437\u043e\u0432\u0430\u043d\u0438\u044f \u0435\u0433\u043e \u0432 \u043a\u0430\u0447\u0435\u0441\u0442\u0432\u0435 \u043d\u0430\u043f\u043e\u043b\u044c\u043d\u043e\u0433\u043e \u043f\u043b\u0438\u043d\u0442\u0443\u0441\u0430, \u0430 \u0442\u0430\u043a\u0436\u0435 \u0438\u0441\u043f\u043e\u043b\u044c\u0437\u043e\u0432\u0430\u043d\u0438\u0435 \u043a\u0430\u043a \u043f\u043b\u0438\u043d\u0442\u0443\u0441\u0430 \u0441\u0442\u043e\u043b\u0435\u0448\u043d\u0438\u0446\u044b.","og_url":"https:\/\/brunellostore.es\/es\/producto\/antiplintus-dlya-lvt-polov-s-uvelichennym-perekrytiyem-p-07\/","og_site_name":"brunellostore.es","article_modified_time":"2025-06-24T20:33:54+00:00","og_image":[{"width":500,"height":500,"url":"https:\/\/brunellostore.es\/wp-content\/uploads\/2024\/12\/P-07.webp","type":"image\/webp"}],"twitter_card":"summary_large_image","twitter_misc":{"Tiempo de lectura":"1 minuto"},"schema":{"@context":"https:\/\/schema.org","@graph":[{"@type":"WebPage","@id":"https:\/\/brunellostore.es\/product\/antiplintus-dlya-lvt-polov-s-uvelichennym-perekrytiyem-p-07\/","url":"https:\/\/brunellostore.es\/product\/antiplintus-dlya-lvt-polov-s-uvelichennym-perekrytiyem-p-07\/","name":"\u0410\u043d\u0442\u0438\u043f\u043b\u0438\u043d\u0442\u0443\u0441 \u0434\u043b\u044f LVT-\u043f\u043e\u043b\u043e\u0432 \u0441 \u0443\u0432\u0435\u043b\u0438\u0447\u0435\u043d\u043d\u044b\u043c \u043f\u0435\u0440\u0435\u043a\u0440\u044b\u0442\u0438\u0435\u043c P-07 - brunellostore.es","isPartOf":{"@id":"https:\/\/brunellostore.es\/#website"},"primaryImageOfPage":{"@id":"https:\/\/brunellostore.es\/product\/antiplintus-dlya-lvt-polov-s-uvelichennym-perekrytiyem-p-07\/#primaryimage"},"image":{"@id":"https:\/\/brunellostore.es\/product\/antiplintus-dlya-lvt-polov-s-uvelichennym-perekrytiyem-p-07\/#primaryimage"},"thumbnailUrl":"https:\/\/brunellostore.es\/wp-content\/uploads\/2024\/12\/P-07.webp","datePublished":"2024-12-03T22:42:22+00:00","dateModified":"2025-06-24T20:33:54+00:00","breadcrumb":{"@id":"https:\/\/brunellostore.es\/product\/antiplintus-dlya-lvt-polov-s-uvelichennym-perekrytiyem-p-07\/#breadcrumb"},"inLanguage":"es","potentialAction":[{"@type":"ReadAction","target":["https:\/\/brunellostore.es\/product\/antiplintus-dlya-lvt-polov-s-uvelichennym-perekrytiyem-p-07\/"]}]},{"@type":"ImageObject","inLanguage":"es","@id":"https:\/\/brunellostore.es\/product\/antiplintus-dlya-lvt-polov-s-uvelichennym-perekrytiyem-p-07\/#primaryimage","url":"https:\/\/brunellostore.es\/wp-content\/uploads\/2024\/12\/P-07.webp","contentUrl":"https:\/\/brunellostore.es\/wp-content\/uploads\/2024\/12\/P-07.webp","width":500,"height":500},{"@type":"BreadcrumbList","@id":"https:\/\/brunellostore.es\/product\/antiplintus-dlya-lvt-polov-s-uvelichennym-perekrytiyem-p-07\/#breadcrumb","itemListElement":[{"@type":"ListItem","position":1,"name":"Home","item":"https:\/\/brunellostore.es\/"},{"@type":"ListItem","position":2,"name":"\u041c\u0430\u0433\u0430\u0437\u0438\u043d","item":"https:\/\/brunellostore.es\/shop\/"},{"@type":"ListItem","position":3,"name":"\u0410\u043d\u0442\u0438\u043f\u043b\u0438\u043d\u0442\u0443\u0441 \u0434\u043b\u044f LVT-\u043f\u043e\u043b\u043e\u0432 \u0441 \u0443\u0432\u0435\u043b\u0438\u0447\u0435\u043d\u043d\u044b\u043c \u043f\u0435\u0440\u0435\u043a\u0440\u044b\u0442\u0438\u0435\u043c P-07"}]},{"@type":"WebSite","@id":"https:\/\/brunellostore.es\/#website","url":"https:\/\/brunellostore.es\/","name":"brunellostore.es","description":"","publisher":{"@id":"https:\/\/brunellostore.es\/#organization"},"potentialAction":[{"@type":"SearchAction","target":{"@type":"EntryPoint","urlTemplate":"https:\/\/brunellostore.es\/?s={search_term_string}"},"query-input":{"@type":"PropertyValueSpecification","valueRequired":true,"valueName":"search_term_string"}}],"inLanguage":"es"},{"@type":"Organization","@id":"https:\/\/brunellostore.es\/#organization","name":"brunellostore.es","url":"https:\/\/brunellostore.es\/","logo":{"@type":"ImageObject","inLanguage":"es","@id":"https:\/\/brunellostore.es\/#\/schema\/logo\/image\/","url":"https:\/\/brunellostore.es\/wp-content\/uploads\/2024\/09\/Brunello-logo.png","contentUrl":"https:\/\/brunellostore.es\/wp-content\/uploads\/2024\/09\/Brunello-logo.png","width":924,"height":240,"caption":"brunellostore.es"},"image":{"@id":"https:\/\/brunellostore.es\/#\/schema\/logo\/image\/"}}]}},"_links":{"self":[{"href":"https:\/\/brunellostore.es\/es\/wp-json\/wp\/v2\/product\/29041","targetHints":{"allow":["GET"]}}],"collection":[{"href":"https:\/\/brunellostore.es\/es\/wp-json\/wp\/v2\/product"}],"about":[{"href":"https:\/\/brunellostore.es\/es\/wp-json\/wp\/v2\/types\/product"}],"replies":[{"embeddable":true,"href":"https:\/\/brunellostore.es\/es\/wp-json\/wp\/v2\/comments?post=29041"}],"version-history":[{"count":9,"href":"https:\/\/brunellostore.es\/es\/wp-json\/wp\/v2\/product\/29041\/revisions"}],"predecessor-version":[{"id":30055,"href":"https:\/\/brunellostore.es\/es\/wp-json\/wp\/v2\/product\/29041\/revisions\/30055"}],"wp:featuredmedia":[{"embeddable":true,"href":"https:\/\/brunellostore.es\/es\/wp-json\/wp\/v2\/media\/29084"}],"wp:attachment":[{"href":"https:\/\/brunellostore.es\/es\/wp-json\/wp\/v2\/media?parent=29041"}],"wp:term":[{"taxonomy":"product_brand","embeddable":true,"href":"https:\/\/brunellostore.es\/es\/wp-json\/wp\/v2\/product_brand?post=29041"},{"taxonomy":"product_cat","embeddable":true,"href":"https:\/\/brunellostore.es\/es\/wp-json\/wp\/v2\/product_cat?post=29041"},{"taxonomy":"product_tag","embeddable":true,"href":"https:\/\/brunellostore.es\/es\/wp-json\/wp\/v2\/product_tag?post=29041"}],"curies":[{"name":"wp","href":"https:\/\/api.w.org\/{rel}","templated":true}]}}