{"id":29051,"date":"2024-12-03T23:54:12","date_gmt":"2024-12-03T22:54:12","guid":{"rendered":"https:\/\/brunellostore.es\/?post_type=product&#038;p=29051"},"modified":"2025-06-24T21:19:26","modified_gmt":"2025-06-24T20:19:26","slug":"l-obraznyy-alyuminiyevyy-plintus-dlya-pola-p-65","status":"publish","type":"product","link":"https:\/\/brunellostore.es\/es\/producto\/l-obraznyy-alyuminiyevyy-plintus-dlya-pola-p-65\/","title":{"rendered":"Rodapi\u00e9 de aluminio en forma de L P-65"},"content":{"rendered":"<div data-elementor-type=\"wp-post\" data-elementor-id=\"29051\" class=\"elementor elementor-29051\">\n\t\t\t\t<div class=\"elementor-element elementor-element-8fe9a00 e-flex e-con-boxed e-con e-parent\" data-id=\"8fe9a00\" data-element_type=\"container\">\n\t\t\t\t\t<div class=\"e-con-inner\">\n\t\t<div class=\"elementor-element elementor-element-430e551 e-con-full e-flex e-con e-child\" data-id=\"430e551\" data-element_type=\"container\">\n\t\t\t\t<div class=\"elementor-element elementor-element-05c1d79 elementor-widget elementor-widget-wd_text_block\" data-id=\"05c1d79\" data-element_type=\"widget\" data-widget_type=\"wd_text_block.default\">\n\t\t\t\t<div class=\"elementor-widget-container\">\n\t\t\t\t\t\t\t<div class=\"wd-text-block reset-last-child text-left\">\n\t\t\t\n\t\t\t<h3>Rodapi\u00e9 de aluminio en forma de L P-65<\/h3><p>El rodapi\u00e9 de aluminio P-65 es un desarrollo exclusivo de nuestra empresa, fabricado seg\u00fan las numerosas peticiones de los clientes y teniendo en cuenta sus deseos. Este modelo de rodapi\u00e9 es una de las variedades de rodapi\u00e9s a\u00e9reos de aluminio para suelos que producimos.<\/p><p>El rodapi\u00e9 tiene un grosor m\u00ednimo, luce org\u00e1nicamente en el interior y combina bien con las modernas opciones de acabados premium de las habitaciones.<\/p>\n\t\t\t\t\t<\/div>\n\t\t\t\t\t\t<\/div>\n\t\t\t\t<\/div>\n\t\t\t\t<\/div>\n\t\t<div class=\"elementor-element elementor-element-c189e30 e-con-full e-flex e-con e-child\" data-id=\"c189e30\" data-element_type=\"container\">\n\t\t\t\t<div class=\"elementor-element elementor-element-a18d0ec elementor-widget elementor-widget-wd_text_block\" data-id=\"a18d0ec\" data-element_type=\"widget\" data-widget_type=\"wd_text_block.default\">\n\t\t\t\t<div class=\"elementor-widget-container\">\n\t\t\t\t\t\t\t<div class=\"wd-text-block reset-last-child text-left\">\n\t\t\t\n\t\t\t<p>El bisel en el punto superior del rodapi\u00e9 evita que se acumule la suciedad y crea una fina l\u00ednea de uni\u00f3n con las paredes. El mayor solape en el suelo permite utilizar este perfil con todo tipo de revestimientos de suelo, incluidos los denominados \u00absuelos flotantes\u00bb. Este rodapi\u00e9 de aluminio encaja perfectamente con todo tipo de puertas ocultas: su forma plana no ser\u00e1 un obst\u00e1culo al abrir las puertas.<\/p>\n\t\t\t\t\t<\/div>\n\t\t\t\t\t\t<\/div>\n\t\t\t\t<\/div>\n\t\t\t\t<\/div>\n\t\t<div class=\"elementor-element elementor-element-cd2d9d5 e-con-full e-flex e-con e-child\" data-id=\"cd2d9d5\" data-element_type=\"container\">\n\t\t\t\t<div class=\"elementor-element elementor-element-637df21 elementor-widget elementor-widget-wd_text_block\" data-id=\"637df21\" data-element_type=\"widget\" data-widget_type=\"wd_text_block.default\">\n\t\t\t\t<div class=\"elementor-widget-container\">\n\t\t\t\t\t\t\t<div class=\"wd-text-block reset-last-child text-left\">\n\t\t\t\n\t\t\t<h4>Dimensiones generales<\/h4><p>Material: Aluminio<br \/>Anchura: 14,5 mm<br \/>Color: plata\u00a0<br \/>N\u00famero de canales para cables: Sin canales para cables<br \/>Longitud: 2500 mm<br \/>Tipo de z\u00f3calo: Montaje en superficie<br \/>Altura: 60 mm<\/p>\n\t\t\t\t\t<\/div>\n\t\t\t\t\t\t<\/div>\n\t\t\t\t<\/div>\n\t\t\t\t<\/div>\n\t\t\t\t\t<\/div>\n\t\t\t\t<\/div>\n\t\t\t\t<\/div>","protected":false},"excerpt":{"rendered":"<p>El rodapi\u00e9 de aluminio P-65 es un desarrollo exclusivo de nuestra empresa, fabricado seg\u00fan las numerosas peticiones de los clientes y teniendo en cuenta sus deseos. Este modelo de rodapi\u00e9 es una de las variedades de rodapi\u00e9s a\u00e9reos de aluminio para suelos que producimos.<\/p>","protected":false},"featured_media":29086,"comment_status":"open","ping_status":"closed","template":"","meta":[],"product_brand":[],"product_cat":[29],"product_tag":[],"class_list":{"0":"post-29051","1":"product","2":"type-product","3":"status-publish","4":"has-post-thumbnail","6":"product_cat-plintus","8":"first","9":"instock","10":"sale","11":"shipping-taxable","12":"purchasable","13":"product-type-simple"},"yoast_head":"<!-- This site is optimized with the Yoast SEO plugin v26.5 - https:\/\/yoast.com\/wordpress\/plugins\/seo\/ -->\n<title>L-\u043e\u0431\u0440\u0430\u0437\u043d\u044b\u0439 \u0430\u043b\u044e\u043c\u0438\u043d\u0438\u0435\u0432\u044b\u0439 \u043f\u043b\u0438\u043d\u0442\u0443\u0441 \u0434\u043b\u044f \u043f\u043e\u043b\u0430 P-65 - brunellostore.es<\/title>\n<meta name=\"robots\" content=\"index, follow, max-snippet:-1, max-image-preview:large, max-video-preview:-1\" \/>\n<link rel=\"canonical\" href=\"https:\/\/brunellostore.es\/es\/producto\/l-obraznyy-alyuminiyevyy-plintus-dlya-pola-p-65\/\" \/>\n<meta property=\"og:locale\" content=\"es_ES\" \/>\n<meta property=\"og:type\" content=\"article\" \/>\n<meta property=\"og:title\" content=\"L-\u043e\u0431\u0440\u0430\u0437\u043d\u044b\u0439 \u0430\u043b\u044e\u043c\u0438\u043d\u0438\u0435\u0432\u044b\u0439 \u043f\u043b\u0438\u043d\u0442\u0443\u0441 \u0434\u043b\u044f \u043f\u043e\u043b\u0430 P-65 - brunellostore.es\" \/>\n<meta property=\"og:description\" content=\"\u0410\u043b\u044e\u043c\u0438\u043d\u0438\u0435\u0432\u044b\u0439 \u043f\u043b\u0438\u043d\u0442\u0443\u0441 P-65 - \u044d\u043a\u0441\u043a\u043b\u044e\u0437\u0438\u0432\u043d\u0430\u044f \u0440\u0430\u0437\u0440\u0430\u0431\u043e\u0442\u043a\u0430 \u043d\u0430\u0448\u0435\u0439 \u043a\u043e\u043c\u043f\u0430\u043d\u0438\u0438, \u0438\u0437\u0433\u043e\u0442\u043e\u0432\u043b\u0435\u043d\u043d\u0430\u044f \u043f\u043e \u043c\u043d\u043e\u0433\u043e\u0447\u0438\u0441\u043b\u0435\u043d\u043d\u044b\u043c \u0437\u0430\u043f\u0440\u043e\u0441\u0430\u043c \u043a\u043b\u0438\u0435\u043d\u0442\u043e\u0432 \u0438 \u0441 \u0443\u0447\u0435\u0442\u043e\u043c \u0438\u0445 \u043f\u043e\u0436\u0435\u043b\u0430\u043d\u0438\u0439. \u042d\u0442\u0430 \u043c\u043e\u0434\u0435\u043b\u044c \u043f\u043b\u0438\u043d\u0442\u0443\u0441\u0430 - \u043e\u0434\u043d\u0430 \u0438\u0437 \u0440\u0430\u0437\u043d\u043e\u0432\u0438\u0434\u043d\u043e\u0441\u0442\u0435\u0439 \u043f\u0440\u043e\u0438\u0437\u0432\u043e\u0434\u0438\u043c\u044b\u0445 \u043d\u0430\u043c\u0438 \u043d\u0430\u043a\u043b\u0430\u0434\u043d\u044b\u0445 \u0430\u043b\u044e\u043c\u0438\u043d\u0438\u0435\u0432\u044b\u0445 \u043f\u043b\u0438\u043d\u0442\u0443\u0441\u043e\u0432 \u0434\u043b\u044f \u043f\u043e\u043b\u0430.\" \/>\n<meta property=\"og:url\" content=\"https:\/\/brunellostore.es\/es\/producto\/l-obraznyy-alyuminiyevyy-plintus-dlya-pola-p-65\/\" \/>\n<meta property=\"og:site_name\" content=\"brunellostore.es\" \/>\n<meta property=\"article:modified_time\" content=\"2025-06-24T20:19:26+00:00\" \/>\n<meta property=\"og:image\" content=\"https:\/\/brunellostore.es\/wp-content\/uploads\/2024\/12\/P-65.webp\" \/>\n\t<meta property=\"og:image:width\" content=\"500\" \/>\n\t<meta property=\"og:image:height\" content=\"500\" \/>\n\t<meta property=\"og:image:type\" content=\"image\/webp\" \/>\n<meta name=\"twitter:card\" content=\"summary_large_image\" \/>\n<meta name=\"twitter:label1\" content=\"Tiempo de lectura\" \/>\n\t<meta name=\"twitter:data1\" content=\"1 minuto\" \/>\n<script type=\"application\/ld+json\" class=\"yoast-schema-graph\">{\"@context\":\"https:\/\/schema.org\",\"@graph\":[{\"@type\":\"WebPage\",\"@id\":\"https:\/\/brunellostore.es\/product\/l-obraznyy-alyuminiyevyy-plintus-dlya-pola-p-65\/\",\"url\":\"https:\/\/brunellostore.es\/product\/l-obraznyy-alyuminiyevyy-plintus-dlya-pola-p-65\/\",\"name\":\"L-\u043e\u0431\u0440\u0430\u0437\u043d\u044b\u0439 \u0430\u043b\u044e\u043c\u0438\u043d\u0438\u0435\u0432\u044b\u0439 \u043f\u043b\u0438\u043d\u0442\u0443\u0441 \u0434\u043b\u044f \u043f\u043e\u043b\u0430 P-65 - brunellostore.es\",\"isPartOf\":{\"@id\":\"https:\/\/brunellostore.es\/#website\"},\"primaryImageOfPage\":{\"@id\":\"https:\/\/brunellostore.es\/product\/l-obraznyy-alyuminiyevyy-plintus-dlya-pola-p-65\/#primaryimage\"},\"image\":{\"@id\":\"https:\/\/brunellostore.es\/product\/l-obraznyy-alyuminiyevyy-plintus-dlya-pola-p-65\/#primaryimage\"},\"thumbnailUrl\":\"https:\/\/brunellostore.es\/wp-content\/uploads\/2024\/12\/P-65.webp\",\"datePublished\":\"2024-12-03T22:54:12+00:00\",\"dateModified\":\"2025-06-24T20:19:26+00:00\",\"breadcrumb\":{\"@id\":\"https:\/\/brunellostore.es\/product\/l-obraznyy-alyuminiyevyy-plintus-dlya-pola-p-65\/#breadcrumb\"},\"inLanguage\":\"es\",\"potentialAction\":[{\"@type\":\"ReadAction\",\"target\":[\"https:\/\/brunellostore.es\/product\/l-obraznyy-alyuminiyevyy-plintus-dlya-pola-p-65\/\"]}]},{\"@type\":\"ImageObject\",\"inLanguage\":\"es\",\"@id\":\"https:\/\/brunellostore.es\/product\/l-obraznyy-alyuminiyevyy-plintus-dlya-pola-p-65\/#primaryimage\",\"url\":\"https:\/\/brunellostore.es\/wp-content\/uploads\/2024\/12\/P-65.webp\",\"contentUrl\":\"https:\/\/brunellostore.es\/wp-content\/uploads\/2024\/12\/P-65.webp\",\"width\":500,\"height\":500},{\"@type\":\"BreadcrumbList\",\"@id\":\"https:\/\/brunellostore.es\/product\/l-obraznyy-alyuminiyevyy-plintus-dlya-pola-p-65\/#breadcrumb\",\"itemListElement\":[{\"@type\":\"ListItem\",\"position\":1,\"name\":\"Home\",\"item\":\"https:\/\/brunellostore.es\/\"},{\"@type\":\"ListItem\",\"position\":2,\"name\":\"\u041c\u0430\u0433\u0430\u0437\u0438\u043d\",\"item\":\"https:\/\/brunellostore.es\/shop\/\"},{\"@type\":\"ListItem\",\"position\":3,\"name\":\"L-\u043e\u0431\u0440\u0430\u0437\u043d\u044b\u0439 \u0430\u043b\u044e\u043c\u0438\u043d\u0438\u0435\u0432\u044b\u0439 \u043f\u043b\u0438\u043d\u0442\u0443\u0441 \u0434\u043b\u044f \u043f\u043e\u043b\u0430 P-65\"}]},{\"@type\":\"WebSite\",\"@id\":\"https:\/\/brunellostore.es\/#website\",\"url\":\"https:\/\/brunellostore.es\/\",\"name\":\"brunellostore.es\",\"description\":\"\",\"publisher\":{\"@id\":\"https:\/\/brunellostore.es\/#organization\"},\"potentialAction\":[{\"@type\":\"SearchAction\",\"target\":{\"@type\":\"EntryPoint\",\"urlTemplate\":\"https:\/\/brunellostore.es\/?s={search_term_string}\"},\"query-input\":{\"@type\":\"PropertyValueSpecification\",\"valueRequired\":true,\"valueName\":\"search_term_string\"}}],\"inLanguage\":\"es\"},{\"@type\":\"Organization\",\"@id\":\"https:\/\/brunellostore.es\/#organization\",\"name\":\"brunellostore.es\",\"url\":\"https:\/\/brunellostore.es\/\",\"logo\":{\"@type\":\"ImageObject\",\"inLanguage\":\"es\",\"@id\":\"https:\/\/brunellostore.es\/#\/schema\/logo\/image\/\",\"url\":\"https:\/\/brunellostore.es\/wp-content\/uploads\/2024\/09\/Brunello-logo.png\",\"contentUrl\":\"https:\/\/brunellostore.es\/wp-content\/uploads\/2024\/09\/Brunello-logo.png\",\"width\":924,\"height\":240,\"caption\":\"brunellostore.es\"},\"image\":{\"@id\":\"https:\/\/brunellostore.es\/#\/schema\/logo\/image\/\"}}]}<\/script>\n<!-- \/ Yoast SEO plugin. -->","yoast_head_json":{"title":"L-\u043e\u0431\u0440\u0430\u0437\u043d\u044b\u0439 \u0430\u043b\u044e\u043c\u0438\u043d\u0438\u0435\u0432\u044b\u0439 \u043f\u043b\u0438\u043d\u0442\u0443\u0441 \u0434\u043b\u044f \u043f\u043e\u043b\u0430 P-65 - brunellostore.es","robots":{"index":"index","follow":"follow","max-snippet":"max-snippet:-1","max-image-preview":"max-image-preview:large","max-video-preview":"max-video-preview:-1"},"canonical":"https:\/\/brunellostore.es\/es\/producto\/l-obraznyy-alyuminiyevyy-plintus-dlya-pola-p-65\/","og_locale":"es_ES","og_type":"article","og_title":"L-\u043e\u0431\u0440\u0430\u0437\u043d\u044b\u0439 \u0430\u043b\u044e\u043c\u0438\u043d\u0438\u0435\u0432\u044b\u0439 \u043f\u043b\u0438\u043d\u0442\u0443\u0441 \u0434\u043b\u044f \u043f\u043e\u043b\u0430 P-65 - brunellostore.es","og_description":"\u0410\u043b\u044e\u043c\u0438\u043d\u0438\u0435\u0432\u044b\u0439 \u043f\u043b\u0438\u043d\u0442\u0443\u0441 P-65 - \u044d\u043a\u0441\u043a\u043b\u044e\u0437\u0438\u0432\u043d\u0430\u044f \u0440\u0430\u0437\u0440\u0430\u0431\u043e\u0442\u043a\u0430 \u043d\u0430\u0448\u0435\u0439 \u043a\u043e\u043c\u043f\u0430\u043d\u0438\u0438, \u0438\u0437\u0433\u043e\u0442\u043e\u0432\u043b\u0435\u043d\u043d\u0430\u044f \u043f\u043e \u043c\u043d\u043e\u0433\u043e\u0447\u0438\u0441\u043b\u0435\u043d\u043d\u044b\u043c \u0437\u0430\u043f\u0440\u043e\u0441\u0430\u043c \u043a\u043b\u0438\u0435\u043d\u0442\u043e\u0432 \u0438 \u0441 \u0443\u0447\u0435\u0442\u043e\u043c \u0438\u0445 \u043f\u043e\u0436\u0435\u043b\u0430\u043d\u0438\u0439. \u042d\u0442\u0430 \u043c\u043e\u0434\u0435\u043b\u044c \u043f\u043b\u0438\u043d\u0442\u0443\u0441\u0430 - \u043e\u0434\u043d\u0430 \u0438\u0437 \u0440\u0430\u0437\u043d\u043e\u0432\u0438\u0434\u043d\u043e\u0441\u0442\u0435\u0439 \u043f\u0440\u043e\u0438\u0437\u0432\u043e\u0434\u0438\u043c\u044b\u0445 \u043d\u0430\u043c\u0438 \u043d\u0430\u043a\u043b\u0430\u0434\u043d\u044b\u0445 \u0430\u043b\u044e\u043c\u0438\u043d\u0438\u0435\u0432\u044b\u0445 \u043f\u043b\u0438\u043d\u0442\u0443\u0441\u043e\u0432 \u0434\u043b\u044f \u043f\u043e\u043b\u0430.","og_url":"https:\/\/brunellostore.es\/es\/producto\/l-obraznyy-alyuminiyevyy-plintus-dlya-pola-p-65\/","og_site_name":"brunellostore.es","article_modified_time":"2025-06-24T20:19:26+00:00","og_image":[{"width":500,"height":500,"url":"https:\/\/brunellostore.es\/wp-content\/uploads\/2024\/12\/P-65.webp","type":"image\/webp"}],"twitter_card":"summary_large_image","twitter_misc":{"Tiempo de lectura":"1 minuto"},"schema":{"@context":"https:\/\/schema.org","@graph":[{"@type":"WebPage","@id":"https:\/\/brunellostore.es\/product\/l-obraznyy-alyuminiyevyy-plintus-dlya-pola-p-65\/","url":"https:\/\/brunellostore.es\/product\/l-obraznyy-alyuminiyevyy-plintus-dlya-pola-p-65\/","name":"L-\u043e\u0431\u0440\u0430\u0437\u043d\u044b\u0439 \u0430\u043b\u044e\u043c\u0438\u043d\u0438\u0435\u0432\u044b\u0439 \u043f\u043b\u0438\u043d\u0442\u0443\u0441 \u0434\u043b\u044f \u043f\u043e\u043b\u0430 P-65 - brunellostore.es","isPartOf":{"@id":"https:\/\/brunellostore.es\/#website"},"primaryImageOfPage":{"@id":"https:\/\/brunellostore.es\/product\/l-obraznyy-alyuminiyevyy-plintus-dlya-pola-p-65\/#primaryimage"},"image":{"@id":"https:\/\/brunellostore.es\/product\/l-obraznyy-alyuminiyevyy-plintus-dlya-pola-p-65\/#primaryimage"},"thumbnailUrl":"https:\/\/brunellostore.es\/wp-content\/uploads\/2024\/12\/P-65.webp","datePublished":"2024-12-03T22:54:12+00:00","dateModified":"2025-06-24T20:19:26+00:00","breadcrumb":{"@id":"https:\/\/brunellostore.es\/product\/l-obraznyy-alyuminiyevyy-plintus-dlya-pola-p-65\/#breadcrumb"},"inLanguage":"es","potentialAction":[{"@type":"ReadAction","target":["https:\/\/brunellostore.es\/product\/l-obraznyy-alyuminiyevyy-plintus-dlya-pola-p-65\/"]}]},{"@type":"ImageObject","inLanguage":"es","@id":"https:\/\/brunellostore.es\/product\/l-obraznyy-alyuminiyevyy-plintus-dlya-pola-p-65\/#primaryimage","url":"https:\/\/brunellostore.es\/wp-content\/uploads\/2024\/12\/P-65.webp","contentUrl":"https:\/\/brunellostore.es\/wp-content\/uploads\/2024\/12\/P-65.webp","width":500,"height":500},{"@type":"BreadcrumbList","@id":"https:\/\/brunellostore.es\/product\/l-obraznyy-alyuminiyevyy-plintus-dlya-pola-p-65\/#breadcrumb","itemListElement":[{"@type":"ListItem","position":1,"name":"Home","item":"https:\/\/brunellostore.es\/"},{"@type":"ListItem","position":2,"name":"\u041c\u0430\u0433\u0430\u0437\u0438\u043d","item":"https:\/\/brunellostore.es\/shop\/"},{"@type":"ListItem","position":3,"name":"L-\u043e\u0431\u0440\u0430\u0437\u043d\u044b\u0439 \u0430\u043b\u044e\u043c\u0438\u043d\u0438\u0435\u0432\u044b\u0439 \u043f\u043b\u0438\u043d\u0442\u0443\u0441 \u0434\u043b\u044f \u043f\u043e\u043b\u0430 P-65"}]},{"@type":"WebSite","@id":"https:\/\/brunellostore.es\/#website","url":"https:\/\/brunellostore.es\/","name":"brunellostore.es","description":"","publisher":{"@id":"https:\/\/brunellostore.es\/#organization"},"potentialAction":[{"@type":"SearchAction","target":{"@type":"EntryPoint","urlTemplate":"https:\/\/brunellostore.es\/?s={search_term_string}"},"query-input":{"@type":"PropertyValueSpecification","valueRequired":true,"valueName":"search_term_string"}}],"inLanguage":"es"},{"@type":"Organization","@id":"https:\/\/brunellostore.es\/#organization","name":"brunellostore.es","url":"https:\/\/brunellostore.es\/","logo":{"@type":"ImageObject","inLanguage":"es","@id":"https:\/\/brunellostore.es\/#\/schema\/logo\/image\/","url":"https:\/\/brunellostore.es\/wp-content\/uploads\/2024\/09\/Brunello-logo.png","contentUrl":"https:\/\/brunellostore.es\/wp-content\/uploads\/2024\/09\/Brunello-logo.png","width":924,"height":240,"caption":"brunellostore.es"},"image":{"@id":"https:\/\/brunellostore.es\/#\/schema\/logo\/image\/"}}]}},"_links":{"self":[{"href":"https:\/\/brunellostore.es\/es\/wp-json\/wp\/v2\/product\/29051","targetHints":{"allow":["GET"]}}],"collection":[{"href":"https:\/\/brunellostore.es\/es\/wp-json\/wp\/v2\/product"}],"about":[{"href":"https:\/\/brunellostore.es\/es\/wp-json\/wp\/v2\/types\/product"}],"replies":[{"embeddable":true,"href":"https:\/\/brunellostore.es\/es\/wp-json\/wp\/v2\/comments?post=29051"}],"version-history":[{"count":9,"href":"https:\/\/brunellostore.es\/es\/wp-json\/wp\/v2\/product\/29051\/revisions"}],"predecessor-version":[{"id":30042,"href":"https:\/\/brunellostore.es\/es\/wp-json\/wp\/v2\/product\/29051\/revisions\/30042"}],"wp:featuredmedia":[{"embeddable":true,"href":"https:\/\/brunellostore.es\/es\/wp-json\/wp\/v2\/media\/29086"}],"wp:attachment":[{"href":"https:\/\/brunellostore.es\/es\/wp-json\/wp\/v2\/media?parent=29051"}],"wp:term":[{"taxonomy":"product_brand","embeddable":true,"href":"https:\/\/brunellostore.es\/es\/wp-json\/wp\/v2\/product_brand?post=29051"},{"taxonomy":"product_cat","embeddable":true,"href":"https:\/\/brunellostore.es\/es\/wp-json\/wp\/v2\/product_cat?post=29051"},{"taxonomy":"product_tag","embeddable":true,"href":"https:\/\/brunellostore.es\/es\/wp-json\/wp\/v2\/product_tag?post=29051"}],"curies":[{"name":"wp","href":"https:\/\/api.w.org\/{rel}","templated":true}]}}