{"id":29455,"date":"2024-12-18T01:22:39","date_gmt":"2024-12-18T00:22:39","guid":{"rendered":"https:\/\/brunellostore.es\/?post_type=product&#038;p=29455"},"modified":"2024-12-18T01:44:45","modified_gmt":"2024-12-18T00:44:45","slug":"ramka-new-unica-schneider","status":"publish","type":"product","link":"https:\/\/brunellostore.es\/es\/producto\/ramka-new-unica-schneider\/","title":{"rendered":"Nuevo marco Unica Schneider"},"content":{"rendered":"<div data-elementor-type=\"wp-post\" data-elementor-id=\"29455\" class=\"elementor elementor-29455\">\n\t\t\t\t<div class=\"elementor-element elementor-element-8fe9a00 e-flex e-con-boxed e-con e-parent\" data-id=\"8fe9a00\" data-element_type=\"container\">\n\t\t\t\t\t<div class=\"e-con-inner\">\n\t\t<div class=\"elementor-element elementor-element-430e551 e-con-full e-flex e-con e-child\" data-id=\"430e551\" data-element_type=\"container\">\n\t\t\t\t<div class=\"elementor-element elementor-element-05c1d79 elementor-widget elementor-widget-wd_text_block\" data-id=\"05c1d79\" data-element_type=\"widget\" data-widget_type=\"wd_text_block.default\">\n\t\t\t\t<div class=\"elementor-widget-container\">\n\t\t\t\t\t\t\t<div class=\"wd-text-block reset-last-child text-left\">\n\t\t\t\n\t\t\t<h3>Nuevo marco Unica Schneider<\/h3><p>Los bastidores son una pieza esencial para el montaje de la NUEVA serie de mecanismos UNCA de Schneider.<\/p><p>Los marcos deben adquirirse por separado de los mecanismos, y hay dos opciones disponibles:<\/p><p>- Metal: ideal para mecanismos sometidos a esfuerzos mec\u00e1nicos, por ejemplo, encajes.<\/p>\n\t\t\t\t\t<\/div>\n\t\t\t\t\t\t<\/div>\n\t\t\t\t<\/div>\n\t\t\t\t<\/div>\n\t\t<div class=\"elementor-element elementor-element-c189e30 e-con-full e-flex e-con e-child\" data-id=\"c189e30\" data-element_type=\"container\">\n\t\t\t\t<div class=\"elementor-element elementor-element-a18d0ec elementor-widget elementor-widget-wd_text_block\" data-id=\"a18d0ec\" data-element_type=\"widget\" data-widget_type=\"wd_text_block.default\">\n\t\t\t\t<div class=\"elementor-widget-container\">\n\t\t\t\t\t\t\t<div class=\"wd-text-block reset-last-child text-left\">\n\t\t\t\n\t\t\t<p>- Pl\u00e1stico: de material pl\u00e1stico, m\u00e1s econ\u00f3mico de adquirir y da muy buenos resultados en elementos no sometidos a esfuerzos mec\u00e1nicos, como interruptores, conmutadores, etc.....<\/p><p>Los bastidores est\u00e1n equipados de serie con pesta\u00f1as de nivelaci\u00f3n, lo que significa que si hay que instalar varios bastidores seguidos, encajan perfectamente.<\/p><p>Los mecanismos y los marcos encajan a presi\u00f3n en el bastidor, encajando perfectamente para formar una sola unidad.<\/p>\n\t\t\t\t\t<\/div>\n\t\t\t\t\t\t<\/div>\n\t\t\t\t<\/div>\n\t\t\t\t<\/div>\n\t\t<div class=\"elementor-element elementor-element-cd2d9d5 e-con-full e-flex e-con e-child\" data-id=\"cd2d9d5\" data-element_type=\"container\">\n\t\t\t\t<div class=\"elementor-element elementor-element-637df21 elementor-widget elementor-widget-wd_text_block\" data-id=\"637df21\" data-element_type=\"widget\" data-widget_type=\"wd_text_block.default\">\n\t\t\t\t<div class=\"elementor-widget-container\">\n\t\t\t\t\t\t\t<div class=\"wd-text-block reset-last-child text-left\">\n\t\t\t\n\t\t\t<h4>Dimensiones generales<\/h4><p>- Profundidad: 7,88 mm.<br \/>- Anchura: 75 mm.<br \/>- Altura: 75 mm.<\/p>\n\t\t\t\t\t<\/div>\n\t\t\t\t\t\t<\/div>\n\t\t\t\t<\/div>\n\t\t\t\t<\/div>\n\t\t\t\t\t<\/div>\n\t\t\t\t<\/div>\n\t\t\t\t<\/div>","protected":false},"excerpt":{"rendered":"<p>Los marcos son una pieza esencial para el montaje de los mecanismos de la NUEVA serie UNCA de Schneider. El marco para la serie New Unica de Schneider Electric est\u00e1 disponible en dos versiones: metal o pl\u00e1stico.<\/p>","protected":false},"featured_media":29459,"comment_status":"open","ping_status":"closed","template":"","meta":[],"product_brand":[],"product_cat":[32],"product_tag":[],"class_list":{"0":"post-29455","1":"product","2":"type-product","3":"status-publish","4":"has-post-thumbnail","6":"product_cat-elektrofurnitura","8":"first","9":"instock","10":"shipping-taxable","11":"purchasable","12":"product-type-variable"},"yoast_head":"<!-- This site is optimized with the Yoast SEO plugin v26.5 - https:\/\/yoast.com\/wordpress\/plugins\/seo\/ -->\n<title>\u0420\u0430\u043c\u043a\u0430 New Unica Schneider - brunellostore.es<\/title>\n<meta name=\"robots\" content=\"index, follow, max-snippet:-1, max-image-preview:large, max-video-preview:-1\" \/>\n<link rel=\"canonical\" href=\"https:\/\/brunellostore.es\/es\/producto\/ramka-new-unica-schneider\/\" \/>\n<meta property=\"og:locale\" content=\"es_ES\" \/>\n<meta property=\"og:type\" content=\"article\" \/>\n<meta property=\"og:title\" content=\"\u0420\u0430\u043c\u043a\u0430 New Unica Schneider - brunellostore.es\" \/>\n<meta property=\"og:description\" content=\"\u0420\u0430\u043c\u043a\u0438 - \u044d\u0442\u043e \u043d\u0435\u043e\u0431\u0445\u043e\u0434\u0438\u043c\u0430\u044f \u0434\u0435\u0442\u0430\u043b\u044c \u0434\u043b\u044f \u0441\u0431\u043e\u0440\u043a\u0438 \u043d\u043e\u0432\u043e\u0439 \u0441\u0435\u0440\u0438\u0438 \u043c\u0435\u0445\u0430\u043d\u0438\u0437\u043c\u043e\u0432 NEW UNCA \u043e\u0442 Schneider. \u0420\u0430\u043c\u043a\u0430 \u0434\u043b\u044f \u043d\u043e\u0432\u043e\u0439 \u0441\u0435\u0440\u0438\u0438 \u043c\u0435\u0445\u0430\u043d\u0438\u0437\u043c\u043e\u0432 New Unica \u043e\u0442 Schneider Electric \u043f\u0440\u0435\u0434\u0441\u0442\u0430\u0432\u043b\u0435\u043d\u0430 \u0432 \u0434\u0432\u0443\u0445 \u0432\u0430\u0440\u0438\u0430\u043d\u0442\u0430\u0445 - \u0438\u0437 \u043c\u0435\u0442\u0430\u043b\u043b\u0430 \u0438\u043b\u0438 \u043f\u043b\u0430\u0441\u0442\u0438\u043a\u0430.\" \/>\n<meta property=\"og:url\" content=\"https:\/\/brunellostore.es\/es\/producto\/ramka-new-unica-schneider\/\" \/>\n<meta property=\"og:site_name\" content=\"brunellostore.es\" \/>\n<meta property=\"article:modified_time\" content=\"2024-12-18T00:44:45+00:00\" \/>\n<meta property=\"og:image\" content=\"https:\/\/brunellostore.es\/wp-content\/uploads\/2024\/12\/bastidor-plastico-new-unica-schneider.jpg\" \/>\n\t<meta property=\"og:image:width\" content=\"500\" \/>\n\t<meta property=\"og:image:height\" content=\"500\" \/>\n\t<meta property=\"og:image:type\" content=\"image\/jpeg\" \/>\n<meta name=\"twitter:card\" content=\"summary_large_image\" \/>\n<meta name=\"twitter:label1\" content=\"Tiempo de lectura\" \/>\n\t<meta name=\"twitter:data1\" content=\"1 minuto\" \/>\n<script type=\"application\/ld+json\" class=\"yoast-schema-graph\">{\"@context\":\"https:\/\/schema.org\",\"@graph\":[{\"@type\":\"WebPage\",\"@id\":\"https:\/\/brunellostore.es\/product\/ramka-new-unica-schneider\/\",\"url\":\"https:\/\/brunellostore.es\/product\/ramka-new-unica-schneider\/\",\"name\":\"\u0420\u0430\u043c\u043a\u0430 New Unica Schneider - brunellostore.es\",\"isPartOf\":{\"@id\":\"https:\/\/brunellostore.es\/#website\"},\"primaryImageOfPage\":{\"@id\":\"https:\/\/brunellostore.es\/product\/ramka-new-unica-schneider\/#primaryimage\"},\"image\":{\"@id\":\"https:\/\/brunellostore.es\/product\/ramka-new-unica-schneider\/#primaryimage\"},\"thumbnailUrl\":\"https:\/\/brunellostore.es\/wp-content\/uploads\/2024\/12\/bastidor-plastico-new-unica-schneider.jpg\",\"datePublished\":\"2024-12-18T00:22:39+00:00\",\"dateModified\":\"2024-12-18T00:44:45+00:00\",\"breadcrumb\":{\"@id\":\"https:\/\/brunellostore.es\/product\/ramka-new-unica-schneider\/#breadcrumb\"},\"inLanguage\":\"es\",\"potentialAction\":[{\"@type\":\"ReadAction\",\"target\":[\"https:\/\/brunellostore.es\/product\/ramka-new-unica-schneider\/\"]}]},{\"@type\":\"ImageObject\",\"inLanguage\":\"es\",\"@id\":\"https:\/\/brunellostore.es\/product\/ramka-new-unica-schneider\/#primaryimage\",\"url\":\"https:\/\/brunellostore.es\/wp-content\/uploads\/2024\/12\/bastidor-plastico-new-unica-schneider.jpg\",\"contentUrl\":\"https:\/\/brunellostore.es\/wp-content\/uploads\/2024\/12\/bastidor-plastico-new-unica-schneider.jpg\",\"width\":500,\"height\":500},{\"@type\":\"BreadcrumbList\",\"@id\":\"https:\/\/brunellostore.es\/product\/ramka-new-unica-schneider\/#breadcrumb\",\"itemListElement\":[{\"@type\":\"ListItem\",\"position\":1,\"name\":\"Home\",\"item\":\"https:\/\/brunellostore.es\/\"},{\"@type\":\"ListItem\",\"position\":2,\"name\":\"\u041c\u0430\u0433\u0430\u0437\u0438\u043d\",\"item\":\"https:\/\/brunellostore.es\/shop\/\"},{\"@type\":\"ListItem\",\"position\":3,\"name\":\"\u0420\u0430\u043c\u043a\u0430 New Unica Schneider\"}]},{\"@type\":\"WebSite\",\"@id\":\"https:\/\/brunellostore.es\/#website\",\"url\":\"https:\/\/brunellostore.es\/\",\"name\":\"brunellostore.es\",\"description\":\"\",\"publisher\":{\"@id\":\"https:\/\/brunellostore.es\/#organization\"},\"potentialAction\":[{\"@type\":\"SearchAction\",\"target\":{\"@type\":\"EntryPoint\",\"urlTemplate\":\"https:\/\/brunellostore.es\/?s={search_term_string}\"},\"query-input\":{\"@type\":\"PropertyValueSpecification\",\"valueRequired\":true,\"valueName\":\"search_term_string\"}}],\"inLanguage\":\"es\"},{\"@type\":\"Organization\",\"@id\":\"https:\/\/brunellostore.es\/#organization\",\"name\":\"brunellostore.es\",\"url\":\"https:\/\/brunellostore.es\/\",\"logo\":{\"@type\":\"ImageObject\",\"inLanguage\":\"es\",\"@id\":\"https:\/\/brunellostore.es\/#\/schema\/logo\/image\/\",\"url\":\"https:\/\/brunellostore.es\/wp-content\/uploads\/2024\/09\/Brunello-logo.png\",\"contentUrl\":\"https:\/\/brunellostore.es\/wp-content\/uploads\/2024\/09\/Brunello-logo.png\",\"width\":924,\"height\":240,\"caption\":\"brunellostore.es\"},\"image\":{\"@id\":\"https:\/\/brunellostore.es\/#\/schema\/logo\/image\/\"}}]}<\/script>\n<!-- \/ Yoast SEO plugin. -->","yoast_head_json":{"title":"\u0420\u0430\u043c\u043a\u0430 New Unica Schneider - brunellostore.es","robots":{"index":"index","follow":"follow","max-snippet":"max-snippet:-1","max-image-preview":"max-image-preview:large","max-video-preview":"max-video-preview:-1"},"canonical":"https:\/\/brunellostore.es\/es\/producto\/ramka-new-unica-schneider\/","og_locale":"es_ES","og_type":"article","og_title":"\u0420\u0430\u043c\u043a\u0430 New Unica Schneider - brunellostore.es","og_description":"\u0420\u0430\u043c\u043a\u0438 - \u044d\u0442\u043e \u043d\u0435\u043e\u0431\u0445\u043e\u0434\u0438\u043c\u0430\u044f \u0434\u0435\u0442\u0430\u043b\u044c \u0434\u043b\u044f \u0441\u0431\u043e\u0440\u043a\u0438 \u043d\u043e\u0432\u043e\u0439 \u0441\u0435\u0440\u0438\u0438 \u043c\u0435\u0445\u0430\u043d\u0438\u0437\u043c\u043e\u0432 NEW UNCA \u043e\u0442 Schneider. \u0420\u0430\u043c\u043a\u0430 \u0434\u043b\u044f \u043d\u043e\u0432\u043e\u0439 \u0441\u0435\u0440\u0438\u0438 \u043c\u0435\u0445\u0430\u043d\u0438\u0437\u043c\u043e\u0432 New Unica \u043e\u0442 Schneider Electric \u043f\u0440\u0435\u0434\u0441\u0442\u0430\u0432\u043b\u0435\u043d\u0430 \u0432 \u0434\u0432\u0443\u0445 \u0432\u0430\u0440\u0438\u0430\u043d\u0442\u0430\u0445 - \u0438\u0437 \u043c\u0435\u0442\u0430\u043b\u043b\u0430 \u0438\u043b\u0438 \u043f\u043b\u0430\u0441\u0442\u0438\u043a\u0430.","og_url":"https:\/\/brunellostore.es\/es\/producto\/ramka-new-unica-schneider\/","og_site_name":"brunellostore.es","article_modified_time":"2024-12-18T00:44:45+00:00","og_image":[{"width":500,"height":500,"url":"https:\/\/brunellostore.es\/wp-content\/uploads\/2024\/12\/bastidor-plastico-new-unica-schneider.jpg","type":"image\/jpeg"}],"twitter_card":"summary_large_image","twitter_misc":{"Tiempo de lectura":"1 minuto"},"schema":{"@context":"https:\/\/schema.org","@graph":[{"@type":"WebPage","@id":"https:\/\/brunellostore.es\/product\/ramka-new-unica-schneider\/","url":"https:\/\/brunellostore.es\/product\/ramka-new-unica-schneider\/","name":"\u0420\u0430\u043c\u043a\u0430 New Unica Schneider - brunellostore.es","isPartOf":{"@id":"https:\/\/brunellostore.es\/#website"},"primaryImageOfPage":{"@id":"https:\/\/brunellostore.es\/product\/ramka-new-unica-schneider\/#primaryimage"},"image":{"@id":"https:\/\/brunellostore.es\/product\/ramka-new-unica-schneider\/#primaryimage"},"thumbnailUrl":"https:\/\/brunellostore.es\/wp-content\/uploads\/2024\/12\/bastidor-plastico-new-unica-schneider.jpg","datePublished":"2024-12-18T00:22:39+00:00","dateModified":"2024-12-18T00:44:45+00:00","breadcrumb":{"@id":"https:\/\/brunellostore.es\/product\/ramka-new-unica-schneider\/#breadcrumb"},"inLanguage":"es","potentialAction":[{"@type":"ReadAction","target":["https:\/\/brunellostore.es\/product\/ramka-new-unica-schneider\/"]}]},{"@type":"ImageObject","inLanguage":"es","@id":"https:\/\/brunellostore.es\/product\/ramka-new-unica-schneider\/#primaryimage","url":"https:\/\/brunellostore.es\/wp-content\/uploads\/2024\/12\/bastidor-plastico-new-unica-schneider.jpg","contentUrl":"https:\/\/brunellostore.es\/wp-content\/uploads\/2024\/12\/bastidor-plastico-new-unica-schneider.jpg","width":500,"height":500},{"@type":"BreadcrumbList","@id":"https:\/\/brunellostore.es\/product\/ramka-new-unica-schneider\/#breadcrumb","itemListElement":[{"@type":"ListItem","position":1,"name":"Home","item":"https:\/\/brunellostore.es\/"},{"@type":"ListItem","position":2,"name":"\u041c\u0430\u0433\u0430\u0437\u0438\u043d","item":"https:\/\/brunellostore.es\/shop\/"},{"@type":"ListItem","position":3,"name":"\u0420\u0430\u043c\u043a\u0430 New Unica Schneider"}]},{"@type":"WebSite","@id":"https:\/\/brunellostore.es\/#website","url":"https:\/\/brunellostore.es\/","name":"brunellostore.es","description":"","publisher":{"@id":"https:\/\/brunellostore.es\/#organization"},"potentialAction":[{"@type":"SearchAction","target":{"@type":"EntryPoint","urlTemplate":"https:\/\/brunellostore.es\/?s={search_term_string}"},"query-input":{"@type":"PropertyValueSpecification","valueRequired":true,"valueName":"search_term_string"}}],"inLanguage":"es"},{"@type":"Organization","@id":"https:\/\/brunellostore.es\/#organization","name":"brunellostore.es","url":"https:\/\/brunellostore.es\/","logo":{"@type":"ImageObject","inLanguage":"es","@id":"https:\/\/brunellostore.es\/#\/schema\/logo\/image\/","url":"https:\/\/brunellostore.es\/wp-content\/uploads\/2024\/09\/Brunello-logo.png","contentUrl":"https:\/\/brunellostore.es\/wp-content\/uploads\/2024\/09\/Brunello-logo.png","width":924,"height":240,"caption":"brunellostore.es"},"image":{"@id":"https:\/\/brunellostore.es\/#\/schema\/logo\/image\/"}}]}},"_links":{"self":[{"href":"https:\/\/brunellostore.es\/es\/wp-json\/wp\/v2\/product\/29455","targetHints":{"allow":["GET"]}}],"collection":[{"href":"https:\/\/brunellostore.es\/es\/wp-json\/wp\/v2\/product"}],"about":[{"href":"https:\/\/brunellostore.es\/es\/wp-json\/wp\/v2\/types\/product"}],"replies":[{"embeddable":true,"href":"https:\/\/brunellostore.es\/es\/wp-json\/wp\/v2\/comments?post=29455"}],"version-history":[{"count":4,"href":"https:\/\/brunellostore.es\/es\/wp-json\/wp\/v2\/product\/29455\/revisions"}],"predecessor-version":[{"id":29465,"href":"https:\/\/brunellostore.es\/es\/wp-json\/wp\/v2\/product\/29455\/revisions\/29465"}],"wp:featuredmedia":[{"embeddable":true,"href":"https:\/\/brunellostore.es\/es\/wp-json\/wp\/v2\/media\/29459"}],"wp:attachment":[{"href":"https:\/\/brunellostore.es\/es\/wp-json\/wp\/v2\/media?parent=29455"}],"wp:term":[{"taxonomy":"product_brand","embeddable":true,"href":"https:\/\/brunellostore.es\/es\/wp-json\/wp\/v2\/product_brand?post=29455"},{"taxonomy":"product_cat","embeddable":true,"href":"https:\/\/brunellostore.es\/es\/wp-json\/wp\/v2\/product_cat?post=29455"},{"taxonomy":"product_tag","embeddable":true,"href":"https:\/\/brunellostore.es\/es\/wp-json\/wp\/v2\/product_tag?post=29455"}],"curies":[{"name":"wp","href":"https:\/\/api.w.org\/{rel}","templated":true}]}}