{"id":29477,"date":"2024-12-18T22:54:40","date_gmt":"2024-12-18T21:54:40","guid":{"rendered":"https:\/\/brunellostore.es\/?post_type=product&#038;p=29477"},"modified":"2024-12-18T23:04:42","modified_gmt":"2024-12-18T22:04:42","slug":"vyklyuchatel-dlya-rollet-led-new-unica-schneider","status":"publish","type":"product","link":"https:\/\/brunellostore.es\/es\/producto\/vyklyuchatel-dlya-rollet-led-new-unica-schneider\/","title":{"rendered":"Nuevo interruptor de persiana Unica Schneider Nuevo interruptor de persiana Unica"},"content":{"rendered":"<div data-elementor-type=\"wp-post\" data-elementor-id=\"29477\" class=\"elementor elementor-29477\">\n\t\t\t\t<div class=\"elementor-element elementor-element-8fe9a00 e-flex e-con-boxed e-con e-parent\" data-id=\"8fe9a00\" data-element_type=\"container\">\n\t\t\t\t\t<div class=\"e-con-inner\">\n\t\t<div class=\"elementor-element elementor-element-430e551 e-con-full e-flex e-con e-child\" data-id=\"430e551\" data-element_type=\"container\">\n\t\t\t\t<div class=\"elementor-element elementor-element-05c1d79 elementor-widget elementor-widget-wd_text_block\" data-id=\"05c1d79\" data-element_type=\"widget\" data-widget_type=\"wd_text_block.default\">\n\t\t\t\t<div class=\"elementor-widget-container\">\n\t\t\t\t\t\t\t<div class=\"wd-text-block reset-last-child text-left\">\n\t\t\t\n\t\t\t<h3>Nuevo interruptor de persiana Unica Schneider Nuevo interruptor de persiana Unica<\/h3><p>El nuevo interruptor para persianas enrollables Schneider de la serie Unica tiene tres botones: \u00absubir\u00bb, \u00abbajar\u00bb y \u00abstop\u00bb.<br \/>Soporta una corriente m\u00e1xima de 6 A y la secci\u00f3n m\u00e1xima del cable en los terminales es de 2,5 mm2.<\/p><p>En la actualidad, los interruptores de persiana son m\u00e1s solicitados que los interruptores de pulsador, ya que no es necesario esperar al final del ciclo de subida o bajada, puesto que corta el final del recorrido de la propia persiana.<\/p>\n\t\t\t\t\t<\/div>\n\t\t\t\t\t\t<\/div>\n\t\t\t\t<\/div>\n\t\t\t\t<\/div>\n\t\t<div class=\"elementor-element elementor-element-c189e30 e-con-full e-flex e-con e-child\" data-id=\"c189e30\" data-element_type=\"container\">\n\t\t\t\t<div class=\"elementor-element elementor-element-a18d0ec elementor-widget elementor-widget-wd_text_block\" data-id=\"a18d0ec\" data-element_type=\"widget\" data-widget_type=\"wd_text_block.default\">\n\t\t\t\t<div class=\"elementor-widget-container\">\n\t\t\t\t\t\t\t<div class=\"wd-text-block reset-last-child text-left\">\n\t\t\t\n\t\t\t<p>Schneider ofrece todas las opciones de color para los mecanismos de lamas: blanco, aluminio y antracita.<\/p><p>A la hora de instalarlo, hay que comprar por separado el bastidor, el elemento sobre el que se montan el mecanismo y el marco.<\/p>\n\t\t\t\t\t<\/div>\n\t\t\t\t\t\t<\/div>\n\t\t\t\t<\/div>\n\t\t\t\t<\/div>\n\t\t<div class=\"elementor-element elementor-element-cd2d9d5 e-con-full e-flex e-con e-child\" data-id=\"cd2d9d5\" data-element_type=\"container\">\n\t\t\t\t<div class=\"elementor-element elementor-element-637df21 elementor-widget elementor-widget-wd_text_block\" data-id=\"637df21\" data-element_type=\"widget\" data-widget_type=\"wd_text_block.default\">\n\t\t\t\t<div class=\"elementor-widget-container\">\n\t\t\t\t\t\t\t<div class=\"wd-text-block reset-last-child text-left\">\n\t\t\t\n\t\t\t<h4>Dimensiones generales<\/h4><p>- Profundidad: 44.35 mm.<br \/>- Anchura: 45 mm.<br \/>- Altura: 45 mm.<\/p>\n\t\t\t\t\t<\/div>\n\t\t\t\t\t\t<\/div>\n\t\t\t\t<\/div>\n\t\t\t\t<\/div>\n\t\t\t\t\t<\/div>\n\t\t\t\t<\/div>\n\t\t\t\t<\/div>","protected":false},"excerpt":{"rendered":"<p>El nuevo interruptor de persiana enrollable Schneider de la serie Unica tiene tres botones: arriba, abajo y parada. Soporta una corriente m\u00e1xima de 6 A y la secci\u00f3n m\u00e1xima del cable en los terminales es de 2,5 mm2.<\/p>","protected":false},"featured_media":29481,"comment_status":"open","ping_status":"closed","template":"","meta":[],"product_brand":[],"product_cat":[32],"product_tag":[],"class_list":{"0":"post-29477","1":"product","2":"type-product","3":"status-publish","4":"has-post-thumbnail","6":"product_cat-elektrofurnitura","8":"first","9":"instock","10":"shipping-taxable","11":"purchasable","12":"product-type-variable"},"yoast_head":"<!-- This site is optimized with the Yoast SEO plugin v26.5 - https:\/\/yoast.com\/wordpress\/plugins\/seo\/ -->\n<title>\u0412\u044b\u043a\u043b\u044e\u0447\u0430\u0442\u0435\u043b\u044c \u0434\u043b\u044f \u0440\u043e\u043b\u043b\u0435\u0442 New Unica Schneider - brunellostore.es<\/title>\n<meta name=\"robots\" content=\"index, follow, max-snippet:-1, max-image-preview:large, max-video-preview:-1\" \/>\n<link rel=\"canonical\" href=\"https:\/\/brunellostore.es\/es\/producto\/vyklyuchatel-dlya-rollet-led-new-unica-schneider\/\" \/>\n<meta property=\"og:locale\" content=\"es_ES\" \/>\n<meta property=\"og:type\" content=\"article\" \/>\n<meta property=\"og:title\" content=\"\u0412\u044b\u043a\u043b\u044e\u0447\u0430\u0442\u0435\u043b\u044c \u0434\u043b\u044f \u0440\u043e\u043b\u043b\u0435\u0442 New Unica Schneider - brunellostore.es\" \/>\n<meta property=\"og:description\" content=\"\u041d\u043e\u0432\u044b\u0439 \u0432\u044b\u043a\u043b\u044e\u0447\u0430\u0442\u0435\u043b\u044c \u0434\u043b\u044f \u0440\u043e\u043b\u044c\u0441\u0442\u0430\u0432\u0435\u043d Schneider \u0441\u0435\u0440\u0438\u0438 Unica \u0438\u043c\u0435\u0435\u0442 \u0442\u0440\u0438 \u043a\u043d\u043e\u043f\u043a\u0438: \u00ab\u0432\u0432\u0435\u0440\u0445\u00bb, \u00ab\u0432\u043d\u0438\u0437\u00bb \u0438 \u00ab\u0441\u0442\u043e\u043f\u00bb. \u041e\u043d \u043f\u0440\u043e\u043f\u0443\u0441\u043a\u0430\u0435\u0442 \u043c\u0430\u043a\u0441\u0438\u043c\u0430\u043b\u044c\u043d\u044b\u0439 \u0442\u043e\u043a 6 \u0410, \u0430 \u043c\u0430\u043a\u0441\u0438\u043c\u0430\u043b\u044c\u043d\u043e\u0435 \u0441\u0435\u0447\u0435\u043d\u0438\u0435 \u043a\u0430\u0431\u0435\u043b\u044f \u043d\u0430 \u043a\u043b\u0435\u043c\u043c\u0430\u0445 \u0441\u043e\u0441\u0442\u0430\u0432\u043b\u044f\u0435\u0442 2,5 \u043c\u043c2.\" \/>\n<meta property=\"og:url\" content=\"https:\/\/brunellostore.es\/es\/producto\/vyklyuchatel-dlya-rollet-led-new-unica-schneider\/\" \/>\n<meta property=\"og:site_name\" content=\"brunellostore.es\" \/>\n<meta property=\"article:modified_time\" content=\"2024-12-18T22:04:42+00:00\" \/>\n<meta property=\"og:image\" content=\"https:\/\/brunellostore.es\/wp-content\/uploads\/2024\/12\/interruptor-persiana-new-unica-schneider-polar.jpg\" \/>\n\t<meta property=\"og:image:width\" content=\"500\" \/>\n\t<meta property=\"og:image:height\" content=\"500\" \/>\n\t<meta property=\"og:image:type\" content=\"image\/jpeg\" \/>\n<meta name=\"twitter:card\" content=\"summary_large_image\" \/>\n<meta name=\"twitter:label1\" content=\"Tiempo de lectura\" \/>\n\t<meta name=\"twitter:data1\" content=\"1 minuto\" \/>\n<script type=\"application\/ld+json\" class=\"yoast-schema-graph\">{\"@context\":\"https:\/\/schema.org\",\"@graph\":[{\"@type\":\"WebPage\",\"@id\":\"https:\/\/brunellostore.es\/product\/vyklyuchatel-dlya-rollet-led-new-unica-schneider\/\",\"url\":\"https:\/\/brunellostore.es\/product\/vyklyuchatel-dlya-rollet-led-new-unica-schneider\/\",\"name\":\"\u0412\u044b\u043a\u043b\u044e\u0447\u0430\u0442\u0435\u043b\u044c \u0434\u043b\u044f \u0440\u043e\u043b\u043b\u0435\u0442 New Unica Schneider - brunellostore.es\",\"isPartOf\":{\"@id\":\"https:\/\/brunellostore.es\/#website\"},\"primaryImageOfPage\":{\"@id\":\"https:\/\/brunellostore.es\/product\/vyklyuchatel-dlya-rollet-led-new-unica-schneider\/#primaryimage\"},\"image\":{\"@id\":\"https:\/\/brunellostore.es\/product\/vyklyuchatel-dlya-rollet-led-new-unica-schneider\/#primaryimage\"},\"thumbnailUrl\":\"https:\/\/brunellostore.es\/wp-content\/uploads\/2024\/12\/interruptor-persiana-new-unica-schneider-polar.jpg\",\"datePublished\":\"2024-12-18T21:54:40+00:00\",\"dateModified\":\"2024-12-18T22:04:42+00:00\",\"breadcrumb\":{\"@id\":\"https:\/\/brunellostore.es\/product\/vyklyuchatel-dlya-rollet-led-new-unica-schneider\/#breadcrumb\"},\"inLanguage\":\"es\",\"potentialAction\":[{\"@type\":\"ReadAction\",\"target\":[\"https:\/\/brunellostore.es\/product\/vyklyuchatel-dlya-rollet-led-new-unica-schneider\/\"]}]},{\"@type\":\"ImageObject\",\"inLanguage\":\"es\",\"@id\":\"https:\/\/brunellostore.es\/product\/vyklyuchatel-dlya-rollet-led-new-unica-schneider\/#primaryimage\",\"url\":\"https:\/\/brunellostore.es\/wp-content\/uploads\/2024\/12\/interruptor-persiana-new-unica-schneider-polar.jpg\",\"contentUrl\":\"https:\/\/brunellostore.es\/wp-content\/uploads\/2024\/12\/interruptor-persiana-new-unica-schneider-polar.jpg\",\"width\":500,\"height\":500},{\"@type\":\"BreadcrumbList\",\"@id\":\"https:\/\/brunellostore.es\/product\/vyklyuchatel-dlya-rollet-led-new-unica-schneider\/#breadcrumb\",\"itemListElement\":[{\"@type\":\"ListItem\",\"position\":1,\"name\":\"Home\",\"item\":\"https:\/\/brunellostore.es\/\"},{\"@type\":\"ListItem\",\"position\":2,\"name\":\"\u041c\u0430\u0433\u0430\u0437\u0438\u043d\",\"item\":\"https:\/\/brunellostore.es\/shop\/\"},{\"@type\":\"ListItem\",\"position\":3,\"name\":\"\u0412\u044b\u043a\u043b\u044e\u0447\u0430\u0442\u0435\u043b\u044c \u0434\u043b\u044f \u0440\u043e\u043b\u043b\u0435\u0442 New Unica Schneider\"}]},{\"@type\":\"WebSite\",\"@id\":\"https:\/\/brunellostore.es\/#website\",\"url\":\"https:\/\/brunellostore.es\/\",\"name\":\"brunellostore.es\",\"description\":\"\",\"publisher\":{\"@id\":\"https:\/\/brunellostore.es\/#organization\"},\"potentialAction\":[{\"@type\":\"SearchAction\",\"target\":{\"@type\":\"EntryPoint\",\"urlTemplate\":\"https:\/\/brunellostore.es\/?s={search_term_string}\"},\"query-input\":{\"@type\":\"PropertyValueSpecification\",\"valueRequired\":true,\"valueName\":\"search_term_string\"}}],\"inLanguage\":\"es\"},{\"@type\":\"Organization\",\"@id\":\"https:\/\/brunellostore.es\/#organization\",\"name\":\"brunellostore.es\",\"url\":\"https:\/\/brunellostore.es\/\",\"logo\":{\"@type\":\"ImageObject\",\"inLanguage\":\"es\",\"@id\":\"https:\/\/brunellostore.es\/#\/schema\/logo\/image\/\",\"url\":\"https:\/\/brunellostore.es\/wp-content\/uploads\/2024\/09\/Brunello-logo.png\",\"contentUrl\":\"https:\/\/brunellostore.es\/wp-content\/uploads\/2024\/09\/Brunello-logo.png\",\"width\":924,\"height\":240,\"caption\":\"brunellostore.es\"},\"image\":{\"@id\":\"https:\/\/brunellostore.es\/#\/schema\/logo\/image\/\"}}]}<\/script>\n<!-- \/ Yoast SEO plugin. -->","yoast_head_json":{"title":"\u0412\u044b\u043a\u043b\u044e\u0447\u0430\u0442\u0435\u043b\u044c \u0434\u043b\u044f \u0440\u043e\u043b\u043b\u0435\u0442 New Unica Schneider - brunellostore.es","robots":{"index":"index","follow":"follow","max-snippet":"max-snippet:-1","max-image-preview":"max-image-preview:large","max-video-preview":"max-video-preview:-1"},"canonical":"https:\/\/brunellostore.es\/es\/producto\/vyklyuchatel-dlya-rollet-led-new-unica-schneider\/","og_locale":"es_ES","og_type":"article","og_title":"\u0412\u044b\u043a\u043b\u044e\u0447\u0430\u0442\u0435\u043b\u044c \u0434\u043b\u044f \u0440\u043e\u043b\u043b\u0435\u0442 New Unica Schneider - brunellostore.es","og_description":"\u041d\u043e\u0432\u044b\u0439 \u0432\u044b\u043a\u043b\u044e\u0447\u0430\u0442\u0435\u043b\u044c \u0434\u043b\u044f \u0440\u043e\u043b\u044c\u0441\u0442\u0430\u0432\u0435\u043d Schneider \u0441\u0435\u0440\u0438\u0438 Unica \u0438\u043c\u0435\u0435\u0442 \u0442\u0440\u0438 \u043a\u043d\u043e\u043f\u043a\u0438: \u00ab\u0432\u0432\u0435\u0440\u0445\u00bb, \u00ab\u0432\u043d\u0438\u0437\u00bb \u0438 \u00ab\u0441\u0442\u043e\u043f\u00bb. \u041e\u043d \u043f\u0440\u043e\u043f\u0443\u0441\u043a\u0430\u0435\u0442 \u043c\u0430\u043a\u0441\u0438\u043c\u0430\u043b\u044c\u043d\u044b\u0439 \u0442\u043e\u043a 6 \u0410, \u0430 \u043c\u0430\u043a\u0441\u0438\u043c\u0430\u043b\u044c\u043d\u043e\u0435 \u0441\u0435\u0447\u0435\u043d\u0438\u0435 \u043a\u0430\u0431\u0435\u043b\u044f \u043d\u0430 \u043a\u043b\u0435\u043c\u043c\u0430\u0445 \u0441\u043e\u0441\u0442\u0430\u0432\u043b\u044f\u0435\u0442 2,5 \u043c\u043c2.","og_url":"https:\/\/brunellostore.es\/es\/producto\/vyklyuchatel-dlya-rollet-led-new-unica-schneider\/","og_site_name":"brunellostore.es","article_modified_time":"2024-12-18T22:04:42+00:00","og_image":[{"width":500,"height":500,"url":"https:\/\/brunellostore.es\/wp-content\/uploads\/2024\/12\/interruptor-persiana-new-unica-schneider-polar.jpg","type":"image\/jpeg"}],"twitter_card":"summary_large_image","twitter_misc":{"Tiempo de lectura":"1 minuto"},"schema":{"@context":"https:\/\/schema.org","@graph":[{"@type":"WebPage","@id":"https:\/\/brunellostore.es\/product\/vyklyuchatel-dlya-rollet-led-new-unica-schneider\/","url":"https:\/\/brunellostore.es\/product\/vyklyuchatel-dlya-rollet-led-new-unica-schneider\/","name":"\u0412\u044b\u043a\u043b\u044e\u0447\u0430\u0442\u0435\u043b\u044c \u0434\u043b\u044f \u0440\u043e\u043b\u043b\u0435\u0442 New Unica Schneider - brunellostore.es","isPartOf":{"@id":"https:\/\/brunellostore.es\/#website"},"primaryImageOfPage":{"@id":"https:\/\/brunellostore.es\/product\/vyklyuchatel-dlya-rollet-led-new-unica-schneider\/#primaryimage"},"image":{"@id":"https:\/\/brunellostore.es\/product\/vyklyuchatel-dlya-rollet-led-new-unica-schneider\/#primaryimage"},"thumbnailUrl":"https:\/\/brunellostore.es\/wp-content\/uploads\/2024\/12\/interruptor-persiana-new-unica-schneider-polar.jpg","datePublished":"2024-12-18T21:54:40+00:00","dateModified":"2024-12-18T22:04:42+00:00","breadcrumb":{"@id":"https:\/\/brunellostore.es\/product\/vyklyuchatel-dlya-rollet-led-new-unica-schneider\/#breadcrumb"},"inLanguage":"es","potentialAction":[{"@type":"ReadAction","target":["https:\/\/brunellostore.es\/product\/vyklyuchatel-dlya-rollet-led-new-unica-schneider\/"]}]},{"@type":"ImageObject","inLanguage":"es","@id":"https:\/\/brunellostore.es\/product\/vyklyuchatel-dlya-rollet-led-new-unica-schneider\/#primaryimage","url":"https:\/\/brunellostore.es\/wp-content\/uploads\/2024\/12\/interruptor-persiana-new-unica-schneider-polar.jpg","contentUrl":"https:\/\/brunellostore.es\/wp-content\/uploads\/2024\/12\/interruptor-persiana-new-unica-schneider-polar.jpg","width":500,"height":500},{"@type":"BreadcrumbList","@id":"https:\/\/brunellostore.es\/product\/vyklyuchatel-dlya-rollet-led-new-unica-schneider\/#breadcrumb","itemListElement":[{"@type":"ListItem","position":1,"name":"Home","item":"https:\/\/brunellostore.es\/"},{"@type":"ListItem","position":2,"name":"\u041c\u0430\u0433\u0430\u0437\u0438\u043d","item":"https:\/\/brunellostore.es\/shop\/"},{"@type":"ListItem","position":3,"name":"\u0412\u044b\u043a\u043b\u044e\u0447\u0430\u0442\u0435\u043b\u044c \u0434\u043b\u044f \u0440\u043e\u043b\u043b\u0435\u0442 New Unica Schneider"}]},{"@type":"WebSite","@id":"https:\/\/brunellostore.es\/#website","url":"https:\/\/brunellostore.es\/","name":"brunellostore.es","description":"","publisher":{"@id":"https:\/\/brunellostore.es\/#organization"},"potentialAction":[{"@type":"SearchAction","target":{"@type":"EntryPoint","urlTemplate":"https:\/\/brunellostore.es\/?s={search_term_string}"},"query-input":{"@type":"PropertyValueSpecification","valueRequired":true,"valueName":"search_term_string"}}],"inLanguage":"es"},{"@type":"Organization","@id":"https:\/\/brunellostore.es\/#organization","name":"brunellostore.es","url":"https:\/\/brunellostore.es\/","logo":{"@type":"ImageObject","inLanguage":"es","@id":"https:\/\/brunellostore.es\/#\/schema\/logo\/image\/","url":"https:\/\/brunellostore.es\/wp-content\/uploads\/2024\/09\/Brunello-logo.png","contentUrl":"https:\/\/brunellostore.es\/wp-content\/uploads\/2024\/09\/Brunello-logo.png","width":924,"height":240,"caption":"brunellostore.es"},"image":{"@id":"https:\/\/brunellostore.es\/#\/schema\/logo\/image\/"}}]}},"_links":{"self":[{"href":"https:\/\/brunellostore.es\/es\/wp-json\/wp\/v2\/product\/29477","targetHints":{"allow":["GET"]}}],"collection":[{"href":"https:\/\/brunellostore.es\/es\/wp-json\/wp\/v2\/product"}],"about":[{"href":"https:\/\/brunellostore.es\/es\/wp-json\/wp\/v2\/types\/product"}],"replies":[{"embeddable":true,"href":"https:\/\/brunellostore.es\/es\/wp-json\/wp\/v2\/comments?post=29477"}],"version-history":[{"count":4,"href":"https:\/\/brunellostore.es\/es\/wp-json\/wp\/v2\/product\/29477\/revisions"}],"predecessor-version":[{"id":29487,"href":"https:\/\/brunellostore.es\/es\/wp-json\/wp\/v2\/product\/29477\/revisions\/29487"}],"wp:featuredmedia":[{"embeddable":true,"href":"https:\/\/brunellostore.es\/es\/wp-json\/wp\/v2\/media\/29481"}],"wp:attachment":[{"href":"https:\/\/brunellostore.es\/es\/wp-json\/wp\/v2\/media?parent=29477"}],"wp:term":[{"taxonomy":"product_brand","embeddable":true,"href":"https:\/\/brunellostore.es\/es\/wp-json\/wp\/v2\/product_brand?post=29477"},{"taxonomy":"product_cat","embeddable":true,"href":"https:\/\/brunellostore.es\/es\/wp-json\/wp\/v2\/product_cat?post=29477"},{"taxonomy":"product_tag","embeddable":true,"href":"https:\/\/brunellostore.es\/es\/wp-json\/wp\/v2\/product_tag?post=29477"}],"curies":[{"name":"wp","href":"https:\/\/api.w.org\/{rel}","templated":true}]}}