{"id":29488,"date":"2024-12-18T23:07:40","date_gmt":"2024-12-18T22:07:40","guid":{"rendered":"https:\/\/brunellostore.es\/?post_type=product&#038;p=29488"},"modified":"2024-12-18T23:15:13","modified_gmt":"2024-12-18T22:15:13","slug":"dvoynoye-zaryadnoye-ustroystvo-usb-new-unica-schneider","status":"publish","type":"product","link":"https:\/\/brunellostore.es\/es\/producto\/dvoynoye-zaryadnoye-ustroystvo-usb-new-unica-schneider\/","title":{"rendered":"Doble USB 2.1A Nuevo cargador Unica Schneider USB 2.1A"},"content":{"rendered":"<div data-elementor-type=\"wp-post\" data-elementor-id=\"29488\" class=\"elementor elementor-29488\">\n\t\t\t\t<div class=\"elementor-element elementor-element-8fe9a00 e-flex e-con-boxed e-con e-parent\" data-id=\"8fe9a00\" data-element_type=\"container\">\n\t\t\t\t\t<div class=\"e-con-inner\">\n\t\t<div class=\"elementor-element elementor-element-430e551 e-con-full e-flex e-con e-child\" data-id=\"430e551\" data-element_type=\"container\">\n\t\t\t\t<div class=\"elementor-element elementor-element-05c1d79 elementor-widget elementor-widget-wd_text_block\" data-id=\"05c1d79\" data-element_type=\"widget\" data-widget_type=\"wd_text_block.default\">\n\t\t\t\t<div class=\"elementor-widget-container\">\n\t\t\t\t\t\t\t<div class=\"wd-text-block reset-last-child text-left\">\n\t\t\t\n\t\t\t<h3>Doble USB 2.1A Nuevo cargador Unica Schneider USB 2.1A<\/h3><p>Cargador Schneider de doble USB para mecanismos de la serie NEW UNICA, con una potencia m\u00e1xima de carga de 2,1A cuando utilizamos un USB, teniendo en cuenta que si utilizamos los dos, repartimos la potencia de carga, todo ello con una tensi\u00f3n de salida de 5 VDC.<\/p><p>Para instalarlo, necesitamos comprar un marco que se encaje y en el que luego montaremos el marco seleccionado.<\/p><p>El cargador USB admite una secci\u00f3n de cable m\u00e1xima de 2,5 mm2 en el bloque de terminales POZIDRIV n.\u00ba 1 con una profundidad de pelado del cable de 8 mm.<\/p>\n\t\t\t\t\t<\/div>\n\t\t\t\t\t\t<\/div>\n\t\t\t\t<\/div>\n\t\t\t\t<\/div>\n\t\t<div class=\"elementor-element elementor-element-c189e30 e-con-full e-flex e-con e-child\" data-id=\"c189e30\" data-element_type=\"container\">\n\t\t\t\t<div class=\"elementor-element elementor-element-a18d0ec elementor-widget elementor-widget-wd_text_block\" data-id=\"a18d0ec\" data-element_type=\"widget\" data-widget_type=\"wd_text_block.default\">\n\t\t\t\t<div class=\"elementor-widget-container\">\n\t\t\t\t\t\t\t<div class=\"wd-text-block reset-last-child text-left\">\n\t\t\t\n\t\t\t<p>La demanda de este tipo de cargadores crece constantemente debido a la gran cantidad de componentes disponibles en la actualidad, por lo que Schneider no ha descuidado esta funcionalidad en la nueva serie New Unica, una serie nacida con esp\u00edritu renovador, muy en l\u00ednea con las tendencias actuales de dise\u00f1o de interiores.<\/p><p>Aunque se trata de una serie nueva, hay que recordar que hereda toda la experiencia de una serie con una trayectoria impecable, la serie Unica, una de las m\u00e1s vendidas desde hace muchos a\u00f1os.<\/p>\n\t\t\t\t\t<\/div>\n\t\t\t\t\t\t<\/div>\n\t\t\t\t<\/div>\n\t\t\t\t<\/div>\n\t\t<div class=\"elementor-element elementor-element-cd2d9d5 e-con-full e-flex e-con e-child\" data-id=\"cd2d9d5\" data-element_type=\"container\">\n\t\t\t\t<div class=\"elementor-element elementor-element-637df21 elementor-widget elementor-widget-wd_text_block\" data-id=\"637df21\" data-element_type=\"widget\" data-widget_type=\"wd_text_block.default\">\n\t\t\t\t<div class=\"elementor-widget-container\">\n\t\t\t\t\t\t\t<div class=\"wd-text-block reset-last-child text-left\">\n\t\t\t\n\t\t\t<h4>Dimensiones generales<\/h4><p>- Profundidad: 44.35 mm.<br \/>- Anchura: 45 mm.<br \/>- Altura: 45 mm.<\/p>\n\t\t\t\t\t<\/div>\n\t\t\t\t\t\t<\/div>\n\t\t\t\t<\/div>\n\t\t\t\t<\/div>\n\t\t\t\t\t<\/div>\n\t\t\t\t<\/div>\n\t\t\t\t<\/div>","protected":false},"excerpt":{"rendered":"<p>Cargador Schneider de doble USB para mecanismos de la serie NEW UNICA, con una potencia m\u00e1xima de carga de 2,1A cuando utilizamos un USB, teniendo en cuenta que si utilizamos los dos, repartimos la potencia de carga, todo ello con una tensi\u00f3n de salida de 5 VDC.<\/p>","protected":false},"featured_media":29492,"comment_status":"open","ping_status":"closed","template":"","meta":[],"product_brand":[],"product_cat":[32],"product_tag":[],"class_list":{"0":"post-29488","1":"product","2":"type-product","3":"status-publish","4":"has-post-thumbnail","6":"product_cat-elektrofurnitura","8":"first","9":"instock","10":"shipping-taxable","11":"purchasable","12":"product-type-variable"},"yoast_head":"<!-- This site is optimized with the Yoast SEO plugin v26.5 - https:\/\/yoast.com\/wordpress\/plugins\/seo\/ -->\n<title>\u0414\u0432\u043e\u0439\u043d\u043e\u0435 \u0437\u0430\u0440\u044f\u0434\u043d\u043e\u0435 \u0443\u0441\u0442\u0440\u043e\u0439\u0441\u0442\u0432\u043e USB 2.1A New Unica Schneider - brunellostore.es<\/title>\n<meta name=\"robots\" content=\"index, follow, max-snippet:-1, max-image-preview:large, max-video-preview:-1\" \/>\n<link rel=\"canonical\" href=\"https:\/\/brunellostore.es\/es\/producto\/dvoynoye-zaryadnoye-ustroystvo-usb-new-unica-schneider\/\" \/>\n<meta property=\"og:locale\" content=\"es_ES\" \/>\n<meta property=\"og:type\" content=\"article\" \/>\n<meta property=\"og:title\" content=\"\u0414\u0432\u043e\u0439\u043d\u043e\u0435 \u0437\u0430\u0440\u044f\u0434\u043d\u043e\u0435 \u0443\u0441\u0442\u0440\u043e\u0439\u0441\u0442\u0432\u043e USB 2.1A New Unica Schneider - brunellostore.es\" \/>\n<meta property=\"og:description\" content=\"\u0414\u0432\u043e\u0439\u043d\u043e\u0435 USB-\u0437\u0430\u0440\u044f\u0434\u043d\u043e\u0435 \u0443\u0441\u0442\u0440\u043e\u0439\u0441\u0442\u0432\u043e Schneider \u0434\u043b\u044f \u043c\u0435\u0445\u0430\u043d\u0438\u0437\u043c\u043e\u0432 \u0441\u0435\u0440\u0438\u0438 NEW UNICA, \u0441 \u043c\u0430\u043a\u0441\u0438\u043c\u0430\u043b\u044c\u043d\u043e\u0439 \u043c\u043e\u0449\u043d\u043e\u0441\u0442\u044c\u044e \u0437\u0430\u0440\u044f\u0434\u043a\u0438 2,1 \u0410 \u043f\u0440\u0438 \u0438\u0441\u043f\u043e\u043b\u044c\u0437\u043e\u0432\u0430\u043d\u0438\u0438 \u043e\u0434\u043d\u043e\u0433\u043e USB, \u0443\u0447\u0438\u0442\u044b\u0432\u0430\u044f, \u0447\u0442\u043e \u0435\u0441\u043b\u0438 \u043c\u044b \u0438\u0441\u043f\u043e\u043b\u044c\u0437\u0443\u0435\u043c \u043e\u0431\u0430, \u0442\u043e \u0440\u0430\u0441\u043f\u0440\u0435\u0434\u0435\u043b\u044f\u0435\u043c \u043c\u043e\u0449\u043d\u043e\u0441\u0442\u044c \u0437\u0430\u0440\u044f\u0434\u043a\u0438, \u0432\u0441\u0435 \u0441 \u0432\u044b\u0445\u043e\u0434\u043d\u044b\u043c \u043d\u0430\u043f\u0440\u044f\u0436\u0435\u043d\u0438\u0435\u043c 5 \u0412 \u043f\u043e\u0441\u0442\u043e\u044f\u043d\u043d\u043e\u0433\u043e \u0442\u043e\u043a\u0430.\" \/>\n<meta property=\"og:url\" content=\"https:\/\/brunellostore.es\/es\/producto\/dvoynoye-zaryadnoye-ustroystvo-usb-new-unica-schneider\/\" \/>\n<meta property=\"og:site_name\" content=\"brunellostore.es\" \/>\n<meta property=\"article:modified_time\" content=\"2024-12-18T22:15:13+00:00\" \/>\n<meta property=\"og:image\" content=\"https:\/\/brunellostore.es\/wp-content\/uploads\/2024\/12\/cargador-doble-usb-new-unica-schneider-polar.jpg\" \/>\n\t<meta property=\"og:image:width\" content=\"500\" \/>\n\t<meta property=\"og:image:height\" content=\"500\" \/>\n\t<meta property=\"og:image:type\" content=\"image\/jpeg\" \/>\n<meta name=\"twitter:card\" content=\"summary_large_image\" \/>\n<meta name=\"twitter:label1\" content=\"Tiempo de lectura\" \/>\n\t<meta name=\"twitter:data1\" content=\"1 minuto\" \/>\n<script type=\"application\/ld+json\" class=\"yoast-schema-graph\">{\"@context\":\"https:\/\/schema.org\",\"@graph\":[{\"@type\":\"WebPage\",\"@id\":\"https:\/\/brunellostore.es\/product\/dvoynoye-zaryadnoye-ustroystvo-usb-new-unica-schneider\/\",\"url\":\"https:\/\/brunellostore.es\/product\/dvoynoye-zaryadnoye-ustroystvo-usb-new-unica-schneider\/\",\"name\":\"\u0414\u0432\u043e\u0439\u043d\u043e\u0435 \u0437\u0430\u0440\u044f\u0434\u043d\u043e\u0435 \u0443\u0441\u0442\u0440\u043e\u0439\u0441\u0442\u0432\u043e USB 2.1A New Unica Schneider - brunellostore.es\",\"isPartOf\":{\"@id\":\"https:\/\/brunellostore.es\/#website\"},\"primaryImageOfPage\":{\"@id\":\"https:\/\/brunellostore.es\/product\/dvoynoye-zaryadnoye-ustroystvo-usb-new-unica-schneider\/#primaryimage\"},\"image\":{\"@id\":\"https:\/\/brunellostore.es\/product\/dvoynoye-zaryadnoye-ustroystvo-usb-new-unica-schneider\/#primaryimage\"},\"thumbnailUrl\":\"https:\/\/brunellostore.es\/wp-content\/uploads\/2024\/12\/cargador-doble-usb-new-unica-schneider-polar.jpg\",\"datePublished\":\"2024-12-18T22:07:40+00:00\",\"dateModified\":\"2024-12-18T22:15:13+00:00\",\"breadcrumb\":{\"@id\":\"https:\/\/brunellostore.es\/product\/dvoynoye-zaryadnoye-ustroystvo-usb-new-unica-schneider\/#breadcrumb\"},\"inLanguage\":\"es\",\"potentialAction\":[{\"@type\":\"ReadAction\",\"target\":[\"https:\/\/brunellostore.es\/product\/dvoynoye-zaryadnoye-ustroystvo-usb-new-unica-schneider\/\"]}]},{\"@type\":\"ImageObject\",\"inLanguage\":\"es\",\"@id\":\"https:\/\/brunellostore.es\/product\/dvoynoye-zaryadnoye-ustroystvo-usb-new-unica-schneider\/#primaryimage\",\"url\":\"https:\/\/brunellostore.es\/wp-content\/uploads\/2024\/12\/cargador-doble-usb-new-unica-schneider-polar.jpg\",\"contentUrl\":\"https:\/\/brunellostore.es\/wp-content\/uploads\/2024\/12\/cargador-doble-usb-new-unica-schneider-polar.jpg\",\"width\":500,\"height\":500},{\"@type\":\"BreadcrumbList\",\"@id\":\"https:\/\/brunellostore.es\/product\/dvoynoye-zaryadnoye-ustroystvo-usb-new-unica-schneider\/#breadcrumb\",\"itemListElement\":[{\"@type\":\"ListItem\",\"position\":1,\"name\":\"Home\",\"item\":\"https:\/\/brunellostore.es\/\"},{\"@type\":\"ListItem\",\"position\":2,\"name\":\"\u041c\u0430\u0433\u0430\u0437\u0438\u043d\",\"item\":\"https:\/\/brunellostore.es\/shop\/\"},{\"@type\":\"ListItem\",\"position\":3,\"name\":\"\u0414\u0432\u043e\u0439\u043d\u043e\u0435 \u0437\u0430\u0440\u044f\u0434\u043d\u043e\u0435 \u0443\u0441\u0442\u0440\u043e\u0439\u0441\u0442\u0432\u043e USB 2.1A New Unica Schneider\"}]},{\"@type\":\"WebSite\",\"@id\":\"https:\/\/brunellostore.es\/#website\",\"url\":\"https:\/\/brunellostore.es\/\",\"name\":\"brunellostore.es\",\"description\":\"\",\"publisher\":{\"@id\":\"https:\/\/brunellostore.es\/#organization\"},\"potentialAction\":[{\"@type\":\"SearchAction\",\"target\":{\"@type\":\"EntryPoint\",\"urlTemplate\":\"https:\/\/brunellostore.es\/?s={search_term_string}\"},\"query-input\":{\"@type\":\"PropertyValueSpecification\",\"valueRequired\":true,\"valueName\":\"search_term_string\"}}],\"inLanguage\":\"es\"},{\"@type\":\"Organization\",\"@id\":\"https:\/\/brunellostore.es\/#organization\",\"name\":\"brunellostore.es\",\"url\":\"https:\/\/brunellostore.es\/\",\"logo\":{\"@type\":\"ImageObject\",\"inLanguage\":\"es\",\"@id\":\"https:\/\/brunellostore.es\/#\/schema\/logo\/image\/\",\"url\":\"https:\/\/brunellostore.es\/wp-content\/uploads\/2024\/09\/Brunello-logo.png\",\"contentUrl\":\"https:\/\/brunellostore.es\/wp-content\/uploads\/2024\/09\/Brunello-logo.png\",\"width\":924,\"height\":240,\"caption\":\"brunellostore.es\"},\"image\":{\"@id\":\"https:\/\/brunellostore.es\/#\/schema\/logo\/image\/\"}}]}<\/script>\n<!-- \/ Yoast SEO plugin. -->","yoast_head_json":{"title":"\u0414\u0432\u043e\u0439\u043d\u043e\u0435 \u0437\u0430\u0440\u044f\u0434\u043d\u043e\u0435 \u0443\u0441\u0442\u0440\u043e\u0439\u0441\u0442\u0432\u043e USB 2.1A New Unica Schneider - brunellostore.es","robots":{"index":"index","follow":"follow","max-snippet":"max-snippet:-1","max-image-preview":"max-image-preview:large","max-video-preview":"max-video-preview:-1"},"canonical":"https:\/\/brunellostore.es\/es\/producto\/dvoynoye-zaryadnoye-ustroystvo-usb-new-unica-schneider\/","og_locale":"es_ES","og_type":"article","og_title":"\u0414\u0432\u043e\u0439\u043d\u043e\u0435 \u0437\u0430\u0440\u044f\u0434\u043d\u043e\u0435 \u0443\u0441\u0442\u0440\u043e\u0439\u0441\u0442\u0432\u043e USB 2.1A New Unica Schneider - brunellostore.es","og_description":"\u0414\u0432\u043e\u0439\u043d\u043e\u0435 USB-\u0437\u0430\u0440\u044f\u0434\u043d\u043e\u0435 \u0443\u0441\u0442\u0440\u043e\u0439\u0441\u0442\u0432\u043e Schneider \u0434\u043b\u044f \u043c\u0435\u0445\u0430\u043d\u0438\u0437\u043c\u043e\u0432 \u0441\u0435\u0440\u0438\u0438 NEW UNICA, \u0441 \u043c\u0430\u043a\u0441\u0438\u043c\u0430\u043b\u044c\u043d\u043e\u0439 \u043c\u043e\u0449\u043d\u043e\u0441\u0442\u044c\u044e \u0437\u0430\u0440\u044f\u0434\u043a\u0438 2,1 \u0410 \u043f\u0440\u0438 \u0438\u0441\u043f\u043e\u043b\u044c\u0437\u043e\u0432\u0430\u043d\u0438\u0438 \u043e\u0434\u043d\u043e\u0433\u043e USB, \u0443\u0447\u0438\u0442\u044b\u0432\u0430\u044f, \u0447\u0442\u043e \u0435\u0441\u043b\u0438 \u043c\u044b \u0438\u0441\u043f\u043e\u043b\u044c\u0437\u0443\u0435\u043c \u043e\u0431\u0430, \u0442\u043e \u0440\u0430\u0441\u043f\u0440\u0435\u0434\u0435\u043b\u044f\u0435\u043c \u043c\u043e\u0449\u043d\u043e\u0441\u0442\u044c \u0437\u0430\u0440\u044f\u0434\u043a\u0438, \u0432\u0441\u0435 \u0441 \u0432\u044b\u0445\u043e\u0434\u043d\u044b\u043c \u043d\u0430\u043f\u0440\u044f\u0436\u0435\u043d\u0438\u0435\u043c 5 \u0412 \u043f\u043e\u0441\u0442\u043e\u044f\u043d\u043d\u043e\u0433\u043e \u0442\u043e\u043a\u0430.","og_url":"https:\/\/brunellostore.es\/es\/producto\/dvoynoye-zaryadnoye-ustroystvo-usb-new-unica-schneider\/","og_site_name":"brunellostore.es","article_modified_time":"2024-12-18T22:15:13+00:00","og_image":[{"width":500,"height":500,"url":"https:\/\/brunellostore.es\/wp-content\/uploads\/2024\/12\/cargador-doble-usb-new-unica-schneider-polar.jpg","type":"image\/jpeg"}],"twitter_card":"summary_large_image","twitter_misc":{"Tiempo de lectura":"1 minuto"},"schema":{"@context":"https:\/\/schema.org","@graph":[{"@type":"WebPage","@id":"https:\/\/brunellostore.es\/product\/dvoynoye-zaryadnoye-ustroystvo-usb-new-unica-schneider\/","url":"https:\/\/brunellostore.es\/product\/dvoynoye-zaryadnoye-ustroystvo-usb-new-unica-schneider\/","name":"\u0414\u0432\u043e\u0439\u043d\u043e\u0435 \u0437\u0430\u0440\u044f\u0434\u043d\u043e\u0435 \u0443\u0441\u0442\u0440\u043e\u0439\u0441\u0442\u0432\u043e USB 2.1A New Unica Schneider - brunellostore.es","isPartOf":{"@id":"https:\/\/brunellostore.es\/#website"},"primaryImageOfPage":{"@id":"https:\/\/brunellostore.es\/product\/dvoynoye-zaryadnoye-ustroystvo-usb-new-unica-schneider\/#primaryimage"},"image":{"@id":"https:\/\/brunellostore.es\/product\/dvoynoye-zaryadnoye-ustroystvo-usb-new-unica-schneider\/#primaryimage"},"thumbnailUrl":"https:\/\/brunellostore.es\/wp-content\/uploads\/2024\/12\/cargador-doble-usb-new-unica-schneider-polar.jpg","datePublished":"2024-12-18T22:07:40+00:00","dateModified":"2024-12-18T22:15:13+00:00","breadcrumb":{"@id":"https:\/\/brunellostore.es\/product\/dvoynoye-zaryadnoye-ustroystvo-usb-new-unica-schneider\/#breadcrumb"},"inLanguage":"es","potentialAction":[{"@type":"ReadAction","target":["https:\/\/brunellostore.es\/product\/dvoynoye-zaryadnoye-ustroystvo-usb-new-unica-schneider\/"]}]},{"@type":"ImageObject","inLanguage":"es","@id":"https:\/\/brunellostore.es\/product\/dvoynoye-zaryadnoye-ustroystvo-usb-new-unica-schneider\/#primaryimage","url":"https:\/\/brunellostore.es\/wp-content\/uploads\/2024\/12\/cargador-doble-usb-new-unica-schneider-polar.jpg","contentUrl":"https:\/\/brunellostore.es\/wp-content\/uploads\/2024\/12\/cargador-doble-usb-new-unica-schneider-polar.jpg","width":500,"height":500},{"@type":"BreadcrumbList","@id":"https:\/\/brunellostore.es\/product\/dvoynoye-zaryadnoye-ustroystvo-usb-new-unica-schneider\/#breadcrumb","itemListElement":[{"@type":"ListItem","position":1,"name":"Home","item":"https:\/\/brunellostore.es\/"},{"@type":"ListItem","position":2,"name":"\u041c\u0430\u0433\u0430\u0437\u0438\u043d","item":"https:\/\/brunellostore.es\/shop\/"},{"@type":"ListItem","position":3,"name":"\u0414\u0432\u043e\u0439\u043d\u043e\u0435 \u0437\u0430\u0440\u044f\u0434\u043d\u043e\u0435 \u0443\u0441\u0442\u0440\u043e\u0439\u0441\u0442\u0432\u043e USB 2.1A New Unica Schneider"}]},{"@type":"WebSite","@id":"https:\/\/brunellostore.es\/#website","url":"https:\/\/brunellostore.es\/","name":"brunellostore.es","description":"","publisher":{"@id":"https:\/\/brunellostore.es\/#organization"},"potentialAction":[{"@type":"SearchAction","target":{"@type":"EntryPoint","urlTemplate":"https:\/\/brunellostore.es\/?s={search_term_string}"},"query-input":{"@type":"PropertyValueSpecification","valueRequired":true,"valueName":"search_term_string"}}],"inLanguage":"es"},{"@type":"Organization","@id":"https:\/\/brunellostore.es\/#organization","name":"brunellostore.es","url":"https:\/\/brunellostore.es\/","logo":{"@type":"ImageObject","inLanguage":"es","@id":"https:\/\/brunellostore.es\/#\/schema\/logo\/image\/","url":"https:\/\/brunellostore.es\/wp-content\/uploads\/2024\/09\/Brunello-logo.png","contentUrl":"https:\/\/brunellostore.es\/wp-content\/uploads\/2024\/09\/Brunello-logo.png","width":924,"height":240,"caption":"brunellostore.es"},"image":{"@id":"https:\/\/brunellostore.es\/#\/schema\/logo\/image\/"}}]}},"_links":{"self":[{"href":"https:\/\/brunellostore.es\/es\/wp-json\/wp\/v2\/product\/29488","targetHints":{"allow":["GET"]}}],"collection":[{"href":"https:\/\/brunellostore.es\/es\/wp-json\/wp\/v2\/product"}],"about":[{"href":"https:\/\/brunellostore.es\/es\/wp-json\/wp\/v2\/types\/product"}],"replies":[{"embeddable":true,"href":"https:\/\/brunellostore.es\/es\/wp-json\/wp\/v2\/comments?post=29488"}],"version-history":[{"count":4,"href":"https:\/\/brunellostore.es\/es\/wp-json\/wp\/v2\/product\/29488\/revisions"}],"predecessor-version":[{"id":29498,"href":"https:\/\/brunellostore.es\/es\/wp-json\/wp\/v2\/product\/29488\/revisions\/29498"}],"wp:featuredmedia":[{"embeddable":true,"href":"https:\/\/brunellostore.es\/es\/wp-json\/wp\/v2\/media\/29492"}],"wp:attachment":[{"href":"https:\/\/brunellostore.es\/es\/wp-json\/wp\/v2\/media?parent=29488"}],"wp:term":[{"taxonomy":"product_brand","embeddable":true,"href":"https:\/\/brunellostore.es\/es\/wp-json\/wp\/v2\/product_brand?post=29488"},{"taxonomy":"product_cat","embeddable":true,"href":"https:\/\/brunellostore.es\/es\/wp-json\/wp\/v2\/product_cat?post=29488"},{"taxonomy":"product_tag","embeddable":true,"href":"https:\/\/brunellostore.es\/es\/wp-json\/wp\/v2\/product_tag?post=29488"}],"curies":[{"name":"wp","href":"https:\/\/api.w.org\/{rel}","templated":true}]}}