{"id":29522,"date":"2024-12-18T23:41:13","date_gmt":"2024-12-18T22:41:13","guid":{"rendered":"https:\/\/brunellostore.es\/?post_type=product&#038;p=29522"},"modified":"2024-12-18T23:50:07","modified_gmt":"2024-12-18T22:50:07","slug":"antennoye-gnezdo-r-tv-sat-televes","status":"publish","type":"product","link":"https:\/\/brunellostore.es\/es\/producto\/antennoye-gnezdo-r-tv-sat-televes\/","title":{"rendered":"Toma de antena R-TV\/SAT Televes"},"content":{"rendered":"<div data-elementor-type=\"wp-post\" data-elementor-id=\"29522\" class=\"elementor elementor-29522\">\n\t\t\t\t<div class=\"elementor-element elementor-element-8fe9a00 e-flex e-con-boxed e-con e-parent\" data-id=\"8fe9a00\" data-element_type=\"container\">\n\t\t\t\t\t<div class=\"e-con-inner\">\n\t\t<div class=\"elementor-element elementor-element-430e551 e-con-full e-flex e-con e-child\" data-id=\"430e551\" data-element_type=\"container\">\n\t\t\t\t<div class=\"elementor-element elementor-element-05c1d79 elementor-widget elementor-widget-wd_text_block\" data-id=\"05c1d79\" data-element_type=\"widget\" data-widget_type=\"wd_text_block.default\">\n\t\t\t\t<div class=\"elementor-widget-container\">\n\t\t\t\t\t\t\t<div class=\"wd-text-block reset-last-child text-left\">\n\t\t\t\n\t\t\t<h3>Toma de antena R-TV\/SAT Televes<\/h3><p>La toma R-TV\/SAT de Telev\u00e9s puede utilizarse con las tapas de la mayor\u00eda de las series de mecanismos, por lo que la calidad de una marca de referencia como Telev\u00e9s puede combinarse con la est\u00e9tica de cualquier serie de mecanismos.<\/p>\n\t\t\t\t\t<\/div>\n\t\t\t\t\t\t<\/div>\n\t\t\t\t<\/div>\n\t\t\t\t<\/div>\n\t\t<div class=\"elementor-element elementor-element-c189e30 e-con-full e-flex e-con e-child\" data-id=\"c189e30\" data-element_type=\"container\">\n\t\t\t\t<div class=\"elementor-element elementor-element-a18d0ec elementor-widget elementor-widget-wd_text_block\" data-id=\"a18d0ec\" data-element_type=\"widget\" data-widget_type=\"wd_text_block.default\">\n\t\t\t\t<div class=\"elementor-widget-container\">\n\t\t\t\t\t\t\t<div class=\"wd-text-block reset-last-child text-left\">\n\t\t\t\n\t\t\t<p>Debido al gran n\u00famero de series existentes con diferentes formas de marco, en algunas series de mecanismos puede ser necesario modificar algunas partes del marco o tapa para su perfecto ajuste (quitando o doblando algunos pasadores...), lo que en ning\u00fan caso afecta ni a la funcionalidad ni a la est\u00e9tica, ya que se fijan con tornillos.<\/p>\n\t\t\t\t\t<\/div>\n\t\t\t\t\t\t<\/div>\n\t\t\t\t<\/div>\n\t\t\t\t<\/div>\n\t\t<div class=\"elementor-element elementor-element-cd2d9d5 e-con-full e-flex e-con e-child\" data-id=\"cd2d9d5\" data-element_type=\"container\">\n\t\t\t\t<div class=\"elementor-element elementor-element-637df21 elementor-widget elementor-widget-wd_text_block\" data-id=\"637df21\" data-element_type=\"widget\" data-widget_type=\"wd_text_block.default\">\n\t\t\t\t<div class=\"elementor-widget-container\">\n\t\t\t\t\t\t\t<div class=\"wd-text-block reset-last-child text-left\">\n\t\t\t\n\t\t\t<h4>Dimensiones generales<\/h4><p>- Profundidad: 45 mm.<br>- Anchura: 45 mm.<br>- Altura: 45 mm.<\/p>\n\t\t\t\t\t<\/div>\n\t\t\t\t\t\t<\/div>\n\t\t\t\t<\/div>\n\t\t\t\t<\/div>\n\t\t\t\t\t<\/div>\n\t\t\t\t<\/div>\n\t\t\t\t<\/div>","protected":false},"excerpt":{"rendered":"<p>La toma R-TV\/SAT de Telev\u00e9s puede utilizarse con las tapas de la mayor\u00eda de las series de mecanismos, por lo que la calidad de una marca de referencia como Telev\u00e9s puede combinarse con la est\u00e9tica de cualquier serie de mecanismos.<\/p>","protected":false},"featured_media":29526,"comment_status":"open","ping_status":"closed","template":"","meta":[],"product_brand":[],"product_cat":[32],"product_tag":[],"class_list":{"0":"post-29522","1":"product","2":"type-product","3":"status-publish","4":"has-post-thumbnail","6":"product_cat-elektrofurnitura","8":"first","9":"instock","10":"shipping-taxable","11":"purchasable","12":"product-type-simple"},"yoast_head":"<!-- This site is optimized with the Yoast SEO plugin v26.5 - https:\/\/yoast.com\/wordpress\/plugins\/seo\/ -->\n<title>\u0410\u043d\u0442\u0435\u043d\u043d\u043e\u0435 \u0433\u043d\u0435\u0437\u0434\u043e R-TV\/SAT Televes - brunellostore.es<\/title>\n<meta name=\"robots\" content=\"index, follow, max-snippet:-1, max-image-preview:large, max-video-preview:-1\" \/>\n<link rel=\"canonical\" href=\"https:\/\/brunellostore.es\/es\/producto\/antennoye-gnezdo-r-tv-sat-televes\/\" \/>\n<meta property=\"og:locale\" content=\"es_ES\" \/>\n<meta property=\"og:type\" content=\"article\" \/>\n<meta property=\"og:title\" content=\"\u0410\u043d\u0442\u0435\u043d\u043d\u043e\u0435 \u0433\u043d\u0435\u0437\u0434\u043e R-TV\/SAT Televes - brunellostore.es\" \/>\n<meta property=\"og:description\" content=\"\u0420\u043e\u0437\u0435\u0442\u043a\u0430 Telev\u00e9s R-TV\/SAT \u043c\u043e\u0436\u0435\u0442 \u0438\u0441\u043f\u043e\u043b\u044c\u0437\u043e\u0432\u0430\u0442\u044c\u0441\u044f \u0441 \u043a\u0440\u044b\u0448\u043a\u0430\u043c\u0438 \u0431\u043e\u043b\u044c\u0448\u0438\u043d\u0441\u0442\u0432\u0430 \u0441\u0435\u0440\u0438\u0439 \u043c\u0435\u0445\u0430\u043d\u0438\u0437\u043c\u043e\u0432, \u0442\u0430\u043a \u0447\u0442\u043e \u043a\u0430\u0447\u0435\u0441\u0442\u0432\u043e \u044d\u0442\u0430\u043b\u043e\u043d\u043d\u043e\u0433\u043e \u0431\u0440\u0435\u043d\u0434\u0430, \u0442\u0430\u043a\u043e\u0433\u043e \u043a\u0430\u043a Telev\u00e9s, \u043c\u043e\u0436\u0435\u0442 \u0441\u043e\u0447\u0435\u0442\u0430\u0442\u044c\u0441\u044f \u0441 \u044d\u0441\u0442\u0435\u0442\u0438\u043a\u043e\u0439 \u043b\u044e\u0431\u043e\u0439 \u0441\u0435\u0440\u0438\u0438 \u043c\u0435\u0445\u0430\u043d\u0438\u0437\u043c\u043e\u0432.\" \/>\n<meta property=\"og:url\" content=\"https:\/\/brunellostore.es\/es\/producto\/antennoye-gnezdo-r-tv-sat-televes\/\" \/>\n<meta property=\"og:site_name\" content=\"brunellostore.es\" \/>\n<meta property=\"article:modified_time\" content=\"2024-12-18T22:50:07+00:00\" \/>\n<meta property=\"og:image\" content=\"https:\/\/brunellostore.es\/wp-content\/uploads\/2024\/12\/toma-tv-sat-televes.jpg\" \/>\n\t<meta property=\"og:image:width\" content=\"379\" \/>\n\t<meta property=\"og:image:height\" content=\"379\" \/>\n\t<meta property=\"og:image:type\" content=\"image\/jpeg\" \/>\n<meta name=\"twitter:card\" content=\"summary_large_image\" \/>\n<meta name=\"twitter:label1\" content=\"Tiempo de lectura\" \/>\n\t<meta name=\"twitter:data1\" content=\"1 minuto\" \/>\n<script type=\"application\/ld+json\" class=\"yoast-schema-graph\">{\"@context\":\"https:\/\/schema.org\",\"@graph\":[{\"@type\":\"WebPage\",\"@id\":\"https:\/\/brunellostore.es\/product\/antennoye-gnezdo-r-tv-sat-televes\/\",\"url\":\"https:\/\/brunellostore.es\/product\/antennoye-gnezdo-r-tv-sat-televes\/\",\"name\":\"\u0410\u043d\u0442\u0435\u043d\u043d\u043e\u0435 \u0433\u043d\u0435\u0437\u0434\u043e R-TV\/SAT Televes - brunellostore.es\",\"isPartOf\":{\"@id\":\"https:\/\/brunellostore.es\/#website\"},\"primaryImageOfPage\":{\"@id\":\"https:\/\/brunellostore.es\/product\/antennoye-gnezdo-r-tv-sat-televes\/#primaryimage\"},\"image\":{\"@id\":\"https:\/\/brunellostore.es\/product\/antennoye-gnezdo-r-tv-sat-televes\/#primaryimage\"},\"thumbnailUrl\":\"https:\/\/brunellostore.es\/wp-content\/uploads\/2024\/12\/toma-tv-sat-televes.jpg\",\"datePublished\":\"2024-12-18T22:41:13+00:00\",\"dateModified\":\"2024-12-18T22:50:07+00:00\",\"breadcrumb\":{\"@id\":\"https:\/\/brunellostore.es\/product\/antennoye-gnezdo-r-tv-sat-televes\/#breadcrumb\"},\"inLanguage\":\"es\",\"potentialAction\":[{\"@type\":\"ReadAction\",\"target\":[\"https:\/\/brunellostore.es\/product\/antennoye-gnezdo-r-tv-sat-televes\/\"]}]},{\"@type\":\"ImageObject\",\"inLanguage\":\"es\",\"@id\":\"https:\/\/brunellostore.es\/product\/antennoye-gnezdo-r-tv-sat-televes\/#primaryimage\",\"url\":\"https:\/\/brunellostore.es\/wp-content\/uploads\/2024\/12\/toma-tv-sat-televes.jpg\",\"contentUrl\":\"https:\/\/brunellostore.es\/wp-content\/uploads\/2024\/12\/toma-tv-sat-televes.jpg\",\"width\":379,\"height\":379},{\"@type\":\"BreadcrumbList\",\"@id\":\"https:\/\/brunellostore.es\/product\/antennoye-gnezdo-r-tv-sat-televes\/#breadcrumb\",\"itemListElement\":[{\"@type\":\"ListItem\",\"position\":1,\"name\":\"Home\",\"item\":\"https:\/\/brunellostore.es\/\"},{\"@type\":\"ListItem\",\"position\":2,\"name\":\"\u041c\u0430\u0433\u0430\u0437\u0438\u043d\",\"item\":\"https:\/\/brunellostore.es\/shop\/\"},{\"@type\":\"ListItem\",\"position\":3,\"name\":\"\u0410\u043d\u0442\u0435\u043d\u043d\u043e\u0435 \u0433\u043d\u0435\u0437\u0434\u043e R-TV\/SAT Televes\"}]},{\"@type\":\"WebSite\",\"@id\":\"https:\/\/brunellostore.es\/#website\",\"url\":\"https:\/\/brunellostore.es\/\",\"name\":\"brunellostore.es\",\"description\":\"\",\"publisher\":{\"@id\":\"https:\/\/brunellostore.es\/#organization\"},\"potentialAction\":[{\"@type\":\"SearchAction\",\"target\":{\"@type\":\"EntryPoint\",\"urlTemplate\":\"https:\/\/brunellostore.es\/?s={search_term_string}\"},\"query-input\":{\"@type\":\"PropertyValueSpecification\",\"valueRequired\":true,\"valueName\":\"search_term_string\"}}],\"inLanguage\":\"es\"},{\"@type\":\"Organization\",\"@id\":\"https:\/\/brunellostore.es\/#organization\",\"name\":\"brunellostore.es\",\"url\":\"https:\/\/brunellostore.es\/\",\"logo\":{\"@type\":\"ImageObject\",\"inLanguage\":\"es\",\"@id\":\"https:\/\/brunellostore.es\/#\/schema\/logo\/image\/\",\"url\":\"https:\/\/brunellostore.es\/wp-content\/uploads\/2024\/09\/Brunello-logo.png\",\"contentUrl\":\"https:\/\/brunellostore.es\/wp-content\/uploads\/2024\/09\/Brunello-logo.png\",\"width\":924,\"height\":240,\"caption\":\"brunellostore.es\"},\"image\":{\"@id\":\"https:\/\/brunellostore.es\/#\/schema\/logo\/image\/\"}}]}<\/script>\n<!-- \/ Yoast SEO plugin. -->","yoast_head_json":{"title":"\u0410\u043d\u0442\u0435\u043d\u043d\u043e\u0435 \u0433\u043d\u0435\u0437\u0434\u043e R-TV\/SAT Televes - brunellostore.es","robots":{"index":"index","follow":"follow","max-snippet":"max-snippet:-1","max-image-preview":"max-image-preview:large","max-video-preview":"max-video-preview:-1"},"canonical":"https:\/\/brunellostore.es\/es\/producto\/antennoye-gnezdo-r-tv-sat-televes\/","og_locale":"es_ES","og_type":"article","og_title":"\u0410\u043d\u0442\u0435\u043d\u043d\u043e\u0435 \u0433\u043d\u0435\u0437\u0434\u043e R-TV\/SAT Televes - brunellostore.es","og_description":"\u0420\u043e\u0437\u0435\u0442\u043a\u0430 Telev\u00e9s R-TV\/SAT \u043c\u043e\u0436\u0435\u0442 \u0438\u0441\u043f\u043e\u043b\u044c\u0437\u043e\u0432\u0430\u0442\u044c\u0441\u044f \u0441 \u043a\u0440\u044b\u0448\u043a\u0430\u043c\u0438 \u0431\u043e\u043b\u044c\u0448\u0438\u043d\u0441\u0442\u0432\u0430 \u0441\u0435\u0440\u0438\u0439 \u043c\u0435\u0445\u0430\u043d\u0438\u0437\u043c\u043e\u0432, \u0442\u0430\u043a \u0447\u0442\u043e \u043a\u0430\u0447\u0435\u0441\u0442\u0432\u043e \u044d\u0442\u0430\u043b\u043e\u043d\u043d\u043e\u0433\u043e \u0431\u0440\u0435\u043d\u0434\u0430, \u0442\u0430\u043a\u043e\u0433\u043e \u043a\u0430\u043a Telev\u00e9s, \u043c\u043e\u0436\u0435\u0442 \u0441\u043e\u0447\u0435\u0442\u0430\u0442\u044c\u0441\u044f \u0441 \u044d\u0441\u0442\u0435\u0442\u0438\u043a\u043e\u0439 \u043b\u044e\u0431\u043e\u0439 \u0441\u0435\u0440\u0438\u0438 \u043c\u0435\u0445\u0430\u043d\u0438\u0437\u043c\u043e\u0432.","og_url":"https:\/\/brunellostore.es\/es\/producto\/antennoye-gnezdo-r-tv-sat-televes\/","og_site_name":"brunellostore.es","article_modified_time":"2024-12-18T22:50:07+00:00","og_image":[{"width":379,"height":379,"url":"https:\/\/brunellostore.es\/wp-content\/uploads\/2024\/12\/toma-tv-sat-televes.jpg","type":"image\/jpeg"}],"twitter_card":"summary_large_image","twitter_misc":{"Tiempo de lectura":"1 minuto"},"schema":{"@context":"https:\/\/schema.org","@graph":[{"@type":"WebPage","@id":"https:\/\/brunellostore.es\/product\/antennoye-gnezdo-r-tv-sat-televes\/","url":"https:\/\/brunellostore.es\/product\/antennoye-gnezdo-r-tv-sat-televes\/","name":"\u0410\u043d\u0442\u0435\u043d\u043d\u043e\u0435 \u0433\u043d\u0435\u0437\u0434\u043e R-TV\/SAT Televes - brunellostore.es","isPartOf":{"@id":"https:\/\/brunellostore.es\/#website"},"primaryImageOfPage":{"@id":"https:\/\/brunellostore.es\/product\/antennoye-gnezdo-r-tv-sat-televes\/#primaryimage"},"image":{"@id":"https:\/\/brunellostore.es\/product\/antennoye-gnezdo-r-tv-sat-televes\/#primaryimage"},"thumbnailUrl":"https:\/\/brunellostore.es\/wp-content\/uploads\/2024\/12\/toma-tv-sat-televes.jpg","datePublished":"2024-12-18T22:41:13+00:00","dateModified":"2024-12-18T22:50:07+00:00","breadcrumb":{"@id":"https:\/\/brunellostore.es\/product\/antennoye-gnezdo-r-tv-sat-televes\/#breadcrumb"},"inLanguage":"es","potentialAction":[{"@type":"ReadAction","target":["https:\/\/brunellostore.es\/product\/antennoye-gnezdo-r-tv-sat-televes\/"]}]},{"@type":"ImageObject","inLanguage":"es","@id":"https:\/\/brunellostore.es\/product\/antennoye-gnezdo-r-tv-sat-televes\/#primaryimage","url":"https:\/\/brunellostore.es\/wp-content\/uploads\/2024\/12\/toma-tv-sat-televes.jpg","contentUrl":"https:\/\/brunellostore.es\/wp-content\/uploads\/2024\/12\/toma-tv-sat-televes.jpg","width":379,"height":379},{"@type":"BreadcrumbList","@id":"https:\/\/brunellostore.es\/product\/antennoye-gnezdo-r-tv-sat-televes\/#breadcrumb","itemListElement":[{"@type":"ListItem","position":1,"name":"Home","item":"https:\/\/brunellostore.es\/"},{"@type":"ListItem","position":2,"name":"\u041c\u0430\u0433\u0430\u0437\u0438\u043d","item":"https:\/\/brunellostore.es\/shop\/"},{"@type":"ListItem","position":3,"name":"\u0410\u043d\u0442\u0435\u043d\u043d\u043e\u0435 \u0433\u043d\u0435\u0437\u0434\u043e R-TV\/SAT Televes"}]},{"@type":"WebSite","@id":"https:\/\/brunellostore.es\/#website","url":"https:\/\/brunellostore.es\/","name":"brunellostore.es","description":"","publisher":{"@id":"https:\/\/brunellostore.es\/#organization"},"potentialAction":[{"@type":"SearchAction","target":{"@type":"EntryPoint","urlTemplate":"https:\/\/brunellostore.es\/?s={search_term_string}"},"query-input":{"@type":"PropertyValueSpecification","valueRequired":true,"valueName":"search_term_string"}}],"inLanguage":"es"},{"@type":"Organization","@id":"https:\/\/brunellostore.es\/#organization","name":"brunellostore.es","url":"https:\/\/brunellostore.es\/","logo":{"@type":"ImageObject","inLanguage":"es","@id":"https:\/\/brunellostore.es\/#\/schema\/logo\/image\/","url":"https:\/\/brunellostore.es\/wp-content\/uploads\/2024\/09\/Brunello-logo.png","contentUrl":"https:\/\/brunellostore.es\/wp-content\/uploads\/2024\/09\/Brunello-logo.png","width":924,"height":240,"caption":"brunellostore.es"},"image":{"@id":"https:\/\/brunellostore.es\/#\/schema\/logo\/image\/"}}]}},"_links":{"self":[{"href":"https:\/\/brunellostore.es\/es\/wp-json\/wp\/v2\/product\/29522","targetHints":{"allow":["GET"]}}],"collection":[{"href":"https:\/\/brunellostore.es\/es\/wp-json\/wp\/v2\/product"}],"about":[{"href":"https:\/\/brunellostore.es\/es\/wp-json\/wp\/v2\/types\/product"}],"replies":[{"embeddable":true,"href":"https:\/\/brunellostore.es\/es\/wp-json\/wp\/v2\/comments?post=29522"}],"version-history":[{"count":4,"href":"https:\/\/brunellostore.es\/es\/wp-json\/wp\/v2\/product\/29522\/revisions"}],"predecessor-version":[{"id":29531,"href":"https:\/\/brunellostore.es\/es\/wp-json\/wp\/v2\/product\/29522\/revisions\/29531"}],"wp:featuredmedia":[{"embeddable":true,"href":"https:\/\/brunellostore.es\/es\/wp-json\/wp\/v2\/media\/29526"}],"wp:attachment":[{"href":"https:\/\/brunellostore.es\/es\/wp-json\/wp\/v2\/media?parent=29522"}],"wp:term":[{"taxonomy":"product_brand","embeddable":true,"href":"https:\/\/brunellostore.es\/es\/wp-json\/wp\/v2\/product_brand?post=29522"},{"taxonomy":"product_cat","embeddable":true,"href":"https:\/\/brunellostore.es\/es\/wp-json\/wp\/v2\/product_cat?post=29522"},{"taxonomy":"product_tag","embeddable":true,"href":"https:\/\/brunellostore.es\/es\/wp-json\/wp\/v2\/product_tag?post=29522"}],"curies":[{"name":"wp","href":"https:\/\/api.w.org\/{rel}","templated":true}]}}