{"id":29554,"date":"2024-12-19T00:26:41","date_gmt":"2024-12-18T23:26:41","guid":{"rendered":"https:\/\/brunellostore.es\/?post_type=product&#038;p=29554"},"modified":"2024-12-19T00:36:18","modified_gmt":"2024-12-18T23:36:18","slug":"rozetka-2r-tt-simon-27","status":"publish","type":"product","link":"https:\/\/brunellostore.es\/es\/producto\/rozetka-2r-tt-simon-27\/","title":{"rendered":"Toma 2P-TT SIMON 27"},"content":{"rendered":"<div data-elementor-type=\"wp-post\" data-elementor-id=\"29554\" class=\"elementor elementor-29554\">\n\t\t\t\t<div class=\"elementor-element elementor-element-8fe9a00 e-flex e-con-boxed e-con e-parent\" data-id=\"8fe9a00\" data-element_type=\"container\">\n\t\t\t\t\t<div class=\"e-con-inner\">\n\t\t<div class=\"elementor-element elementor-element-430e551 e-con-full e-flex e-con e-child\" data-id=\"430e551\" data-element_type=\"container\">\n\t\t\t\t<div class=\"elementor-element elementor-element-05c1d79 elementor-widget elementor-widget-wd_text_block\" data-id=\"05c1d79\" data-element_type=\"widget\" data-widget_type=\"wd_text_block.default\">\n\t\t\t\t<div class=\"elementor-widget-container\">\n\t\t\t\t\t\t\t<div class=\"wd-text-block reset-last-child text-left\">\n\t\t\t\n\t\t\t<h3>Toma 2P-TT SIMON 27<\/h3><p>Base con toma de tierra para toma de corriente bipolar Shuko Simon 27, color blanco y marfil.<\/p><p>De acuerdo con los requisitos normativos, al adquirir este enchufe se incluye de serie un seguro para ni\u00f1os para evitar que caigan objetos en el mecanismo del enchufe.<\/p>\n\t\t\t\t\t<\/div>\n\t\t\t\t\t\t<\/div>\n\t\t\t\t<\/div>\n\t\t\t\t<\/div>\n\t\t<div class=\"elementor-element elementor-element-c189e30 e-con-full e-flex e-con e-child\" data-id=\"c189e30\" data-element_type=\"container\">\n\t\t\t\t<div class=\"elementor-element elementor-element-a18d0ec elementor-widget elementor-widget-wd_text_block\" data-id=\"a18d0ec\" data-element_type=\"widget\" data-widget_type=\"wd_text_block.default\">\n\t\t\t\t<div class=\"elementor-widget-container\">\n\t\t\t\t\t\t\t<div class=\"wd-text-block reset-last-child text-left\">\n\t\t\t\n\t\t\t<p>Los mecanismos admiten una secci\u00f3n m\u00e1xima de cable de 2,5 mm2, con un paso de cable desnudo de 15 mm.<\/p><p>El encaje se instala en el bastidor mediante presi\u00f3n, estando perfectamente adaptado para una manipulaci\u00f3n posterior segura, ya que hay que tener en cuenta que el encaje es el elemento que m\u00e1s sufre los impactos mec\u00e1nicos, al ser el mecanismo en el que se conectan los componentes.<\/p>\n\t\t\t\t\t<\/div>\n\t\t\t\t\t\t<\/div>\n\t\t\t\t<\/div>\n\t\t\t\t<\/div>\n\t\t<div class=\"elementor-element elementor-element-cd2d9d5 e-con-full e-flex e-con e-child\" data-id=\"cd2d9d5\" data-element_type=\"container\">\n\t\t\t\t<div class=\"elementor-element elementor-element-637df21 elementor-widget elementor-widget-wd_text_block\" data-id=\"637df21\" data-element_type=\"widget\" data-widget_type=\"wd_text_block.default\">\n\t\t\t\t<div class=\"elementor-widget-container\">\n\t\t\t\t\t\t\t<div class=\"wd-text-block reset-last-child text-left\">\n\t\t\t\n\t\t\t\n\t\t\t\t\t<\/div>\n\t\t\t\t\t\t<\/div>\n\t\t\t\t<\/div>\n\t\t\t\t<\/div>\n\t\t\t\t\t<\/div>\n\t\t\t\t<\/div>\n\t\t\t\t<\/div>","protected":false},"excerpt":{"rendered":"<p>Base con toma de tierra para toma de corriente bipolar Shuko Simon 27, color blanco y marfil.<\/p>","protected":false},"featured_media":29558,"comment_status":"open","ping_status":"closed","template":"","meta":[],"product_brand":[],"product_cat":[32],"product_tag":[],"class_list":{"0":"post-29554","1":"product","2":"type-product","3":"status-publish","4":"has-post-thumbnail","6":"product_cat-elektrofurnitura","8":"first","9":"instock","10":"shipping-taxable","11":"purchasable","12":"product-type-variable"},"yoast_head":"<!-- This site is optimized with the Yoast SEO plugin v26.5 - https:\/\/yoast.com\/wordpress\/plugins\/seo\/ -->\n<title>\u0420\u043e\u0437\u0435\u0442\u043a\u0430 2\u0420-\u0422\u0422 SIMON 27 - brunellostore.es<\/title>\n<meta name=\"robots\" content=\"index, follow, max-snippet:-1, max-image-preview:large, max-video-preview:-1\" \/>\n<link rel=\"canonical\" href=\"https:\/\/brunellostore.es\/es\/producto\/rozetka-2r-tt-simon-27\/\" \/>\n<meta property=\"og:locale\" content=\"es_ES\" \/>\n<meta property=\"og:type\" content=\"article\" \/>\n<meta property=\"og:title\" content=\"\u0420\u043e\u0437\u0435\u0442\u043a\u0430 2\u0420-\u0422\u0422 SIMON 27 - brunellostore.es\" \/>\n<meta property=\"og:description\" content=\"\u041e\u0441\u043d\u043e\u0432\u0430\u043d\u0438\u0435 \u0434\u043b\u044f \u0434\u0432\u0443\u0445\u043f\u043e\u043b\u044e\u0441\u043d\u043e\u0439 \u0440\u043e\u0437\u0435\u0442\u043a\u0438 Shuko Simon 27 \u0441 \u0437\u0430\u0437\u0435\u043c\u043b\u0435\u043d\u0438\u0435\u043c, \u0446\u0432\u0435\u0442 \u0431\u0435\u043b\u044b\u0439 \u0438 \u0441\u043b\u043e\u043d\u043e\u0432\u0430\u044f \u043a\u043e\u0441\u0442\u044c.\" \/>\n<meta property=\"og:url\" content=\"https:\/\/brunellostore.es\/es\/producto\/rozetka-2r-tt-simon-27\/\" \/>\n<meta property=\"og:site_name\" content=\"brunellostore.es\" \/>\n<meta property=\"article:modified_time\" content=\"2024-12-18T23:36:18+00:00\" \/>\n<meta property=\"og:image\" content=\"https:\/\/brunellostore.es\/wp-content\/uploads\/2024\/12\/enchufe-2p-tt-seguridad-tornillo-simon-27-27472.jpg\" \/>\n\t<meta property=\"og:image:width\" content=\"500\" \/>\n\t<meta property=\"og:image:height\" content=\"500\" \/>\n\t<meta property=\"og:image:type\" content=\"image\/jpeg\" \/>\n<meta name=\"twitter:card\" content=\"summary_large_image\" \/>\n<meta name=\"twitter:label1\" content=\"Tiempo de lectura\" \/>\n\t<meta name=\"twitter:data1\" content=\"1 minuto\" \/>\n<script type=\"application\/ld+json\" class=\"yoast-schema-graph\">{\"@context\":\"https:\/\/schema.org\",\"@graph\":[{\"@type\":\"WebPage\",\"@id\":\"https:\/\/brunellostore.es\/product\/rozetka-2r-tt-simon-27\/\",\"url\":\"https:\/\/brunellostore.es\/product\/rozetka-2r-tt-simon-27\/\",\"name\":\"\u0420\u043e\u0437\u0435\u0442\u043a\u0430 2\u0420-\u0422\u0422 SIMON 27 - brunellostore.es\",\"isPartOf\":{\"@id\":\"https:\/\/brunellostore.es\/#website\"},\"primaryImageOfPage\":{\"@id\":\"https:\/\/brunellostore.es\/product\/rozetka-2r-tt-simon-27\/#primaryimage\"},\"image\":{\"@id\":\"https:\/\/brunellostore.es\/product\/rozetka-2r-tt-simon-27\/#primaryimage\"},\"thumbnailUrl\":\"https:\/\/brunellostore.es\/wp-content\/uploads\/2024\/12\/enchufe-2p-tt-seguridad-tornillo-simon-27-27472.jpg\",\"datePublished\":\"2024-12-18T23:26:41+00:00\",\"dateModified\":\"2024-12-18T23:36:18+00:00\",\"breadcrumb\":{\"@id\":\"https:\/\/brunellostore.es\/product\/rozetka-2r-tt-simon-27\/#breadcrumb\"},\"inLanguage\":\"es\",\"potentialAction\":[{\"@type\":\"ReadAction\",\"target\":[\"https:\/\/brunellostore.es\/product\/rozetka-2r-tt-simon-27\/\"]}]},{\"@type\":\"ImageObject\",\"inLanguage\":\"es\",\"@id\":\"https:\/\/brunellostore.es\/product\/rozetka-2r-tt-simon-27\/#primaryimage\",\"url\":\"https:\/\/brunellostore.es\/wp-content\/uploads\/2024\/12\/enchufe-2p-tt-seguridad-tornillo-simon-27-27472.jpg\",\"contentUrl\":\"https:\/\/brunellostore.es\/wp-content\/uploads\/2024\/12\/enchufe-2p-tt-seguridad-tornillo-simon-27-27472.jpg\",\"width\":500,\"height\":500},{\"@type\":\"BreadcrumbList\",\"@id\":\"https:\/\/brunellostore.es\/product\/rozetka-2r-tt-simon-27\/#breadcrumb\",\"itemListElement\":[{\"@type\":\"ListItem\",\"position\":1,\"name\":\"Home\",\"item\":\"https:\/\/brunellostore.es\/\"},{\"@type\":\"ListItem\",\"position\":2,\"name\":\"\u041c\u0430\u0433\u0430\u0437\u0438\u043d\",\"item\":\"https:\/\/brunellostore.es\/shop\/\"},{\"@type\":\"ListItem\",\"position\":3,\"name\":\"\u0420\u043e\u0437\u0435\u0442\u043a\u0430 2\u0420-\u0422\u0422 SIMON 27\"}]},{\"@type\":\"WebSite\",\"@id\":\"https:\/\/brunellostore.es\/#website\",\"url\":\"https:\/\/brunellostore.es\/\",\"name\":\"brunellostore.es\",\"description\":\"\",\"publisher\":{\"@id\":\"https:\/\/brunellostore.es\/#organization\"},\"potentialAction\":[{\"@type\":\"SearchAction\",\"target\":{\"@type\":\"EntryPoint\",\"urlTemplate\":\"https:\/\/brunellostore.es\/?s={search_term_string}\"},\"query-input\":{\"@type\":\"PropertyValueSpecification\",\"valueRequired\":true,\"valueName\":\"search_term_string\"}}],\"inLanguage\":\"es\"},{\"@type\":\"Organization\",\"@id\":\"https:\/\/brunellostore.es\/#organization\",\"name\":\"brunellostore.es\",\"url\":\"https:\/\/brunellostore.es\/\",\"logo\":{\"@type\":\"ImageObject\",\"inLanguage\":\"es\",\"@id\":\"https:\/\/brunellostore.es\/#\/schema\/logo\/image\/\",\"url\":\"https:\/\/brunellostore.es\/wp-content\/uploads\/2024\/09\/Brunello-logo.png\",\"contentUrl\":\"https:\/\/brunellostore.es\/wp-content\/uploads\/2024\/09\/Brunello-logo.png\",\"width\":924,\"height\":240,\"caption\":\"brunellostore.es\"},\"image\":{\"@id\":\"https:\/\/brunellostore.es\/#\/schema\/logo\/image\/\"}}]}<\/script>\n<!-- \/ Yoast SEO plugin. -->","yoast_head_json":{"title":"\u0420\u043e\u0437\u0435\u0442\u043a\u0430 2\u0420-\u0422\u0422 SIMON 27 - brunellostore.es","robots":{"index":"index","follow":"follow","max-snippet":"max-snippet:-1","max-image-preview":"max-image-preview:large","max-video-preview":"max-video-preview:-1"},"canonical":"https:\/\/brunellostore.es\/es\/producto\/rozetka-2r-tt-simon-27\/","og_locale":"es_ES","og_type":"article","og_title":"\u0420\u043e\u0437\u0435\u0442\u043a\u0430 2\u0420-\u0422\u0422 SIMON 27 - brunellostore.es","og_description":"\u041e\u0441\u043d\u043e\u0432\u0430\u043d\u0438\u0435 \u0434\u043b\u044f \u0434\u0432\u0443\u0445\u043f\u043e\u043b\u044e\u0441\u043d\u043e\u0439 \u0440\u043e\u0437\u0435\u0442\u043a\u0438 Shuko Simon 27 \u0441 \u0437\u0430\u0437\u0435\u043c\u043b\u0435\u043d\u0438\u0435\u043c, \u0446\u0432\u0435\u0442 \u0431\u0435\u043b\u044b\u0439 \u0438 \u0441\u043b\u043e\u043d\u043e\u0432\u0430\u044f \u043a\u043e\u0441\u0442\u044c.","og_url":"https:\/\/brunellostore.es\/es\/producto\/rozetka-2r-tt-simon-27\/","og_site_name":"brunellostore.es","article_modified_time":"2024-12-18T23:36:18+00:00","og_image":[{"width":500,"height":500,"url":"https:\/\/brunellostore.es\/wp-content\/uploads\/2024\/12\/enchufe-2p-tt-seguridad-tornillo-simon-27-27472.jpg","type":"image\/jpeg"}],"twitter_card":"summary_large_image","twitter_misc":{"Tiempo de lectura":"1 minuto"},"schema":{"@context":"https:\/\/schema.org","@graph":[{"@type":"WebPage","@id":"https:\/\/brunellostore.es\/product\/rozetka-2r-tt-simon-27\/","url":"https:\/\/brunellostore.es\/product\/rozetka-2r-tt-simon-27\/","name":"\u0420\u043e\u0437\u0435\u0442\u043a\u0430 2\u0420-\u0422\u0422 SIMON 27 - brunellostore.es","isPartOf":{"@id":"https:\/\/brunellostore.es\/#website"},"primaryImageOfPage":{"@id":"https:\/\/brunellostore.es\/product\/rozetka-2r-tt-simon-27\/#primaryimage"},"image":{"@id":"https:\/\/brunellostore.es\/product\/rozetka-2r-tt-simon-27\/#primaryimage"},"thumbnailUrl":"https:\/\/brunellostore.es\/wp-content\/uploads\/2024\/12\/enchufe-2p-tt-seguridad-tornillo-simon-27-27472.jpg","datePublished":"2024-12-18T23:26:41+00:00","dateModified":"2024-12-18T23:36:18+00:00","breadcrumb":{"@id":"https:\/\/brunellostore.es\/product\/rozetka-2r-tt-simon-27\/#breadcrumb"},"inLanguage":"es","potentialAction":[{"@type":"ReadAction","target":["https:\/\/brunellostore.es\/product\/rozetka-2r-tt-simon-27\/"]}]},{"@type":"ImageObject","inLanguage":"es","@id":"https:\/\/brunellostore.es\/product\/rozetka-2r-tt-simon-27\/#primaryimage","url":"https:\/\/brunellostore.es\/wp-content\/uploads\/2024\/12\/enchufe-2p-tt-seguridad-tornillo-simon-27-27472.jpg","contentUrl":"https:\/\/brunellostore.es\/wp-content\/uploads\/2024\/12\/enchufe-2p-tt-seguridad-tornillo-simon-27-27472.jpg","width":500,"height":500},{"@type":"BreadcrumbList","@id":"https:\/\/brunellostore.es\/product\/rozetka-2r-tt-simon-27\/#breadcrumb","itemListElement":[{"@type":"ListItem","position":1,"name":"Home","item":"https:\/\/brunellostore.es\/"},{"@type":"ListItem","position":2,"name":"\u041c\u0430\u0433\u0430\u0437\u0438\u043d","item":"https:\/\/brunellostore.es\/shop\/"},{"@type":"ListItem","position":3,"name":"\u0420\u043e\u0437\u0435\u0442\u043a\u0430 2\u0420-\u0422\u0422 SIMON 27"}]},{"@type":"WebSite","@id":"https:\/\/brunellostore.es\/#website","url":"https:\/\/brunellostore.es\/","name":"brunellostore.es","description":"","publisher":{"@id":"https:\/\/brunellostore.es\/#organization"},"potentialAction":[{"@type":"SearchAction","target":{"@type":"EntryPoint","urlTemplate":"https:\/\/brunellostore.es\/?s={search_term_string}"},"query-input":{"@type":"PropertyValueSpecification","valueRequired":true,"valueName":"search_term_string"}}],"inLanguage":"es"},{"@type":"Organization","@id":"https:\/\/brunellostore.es\/#organization","name":"brunellostore.es","url":"https:\/\/brunellostore.es\/","logo":{"@type":"ImageObject","inLanguage":"es","@id":"https:\/\/brunellostore.es\/#\/schema\/logo\/image\/","url":"https:\/\/brunellostore.es\/wp-content\/uploads\/2024\/09\/Brunello-logo.png","contentUrl":"https:\/\/brunellostore.es\/wp-content\/uploads\/2024\/09\/Brunello-logo.png","width":924,"height":240,"caption":"brunellostore.es"},"image":{"@id":"https:\/\/brunellostore.es\/#\/schema\/logo\/image\/"}}]}},"_links":{"self":[{"href":"https:\/\/brunellostore.es\/es\/wp-json\/wp\/v2\/product\/29554","targetHints":{"allow":["GET"]}}],"collection":[{"href":"https:\/\/brunellostore.es\/es\/wp-json\/wp\/v2\/product"}],"about":[{"href":"https:\/\/brunellostore.es\/es\/wp-json\/wp\/v2\/types\/product"}],"replies":[{"embeddable":true,"href":"https:\/\/brunellostore.es\/es\/wp-json\/wp\/v2\/comments?post=29554"}],"version-history":[{"count":4,"href":"https:\/\/brunellostore.es\/es\/wp-json\/wp\/v2\/product\/29554\/revisions"}],"predecessor-version":[{"id":29565,"href":"https:\/\/brunellostore.es\/es\/wp-json\/wp\/v2\/product\/29554\/revisions\/29565"}],"wp:featuredmedia":[{"embeddable":true,"href":"https:\/\/brunellostore.es\/es\/wp-json\/wp\/v2\/media\/29558"}],"wp:attachment":[{"href":"https:\/\/brunellostore.es\/es\/wp-json\/wp\/v2\/media?parent=29554"}],"wp:term":[{"taxonomy":"product_brand","embeddable":true,"href":"https:\/\/brunellostore.es\/es\/wp-json\/wp\/v2\/product_brand?post=29554"},{"taxonomy":"product_cat","embeddable":true,"href":"https:\/\/brunellostore.es\/es\/wp-json\/wp\/v2\/product_cat?post=29554"},{"taxonomy":"product_tag","embeddable":true,"href":"https:\/\/brunellostore.es\/es\/wp-json\/wp\/v2\/product_tag?post=29554"}],"curies":[{"name":"wp","href":"https:\/\/api.w.org\/{rel}","templated":true}]}}