{"id":29589,"date":"2024-12-19T01:04:31","date_gmt":"2024-12-19T00:04:31","guid":{"rendered":"https:\/\/brunellostore.es\/?post_type=product&#038;p=29589"},"modified":"2024-12-19T01:10:13","modified_gmt":"2024-12-19T00:10:13","slug":"prokhodnoy-vyklyuchatel-simon-27","status":"publish","type":"product","link":"https:\/\/brunellostore.es\/es\/producto\/prokhodnoy-vyklyuchatel-simon-27\/","title":{"rendered":"A trav\u00e9s del interruptor SIMON 27"},"content":{"rendered":"<div data-elementor-type=\"wp-post\" data-elementor-id=\"29589\" class=\"elementor elementor-29589\">\n\t\t\t\t<div class=\"elementor-element elementor-element-8fe9a00 e-flex e-con-boxed e-con e-parent\" data-id=\"8fe9a00\" data-element_type=\"container\">\n\t\t\t\t\t<div class=\"e-con-inner\">\n\t\t<div class=\"elementor-element elementor-element-430e551 e-con-full e-flex e-con e-child\" data-id=\"430e551\" data-element_type=\"container\">\n\t\t\t\t<div class=\"elementor-element elementor-element-05c1d79 elementor-widget elementor-widget-wd_text_block\" data-id=\"05c1d79\" data-element_type=\"widget\" data-widget_type=\"wd_text_block.default\">\n\t\t\t\t<div class=\"elementor-widget-container\">\n\t\t\t\t\t\t\t<div class=\"wd-text-block reset-last-child text-left\">\n\t\t\t\n\t\t\t<h3>SIMON 27 Interruptor de 1 m\u00f3dulo<\/h3><p>Simon 27 Play es una serie modular que nos proporciona el interruptor estrecho Simon 27 Play que nos permite crear las combinaciones deseadas en un marco sencillo, si las piezas ensambladas constan de 1 m\u00f3dulo.<\/p><p>El interruptor estrecho Simon 27 soporta una corriente m\u00e1xima de 10 A a 230 V y la secci\u00f3n m\u00e1xima del cable es de 2,5 mm2.<\/p>\n\t\t\t\t\t<\/div>\n\t\t\t\t\t\t<\/div>\n\t\t\t\t<\/div>\n\t\t\t\t<\/div>\n\t\t<div class=\"elementor-element elementor-element-c189e30 e-con-full e-flex e-con e-child\" data-id=\"c189e30\" data-element_type=\"container\">\n\t\t\t\t<div class=\"elementor-element elementor-element-a18d0ec elementor-widget elementor-widget-wd_text_block\" data-id=\"a18d0ec\" data-element_type=\"widget\" data-widget_type=\"wd_text_block.default\">\n\t\t\t\t<div class=\"elementor-widget-container\">\n\t\t\t\t\t\t\t<div class=\"wd-text-block reset-last-child text-left\">\n\t\t\t\n\t\t\t<p>Est\u00e1n fabricados con materiales termopl\u00e1sticos sin hal\u00f3genos, lo que los hace mucho menos peligrosos en caso de incendio, y el humo que desprenden es m\u00e1s transparente, lo que permite una mejor visibilidad.<\/p>\n\t\t\t\t\t<\/div>\n\t\t\t\t\t\t<\/div>\n\t\t\t\t<\/div>\n\t\t\t\t<\/div>\n\t\t<div class=\"elementor-element elementor-element-cd2d9d5 e-con-full e-flex e-con e-child\" data-id=\"cd2d9d5\" data-element_type=\"container\">\n\t\t\t\t<div class=\"elementor-element elementor-element-637df21 elementor-widget elementor-widget-wd_text_block\" data-id=\"637df21\" data-element_type=\"widget\" data-widget_type=\"wd_text_block.default\">\n\t\t\t\t<div class=\"elementor-widget-container\">\n\t\t\t\t\t\t\t<div class=\"wd-text-block reset-last-child text-left\">\n\t\t\t\n\t\t\t\n\t\t\t\t\t<\/div>\n\t\t\t\t\t\t<\/div>\n\t\t\t\t<\/div>\n\t\t\t\t<\/div>\n\t\t\t\t\t<\/div>\n\t\t\t\t<\/div>\n\t\t\t\t<\/div>","protected":false},"excerpt":{"rendered":"<p>Simon nos ofrece el mecanismo interruptor de la serie Simon 27 Play, que se puede instalar en todos los acabados del modelo 27. La funci\u00f3n interruptor debe instalarse cuando queremos encender y apagar la luz desde dos lugares diferentes, utilizando dos cables comunes entre los interruptores, algo muy habitual en pasillos y habitaciones.<\/p>","protected":false},"featured_media":29592,"comment_status":"open","ping_status":"closed","template":"","meta":[],"product_brand":[],"product_cat":[32],"product_tag":[],"class_list":{"0":"post-29589","1":"product","2":"type-product","3":"status-publish","4":"has-post-thumbnail","6":"product_cat-elektrofurnitura","8":"first","9":"instock","10":"shipping-taxable","11":"purchasable","12":"product-type-variable"},"yoast_head":"<!-- This site is optimized with the Yoast SEO plugin v26.5 - https:\/\/yoast.com\/wordpress\/plugins\/seo\/ -->\n<title>\u041f\u0440\u043e\u0445\u043e\u0434\u043d\u043e\u0439 \u0432\u044b\u043a\u043b\u044e\u0447\u0430\u0442\u0435\u043b\u044c SIMON 27 - brunellostore.es<\/title>\n<meta name=\"robots\" content=\"index, follow, max-snippet:-1, max-image-preview:large, max-video-preview:-1\" \/>\n<link rel=\"canonical\" href=\"https:\/\/brunellostore.es\/es\/producto\/prokhodnoy-vyklyuchatel-simon-27\/\" \/>\n<meta property=\"og:locale\" content=\"es_ES\" \/>\n<meta property=\"og:type\" content=\"article\" \/>\n<meta property=\"og:title\" content=\"\u041f\u0440\u043e\u0445\u043e\u0434\u043d\u043e\u0439 \u0432\u044b\u043a\u043b\u044e\u0447\u0430\u0442\u0435\u043b\u044c SIMON 27 - brunellostore.es\" \/>\n<meta property=\"og:description\" content=\"\u041a\u043e\u043c\u043f\u0430\u043d\u0438\u044f Simon \u043f\u0440\u0435\u0434\u043b\u0430\u0433\u0430\u0435\u0442 \u043d\u0430\u043c \u043c\u0435\u0445\u0430\u043d\u0438\u0437\u043c \u0432\u044b\u043a\u043b\u044e\u0447\u0430\u0442\u0435\u043b\u044f \u0441\u0435\u0440\u0438\u0438 Simon 27 Play, \u043a\u043e\u0442\u043e\u0440\u044b\u0439 \u043c\u043e\u0436\u0435\u0442 \u0431\u044b\u0442\u044c \u0443\u0441\u0442\u0430\u043d\u043e\u0432\u043b\u0435\u043d \u0432\u043e \u0432\u0441\u0435\u0445 \u0432\u0430\u0440\u0438\u0430\u043d\u0442\u0430\u0445 \u043e\u0442\u0434\u0435\u043b\u043a\u0438 \u043c\u043e\u0434\u0435\u043b\u0438 27. \u0424\u0443\u043d\u043a\u0446\u0438\u044f \u0432\u044b\u043a\u043b\u044e\u0447\u0430\u0442\u0435\u043b\u044f \u0434\u043e\u043b\u0436\u043d\u0430 \u0431\u044b\u0442\u044c \u0443\u0441\u0442\u0430\u043d\u043e\u0432\u043b\u0435\u043d\u0430, \u043a\u043e\u0433\u0434\u0430 \u043c\u044b \u0445\u043e\u0442\u0438\u043c \u0432\u043a\u043b\u044e\u0447\u0430\u0442\u044c \u0438 \u0432\u044b\u043a\u043b\u044e\u0447\u0430\u0442\u044c \u0441\u0432\u0435\u0442 \u0438\u0437 \u0434\u0432\u0443\u0445 \u0440\u0430\u0437\u043d\u044b\u0445 \u043c\u0435\u0441\u0442, \u0438\u0441\u043f\u043e\u043b\u044c\u0437\u0443\u044f \u0434\u0432\u0430 \u043e\u0431\u0449\u0438\u0445 \u043a\u0430\u0431\u0435\u043b\u044f \u043c\u0435\u0436\u0434\u0443 \u0432\u044b\u043a\u043b\u044e\u0447\u0430\u0442\u0435\u043b\u044f\u043c\u0438, \u0447\u0442\u043e \u043e\u0447\u0435\u043d\u044c \u0447\u0430\u0441\u0442\u043e \u0432\u0441\u0442\u0440\u0435\u0447\u0430\u0435\u0442\u0441\u044f \u0432 \u043a\u043e\u0440\u0438\u0434\u043e\u0440\u0430\u0445 \u0438 \u043a\u043e\u043c\u043d\u0430\u0442\u0430\u0445.\" \/>\n<meta property=\"og:url\" content=\"https:\/\/brunellostore.es\/es\/producto\/prokhodnoy-vyklyuchatel-simon-27\/\" \/>\n<meta property=\"og:site_name\" content=\"brunellostore.es\" \/>\n<meta property=\"article:modified_time\" content=\"2024-12-19T00:10:13+00:00\" \/>\n<meta property=\"og:image\" content=\"https:\/\/brunellostore.es\/wp-content\/uploads\/2024\/12\/conmutador-simon-27-27201.jpg\" \/>\n\t<meta property=\"og:image:width\" content=\"500\" \/>\n\t<meta property=\"og:image:height\" content=\"500\" \/>\n\t<meta property=\"og:image:type\" content=\"image\/jpeg\" \/>\n<meta name=\"twitter:card\" content=\"summary_large_image\" \/>\n<meta name=\"twitter:label1\" content=\"Tiempo de lectura\" \/>\n\t<meta name=\"twitter:data1\" content=\"1 minuto\" \/>\n<script type=\"application\/ld+json\" class=\"yoast-schema-graph\">{\"@context\":\"https:\/\/schema.org\",\"@graph\":[{\"@type\":\"WebPage\",\"@id\":\"https:\/\/brunellostore.es\/product\/prokhodnoy-vyklyuchatel-simon-27\/\",\"url\":\"https:\/\/brunellostore.es\/product\/prokhodnoy-vyklyuchatel-simon-27\/\",\"name\":\"\u041f\u0440\u043e\u0445\u043e\u0434\u043d\u043e\u0439 \u0432\u044b\u043a\u043b\u044e\u0447\u0430\u0442\u0435\u043b\u044c SIMON 27 - brunellostore.es\",\"isPartOf\":{\"@id\":\"https:\/\/brunellostore.es\/#website\"},\"primaryImageOfPage\":{\"@id\":\"https:\/\/brunellostore.es\/product\/prokhodnoy-vyklyuchatel-simon-27\/#primaryimage\"},\"image\":{\"@id\":\"https:\/\/brunellostore.es\/product\/prokhodnoy-vyklyuchatel-simon-27\/#primaryimage\"},\"thumbnailUrl\":\"https:\/\/brunellostore.es\/wp-content\/uploads\/2024\/12\/conmutador-simon-27-27201.jpg\",\"datePublished\":\"2024-12-19T00:04:31+00:00\",\"dateModified\":\"2024-12-19T00:10:13+00:00\",\"breadcrumb\":{\"@id\":\"https:\/\/brunellostore.es\/product\/prokhodnoy-vyklyuchatel-simon-27\/#breadcrumb\"},\"inLanguage\":\"es\",\"potentialAction\":[{\"@type\":\"ReadAction\",\"target\":[\"https:\/\/brunellostore.es\/product\/prokhodnoy-vyklyuchatel-simon-27\/\"]}]},{\"@type\":\"ImageObject\",\"inLanguage\":\"es\",\"@id\":\"https:\/\/brunellostore.es\/product\/prokhodnoy-vyklyuchatel-simon-27\/#primaryimage\",\"url\":\"https:\/\/brunellostore.es\/wp-content\/uploads\/2024\/12\/conmutador-simon-27-27201.jpg\",\"contentUrl\":\"https:\/\/brunellostore.es\/wp-content\/uploads\/2024\/12\/conmutador-simon-27-27201.jpg\",\"width\":500,\"height\":500},{\"@type\":\"BreadcrumbList\",\"@id\":\"https:\/\/brunellostore.es\/product\/prokhodnoy-vyklyuchatel-simon-27\/#breadcrumb\",\"itemListElement\":[{\"@type\":\"ListItem\",\"position\":1,\"name\":\"Home\",\"item\":\"https:\/\/brunellostore.es\/\"},{\"@type\":\"ListItem\",\"position\":2,\"name\":\"\u041c\u0430\u0433\u0430\u0437\u0438\u043d\",\"item\":\"https:\/\/brunellostore.es\/shop\/\"},{\"@type\":\"ListItem\",\"position\":3,\"name\":\"\u041f\u0440\u043e\u0445\u043e\u0434\u043d\u043e\u0439 \u0432\u044b\u043a\u043b\u044e\u0447\u0430\u0442\u0435\u043b\u044c SIMON 27\"}]},{\"@type\":\"WebSite\",\"@id\":\"https:\/\/brunellostore.es\/#website\",\"url\":\"https:\/\/brunellostore.es\/\",\"name\":\"brunellostore.es\",\"description\":\"\",\"publisher\":{\"@id\":\"https:\/\/brunellostore.es\/#organization\"},\"potentialAction\":[{\"@type\":\"SearchAction\",\"target\":{\"@type\":\"EntryPoint\",\"urlTemplate\":\"https:\/\/brunellostore.es\/?s={search_term_string}\"},\"query-input\":{\"@type\":\"PropertyValueSpecification\",\"valueRequired\":true,\"valueName\":\"search_term_string\"}}],\"inLanguage\":\"es\"},{\"@type\":\"Organization\",\"@id\":\"https:\/\/brunellostore.es\/#organization\",\"name\":\"brunellostore.es\",\"url\":\"https:\/\/brunellostore.es\/\",\"logo\":{\"@type\":\"ImageObject\",\"inLanguage\":\"es\",\"@id\":\"https:\/\/brunellostore.es\/#\/schema\/logo\/image\/\",\"url\":\"https:\/\/brunellostore.es\/wp-content\/uploads\/2024\/09\/Brunello-logo.png\",\"contentUrl\":\"https:\/\/brunellostore.es\/wp-content\/uploads\/2024\/09\/Brunello-logo.png\",\"width\":924,\"height\":240,\"caption\":\"brunellostore.es\"},\"image\":{\"@id\":\"https:\/\/brunellostore.es\/#\/schema\/logo\/image\/\"}}]}<\/script>\n<!-- \/ Yoast SEO plugin. -->","yoast_head_json":{"title":"\u041f\u0440\u043e\u0445\u043e\u0434\u043d\u043e\u0439 \u0432\u044b\u043a\u043b\u044e\u0447\u0430\u0442\u0435\u043b\u044c SIMON 27 - brunellostore.es","robots":{"index":"index","follow":"follow","max-snippet":"max-snippet:-1","max-image-preview":"max-image-preview:large","max-video-preview":"max-video-preview:-1"},"canonical":"https:\/\/brunellostore.es\/es\/producto\/prokhodnoy-vyklyuchatel-simon-27\/","og_locale":"es_ES","og_type":"article","og_title":"\u041f\u0440\u043e\u0445\u043e\u0434\u043d\u043e\u0439 \u0432\u044b\u043a\u043b\u044e\u0447\u0430\u0442\u0435\u043b\u044c SIMON 27 - brunellostore.es","og_description":"\u041a\u043e\u043c\u043f\u0430\u043d\u0438\u044f Simon \u043f\u0440\u0435\u0434\u043b\u0430\u0433\u0430\u0435\u0442 \u043d\u0430\u043c \u043c\u0435\u0445\u0430\u043d\u0438\u0437\u043c \u0432\u044b\u043a\u043b\u044e\u0447\u0430\u0442\u0435\u043b\u044f \u0441\u0435\u0440\u0438\u0438 Simon 27 Play, \u043a\u043e\u0442\u043e\u0440\u044b\u0439 \u043c\u043e\u0436\u0435\u0442 \u0431\u044b\u0442\u044c \u0443\u0441\u0442\u0430\u043d\u043e\u0432\u043b\u0435\u043d \u0432\u043e \u0432\u0441\u0435\u0445 \u0432\u0430\u0440\u0438\u0430\u043d\u0442\u0430\u0445 \u043e\u0442\u0434\u0435\u043b\u043a\u0438 \u043c\u043e\u0434\u0435\u043b\u0438 27. \u0424\u0443\u043d\u043a\u0446\u0438\u044f \u0432\u044b\u043a\u043b\u044e\u0447\u0430\u0442\u0435\u043b\u044f \u0434\u043e\u043b\u0436\u043d\u0430 \u0431\u044b\u0442\u044c \u0443\u0441\u0442\u0430\u043d\u043e\u0432\u043b\u0435\u043d\u0430, \u043a\u043e\u0433\u0434\u0430 \u043c\u044b \u0445\u043e\u0442\u0438\u043c \u0432\u043a\u043b\u044e\u0447\u0430\u0442\u044c \u0438 \u0432\u044b\u043a\u043b\u044e\u0447\u0430\u0442\u044c \u0441\u0432\u0435\u0442 \u0438\u0437 \u0434\u0432\u0443\u0445 \u0440\u0430\u0437\u043d\u044b\u0445 \u043c\u0435\u0441\u0442, \u0438\u0441\u043f\u043e\u043b\u044c\u0437\u0443\u044f \u0434\u0432\u0430 \u043e\u0431\u0449\u0438\u0445 \u043a\u0430\u0431\u0435\u043b\u044f \u043c\u0435\u0436\u0434\u0443 \u0432\u044b\u043a\u043b\u044e\u0447\u0430\u0442\u0435\u043b\u044f\u043c\u0438, \u0447\u0442\u043e \u043e\u0447\u0435\u043d\u044c \u0447\u0430\u0441\u0442\u043e \u0432\u0441\u0442\u0440\u0435\u0447\u0430\u0435\u0442\u0441\u044f \u0432 \u043a\u043e\u0440\u0438\u0434\u043e\u0440\u0430\u0445 \u0438 \u043a\u043e\u043c\u043d\u0430\u0442\u0430\u0445.","og_url":"https:\/\/brunellostore.es\/es\/producto\/prokhodnoy-vyklyuchatel-simon-27\/","og_site_name":"brunellostore.es","article_modified_time":"2024-12-19T00:10:13+00:00","og_image":[{"width":500,"height":500,"url":"https:\/\/brunellostore.es\/wp-content\/uploads\/2024\/12\/conmutador-simon-27-27201.jpg","type":"image\/jpeg"}],"twitter_card":"summary_large_image","twitter_misc":{"Tiempo de lectura":"1 minuto"},"schema":{"@context":"https:\/\/schema.org","@graph":[{"@type":"WebPage","@id":"https:\/\/brunellostore.es\/product\/prokhodnoy-vyklyuchatel-simon-27\/","url":"https:\/\/brunellostore.es\/product\/prokhodnoy-vyklyuchatel-simon-27\/","name":"\u041f\u0440\u043e\u0445\u043e\u0434\u043d\u043e\u0439 \u0432\u044b\u043a\u043b\u044e\u0447\u0430\u0442\u0435\u043b\u044c SIMON 27 - brunellostore.es","isPartOf":{"@id":"https:\/\/brunellostore.es\/#website"},"primaryImageOfPage":{"@id":"https:\/\/brunellostore.es\/product\/prokhodnoy-vyklyuchatel-simon-27\/#primaryimage"},"image":{"@id":"https:\/\/brunellostore.es\/product\/prokhodnoy-vyklyuchatel-simon-27\/#primaryimage"},"thumbnailUrl":"https:\/\/brunellostore.es\/wp-content\/uploads\/2024\/12\/conmutador-simon-27-27201.jpg","datePublished":"2024-12-19T00:04:31+00:00","dateModified":"2024-12-19T00:10:13+00:00","breadcrumb":{"@id":"https:\/\/brunellostore.es\/product\/prokhodnoy-vyklyuchatel-simon-27\/#breadcrumb"},"inLanguage":"es","potentialAction":[{"@type":"ReadAction","target":["https:\/\/brunellostore.es\/product\/prokhodnoy-vyklyuchatel-simon-27\/"]}]},{"@type":"ImageObject","inLanguage":"es","@id":"https:\/\/brunellostore.es\/product\/prokhodnoy-vyklyuchatel-simon-27\/#primaryimage","url":"https:\/\/brunellostore.es\/wp-content\/uploads\/2024\/12\/conmutador-simon-27-27201.jpg","contentUrl":"https:\/\/brunellostore.es\/wp-content\/uploads\/2024\/12\/conmutador-simon-27-27201.jpg","width":500,"height":500},{"@type":"BreadcrumbList","@id":"https:\/\/brunellostore.es\/product\/prokhodnoy-vyklyuchatel-simon-27\/#breadcrumb","itemListElement":[{"@type":"ListItem","position":1,"name":"Home","item":"https:\/\/brunellostore.es\/"},{"@type":"ListItem","position":2,"name":"\u041c\u0430\u0433\u0430\u0437\u0438\u043d","item":"https:\/\/brunellostore.es\/shop\/"},{"@type":"ListItem","position":3,"name":"\u041f\u0440\u043e\u0445\u043e\u0434\u043d\u043e\u0439 \u0432\u044b\u043a\u043b\u044e\u0447\u0430\u0442\u0435\u043b\u044c SIMON 27"}]},{"@type":"WebSite","@id":"https:\/\/brunellostore.es\/#website","url":"https:\/\/brunellostore.es\/","name":"brunellostore.es","description":"","publisher":{"@id":"https:\/\/brunellostore.es\/#organization"},"potentialAction":[{"@type":"SearchAction","target":{"@type":"EntryPoint","urlTemplate":"https:\/\/brunellostore.es\/?s={search_term_string}"},"query-input":{"@type":"PropertyValueSpecification","valueRequired":true,"valueName":"search_term_string"}}],"inLanguage":"es"},{"@type":"Organization","@id":"https:\/\/brunellostore.es\/#organization","name":"brunellostore.es","url":"https:\/\/brunellostore.es\/","logo":{"@type":"ImageObject","inLanguage":"es","@id":"https:\/\/brunellostore.es\/#\/schema\/logo\/image\/","url":"https:\/\/brunellostore.es\/wp-content\/uploads\/2024\/09\/Brunello-logo.png","contentUrl":"https:\/\/brunellostore.es\/wp-content\/uploads\/2024\/09\/Brunello-logo.png","width":924,"height":240,"caption":"brunellostore.es"},"image":{"@id":"https:\/\/brunellostore.es\/#\/schema\/logo\/image\/"}}]}},"_links":{"self":[{"href":"https:\/\/brunellostore.es\/es\/wp-json\/wp\/v2\/product\/29589","targetHints":{"allow":["GET"]}}],"collection":[{"href":"https:\/\/brunellostore.es\/es\/wp-json\/wp\/v2\/product"}],"about":[{"href":"https:\/\/brunellostore.es\/es\/wp-json\/wp\/v2\/types\/product"}],"replies":[{"embeddable":true,"href":"https:\/\/brunellostore.es\/es\/wp-json\/wp\/v2\/comments?post=29589"}],"version-history":[{"count":1,"href":"https:\/\/brunellostore.es\/es\/wp-json\/wp\/v2\/product\/29589\/revisions"}],"predecessor-version":[{"id":29593,"href":"https:\/\/brunellostore.es\/es\/wp-json\/wp\/v2\/product\/29589\/revisions\/29593"}],"wp:featuredmedia":[{"embeddable":true,"href":"https:\/\/brunellostore.es\/es\/wp-json\/wp\/v2\/media\/29592"}],"wp:attachment":[{"href":"https:\/\/brunellostore.es\/es\/wp-json\/wp\/v2\/media?parent=29589"}],"wp:term":[{"taxonomy":"product_brand","embeddable":true,"href":"https:\/\/brunellostore.es\/es\/wp-json\/wp\/v2\/product_brand?post=29589"},{"taxonomy":"product_cat","embeddable":true,"href":"https:\/\/brunellostore.es\/es\/wp-json\/wp\/v2\/product_cat?post=29589"},{"taxonomy":"product_tag","embeddable":true,"href":"https:\/\/brunellostore.es\/es\/wp-json\/wp\/v2\/product_tag?post=29589"}],"curies":[{"name":"wp","href":"https:\/\/api.w.org\/{rel}","templated":true}]}}