{"id":29790,"date":"2024-12-29T19:56:40","date_gmt":"2024-12-29T18:56:40","guid":{"rendered":"https:\/\/brunellostore.es\/?post_type=product&#038;p=29790"},"modified":"2025-01-26T17:11:33","modified_gmt":"2025-01-26T16:11:33","slug":"terrasnaya-doska-woodmart-terrace-massive-3d","status":"publish","type":"product","link":"https:\/\/brunellostore.es\/es\/producto\/terrasnaya-doska-woodmart-terrace-massive-3d\/","title":{"rendered":"Woodmart Terrace Tablero de terraza Massive 3D"},"content":{"rendered":"<div data-elementor-type=\"wp-post\" data-elementor-id=\"29790\" class=\"elementor elementor-29790\">\n\t\t\t\t<div class=\"elementor-element elementor-element-8fe9a00 e-flex e-con-boxed e-con e-parent\" data-id=\"8fe9a00\" data-element_type=\"container\">\n\t\t\t\t\t<div class=\"e-con-inner\">\n\t\t<div class=\"elementor-element elementor-element-430e551 e-con-full e-flex e-con e-child\" data-id=\"430e551\" data-element_type=\"container\">\n\t\t\t\t<div class=\"elementor-element elementor-element-05c1d79 elementor-widget elementor-widget-wd_text_block\" data-id=\"05c1d79\" data-element_type=\"widget\" data-widget_type=\"wd_text_block.default\">\n\t\t\t\t<div class=\"elementor-widget-container\">\n\t\t\t\t\t\t\t<div class=\"wd-text-block reset-last-child text-left\">\n\t\t\t\n\t\t\t<h3>Woodmart Terrace Tablero de terraza Massive 3D<\/h3><p>Woodmart Massive 3D es una tarima maciza que imita a la perfecci\u00f3n la textura de la madera natural. Gracias a su dise\u00f1o curvado, la tabla tiene una durabilidad significativamente mayor. El color de la tabla es una combinaci\u00f3n de dos tonos de marr\u00f3n, lo que le confiere un aspecto casi id\u00e9ntico al de la madera natural. Demostrar\u00e1 su val\u00eda en terrazas sometidas a cargas pesadas.<\/p>\n\t\t\t\t\t<\/div>\n\t\t\t\t\t\t<\/div>\n\t\t\t\t<\/div>\n\t\t\t\t<\/div>\n\t\t<div class=\"elementor-element elementor-element-c189e30 e-con-full e-flex e-con e-child\" data-id=\"c189e30\" data-element_type=\"container\">\n\t\t\t\t<div class=\"elementor-element elementor-element-a18d0ec elementor-widget elementor-widget-wd_text_block\" data-id=\"a18d0ec\" data-element_type=\"widget\" data-widget_type=\"wd_text_block.default\">\n\t\t\t\t<div class=\"elementor-widget-container\">\n\t\t\t\t\t\t\t<div class=\"wd-text-block reset-last-child text-left\">\n\t\t\t\n\t\t\t\n\t\t\t\t\t<\/div>\n\t\t\t\t\t\t<\/div>\n\t\t\t\t<\/div>\n\t\t\t\t<\/div>\n\t\t<div class=\"elementor-element elementor-element-cd2d9d5 e-con-full e-flex e-con e-child\" data-id=\"cd2d9d5\" data-element_type=\"container\">\n\t\t\t\t<div class=\"elementor-element elementor-element-637df21 elementor-widget elementor-widget-wd_text_block\" data-id=\"637df21\" data-element_type=\"widget\" data-widget_type=\"wd_text_block.default\">\n\t\t\t\t<div class=\"elementor-widget-container\">\n\t\t\t\t\t\t\t<div class=\"wd-text-block reset-last-child text-left\">\n\t\t\t\n\t\t\t<p><strong>Descripci\u00f3n:<\/strong><\/p><p>Unidad: m2<br \/>Cuidados: no son necesarios<br \/>Superficie del tablero (m2): 0,330\/0,450<br \/>Fabricante: Woodmart<br \/>Tama\u00f1o (mm): 150*23*2200\/3000\/4000<br \/>Tipo de conexi\u00f3n: sutura<br \/>Tipo de montaje: oculto (clip-on)<br \/>Color: Teca \u00e1mbar, teca plata, teca nero<\/p>\n\t\t\t\t\t<\/div>\n\t\t\t\t\t\t<\/div>\n\t\t\t\t<\/div>\n\t\t\t\t<\/div>\n\t\t\t\t\t<\/div>\n\t\t\t\t<\/div>\n\t\t\t\t<\/div>","protected":false},"excerpt":{"rendered":"<p>Woodmart Massive 3D es una tarima maciza que imita a la perfecci\u00f3n la textura de la madera natural. Gracias a su dise\u00f1o curvado, la tabla tiene una durabilidad significativamente mayor. El color de la tabla es una combinaci\u00f3n de dos tonos de marr\u00f3n, lo que le confiere un aspecto casi id\u00e9ntico al de la madera natural. Demostrar\u00e1 su val\u00eda en terrazas sometidas a cargas pesadas.<\/p>","protected":false},"featured_media":29791,"comment_status":"open","ping_status":"closed","template":"","meta":[],"product_brand":[],"product_cat":[89],"product_tag":[],"class_list":{"0":"post-29790","1":"product","2":"type-product","3":"status-publish","4":"has-post-thumbnail","6":"product_cat-terrasnaya-doska","8":"first","9":"instock","10":"shipping-taxable","11":"purchasable","12":"product-type-simple"},"yoast_head":"<!-- This site is optimized with the Yoast SEO plugin v26.5 - https:\/\/yoast.com\/wordpress\/plugins\/seo\/ -->\n<title>\u0422\u0435\u0440\u0440\u0430\u0441\u043d\u0430\u044f \u0434\u043e\u0441\u043a\u0430 Woodmart Terrace Massive 3D - brunellostore.es<\/title>\n<meta name=\"robots\" content=\"index, follow, max-snippet:-1, max-image-preview:large, max-video-preview:-1\" \/>\n<link rel=\"canonical\" href=\"https:\/\/brunellostore.es\/es\/producto\/terrasnaya-doska-woodmart-terrace-massive-3d\/\" \/>\n<meta property=\"og:locale\" content=\"es_ES\" \/>\n<meta property=\"og:type\" content=\"article\" \/>\n<meta property=\"og:title\" content=\"\u0422\u0435\u0440\u0440\u0430\u0441\u043d\u0430\u044f \u0434\u043e\u0441\u043a\u0430 Woodmart Terrace Massive 3D - brunellostore.es\" \/>\n<meta property=\"og:description\" content=\"Woodmart Massive 3D - \u043c\u0430\u0441\u0441\u0438\u0432\u043d\u0430\u044f \u0434\u0435\u043a\u0438\u043d\u0433-\u0434\u043e\u0441\u043a\u0430, \u0438\u0434\u0435\u0430\u043b\u044c\u043d\u043e \u0438\u043c\u0438\u0442\u0438\u0440\u0443\u044e\u0449\u0430\u044f \u0442\u0435\u043a\u0441\u0442\u0443\u0440\u0443 \u043d\u0430\u0442\u0443\u0440\u0430\u043b\u044c\u043d\u043e\u0433\u043e \u0434\u0435\u0440\u0435\u0432\u0430. \u0411\u043b\u0430\u0433\u043e\u0434\u0430\u0440\u044f \u0438\u0437\u043e\u0433\u043d\u0443\u0442\u043e\u0439 \u043a\u043e\u043d\u0441\u0442\u0440\u0443\u043a\u0446\u0438\u0438 \u0434\u043e\u0441\u043a\u0430 \u043e\u0431\u043b\u0430\u0434\u0430\u0435\u0442 \u0437\u043d\u0430\u0447\u0438\u0442\u0435\u043b\u044c\u043d\u043e \u043f\u043e\u0432\u044b\u0448\u0435\u043d\u043d\u043e\u0439 \u043f\u0440\u043e\u0447\u043d\u043e\u0441\u0442\u044c\u044e. \u0426\u0432\u0435\u0442 \u0434\u043e\u0441\u043a\u0438 \u043f\u0440\u0435\u0434\u0441\u0442\u0430\u0432\u043b\u044f\u0435\u0442 \u0441\u043e\u0431\u043e\u0439 \u0441\u043e\u0447\u0435\u0442\u0430\u043d\u0438\u0435 \u0434\u0432\u0443\u0445 \u043e\u0442\u0442\u0435\u043d\u043a\u043e\u0432 \u043a\u043e\u0440\u0438\u0447\u043d\u0435\u0432\u043e\u0433\u043e, \u0447\u0442\u043e \u0434\u0435\u043b\u0430\u0435\u0442 \u0435\u0435 \u0432\u043d\u0435\u0448\u043d\u0435 \u043f\u0440\u0430\u043a\u0442\u0438\u0447\u0435\u0441\u043a\u0438 \u0438\u0434\u0435\u043d\u0442\u0438\u0447\u043d\u043e\u0439 \u043d\u0430\u0442\u0443\u0440\u0430\u043b\u044c\u043d\u043e\u043c\u0443 \u0434\u0435\u0440\u0435\u0432\u0443. \u041e\u043d\u0430 \u043e\u0442\u043b\u0438\u0447\u043d\u043e \u0437\u0430\u0440\u0435\u043a\u043e\u043c\u0435\u043d\u0434\u0443\u0435\u0442 \u0441\u0435\u0431\u044f \u043d\u0430 \u0442\u0435\u0440\u0440\u0430\u0441\u0430\u0445, \u043f\u043e\u0434\u0432\u0435\u0440\u0433\u0430\u044e\u0449\u0438\u0445\u0441\u044f \u0431\u043e\u043b\u044c\u0448\u0438\u043c \u043d\u0430\u0433\u0440\u0443\u0437\u043a\u0430\u043c.\" \/>\n<meta property=\"og:url\" content=\"https:\/\/brunellostore.es\/es\/producto\/terrasnaya-doska-woodmart-terrace-massive-3d\/\" \/>\n<meta property=\"og:site_name\" content=\"brunellostore.es\" \/>\n<meta property=\"article:modified_time\" content=\"2025-01-26T16:11:33+00:00\" \/>\n<meta property=\"og:image\" content=\"https:\/\/brunellostore.es\/wp-content\/uploads\/2024\/12\/1588725-1200x1200-1.webp\" \/>\n\t<meta property=\"og:image:width\" content=\"1200\" \/>\n\t<meta property=\"og:image:height\" content=\"1200\" \/>\n\t<meta property=\"og:image:type\" content=\"image\/webp\" \/>\n<meta name=\"twitter:card\" content=\"summary_large_image\" \/>\n<meta name=\"twitter:label1\" content=\"Tiempo de lectura\" \/>\n\t<meta name=\"twitter:data1\" content=\"1 minuto\" \/>\n<script type=\"application\/ld+json\" class=\"yoast-schema-graph\">{\"@context\":\"https:\/\/schema.org\",\"@graph\":[{\"@type\":\"WebPage\",\"@id\":\"https:\/\/brunellostore.es\/product\/terrasnaya-doska-woodmart-terrace-massive-3d\/\",\"url\":\"https:\/\/brunellostore.es\/product\/terrasnaya-doska-woodmart-terrace-massive-3d\/\",\"name\":\"\u0422\u0435\u0440\u0440\u0430\u0441\u043d\u0430\u044f \u0434\u043e\u0441\u043a\u0430 Woodmart Terrace Massive 3D - brunellostore.es\",\"isPartOf\":{\"@id\":\"https:\/\/brunellostore.es\/#website\"},\"primaryImageOfPage\":{\"@id\":\"https:\/\/brunellostore.es\/product\/terrasnaya-doska-woodmart-terrace-massive-3d\/#primaryimage\"},\"image\":{\"@id\":\"https:\/\/brunellostore.es\/product\/terrasnaya-doska-woodmart-terrace-massive-3d\/#primaryimage\"},\"thumbnailUrl\":\"https:\/\/brunellostore.es\/wp-content\/uploads\/2024\/12\/1588725-1200x1200-1.webp\",\"datePublished\":\"2024-12-29T18:56:40+00:00\",\"dateModified\":\"2025-01-26T16:11:33+00:00\",\"breadcrumb\":{\"@id\":\"https:\/\/brunellostore.es\/product\/terrasnaya-doska-woodmart-terrace-massive-3d\/#breadcrumb\"},\"inLanguage\":\"es\",\"potentialAction\":[{\"@type\":\"ReadAction\",\"target\":[\"https:\/\/brunellostore.es\/product\/terrasnaya-doska-woodmart-terrace-massive-3d\/\"]}]},{\"@type\":\"ImageObject\",\"inLanguage\":\"es\",\"@id\":\"https:\/\/brunellostore.es\/product\/terrasnaya-doska-woodmart-terrace-massive-3d\/#primaryimage\",\"url\":\"https:\/\/brunellostore.es\/wp-content\/uploads\/2024\/12\/1588725-1200x1200-1.webp\",\"contentUrl\":\"https:\/\/brunellostore.es\/wp-content\/uploads\/2024\/12\/1588725-1200x1200-1.webp\",\"width\":1200,\"height\":1200},{\"@type\":\"BreadcrumbList\",\"@id\":\"https:\/\/brunellostore.es\/product\/terrasnaya-doska-woodmart-terrace-massive-3d\/#breadcrumb\",\"itemListElement\":[{\"@type\":\"ListItem\",\"position\":1,\"name\":\"Home\",\"item\":\"https:\/\/brunellostore.es\/\"},{\"@type\":\"ListItem\",\"position\":2,\"name\":\"\u041c\u0430\u0433\u0430\u0437\u0438\u043d\",\"item\":\"https:\/\/brunellostore.es\/shop\/\"},{\"@type\":\"ListItem\",\"position\":3,\"name\":\"\u0422\u0435\u0440\u0440\u0430\u0441\u043d\u0430\u044f \u0434\u043e\u0441\u043a\u0430 Woodmart Terrace Massive 3D\"}]},{\"@type\":\"WebSite\",\"@id\":\"https:\/\/brunellostore.es\/#website\",\"url\":\"https:\/\/brunellostore.es\/\",\"name\":\"brunellostore.es\",\"description\":\"\",\"publisher\":{\"@id\":\"https:\/\/brunellostore.es\/#organization\"},\"potentialAction\":[{\"@type\":\"SearchAction\",\"target\":{\"@type\":\"EntryPoint\",\"urlTemplate\":\"https:\/\/brunellostore.es\/?s={search_term_string}\"},\"query-input\":{\"@type\":\"PropertyValueSpecification\",\"valueRequired\":true,\"valueName\":\"search_term_string\"}}],\"inLanguage\":\"es\"},{\"@type\":\"Organization\",\"@id\":\"https:\/\/brunellostore.es\/#organization\",\"name\":\"brunellostore.es\",\"url\":\"https:\/\/brunellostore.es\/\",\"logo\":{\"@type\":\"ImageObject\",\"inLanguage\":\"es\",\"@id\":\"https:\/\/brunellostore.es\/#\/schema\/logo\/image\/\",\"url\":\"https:\/\/brunellostore.es\/wp-content\/uploads\/2024\/09\/Brunello-logo.png\",\"contentUrl\":\"https:\/\/brunellostore.es\/wp-content\/uploads\/2024\/09\/Brunello-logo.png\",\"width\":924,\"height\":240,\"caption\":\"brunellostore.es\"},\"image\":{\"@id\":\"https:\/\/brunellostore.es\/#\/schema\/logo\/image\/\"}}]}<\/script>\n<!-- \/ Yoast SEO plugin. -->","yoast_head_json":{"title":"\u0422\u0435\u0440\u0440\u0430\u0441\u043d\u0430\u044f \u0434\u043e\u0441\u043a\u0430 Woodmart Terrace Massive 3D - brunellostore.es","robots":{"index":"index","follow":"follow","max-snippet":"max-snippet:-1","max-image-preview":"max-image-preview:large","max-video-preview":"max-video-preview:-1"},"canonical":"https:\/\/brunellostore.es\/es\/producto\/terrasnaya-doska-woodmart-terrace-massive-3d\/","og_locale":"es_ES","og_type":"article","og_title":"\u0422\u0435\u0440\u0440\u0430\u0441\u043d\u0430\u044f \u0434\u043e\u0441\u043a\u0430 Woodmart Terrace Massive 3D - brunellostore.es","og_description":"Woodmart Massive 3D - \u043c\u0430\u0441\u0441\u0438\u0432\u043d\u0430\u044f \u0434\u0435\u043a\u0438\u043d\u0433-\u0434\u043e\u0441\u043a\u0430, \u0438\u0434\u0435\u0430\u043b\u044c\u043d\u043e \u0438\u043c\u0438\u0442\u0438\u0440\u0443\u044e\u0449\u0430\u044f \u0442\u0435\u043a\u0441\u0442\u0443\u0440\u0443 \u043d\u0430\u0442\u0443\u0440\u0430\u043b\u044c\u043d\u043e\u0433\u043e \u0434\u0435\u0440\u0435\u0432\u0430. \u0411\u043b\u0430\u0433\u043e\u0434\u0430\u0440\u044f \u0438\u0437\u043e\u0433\u043d\u0443\u0442\u043e\u0439 \u043a\u043e\u043d\u0441\u0442\u0440\u0443\u043a\u0446\u0438\u0438 \u0434\u043e\u0441\u043a\u0430 \u043e\u0431\u043b\u0430\u0434\u0430\u0435\u0442 \u0437\u043d\u0430\u0447\u0438\u0442\u0435\u043b\u044c\u043d\u043e \u043f\u043e\u0432\u044b\u0448\u0435\u043d\u043d\u043e\u0439 \u043f\u0440\u043e\u0447\u043d\u043e\u0441\u0442\u044c\u044e. \u0426\u0432\u0435\u0442 \u0434\u043e\u0441\u043a\u0438 \u043f\u0440\u0435\u0434\u0441\u0442\u0430\u0432\u043b\u044f\u0435\u0442 \u0441\u043e\u0431\u043e\u0439 \u0441\u043e\u0447\u0435\u0442\u0430\u043d\u0438\u0435 \u0434\u0432\u0443\u0445 \u043e\u0442\u0442\u0435\u043d\u043a\u043e\u0432 \u043a\u043e\u0440\u0438\u0447\u043d\u0435\u0432\u043e\u0433\u043e, \u0447\u0442\u043e \u0434\u0435\u043b\u0430\u0435\u0442 \u0435\u0435 \u0432\u043d\u0435\u0448\u043d\u0435 \u043f\u0440\u0430\u043a\u0442\u0438\u0447\u0435\u0441\u043a\u0438 \u0438\u0434\u0435\u043d\u0442\u0438\u0447\u043d\u043e\u0439 \u043d\u0430\u0442\u0443\u0440\u0430\u043b\u044c\u043d\u043e\u043c\u0443 \u0434\u0435\u0440\u0435\u0432\u0443. \u041e\u043d\u0430 \u043e\u0442\u043b\u0438\u0447\u043d\u043e \u0437\u0430\u0440\u0435\u043a\u043e\u043c\u0435\u043d\u0434\u0443\u0435\u0442 \u0441\u0435\u0431\u044f \u043d\u0430 \u0442\u0435\u0440\u0440\u0430\u0441\u0430\u0445, \u043f\u043e\u0434\u0432\u0435\u0440\u0433\u0430\u044e\u0449\u0438\u0445\u0441\u044f \u0431\u043e\u043b\u044c\u0448\u0438\u043c \u043d\u0430\u0433\u0440\u0443\u0437\u043a\u0430\u043c.","og_url":"https:\/\/brunellostore.es\/es\/producto\/terrasnaya-doska-woodmart-terrace-massive-3d\/","og_site_name":"brunellostore.es","article_modified_time":"2025-01-26T16:11:33+00:00","og_image":[{"width":1200,"height":1200,"url":"https:\/\/brunellostore.es\/wp-content\/uploads\/2024\/12\/1588725-1200x1200-1.webp","type":"image\/webp"}],"twitter_card":"summary_large_image","twitter_misc":{"Tiempo de lectura":"1 minuto"},"schema":{"@context":"https:\/\/schema.org","@graph":[{"@type":"WebPage","@id":"https:\/\/brunellostore.es\/product\/terrasnaya-doska-woodmart-terrace-massive-3d\/","url":"https:\/\/brunellostore.es\/product\/terrasnaya-doska-woodmart-terrace-massive-3d\/","name":"\u0422\u0435\u0440\u0440\u0430\u0441\u043d\u0430\u044f \u0434\u043e\u0441\u043a\u0430 Woodmart Terrace Massive 3D - brunellostore.es","isPartOf":{"@id":"https:\/\/brunellostore.es\/#website"},"primaryImageOfPage":{"@id":"https:\/\/brunellostore.es\/product\/terrasnaya-doska-woodmart-terrace-massive-3d\/#primaryimage"},"image":{"@id":"https:\/\/brunellostore.es\/product\/terrasnaya-doska-woodmart-terrace-massive-3d\/#primaryimage"},"thumbnailUrl":"https:\/\/brunellostore.es\/wp-content\/uploads\/2024\/12\/1588725-1200x1200-1.webp","datePublished":"2024-12-29T18:56:40+00:00","dateModified":"2025-01-26T16:11:33+00:00","breadcrumb":{"@id":"https:\/\/brunellostore.es\/product\/terrasnaya-doska-woodmart-terrace-massive-3d\/#breadcrumb"},"inLanguage":"es","potentialAction":[{"@type":"ReadAction","target":["https:\/\/brunellostore.es\/product\/terrasnaya-doska-woodmart-terrace-massive-3d\/"]}]},{"@type":"ImageObject","inLanguage":"es","@id":"https:\/\/brunellostore.es\/product\/terrasnaya-doska-woodmart-terrace-massive-3d\/#primaryimage","url":"https:\/\/brunellostore.es\/wp-content\/uploads\/2024\/12\/1588725-1200x1200-1.webp","contentUrl":"https:\/\/brunellostore.es\/wp-content\/uploads\/2024\/12\/1588725-1200x1200-1.webp","width":1200,"height":1200},{"@type":"BreadcrumbList","@id":"https:\/\/brunellostore.es\/product\/terrasnaya-doska-woodmart-terrace-massive-3d\/#breadcrumb","itemListElement":[{"@type":"ListItem","position":1,"name":"Home","item":"https:\/\/brunellostore.es\/"},{"@type":"ListItem","position":2,"name":"\u041c\u0430\u0433\u0430\u0437\u0438\u043d","item":"https:\/\/brunellostore.es\/shop\/"},{"@type":"ListItem","position":3,"name":"\u0422\u0435\u0440\u0440\u0430\u0441\u043d\u0430\u044f \u0434\u043e\u0441\u043a\u0430 Woodmart Terrace Massive 3D"}]},{"@type":"WebSite","@id":"https:\/\/brunellostore.es\/#website","url":"https:\/\/brunellostore.es\/","name":"brunellostore.es","description":"","publisher":{"@id":"https:\/\/brunellostore.es\/#organization"},"potentialAction":[{"@type":"SearchAction","target":{"@type":"EntryPoint","urlTemplate":"https:\/\/brunellostore.es\/?s={search_term_string}"},"query-input":{"@type":"PropertyValueSpecification","valueRequired":true,"valueName":"search_term_string"}}],"inLanguage":"es"},{"@type":"Organization","@id":"https:\/\/brunellostore.es\/#organization","name":"brunellostore.es","url":"https:\/\/brunellostore.es\/","logo":{"@type":"ImageObject","inLanguage":"es","@id":"https:\/\/brunellostore.es\/#\/schema\/logo\/image\/","url":"https:\/\/brunellostore.es\/wp-content\/uploads\/2024\/09\/Brunello-logo.png","contentUrl":"https:\/\/brunellostore.es\/wp-content\/uploads\/2024\/09\/Brunello-logo.png","width":924,"height":240,"caption":"brunellostore.es"},"image":{"@id":"https:\/\/brunellostore.es\/#\/schema\/logo\/image\/"}}]}},"_links":{"self":[{"href":"https:\/\/brunellostore.es\/es\/wp-json\/wp\/v2\/product\/29790","targetHints":{"allow":["GET"]}}],"collection":[{"href":"https:\/\/brunellostore.es\/es\/wp-json\/wp\/v2\/product"}],"about":[{"href":"https:\/\/brunellostore.es\/es\/wp-json\/wp\/v2\/types\/product"}],"replies":[{"embeddable":true,"href":"https:\/\/brunellostore.es\/es\/wp-json\/wp\/v2\/comments?post=29790"}],"version-history":[{"count":5,"href":"https:\/\/brunellostore.es\/es\/wp-json\/wp\/v2\/product\/29790\/revisions"}],"predecessor-version":[{"id":29829,"href":"https:\/\/brunellostore.es\/es\/wp-json\/wp\/v2\/product\/29790\/revisions\/29829"}],"wp:featuredmedia":[{"embeddable":true,"href":"https:\/\/brunellostore.es\/es\/wp-json\/wp\/v2\/media\/29791"}],"wp:attachment":[{"href":"https:\/\/brunellostore.es\/es\/wp-json\/wp\/v2\/media?parent=29790"}],"wp:term":[{"taxonomy":"product_brand","embeddable":true,"href":"https:\/\/brunellostore.es\/es\/wp-json\/wp\/v2\/product_brand?post=29790"},{"taxonomy":"product_cat","embeddable":true,"href":"https:\/\/brunellostore.es\/es\/wp-json\/wp\/v2\/product_cat?post=29790"},{"taxonomy":"product_tag","embeddable":true,"href":"https:\/\/brunellostore.es\/es\/wp-json\/wp\/v2\/product_tag?post=29790"}],"curies":[{"name":"wp","href":"https:\/\/api.w.org\/{rel}","templated":true}]}}