{"id":29808,"date":"2024-12-29T23:28:27","date_gmt":"2024-12-29T22:28:27","guid":{"rendered":"https:\/\/brunellostore.es\/?post_type=product&#038;p=29808"},"modified":"2025-01-26T17:11:56","modified_gmt":"2025-01-26T16:11:56","slug":"terrasnaya-doska-thermory-termoyasen-d4sg2","status":"publish","type":"product","link":"https:\/\/brunellostore.es\/es\/producto\/terrasnaya-doska-thermory-termoyasen-d4sg2\/","title":{"rendered":"Tabla de terraza Thermory Thermory thermo ash D4sg2"},"content":{"rendered":"<div data-elementor-type=\"wp-post\" data-elementor-id=\"29808\" class=\"elementor elementor-29808\">\n\t\t\t\t<div class=\"elementor-element elementor-element-8fe9a00 e-flex e-con-boxed e-con e-parent\" data-id=\"8fe9a00\" data-element_type=\"container\">\n\t\t\t\t\t<div class=\"e-con-inner\">\n\t\t<div class=\"elementor-element elementor-element-430e551 e-con-full e-flex e-con e-child\" data-id=\"430e551\" data-element_type=\"container\">\n\t\t\t\t<div class=\"elementor-element elementor-element-05c1d79 elementor-widget elementor-widget-wd_text_block\" data-id=\"05c1d79\" data-element_type=\"widget\" data-widget_type=\"wd_text_block.default\">\n\t\t\t\t<div class=\"elementor-widget-container\">\n\t\t\t\t\t\t\t<div class=\"wd-text-block reset-last-child text-left\">\n\t\t\t\n\t\t\t<h3>Tabla de terraza Thermory Thermory thermo ash D4sg2<\/h3><p>Thermory ash es la madera de mayor calidad. Las tarimas de fresno Thermory son totalmente resistentes a la intemperie y, por tanto, no requieren impregnaci\u00f3n.<\/p><p>Las tarimas de madera Thermory thermo ash son:<\/p><ul><li>dimensionalmente estable (mucho menos propenso al alabeo)<\/li><li>sin nudos, con una textura agradable<\/li><li>color chocolate original conseguido en toda la secci\u00f3n transversal. El color se obtiene mediante un proceso de termomodificaci\u00f3n.<\/li><li>resistente al moho, los hongos, etc. - no requiere impregnaci\u00f3n ni protecci\u00f3n<\/li><li>se clasifica como clase 1, es decir, 25 a\u00f1os +, \u00a1es la clase de durabilidad m\u00e1s alta!<\/li><li>apto para montaje empotrado<\/li><\/ul><p>Las tarimas de fresno termotratado Thermory con perfil D4sg2 tienen ranuras de montaje laterales que las hacen adecuadas para la instalaci\u00f3n oculta con clips de montaje. La instalaci\u00f3n oculta prolonga a\u00fan m\u00e1s la vida \u00fatil de las tablas, ya que los tornillos no las da\u00f1an. La instalaci\u00f3n oculta tambi\u00e9n aumenta el atractivo visual y la seguridad del suelo.<\/p>\n\t\t\t\t\t<\/div>\n\t\t\t\t\t\t<\/div>\n\t\t\t\t<\/div>\n\t\t\t\t<\/div>\n\t\t<div class=\"elementor-element elementor-element-c189e30 e-con-full e-flex e-con e-child\" data-id=\"c189e30\" data-element_type=\"container\">\n\t\t\t\t<div class=\"elementor-element elementor-element-a18d0ec elementor-widget elementor-widget-wd_text_block\" data-id=\"a18d0ec\" data-element_type=\"widget\" data-widget_type=\"wd_text_block.default\">\n\t\t\t\t<div class=\"elementor-widget-container\">\n\t\t\t\t\t\t\t<div class=\"wd-text-block reset-last-child text-left\">\n\t\t\t\n\t\t\t<p>Las tablas no aceitadas adquieren una bonita p\u00e1tina plateada y no requieren mantenimiento. Quienes deseen conservar el color chocolate original de la madera pueden mantenerlo con Thermory Dark Oil.<\/p><p>El grosor est\u00e1ndar de los tablones de fresno del mercado suele ser de 2,5-3,8 cm (1-1,5 pulgadas) y es una opci\u00f3n muy popular. Este grosor proporciona suficiente resistencia y durabilidad para la mayor\u00eda de las aplicaciones y, adem\u00e1s, es m\u00e1s asequible.<\/p><p>Si piensa colocar muebles de jard\u00edn pesados, barbacoas u otros objetos pesados en su terraza, merece la pena considerar tablas m\u00e1s gruesas: son m\u00e1s estables y resistentes, lo que las protege de alabeos y da\u00f1os bajo carga.<\/p>\n\t\t\t\t\t<\/div>\n\t\t\t\t\t\t<\/div>\n\t\t\t\t<\/div>\n\t\t\t\t<\/div>\n\t\t<div class=\"elementor-element elementor-element-cd2d9d5 e-con-full e-flex e-con e-child\" data-id=\"cd2d9d5\" data-element_type=\"container\">\n\t\t\t\t<div class=\"elementor-element elementor-element-637df21 elementor-widget elementor-widget-wd_text_block\" data-id=\"637df21\" data-element_type=\"widget\" data-widget_type=\"wd_text_block.default\">\n\t\t\t\t<div class=\"elementor-widget-container\">\n\t\t\t\t\t\t\t<div class=\"wd-text-block reset-last-child text-left\">\n\t\t\t\n\t\t\t<p><strong>Descripci\u00f3n:<\/strong><\/p><p>Unidad: m2<br \/>Cuidados: ordinarios<br \/>Superficie del tablero (m2): 0,105\/0,356<br \/>Fabricante: Thermory<br \/>Tama\u00f1o (mm): 132*20*2100\/2400\/2700<br \/>Tipo de conexi\u00f3n: sutura<br \/>Tipo de montaje: oculto (en clip); oculto (placas)<br \/>Color: natural<\/p>\n\t\t\t\t\t<\/div>\n\t\t\t\t\t\t<\/div>\n\t\t\t\t<\/div>\n\t\t\t\t<\/div>\n\t\t\t\t\t<\/div>\n\t\t\t\t<\/div>\n\t\t\t\t<\/div>","protected":false},"excerpt":{"rendered":"<p>Thermory ash es la madera de mayor calidad. Las tarimas de fresno Thermory son totalmente resistentes a la intemperie y, por tanto, no requieren impregnaci\u00f3n.<\/p>","protected":false},"featured_media":29809,"comment_status":"open","ping_status":"closed","template":"","meta":[],"product_brand":[],"product_cat":[89],"product_tag":[],"class_list":{"0":"post-29808","1":"product","2":"type-product","3":"status-publish","4":"has-post-thumbnail","6":"product_cat-terrasnaya-doska","8":"first","9":"instock","10":"shipping-taxable","11":"purchasable","12":"product-type-simple"},"yoast_head":"<!-- This site is optimized with the Yoast SEO plugin v26.5 - https:\/\/yoast.com\/wordpress\/plugins\/seo\/ -->\n<title>\u0422\u0435\u0440\u0440\u0430\u0441\u043d\u0430\u044f \u0434\u043e\u0441\u043a\u0430 Thermory \u0442\u0435\u0440\u043c\u043e\u044f\u0441\u0435\u043d\u044c D4sg2 - brunellostore.es<\/title>\n<meta name=\"robots\" content=\"index, follow, max-snippet:-1, max-image-preview:large, max-video-preview:-1\" \/>\n<link rel=\"canonical\" href=\"https:\/\/brunellostore.es\/es\/producto\/terrasnaya-doska-thermory-termoyasen-d4sg2\/\" \/>\n<meta property=\"og:locale\" content=\"es_ES\" \/>\n<meta property=\"og:type\" content=\"article\" \/>\n<meta property=\"og:title\" content=\"\u0422\u0435\u0440\u0440\u0430\u0441\u043d\u0430\u044f \u0434\u043e\u0441\u043a\u0430 Thermory \u0442\u0435\u0440\u043c\u043e\u044f\u0441\u0435\u043d\u044c D4sg2 - brunellostore.es\" \/>\n<meta property=\"og:description\" content=\"\u0422\u0435\u0440\u043c\u043e\u044f\u0441\u0435\u043d\u044c Thermory - \u044d\u0442\u043e \u0432\u044b\u0441\u0448\u0438\u0439 \u0441\u043e\u0440\u0442 \u0434\u0440\u0435\u0432\u0435\u0441\u0438\u043d\u044b. \u0422\u0435\u0440\u0440\u0430\u0441\u043d\u0430\u044f \u0434\u043e\u0441\u043a\u0430 \u0438\u0437 \u044f\u0441\u0435\u043d\u044f Thermory \u043f\u043e\u043b\u043d\u043e\u0441\u0442\u044c\u044e \u0443\u0441\u0442\u043e\u0439\u0447\u0438\u0432\u0430 \u043a \u0430\u0442\u043c\u043e\u0441\u0444\u0435\u0440\u043d\u044b\u043c \u0432\u043e\u0437\u0434\u0435\u0439\u0441\u0442\u0432\u0438\u044f\u043c \u0438 \u043f\u043e\u044d\u0442\u043e\u043c\u0443 \u043d\u0435 \u0442\u0440\u0435\u0431\u0443\u0435\u0442 \u043f\u0440\u043e\u043f\u0438\u0442\u043a\u0438.\" \/>\n<meta property=\"og:url\" content=\"https:\/\/brunellostore.es\/es\/producto\/terrasnaya-doska-thermory-termoyasen-d4sg2\/\" \/>\n<meta property=\"og:site_name\" content=\"brunellostore.es\" \/>\n<meta property=\"article:modified_time\" content=\"2025-01-26T16:11:56+00:00\" \/>\n<meta property=\"og:image\" content=\"https:\/\/brunellostore.es\/wp-content\/uploads\/2024\/12\/D4sg2-_20\u00d7132mm_0-1200x1200-1.webp\" \/>\n\t<meta property=\"og:image:width\" content=\"1200\" \/>\n\t<meta property=\"og:image:height\" content=\"1200\" \/>\n\t<meta property=\"og:image:type\" content=\"image\/webp\" \/>\n<meta name=\"twitter:card\" content=\"summary_large_image\" \/>\n<meta name=\"twitter:label1\" content=\"Tiempo de lectura\" \/>\n\t<meta name=\"twitter:data1\" content=\"2 minutos\" \/>\n<script type=\"application\/ld+json\" class=\"yoast-schema-graph\">{\"@context\":\"https:\/\/schema.org\",\"@graph\":[{\"@type\":\"WebPage\",\"@id\":\"https:\/\/brunellostore.es\/product\/terrasnaya-doska-thermory-termoyasen-d4sg2\/\",\"url\":\"https:\/\/brunellostore.es\/product\/terrasnaya-doska-thermory-termoyasen-d4sg2\/\",\"name\":\"\u0422\u0435\u0440\u0440\u0430\u0441\u043d\u0430\u044f \u0434\u043e\u0441\u043a\u0430 Thermory \u0442\u0435\u0440\u043c\u043e\u044f\u0441\u0435\u043d\u044c D4sg2 - brunellostore.es\",\"isPartOf\":{\"@id\":\"https:\/\/brunellostore.es\/#website\"},\"primaryImageOfPage\":{\"@id\":\"https:\/\/brunellostore.es\/product\/terrasnaya-doska-thermory-termoyasen-d4sg2\/#primaryimage\"},\"image\":{\"@id\":\"https:\/\/brunellostore.es\/product\/terrasnaya-doska-thermory-termoyasen-d4sg2\/#primaryimage\"},\"thumbnailUrl\":\"https:\/\/brunellostore.es\/wp-content\/uploads\/2024\/12\/D4sg2-_20\u00d7132mm_0-1200x1200-1.webp\",\"datePublished\":\"2024-12-29T22:28:27+00:00\",\"dateModified\":\"2025-01-26T16:11:56+00:00\",\"breadcrumb\":{\"@id\":\"https:\/\/brunellostore.es\/product\/terrasnaya-doska-thermory-termoyasen-d4sg2\/#breadcrumb\"},\"inLanguage\":\"es\",\"potentialAction\":[{\"@type\":\"ReadAction\",\"target\":[\"https:\/\/brunellostore.es\/product\/terrasnaya-doska-thermory-termoyasen-d4sg2\/\"]}]},{\"@type\":\"ImageObject\",\"inLanguage\":\"es\",\"@id\":\"https:\/\/brunellostore.es\/product\/terrasnaya-doska-thermory-termoyasen-d4sg2\/#primaryimage\",\"url\":\"https:\/\/brunellostore.es\/wp-content\/uploads\/2024\/12\/D4sg2-_20\u00d7132mm_0-1200x1200-1.webp\",\"contentUrl\":\"https:\/\/brunellostore.es\/wp-content\/uploads\/2024\/12\/D4sg2-_20\u00d7132mm_0-1200x1200-1.webp\",\"width\":1200,\"height\":1200},{\"@type\":\"BreadcrumbList\",\"@id\":\"https:\/\/brunellostore.es\/product\/terrasnaya-doska-thermory-termoyasen-d4sg2\/#breadcrumb\",\"itemListElement\":[{\"@type\":\"ListItem\",\"position\":1,\"name\":\"Home\",\"item\":\"https:\/\/brunellostore.es\/\"},{\"@type\":\"ListItem\",\"position\":2,\"name\":\"\u041c\u0430\u0433\u0430\u0437\u0438\u043d\",\"item\":\"https:\/\/brunellostore.es\/shop\/\"},{\"@type\":\"ListItem\",\"position\":3,\"name\":\"\u0422\u0435\u0440\u0440\u0430\u0441\u043d\u0430\u044f \u0434\u043e\u0441\u043a\u0430 Thermory \u0442\u0435\u0440\u043c\u043e\u044f\u0441\u0435\u043d\u044c D4sg2\"}]},{\"@type\":\"WebSite\",\"@id\":\"https:\/\/brunellostore.es\/#website\",\"url\":\"https:\/\/brunellostore.es\/\",\"name\":\"brunellostore.es\",\"description\":\"\",\"publisher\":{\"@id\":\"https:\/\/brunellostore.es\/#organization\"},\"potentialAction\":[{\"@type\":\"SearchAction\",\"target\":{\"@type\":\"EntryPoint\",\"urlTemplate\":\"https:\/\/brunellostore.es\/?s={search_term_string}\"},\"query-input\":{\"@type\":\"PropertyValueSpecification\",\"valueRequired\":true,\"valueName\":\"search_term_string\"}}],\"inLanguage\":\"es\"},{\"@type\":\"Organization\",\"@id\":\"https:\/\/brunellostore.es\/#organization\",\"name\":\"brunellostore.es\",\"url\":\"https:\/\/brunellostore.es\/\",\"logo\":{\"@type\":\"ImageObject\",\"inLanguage\":\"es\",\"@id\":\"https:\/\/brunellostore.es\/#\/schema\/logo\/image\/\",\"url\":\"https:\/\/brunellostore.es\/wp-content\/uploads\/2024\/09\/Brunello-logo.png\",\"contentUrl\":\"https:\/\/brunellostore.es\/wp-content\/uploads\/2024\/09\/Brunello-logo.png\",\"width\":924,\"height\":240,\"caption\":\"brunellostore.es\"},\"image\":{\"@id\":\"https:\/\/brunellostore.es\/#\/schema\/logo\/image\/\"}}]}<\/script>\n<!-- \/ Yoast SEO plugin. -->","yoast_head_json":{"title":"\u0422\u0435\u0440\u0440\u0430\u0441\u043d\u0430\u044f \u0434\u043e\u0441\u043a\u0430 Thermory \u0442\u0435\u0440\u043c\u043e\u044f\u0441\u0435\u043d\u044c D4sg2 - brunellostore.es","robots":{"index":"index","follow":"follow","max-snippet":"max-snippet:-1","max-image-preview":"max-image-preview:large","max-video-preview":"max-video-preview:-1"},"canonical":"https:\/\/brunellostore.es\/es\/producto\/terrasnaya-doska-thermory-termoyasen-d4sg2\/","og_locale":"es_ES","og_type":"article","og_title":"\u0422\u0435\u0440\u0440\u0430\u0441\u043d\u0430\u044f \u0434\u043e\u0441\u043a\u0430 Thermory \u0442\u0435\u0440\u043c\u043e\u044f\u0441\u0435\u043d\u044c D4sg2 - brunellostore.es","og_description":"\u0422\u0435\u0440\u043c\u043e\u044f\u0441\u0435\u043d\u044c Thermory - \u044d\u0442\u043e \u0432\u044b\u0441\u0448\u0438\u0439 \u0441\u043e\u0440\u0442 \u0434\u0440\u0435\u0432\u0435\u0441\u0438\u043d\u044b. \u0422\u0435\u0440\u0440\u0430\u0441\u043d\u0430\u044f \u0434\u043e\u0441\u043a\u0430 \u0438\u0437 \u044f\u0441\u0435\u043d\u044f Thermory \u043f\u043e\u043b\u043d\u043e\u0441\u0442\u044c\u044e \u0443\u0441\u0442\u043e\u0439\u0447\u0438\u0432\u0430 \u043a \u0430\u0442\u043c\u043e\u0441\u0444\u0435\u0440\u043d\u044b\u043c \u0432\u043e\u0437\u0434\u0435\u0439\u0441\u0442\u0432\u0438\u044f\u043c \u0438 \u043f\u043e\u044d\u0442\u043e\u043c\u0443 \u043d\u0435 \u0442\u0440\u0435\u0431\u0443\u0435\u0442 \u043f\u0440\u043e\u043f\u0438\u0442\u043a\u0438.","og_url":"https:\/\/brunellostore.es\/es\/producto\/terrasnaya-doska-thermory-termoyasen-d4sg2\/","og_site_name":"brunellostore.es","article_modified_time":"2025-01-26T16:11:56+00:00","og_image":[{"width":1200,"height":1200,"url":"https:\/\/brunellostore.es\/wp-content\/uploads\/2024\/12\/D4sg2-_20\u00d7132mm_0-1200x1200-1.webp","type":"image\/webp"}],"twitter_card":"summary_large_image","twitter_misc":{"Tiempo de lectura":"2 minutos"},"schema":{"@context":"https:\/\/schema.org","@graph":[{"@type":"WebPage","@id":"https:\/\/brunellostore.es\/product\/terrasnaya-doska-thermory-termoyasen-d4sg2\/","url":"https:\/\/brunellostore.es\/product\/terrasnaya-doska-thermory-termoyasen-d4sg2\/","name":"\u0422\u0435\u0440\u0440\u0430\u0441\u043d\u0430\u044f \u0434\u043e\u0441\u043a\u0430 Thermory \u0442\u0435\u0440\u043c\u043e\u044f\u0441\u0435\u043d\u044c D4sg2 - brunellostore.es","isPartOf":{"@id":"https:\/\/brunellostore.es\/#website"},"primaryImageOfPage":{"@id":"https:\/\/brunellostore.es\/product\/terrasnaya-doska-thermory-termoyasen-d4sg2\/#primaryimage"},"image":{"@id":"https:\/\/brunellostore.es\/product\/terrasnaya-doska-thermory-termoyasen-d4sg2\/#primaryimage"},"thumbnailUrl":"https:\/\/brunellostore.es\/wp-content\/uploads\/2024\/12\/D4sg2-_20\u00d7132mm_0-1200x1200-1.webp","datePublished":"2024-12-29T22:28:27+00:00","dateModified":"2025-01-26T16:11:56+00:00","breadcrumb":{"@id":"https:\/\/brunellostore.es\/product\/terrasnaya-doska-thermory-termoyasen-d4sg2\/#breadcrumb"},"inLanguage":"es","potentialAction":[{"@type":"ReadAction","target":["https:\/\/brunellostore.es\/product\/terrasnaya-doska-thermory-termoyasen-d4sg2\/"]}]},{"@type":"ImageObject","inLanguage":"es","@id":"https:\/\/brunellostore.es\/product\/terrasnaya-doska-thermory-termoyasen-d4sg2\/#primaryimage","url":"https:\/\/brunellostore.es\/wp-content\/uploads\/2024\/12\/D4sg2-_20\u00d7132mm_0-1200x1200-1.webp","contentUrl":"https:\/\/brunellostore.es\/wp-content\/uploads\/2024\/12\/D4sg2-_20\u00d7132mm_0-1200x1200-1.webp","width":1200,"height":1200},{"@type":"BreadcrumbList","@id":"https:\/\/brunellostore.es\/product\/terrasnaya-doska-thermory-termoyasen-d4sg2\/#breadcrumb","itemListElement":[{"@type":"ListItem","position":1,"name":"Home","item":"https:\/\/brunellostore.es\/"},{"@type":"ListItem","position":2,"name":"\u041c\u0430\u0433\u0430\u0437\u0438\u043d","item":"https:\/\/brunellostore.es\/shop\/"},{"@type":"ListItem","position":3,"name":"\u0422\u0435\u0440\u0440\u0430\u0441\u043d\u0430\u044f \u0434\u043e\u0441\u043a\u0430 Thermory \u0442\u0435\u0440\u043c\u043e\u044f\u0441\u0435\u043d\u044c D4sg2"}]},{"@type":"WebSite","@id":"https:\/\/brunellostore.es\/#website","url":"https:\/\/brunellostore.es\/","name":"brunellostore.es","description":"","publisher":{"@id":"https:\/\/brunellostore.es\/#organization"},"potentialAction":[{"@type":"SearchAction","target":{"@type":"EntryPoint","urlTemplate":"https:\/\/brunellostore.es\/?s={search_term_string}"},"query-input":{"@type":"PropertyValueSpecification","valueRequired":true,"valueName":"search_term_string"}}],"inLanguage":"es"},{"@type":"Organization","@id":"https:\/\/brunellostore.es\/#organization","name":"brunellostore.es","url":"https:\/\/brunellostore.es\/","logo":{"@type":"ImageObject","inLanguage":"es","@id":"https:\/\/brunellostore.es\/#\/schema\/logo\/image\/","url":"https:\/\/brunellostore.es\/wp-content\/uploads\/2024\/09\/Brunello-logo.png","contentUrl":"https:\/\/brunellostore.es\/wp-content\/uploads\/2024\/09\/Brunello-logo.png","width":924,"height":240,"caption":"brunellostore.es"},"image":{"@id":"https:\/\/brunellostore.es\/#\/schema\/logo\/image\/"}}]}},"_links":{"self":[{"href":"https:\/\/brunellostore.es\/es\/wp-json\/wp\/v2\/product\/29808","targetHints":{"allow":["GET"]}}],"collection":[{"href":"https:\/\/brunellostore.es\/es\/wp-json\/wp\/v2\/product"}],"about":[{"href":"https:\/\/brunellostore.es\/es\/wp-json\/wp\/v2\/types\/product"}],"replies":[{"embeddable":true,"href":"https:\/\/brunellostore.es\/es\/wp-json\/wp\/v2\/comments?post=29808"}],"version-history":[{"count":9,"href":"https:\/\/brunellostore.es\/es\/wp-json\/wp\/v2\/product\/29808\/revisions"}],"predecessor-version":[{"id":29826,"href":"https:\/\/brunellostore.es\/es\/wp-json\/wp\/v2\/product\/29808\/revisions\/29826"}],"wp:featuredmedia":[{"embeddable":true,"href":"https:\/\/brunellostore.es\/es\/wp-json\/wp\/v2\/media\/29809"}],"wp:attachment":[{"href":"https:\/\/brunellostore.es\/es\/wp-json\/wp\/v2\/media?parent=29808"}],"wp:term":[{"taxonomy":"product_brand","embeddable":true,"href":"https:\/\/brunellostore.es\/es\/wp-json\/wp\/v2\/product_brand?post=29808"},{"taxonomy":"product_cat","embeddable":true,"href":"https:\/\/brunellostore.es\/es\/wp-json\/wp\/v2\/product_cat?post=29808"},{"taxonomy":"product_tag","embeddable":true,"href":"https:\/\/brunellostore.es\/es\/wp-json\/wp\/v2\/product_tag?post=29808"}],"curies":[{"name":"wp","href":"https:\/\/api.w.org\/{rel}","templated":true}]}}