{"id":29830,"date":"2024-12-30T00:05:49","date_gmt":"2024-12-29T23:05:49","guid":{"rendered":"https:\/\/brunellostore.es\/?post_type=product&#038;p=29830"},"modified":"2025-01-26T17:12:19","modified_gmt":"2025-01-26T16:12:19","slug":"errasnaya-doska-thermory-termo-sosna-d30sg","status":"publish","type":"product","link":"https:\/\/brunellostore.es\/es\/producto\/errasnaya-doska-thermory-termo-sosna-d30sg\/","title":{"rendered":"Tablero para terrazas Thermory Thermo Pine D30sg"},"content":{"rendered":"<div data-elementor-type=\"wp-post\" data-elementor-id=\"29830\" class=\"elementor elementor-29830\">\n\t\t\t\t<div class=\"elementor-element elementor-element-8fe9a00 e-flex e-con-boxed e-con e-parent\" data-id=\"8fe9a00\" data-element_type=\"container\">\n\t\t\t\t\t<div class=\"e-con-inner\">\n\t\t<div class=\"elementor-element elementor-element-430e551 e-con-full e-flex e-con e-child\" data-id=\"430e551\" data-element_type=\"container\">\n\t\t\t\t<div class=\"elementor-element elementor-element-05c1d79 elementor-widget elementor-widget-wd_text_block\" data-id=\"05c1d79\" data-element_type=\"widget\" data-widget_type=\"wd_text_block.default\">\n\t\t\t\t<div class=\"elementor-widget-container\">\n\t\t\t\t\t\t\t<div class=\"wd-text-block reset-last-child text-left\">\n\t\t\t\n\t\t\t<h3>Tablero para terrazas Thermory Thermo Pine D30sg<\/h3><p>Thermory Thermo Pine D30sg es una soluci\u00f3n innovadora y ecol\u00f3gica para cualquier terraza. La tabla se produce en la mayor f\u00e1brica de termo madera del mundo y combina durabilidad y est\u00e9tica. La modificaci\u00f3n t\u00e9rmica especial no s\u00f3lo aumenta su estabilidad, sino que tambi\u00e9n elimina la resina, lo que la hace agradable al tacto e ideal para caminar descalzo. Tambi\u00e9n es un material seguro y adecuado para los ni\u00f1os.<\/p>\n\t\t\t\t\t<\/div>\n\t\t\t\t\t\t<\/div>\n\t\t\t\t<\/div>\n\t\t\t\t<\/div>\n\t\t<div class=\"elementor-element elementor-element-c189e30 e-con-full e-flex e-con e-child\" data-id=\"c189e30\" data-element_type=\"container\">\n\t\t\t\t<div class=\"elementor-element elementor-element-a18d0ec elementor-widget elementor-widget-wd_text_block\" data-id=\"a18d0ec\" data-element_type=\"widget\" data-widget_type=\"wd_text_block.default\">\n\t\t\t\t<div class=\"elementor-widget-container\">\n\t\t\t\t\t\t\t<div class=\"wd-text-block reset-last-child text-left\">\n\t\t\t\n\t\t\t<p>El pino termo es resistente a la intemperie y no requiere impermeabilizaci\u00f3n ni impregnaci\u00f3n adicional, a menos que desee conservar su color original. Al ser de clase de resistencia 2, garantiza una vida \u00fatil de 20-25 a\u00f1os sin necesidad de protecci\u00f3n adicional. Si no se aceita, se volver\u00e1 gris con el tiempo al exponerse a los rayos UV y a la lluvia, lo que no afecta a su longevidad.<\/p>\n\t\t\t\t\t<\/div>\n\t\t\t\t\t\t<\/div>\n\t\t\t\t<\/div>\n\t\t\t\t<\/div>\n\t\t<div class=\"elementor-element elementor-element-cd2d9d5 e-con-full e-flex e-con e-child\" data-id=\"cd2d9d5\" data-element_type=\"container\">\n\t\t\t\t<div class=\"elementor-element elementor-element-637df21 elementor-widget elementor-widget-wd_text_block\" data-id=\"637df21\" data-element_type=\"widget\" data-widget_type=\"wd_text_block.default\">\n\t\t\t\t<div class=\"elementor-widget-container\">\n\t\t\t\t\t\t\t<div class=\"wd-text-block reset-last-child text-left\">\n\t\t\t\n\t\t\t<p><strong>Descripci\u00f3n:<\/strong><\/p><p>Unidad: m2<br \/>Cuidados: ordinarios<br \/>Superficie del tablero (m2): 0,462\/0,756<br \/>Fabricante: Thermory<br \/>Tama\u00f1o (mm): 140*26*3300-5400<br \/>Tipo de conexi\u00f3n: sutura<br \/>Tipo de montaje: oculto (en clip); oculto (placas)<br \/>Color: natural<\/p>\n\t\t\t\t\t<\/div>\n\t\t\t\t\t\t<\/div>\n\t\t\t\t<\/div>\n\t\t\t\t<\/div>\n\t\t\t\t\t<\/div>\n\t\t\t\t<\/div>\n\t\t\t\t<\/div>","protected":false},"excerpt":{"rendered":"<p>Thermory Thermo Pine D30sg es una soluci\u00f3n innovadora y ecol\u00f3gica para cualquier terraza. La tabla se produce en la mayor f\u00e1brica de termo madera del mundo y combina durabilidad y est\u00e9tica. La modificaci\u00f3n t\u00e9rmica especial no s\u00f3lo aumenta su estabilidad, sino que tambi\u00e9n elimina la resina, lo que la hace agradable al tacto e ideal para caminar descalzo. Tambi\u00e9n es un material seguro y adecuado para los ni\u00f1os.<\/p>","protected":false},"featured_media":29831,"comment_status":"open","ping_status":"closed","template":"","meta":[],"product_brand":[],"product_cat":[89],"product_tag":[],"class_list":{"0":"post-29830","1":"product","2":"type-product","3":"status-publish","4":"has-post-thumbnail","6":"product_cat-terrasnaya-doska","8":"first","9":"instock","10":"shipping-taxable","11":"purchasable","12":"product-type-simple"},"yoast_head":"<!-- This site is optimized with the Yoast SEO plugin v26.5 - https:\/\/yoast.com\/wordpress\/plugins\/seo\/ -->\n<title>\u0422\u0435\u0440\u0440\u0430\u0441\u043d\u0430\u044f \u0434\u043e\u0441\u043a\u0430 Thermory \u0422\u0435\u0440\u043c\u043e \u0421\u043e\u0441\u043d\u0430 D30sg - brunellostore.es<\/title>\n<meta name=\"robots\" content=\"index, follow, max-snippet:-1, max-image-preview:large, max-video-preview:-1\" \/>\n<link rel=\"canonical\" href=\"https:\/\/brunellostore.es\/es\/producto\/errasnaya-doska-thermory-termo-sosna-d30sg\/\" \/>\n<meta property=\"og:locale\" content=\"es_ES\" \/>\n<meta property=\"og:type\" content=\"article\" \/>\n<meta property=\"og:title\" content=\"\u0422\u0435\u0440\u0440\u0430\u0441\u043d\u0430\u044f \u0434\u043e\u0441\u043a\u0430 Thermory \u0422\u0435\u0440\u043c\u043e \u0421\u043e\u0441\u043d\u0430 D30sg - brunellostore.es\" \/>\n<meta property=\"og:description\" content=\"Thermory \u0422hermo Pine D30sg - \u0438\u043d\u043d\u043e\u0432\u0430\u0446\u0438\u043e\u043d\u043d\u043e\u0435 \u0438 \u044d\u043a\u043e\u043b\u043e\u0433\u0438\u0447\u043d\u043e\u0435 \u0440\u0435\u0448\u0435\u043d\u0438\u0435 \u0434\u043b\u044f \u043b\u044e\u0431\u043e\u0439 \u0442\u0435\u0440\u0440\u0430\u0441\u044b. \u0414\u043e\u0441\u043a\u0430 \u043f\u0440\u043e\u0438\u0437\u0432\u043e\u0434\u0438\u0442\u0441\u044f \u043d\u0430 \u043a\u0440\u0443\u043f\u043d\u0435\u0439\u0448\u0435\u043c \u0432 \u043c\u0438\u0440\u0435 \u0437\u0430\u0432\u043e\u0434\u0435 \u043f\u043e \u043f\u0440\u043e\u0438\u0437\u0432\u043e\u0434\u0441\u0442\u0432\u0443 \u0442\u0435\u0440\u043c\u043e\u0434\u0440\u0435\u0432\u0435\u0441\u0438\u043d\u044b \u0438 \u0441\u043e\u0447\u0435\u0442\u0430\u0435\u0442 \u0432 \u0441\u0435\u0431\u0435 \u0434\u043e\u043b\u0433\u043e\u0432\u0435\u0447\u043d\u043e\u0441\u0442\u044c \u0438 \u044d\u0441\u0442\u0435\u0442\u0438\u043a\u0443. \u0421\u043f\u0435\u0446\u0438\u0430\u043b\u044c\u043d\u0430\u044f \u0442\u0435\u0440\u043c\u0438\u0447\u0435\u0441\u043a\u0430\u044f \u043c\u043e\u0434\u0438\u0444\u0438\u043a\u0430\u0446\u0438\u044f \u043d\u0435 \u0442\u043e\u043b\u044c\u043a\u043e \u043f\u043e\u0432\u044b\u0448\u0430\u0435\u0442 \u0435\u0435 \u0441\u0442\u0430\u0431\u0438\u043b\u044c\u043d\u043e\u0441\u0442\u044c, \u043d\u043e \u0438 \u0443\u0441\u0442\u0440\u0430\u043d\u044f\u0435\u0442 \u0441\u043c\u043e\u043b\u0443, \u0434\u0435\u043b\u0430\u044f \u0435\u0435 \u043f\u0440\u0438\u044f\u0442\u043d\u043e\u0439 \u043d\u0430 \u043e\u0449\u0443\u043f\u044c \u0438 \u0438\u0434\u0435\u0430\u043b\u044c\u043d\u043e\u0439 \u0434\u043b\u044f \u0445\u043e\u0436\u0434\u0435\u043d\u0438\u044f \u0431\u043e\u0441\u0438\u043a\u043e\u043c. \u042d\u0442\u043e \u0442\u0430\u043a\u0436\u0435 \u0431\u0435\u0437\u043e\u043f\u0430\u0441\u043d\u044b\u0439 \u0438 \u0431\u0435\u0437\u043e\u043f\u0430\u0441\u043d\u044b\u0439 \u0434\u043b\u044f \u0434\u0435\u0442\u0435\u0439 \u043c\u0430\u0442\u0435\u0440\u0438\u0430\u043b.\" \/>\n<meta property=\"og:url\" content=\"https:\/\/brunellostore.es\/es\/producto\/errasnaya-doska-thermory-termo-sosna-d30sg\/\" \/>\n<meta property=\"og:site_name\" content=\"brunellostore.es\" \/>\n<meta property=\"article:modified_time\" content=\"2025-01-26T16:12:19+00:00\" \/>\n<meta property=\"og:image\" content=\"https:\/\/brunellostore.es\/wp-content\/uploads\/2024\/12\/D30-26x115mm-1200x1200-1.webp\" \/>\n\t<meta property=\"og:image:width\" content=\"1200\" \/>\n\t<meta property=\"og:image:height\" content=\"1200\" \/>\n\t<meta property=\"og:image:type\" content=\"image\/webp\" \/>\n<meta name=\"twitter:card\" content=\"summary_large_image\" \/>\n<meta name=\"twitter:label1\" content=\"Tiempo de lectura\" \/>\n\t<meta name=\"twitter:data1\" content=\"2 minutos\" \/>\n<script type=\"application\/ld+json\" class=\"yoast-schema-graph\">{\"@context\":\"https:\/\/schema.org\",\"@graph\":[{\"@type\":\"WebPage\",\"@id\":\"https:\/\/brunellostore.es\/product\/errasnaya-doska-thermory-termo-sosna-d30sg\/\",\"url\":\"https:\/\/brunellostore.es\/product\/errasnaya-doska-thermory-termo-sosna-d30sg\/\",\"name\":\"\u0422\u0435\u0440\u0440\u0430\u0441\u043d\u0430\u044f \u0434\u043e\u0441\u043a\u0430 Thermory \u0422\u0435\u0440\u043c\u043e \u0421\u043e\u0441\u043d\u0430 D30sg - brunellostore.es\",\"isPartOf\":{\"@id\":\"https:\/\/brunellostore.es\/#website\"},\"primaryImageOfPage\":{\"@id\":\"https:\/\/brunellostore.es\/product\/errasnaya-doska-thermory-termo-sosna-d30sg\/#primaryimage\"},\"image\":{\"@id\":\"https:\/\/brunellostore.es\/product\/errasnaya-doska-thermory-termo-sosna-d30sg\/#primaryimage\"},\"thumbnailUrl\":\"https:\/\/brunellostore.es\/wp-content\/uploads\/2024\/12\/D30-26x115mm-1200x1200-1.webp\",\"datePublished\":\"2024-12-29T23:05:49+00:00\",\"dateModified\":\"2025-01-26T16:12:19+00:00\",\"breadcrumb\":{\"@id\":\"https:\/\/brunellostore.es\/product\/errasnaya-doska-thermory-termo-sosna-d30sg\/#breadcrumb\"},\"inLanguage\":\"es\",\"potentialAction\":[{\"@type\":\"ReadAction\",\"target\":[\"https:\/\/brunellostore.es\/product\/errasnaya-doska-thermory-termo-sosna-d30sg\/\"]}]},{\"@type\":\"ImageObject\",\"inLanguage\":\"es\",\"@id\":\"https:\/\/brunellostore.es\/product\/errasnaya-doska-thermory-termo-sosna-d30sg\/#primaryimage\",\"url\":\"https:\/\/brunellostore.es\/wp-content\/uploads\/2024\/12\/D30-26x115mm-1200x1200-1.webp\",\"contentUrl\":\"https:\/\/brunellostore.es\/wp-content\/uploads\/2024\/12\/D30-26x115mm-1200x1200-1.webp\",\"width\":1200,\"height\":1200},{\"@type\":\"BreadcrumbList\",\"@id\":\"https:\/\/brunellostore.es\/product\/errasnaya-doska-thermory-termo-sosna-d30sg\/#breadcrumb\",\"itemListElement\":[{\"@type\":\"ListItem\",\"position\":1,\"name\":\"Home\",\"item\":\"https:\/\/brunellostore.es\/\"},{\"@type\":\"ListItem\",\"position\":2,\"name\":\"\u041c\u0430\u0433\u0430\u0437\u0438\u043d\",\"item\":\"https:\/\/brunellostore.es\/shop\/\"},{\"@type\":\"ListItem\",\"position\":3,\"name\":\"\u0422\u0435\u0440\u0440\u0430\u0441\u043d\u0430\u044f \u0434\u043e\u0441\u043a\u0430 Thermory \u0422\u0435\u0440\u043c\u043e \u0421\u043e\u0441\u043d\u0430 D30sg\"}]},{\"@type\":\"WebSite\",\"@id\":\"https:\/\/brunellostore.es\/#website\",\"url\":\"https:\/\/brunellostore.es\/\",\"name\":\"brunellostore.es\",\"description\":\"\",\"publisher\":{\"@id\":\"https:\/\/brunellostore.es\/#organization\"},\"potentialAction\":[{\"@type\":\"SearchAction\",\"target\":{\"@type\":\"EntryPoint\",\"urlTemplate\":\"https:\/\/brunellostore.es\/?s={search_term_string}\"},\"query-input\":{\"@type\":\"PropertyValueSpecification\",\"valueRequired\":true,\"valueName\":\"search_term_string\"}}],\"inLanguage\":\"es\"},{\"@type\":\"Organization\",\"@id\":\"https:\/\/brunellostore.es\/#organization\",\"name\":\"brunellostore.es\",\"url\":\"https:\/\/brunellostore.es\/\",\"logo\":{\"@type\":\"ImageObject\",\"inLanguage\":\"es\",\"@id\":\"https:\/\/brunellostore.es\/#\/schema\/logo\/image\/\",\"url\":\"https:\/\/brunellostore.es\/wp-content\/uploads\/2024\/09\/Brunello-logo.png\",\"contentUrl\":\"https:\/\/brunellostore.es\/wp-content\/uploads\/2024\/09\/Brunello-logo.png\",\"width\":924,\"height\":240,\"caption\":\"brunellostore.es\"},\"image\":{\"@id\":\"https:\/\/brunellostore.es\/#\/schema\/logo\/image\/\"}}]}<\/script>\n<!-- \/ Yoast SEO plugin. -->","yoast_head_json":{"title":"\u0422\u0435\u0440\u0440\u0430\u0441\u043d\u0430\u044f \u0434\u043e\u0441\u043a\u0430 Thermory \u0422\u0435\u0440\u043c\u043e \u0421\u043e\u0441\u043d\u0430 D30sg - brunellostore.es","robots":{"index":"index","follow":"follow","max-snippet":"max-snippet:-1","max-image-preview":"max-image-preview:large","max-video-preview":"max-video-preview:-1"},"canonical":"https:\/\/brunellostore.es\/es\/producto\/errasnaya-doska-thermory-termo-sosna-d30sg\/","og_locale":"es_ES","og_type":"article","og_title":"\u0422\u0435\u0440\u0440\u0430\u0441\u043d\u0430\u044f \u0434\u043e\u0441\u043a\u0430 Thermory \u0422\u0435\u0440\u043c\u043e \u0421\u043e\u0441\u043d\u0430 D30sg - brunellostore.es","og_description":"Thermory \u0422hermo Pine D30sg - \u0438\u043d\u043d\u043e\u0432\u0430\u0446\u0438\u043e\u043d\u043d\u043e\u0435 \u0438 \u044d\u043a\u043e\u043b\u043e\u0433\u0438\u0447\u043d\u043e\u0435 \u0440\u0435\u0448\u0435\u043d\u0438\u0435 \u0434\u043b\u044f \u043b\u044e\u0431\u043e\u0439 \u0442\u0435\u0440\u0440\u0430\u0441\u044b. \u0414\u043e\u0441\u043a\u0430 \u043f\u0440\u043e\u0438\u0437\u0432\u043e\u0434\u0438\u0442\u0441\u044f \u043d\u0430 \u043a\u0440\u0443\u043f\u043d\u0435\u0439\u0448\u0435\u043c \u0432 \u043c\u0438\u0440\u0435 \u0437\u0430\u0432\u043e\u0434\u0435 \u043f\u043e \u043f\u0440\u043e\u0438\u0437\u0432\u043e\u0434\u0441\u0442\u0432\u0443 \u0442\u0435\u0440\u043c\u043e\u0434\u0440\u0435\u0432\u0435\u0441\u0438\u043d\u044b \u0438 \u0441\u043e\u0447\u0435\u0442\u0430\u0435\u0442 \u0432 \u0441\u0435\u0431\u0435 \u0434\u043e\u043b\u0433\u043e\u0432\u0435\u0447\u043d\u043e\u0441\u0442\u044c \u0438 \u044d\u0441\u0442\u0435\u0442\u0438\u043a\u0443. \u0421\u043f\u0435\u0446\u0438\u0430\u043b\u044c\u043d\u0430\u044f \u0442\u0435\u0440\u043c\u0438\u0447\u0435\u0441\u043a\u0430\u044f \u043c\u043e\u0434\u0438\u0444\u0438\u043a\u0430\u0446\u0438\u044f \u043d\u0435 \u0442\u043e\u043b\u044c\u043a\u043e \u043f\u043e\u0432\u044b\u0448\u0430\u0435\u0442 \u0435\u0435 \u0441\u0442\u0430\u0431\u0438\u043b\u044c\u043d\u043e\u0441\u0442\u044c, \u043d\u043e \u0438 \u0443\u0441\u0442\u0440\u0430\u043d\u044f\u0435\u0442 \u0441\u043c\u043e\u043b\u0443, \u0434\u0435\u043b\u0430\u044f \u0435\u0435 \u043f\u0440\u0438\u044f\u0442\u043d\u043e\u0439 \u043d\u0430 \u043e\u0449\u0443\u043f\u044c \u0438 \u0438\u0434\u0435\u0430\u043b\u044c\u043d\u043e\u0439 \u0434\u043b\u044f \u0445\u043e\u0436\u0434\u0435\u043d\u0438\u044f \u0431\u043e\u0441\u0438\u043a\u043e\u043c. \u042d\u0442\u043e \u0442\u0430\u043a\u0436\u0435 \u0431\u0435\u0437\u043e\u043f\u0430\u0441\u043d\u044b\u0439 \u0438 \u0431\u0435\u0437\u043e\u043f\u0430\u0441\u043d\u044b\u0439 \u0434\u043b\u044f \u0434\u0435\u0442\u0435\u0439 \u043c\u0430\u0442\u0435\u0440\u0438\u0430\u043b.","og_url":"https:\/\/brunellostore.es\/es\/producto\/errasnaya-doska-thermory-termo-sosna-d30sg\/","og_site_name":"brunellostore.es","article_modified_time":"2025-01-26T16:12:19+00:00","og_image":[{"width":1200,"height":1200,"url":"https:\/\/brunellostore.es\/wp-content\/uploads\/2024\/12\/D30-26x115mm-1200x1200-1.webp","type":"image\/webp"}],"twitter_card":"summary_large_image","twitter_misc":{"Tiempo de lectura":"2 minutos"},"schema":{"@context":"https:\/\/schema.org","@graph":[{"@type":"WebPage","@id":"https:\/\/brunellostore.es\/product\/errasnaya-doska-thermory-termo-sosna-d30sg\/","url":"https:\/\/brunellostore.es\/product\/errasnaya-doska-thermory-termo-sosna-d30sg\/","name":"\u0422\u0435\u0440\u0440\u0430\u0441\u043d\u0430\u044f \u0434\u043e\u0441\u043a\u0430 Thermory \u0422\u0435\u0440\u043c\u043e \u0421\u043e\u0441\u043d\u0430 D30sg - brunellostore.es","isPartOf":{"@id":"https:\/\/brunellostore.es\/#website"},"primaryImageOfPage":{"@id":"https:\/\/brunellostore.es\/product\/errasnaya-doska-thermory-termo-sosna-d30sg\/#primaryimage"},"image":{"@id":"https:\/\/brunellostore.es\/product\/errasnaya-doska-thermory-termo-sosna-d30sg\/#primaryimage"},"thumbnailUrl":"https:\/\/brunellostore.es\/wp-content\/uploads\/2024\/12\/D30-26x115mm-1200x1200-1.webp","datePublished":"2024-12-29T23:05:49+00:00","dateModified":"2025-01-26T16:12:19+00:00","breadcrumb":{"@id":"https:\/\/brunellostore.es\/product\/errasnaya-doska-thermory-termo-sosna-d30sg\/#breadcrumb"},"inLanguage":"es","potentialAction":[{"@type":"ReadAction","target":["https:\/\/brunellostore.es\/product\/errasnaya-doska-thermory-termo-sosna-d30sg\/"]}]},{"@type":"ImageObject","inLanguage":"es","@id":"https:\/\/brunellostore.es\/product\/errasnaya-doska-thermory-termo-sosna-d30sg\/#primaryimage","url":"https:\/\/brunellostore.es\/wp-content\/uploads\/2024\/12\/D30-26x115mm-1200x1200-1.webp","contentUrl":"https:\/\/brunellostore.es\/wp-content\/uploads\/2024\/12\/D30-26x115mm-1200x1200-1.webp","width":1200,"height":1200},{"@type":"BreadcrumbList","@id":"https:\/\/brunellostore.es\/product\/errasnaya-doska-thermory-termo-sosna-d30sg\/#breadcrumb","itemListElement":[{"@type":"ListItem","position":1,"name":"Home","item":"https:\/\/brunellostore.es\/"},{"@type":"ListItem","position":2,"name":"\u041c\u0430\u0433\u0430\u0437\u0438\u043d","item":"https:\/\/brunellostore.es\/shop\/"},{"@type":"ListItem","position":3,"name":"\u0422\u0435\u0440\u0440\u0430\u0441\u043d\u0430\u044f \u0434\u043e\u0441\u043a\u0430 Thermory \u0422\u0435\u0440\u043c\u043e \u0421\u043e\u0441\u043d\u0430 D30sg"}]},{"@type":"WebSite","@id":"https:\/\/brunellostore.es\/#website","url":"https:\/\/brunellostore.es\/","name":"brunellostore.es","description":"","publisher":{"@id":"https:\/\/brunellostore.es\/#organization"},"potentialAction":[{"@type":"SearchAction","target":{"@type":"EntryPoint","urlTemplate":"https:\/\/brunellostore.es\/?s={search_term_string}"},"query-input":{"@type":"PropertyValueSpecification","valueRequired":true,"valueName":"search_term_string"}}],"inLanguage":"es"},{"@type":"Organization","@id":"https:\/\/brunellostore.es\/#organization","name":"brunellostore.es","url":"https:\/\/brunellostore.es\/","logo":{"@type":"ImageObject","inLanguage":"es","@id":"https:\/\/brunellostore.es\/#\/schema\/logo\/image\/","url":"https:\/\/brunellostore.es\/wp-content\/uploads\/2024\/09\/Brunello-logo.png","contentUrl":"https:\/\/brunellostore.es\/wp-content\/uploads\/2024\/09\/Brunello-logo.png","width":924,"height":240,"caption":"brunellostore.es"},"image":{"@id":"https:\/\/brunellostore.es\/#\/schema\/logo\/image\/"}}]}},"_links":{"self":[{"href":"https:\/\/brunellostore.es\/es\/wp-json\/wp\/v2\/product\/29830","targetHints":{"allow":["GET"]}}],"collection":[{"href":"https:\/\/brunellostore.es\/es\/wp-json\/wp\/v2\/product"}],"about":[{"href":"https:\/\/brunellostore.es\/es\/wp-json\/wp\/v2\/types\/product"}],"replies":[{"embeddable":true,"href":"https:\/\/brunellostore.es\/es\/wp-json\/wp\/v2\/comments?post=29830"}],"version-history":[{"count":5,"href":"https:\/\/brunellostore.es\/es\/wp-json\/wp\/v2\/product\/29830\/revisions"}],"predecessor-version":[{"id":29877,"href":"https:\/\/brunellostore.es\/es\/wp-json\/wp\/v2\/product\/29830\/revisions\/29877"}],"wp:featuredmedia":[{"embeddable":true,"href":"https:\/\/brunellostore.es\/es\/wp-json\/wp\/v2\/media\/29831"}],"wp:attachment":[{"href":"https:\/\/brunellostore.es\/es\/wp-json\/wp\/v2\/media?parent=29830"}],"wp:term":[{"taxonomy":"product_brand","embeddable":true,"href":"https:\/\/brunellostore.es\/es\/wp-json\/wp\/v2\/product_brand?post=29830"},{"taxonomy":"product_cat","embeddable":true,"href":"https:\/\/brunellostore.es\/es\/wp-json\/wp\/v2\/product_cat?post=29830"},{"taxonomy":"product_tag","embeddable":true,"href":"https:\/\/brunellostore.es\/es\/wp-json\/wp\/v2\/product_tag?post=29830"}],"curies":[{"name":"wp","href":"https:\/\/api.w.org\/{rel}","templated":true}]}}