{"id":29853,"date":"2024-12-30T00:30:07","date_gmt":"2024-12-29T23:30:07","guid":{"rendered":"https:\/\/brunellostore.es\/?post_type=product&#038;p=29853"},"modified":"2025-01-26T17:13:00","modified_gmt":"2025-01-26T16:13:00","slug":"terrasnaya-doska-teak-90x20","status":"publish","type":"product","link":"https:\/\/brunellostore.es\/es\/producto\/terrasnaya-doska-teak-90x20\/","title":{"rendered":"Tablero de terraza Teka 90x20"},"content":{"rendered":"<div data-elementor-type=\"wp-post\" data-elementor-id=\"29853\" class=\"elementor elementor-29853\">\n\t\t\t\t<div class=\"elementor-element elementor-element-8fe9a00 e-flex e-con-boxed e-con e-parent\" data-id=\"8fe9a00\" data-element_type=\"container\">\n\t\t\t\t\t<div class=\"e-con-inner\">\n\t\t<div class=\"elementor-element elementor-element-430e551 e-con-full e-flex e-con e-child\" data-id=\"430e551\" data-element_type=\"container\">\n\t\t\t\t<div class=\"elementor-element elementor-element-05c1d79 elementor-widget elementor-widget-wd_text_block\" data-id=\"05c1d79\" data-element_type=\"widget\" data-widget_type=\"wd_text_block.default\">\n\t\t\t\t<div class=\"elementor-widget-container\">\n\t\t\t\t\t\t\t<div class=\"wd-text-block reset-last-child text-left\">\n\t\t\t\n\t\t\t<h3>Tablero de terraza Teka 90x20<\/h3><p>Las tarimas de teca ex\u00f3tica son el ep\u00edtome del lujo y la durabilidad. Originaria de las regiones monz\u00f3nicas del sur y el sureste de Asia, la teca es una de las especies de madera m\u00e1s codiciadas del mundo. Su incomparable resistencia al agua, al bioenvejecimiento y a los productos qu\u00edmicos la convierten en la elecci\u00f3n n\u00famero uno no s\u00f3lo para terrazas, sino tambi\u00e9n para las cubiertas de yates y veleros de lujo.<\/p>\n\t\t\t\t\t<\/div>\n\t\t\t\t\t\t<\/div>\n\t\t\t\t<\/div>\n\t\t\t\t<\/div>\n\t\t<div class=\"elementor-element elementor-element-c189e30 e-con-full e-flex e-con e-child\" data-id=\"c189e30\" data-element_type=\"container\">\n\t\t\t\t<div class=\"elementor-element elementor-element-a18d0ec elementor-widget elementor-widget-wd_text_block\" data-id=\"a18d0ec\" data-element_type=\"widget\" data-widget_type=\"wd_text_block.default\">\n\t\t\t\t<div class=\"elementor-widget-container\">\n\t\t\t\t\t\t\t<div class=\"wd-text-block reset-last-child text-left\">\n\t\t\t\n\t\t\t<p>La madera de teca contiene sustancias aceitosas naturales y \u00e1cido sil\u00edcico, que la hacen impermeable al agua y extremadamente resistente a las condiciones externas. La est\u00e9tica de este material es tan impresionante como sus propiedades. La teca preciosa impresiona no s\u00f3lo por su durabilidad, sino tambi\u00e9n por su noble aspecto. El veteado distintivo y claramente estructurado confiere a cada tabla un car\u00e1cter \u00fanico y fascinante, convirti\u00e9ndola en una verdadera obra de arte en el mundo de la madera.<\/p>\n\t\t\t\t\t<\/div>\n\t\t\t\t\t\t<\/div>\n\t\t\t\t<\/div>\n\t\t\t\t<\/div>\n\t\t<div class=\"elementor-element elementor-element-cd2d9d5 e-con-full e-flex e-con e-child\" data-id=\"cd2d9d5\" data-element_type=\"container\">\n\t\t\t\t<div class=\"elementor-element elementor-element-637df21 elementor-widget elementor-widget-wd_text_block\" data-id=\"637df21\" data-element_type=\"widget\" data-widget_type=\"wd_text_block.default\">\n\t\t\t\t<div class=\"elementor-widget-container\">\n\t\t\t\t\t\t\t<div class=\"wd-text-block reset-last-child text-left\">\n\t\t\t\n\t\t\t<p><strong>Descripci\u00f3n:<\/strong><\/p><p>Unidad: m2<br \/>Cuidados: ordinarios<br \/>Superficie del tablero (m2): 0,081\/0,216<br \/>Fabricante: Woodmart<br \/>Tama\u00f1o (mm): 90*20*900-2250<br \/>Tipo de conexi\u00f3n: sutura<br \/>Tipo de montaje: oculto (en clip); oculto (placas)<br \/>Color: natural<\/p>\n\t\t\t\t\t<\/div>\n\t\t\t\t\t\t<\/div>\n\t\t\t\t<\/div>\n\t\t\t\t<\/div>\n\t\t\t\t\t<\/div>\n\t\t\t\t<\/div>\n\t\t\t\t<\/div>","protected":false},"excerpt":{"rendered":"<p>Las tarimas de teca ex\u00f3tica son el ep\u00edtome del lujo y la durabilidad. Originaria de las regiones monz\u00f3nicas del sur y el sureste de Asia, la teca es una de las especies de madera m\u00e1s codiciadas del mundo. Su incomparable resistencia al agua, al bioenvejecimiento y a los productos qu\u00edmicos la convierten en la elecci\u00f3n n\u00famero uno no s\u00f3lo para terrazas, sino tambi\u00e9n para las cubiertas de yates y veleros de lujo.<\/p>","protected":false},"featured_media":29864,"comment_status":"open","ping_status":"closed","template":"","meta":[],"product_brand":[],"product_cat":[89],"product_tag":[],"class_list":{"0":"post-29853","1":"product","2":"type-product","3":"status-publish","4":"has-post-thumbnail","6":"product_cat-terrasnaya-doska","8":"first","9":"instock","10":"shipping-taxable","11":"purchasable","12":"product-type-simple"},"yoast_head":"<!-- This site is optimized with the Yoast SEO plugin v26.5 - https:\/\/yoast.com\/wordpress\/plugins\/seo\/ -->\n<title>\u0422\u0435\u0440\u0440\u0430\u0441\u043d\u0430\u044f \u0434\u043e\u0441\u043a\u0430 Teak 90\u044520 - brunellostore.es<\/title>\n<meta name=\"robots\" content=\"index, follow, max-snippet:-1, max-image-preview:large, max-video-preview:-1\" \/>\n<link rel=\"canonical\" href=\"https:\/\/brunellostore.es\/es\/producto\/terrasnaya-doska-teak-90x20\/\" \/>\n<meta property=\"og:locale\" content=\"es_ES\" \/>\n<meta property=\"og:type\" content=\"article\" \/>\n<meta property=\"og:title\" content=\"\u0422\u0435\u0440\u0440\u0430\u0441\u043d\u0430\u044f \u0434\u043e\u0441\u043a\u0430 Teak 90\u044520 - brunellostore.es\" \/>\n<meta property=\"og:description\" content=\"\u041d\u0430\u0441\u0442\u0438\u043b\u044b \u0438\u0437 \u044d\u043a\u0437\u043e\u0442\u0438\u0447\u0435\u0441\u043a\u043e\u0433\u043e \u0442\u0438\u043a\u0430 - \u044d\u0442\u043e \u0432\u043e\u043f\u043b\u043e\u0449\u0435\u043d\u0438\u0435 \u0440\u043e\u0441\u043a\u043e\u0448\u0438 \u0438 \u0434\u043e\u043b\u0433\u043e\u0432\u0435\u0447\u043d\u043e\u0441\u0442\u0438. \u0420\u043e\u0434\u043e\u043c \u0438\u0437 \u043c\u0443\u0441\u0441\u043e\u043d\u043d\u044b\u0445 \u0440\u0430\u0439\u043e\u043d\u043e\u0432 \u042e\u0436\u043d\u043e\u0439 \u0438 \u042e\u0433\u043e-\u0412\u043e\u0441\u0442\u043e\u0447\u043d\u043e\u0439 \u0410\u0437\u0438\u0438, \u0442\u0438\u043a \u044f\u0432\u043b\u044f\u0435\u0442\u0441\u044f \u043e\u0434\u043d\u043e\u0439 \u0438\u0437 \u0441\u0430\u043c\u044b\u0445 \u0432\u043e\u0441\u0442\u0440\u0435\u0431\u043e\u0432\u0430\u043d\u043d\u044b\u0445 \u043f\u043e\u0440\u043e\u0434 \u0434\u0440\u0435\u0432\u0435\u0441\u0438\u043d\u044b \u0432 \u043c\u0438\u0440\u0435. \u0415\u0433\u043e \u043d\u0435\u043f\u0440\u0435\u0432\u0437\u043e\u0439\u0434\u0435\u043d\u043d\u0430\u044f \u0443\u0441\u0442\u043e\u0439\u0447\u0438\u0432\u043e\u0441\u0442\u044c \u043a \u0432\u043e\u0434\u0435, \u0431\u0438\u043e\u043b\u043e\u0433\u0438\u0447\u0435\u0441\u043a\u043e\u043c\u0443 \u0441\u0442\u0430\u0440\u0435\u043d\u0438\u044e \u0438 \u0445\u0438\u043c\u0438\u0447\u0435\u0441\u043a\u0438\u043c \u0432\u0435\u0449\u0435\u0441\u0442\u0432\u0430\u043c \u0434\u0435\u043b\u0430\u0435\u0442 \u0435\u0433\u043e \u0432\u044b\u0431\u043e\u0440\u043e\u043c \u043d\u043e\u043c\u0435\u0440 \u043e\u0434\u0438\u043d \u043d\u0435 \u0442\u043e\u043b\u044c\u043a\u043e \u0434\u043b\u044f \u0442\u0435\u0440\u0440\u0430\u0441, \u043d\u043e \u0438 \u0434\u043b\u044f \u043f\u0430\u043b\u0443\u0431 \u0440\u043e\u0441\u043a\u043e\u0448\u043d\u044b\u0445 \u044f\u0445\u0442 \u0438 \u043f\u0430\u0440\u0443\u0441\u043d\u044b\u0445 \u0441\u0443\u0434\u043e\u0432.\" \/>\n<meta property=\"og:url\" content=\"https:\/\/brunellostore.es\/es\/producto\/terrasnaya-doska-teak-90x20\/\" \/>\n<meta property=\"og:site_name\" content=\"brunellostore.es\" \/>\n<meta property=\"article:modified_time\" content=\"2025-01-26T16:13:00+00:00\" \/>\n<meta property=\"og:image\" content=\"https:\/\/brunellostore.es\/wp-content\/uploads\/2024\/12\/239339256_w640_h640_tik1-1200x1200-1200x1200-1.webp\" \/>\n\t<meta property=\"og:image:width\" content=\"1200\" \/>\n\t<meta property=\"og:image:height\" content=\"1200\" \/>\n\t<meta property=\"og:image:type\" content=\"image\/webp\" \/>\n<meta name=\"twitter:card\" content=\"summary_large_image\" \/>\n<meta name=\"twitter:label1\" content=\"Tiempo de lectura\" \/>\n\t<meta name=\"twitter:data1\" content=\"2 minutos\" \/>\n<script type=\"application\/ld+json\" class=\"yoast-schema-graph\">{\"@context\":\"https:\/\/schema.org\",\"@graph\":[{\"@type\":\"WebPage\",\"@id\":\"https:\/\/brunellostore.es\/product\/terrasnaya-doska-teak-90x20\/\",\"url\":\"https:\/\/brunellostore.es\/product\/terrasnaya-doska-teak-90x20\/\",\"name\":\"\u0422\u0435\u0440\u0440\u0430\u0441\u043d\u0430\u044f \u0434\u043e\u0441\u043a\u0430 Teak 90\u044520 - brunellostore.es\",\"isPartOf\":{\"@id\":\"https:\/\/brunellostore.es\/#website\"},\"primaryImageOfPage\":{\"@id\":\"https:\/\/brunellostore.es\/product\/terrasnaya-doska-teak-90x20\/#primaryimage\"},\"image\":{\"@id\":\"https:\/\/brunellostore.es\/product\/terrasnaya-doska-teak-90x20\/#primaryimage\"},\"thumbnailUrl\":\"https:\/\/brunellostore.es\/wp-content\/uploads\/2024\/12\/239339256_w640_h640_tik1-1200x1200-1200x1200-1.webp\",\"datePublished\":\"2024-12-29T23:30:07+00:00\",\"dateModified\":\"2025-01-26T16:13:00+00:00\",\"breadcrumb\":{\"@id\":\"https:\/\/brunellostore.es\/product\/terrasnaya-doska-teak-90x20\/#breadcrumb\"},\"inLanguage\":\"es\",\"potentialAction\":[{\"@type\":\"ReadAction\",\"target\":[\"https:\/\/brunellostore.es\/product\/terrasnaya-doska-teak-90x20\/\"]}]},{\"@type\":\"ImageObject\",\"inLanguage\":\"es\",\"@id\":\"https:\/\/brunellostore.es\/product\/terrasnaya-doska-teak-90x20\/#primaryimage\",\"url\":\"https:\/\/brunellostore.es\/wp-content\/uploads\/2024\/12\/239339256_w640_h640_tik1-1200x1200-1200x1200-1.webp\",\"contentUrl\":\"https:\/\/brunellostore.es\/wp-content\/uploads\/2024\/12\/239339256_w640_h640_tik1-1200x1200-1200x1200-1.webp\",\"width\":1200,\"height\":1200},{\"@type\":\"BreadcrumbList\",\"@id\":\"https:\/\/brunellostore.es\/product\/terrasnaya-doska-teak-90x20\/#breadcrumb\",\"itemListElement\":[{\"@type\":\"ListItem\",\"position\":1,\"name\":\"Home\",\"item\":\"https:\/\/brunellostore.es\/\"},{\"@type\":\"ListItem\",\"position\":2,\"name\":\"\u041c\u0430\u0433\u0430\u0437\u0438\u043d\",\"item\":\"https:\/\/brunellostore.es\/shop\/\"},{\"@type\":\"ListItem\",\"position\":3,\"name\":\"\u0422\u0435\u0440\u0440\u0430\u0441\u043d\u0430\u044f \u0434\u043e\u0441\u043a\u0430 Teak 90\u044520\"}]},{\"@type\":\"WebSite\",\"@id\":\"https:\/\/brunellostore.es\/#website\",\"url\":\"https:\/\/brunellostore.es\/\",\"name\":\"brunellostore.es\",\"description\":\"\",\"publisher\":{\"@id\":\"https:\/\/brunellostore.es\/#organization\"},\"potentialAction\":[{\"@type\":\"SearchAction\",\"target\":{\"@type\":\"EntryPoint\",\"urlTemplate\":\"https:\/\/brunellostore.es\/?s={search_term_string}\"},\"query-input\":{\"@type\":\"PropertyValueSpecification\",\"valueRequired\":true,\"valueName\":\"search_term_string\"}}],\"inLanguage\":\"es\"},{\"@type\":\"Organization\",\"@id\":\"https:\/\/brunellostore.es\/#organization\",\"name\":\"brunellostore.es\",\"url\":\"https:\/\/brunellostore.es\/\",\"logo\":{\"@type\":\"ImageObject\",\"inLanguage\":\"es\",\"@id\":\"https:\/\/brunellostore.es\/#\/schema\/logo\/image\/\",\"url\":\"https:\/\/brunellostore.es\/wp-content\/uploads\/2024\/09\/Brunello-logo.png\",\"contentUrl\":\"https:\/\/brunellostore.es\/wp-content\/uploads\/2024\/09\/Brunello-logo.png\",\"width\":924,\"height\":240,\"caption\":\"brunellostore.es\"},\"image\":{\"@id\":\"https:\/\/brunellostore.es\/#\/schema\/logo\/image\/\"}}]}<\/script>\n<!-- \/ Yoast SEO plugin. -->","yoast_head_json":{"title":"\u0422\u0435\u0440\u0440\u0430\u0441\u043d\u0430\u044f \u0434\u043e\u0441\u043a\u0430 Teak 90\u044520 - brunellostore.es","robots":{"index":"index","follow":"follow","max-snippet":"max-snippet:-1","max-image-preview":"max-image-preview:large","max-video-preview":"max-video-preview:-1"},"canonical":"https:\/\/brunellostore.es\/es\/producto\/terrasnaya-doska-teak-90x20\/","og_locale":"es_ES","og_type":"article","og_title":"\u0422\u0435\u0440\u0440\u0430\u0441\u043d\u0430\u044f \u0434\u043e\u0441\u043a\u0430 Teak 90\u044520 - brunellostore.es","og_description":"\u041d\u0430\u0441\u0442\u0438\u043b\u044b \u0438\u0437 \u044d\u043a\u0437\u043e\u0442\u0438\u0447\u0435\u0441\u043a\u043e\u0433\u043e \u0442\u0438\u043a\u0430 - \u044d\u0442\u043e \u0432\u043e\u043f\u043b\u043e\u0449\u0435\u043d\u0438\u0435 \u0440\u043e\u0441\u043a\u043e\u0448\u0438 \u0438 \u0434\u043e\u043b\u0433\u043e\u0432\u0435\u0447\u043d\u043e\u0441\u0442\u0438. \u0420\u043e\u0434\u043e\u043c \u0438\u0437 \u043c\u0443\u0441\u0441\u043e\u043d\u043d\u044b\u0445 \u0440\u0430\u0439\u043e\u043d\u043e\u0432 \u042e\u0436\u043d\u043e\u0439 \u0438 \u042e\u0433\u043e-\u0412\u043e\u0441\u0442\u043e\u0447\u043d\u043e\u0439 \u0410\u0437\u0438\u0438, \u0442\u0438\u043a \u044f\u0432\u043b\u044f\u0435\u0442\u0441\u044f \u043e\u0434\u043d\u043e\u0439 \u0438\u0437 \u0441\u0430\u043c\u044b\u0445 \u0432\u043e\u0441\u0442\u0440\u0435\u0431\u043e\u0432\u0430\u043d\u043d\u044b\u0445 \u043f\u043e\u0440\u043e\u0434 \u0434\u0440\u0435\u0432\u0435\u0441\u0438\u043d\u044b \u0432 \u043c\u0438\u0440\u0435. \u0415\u0433\u043e \u043d\u0435\u043f\u0440\u0435\u0432\u0437\u043e\u0439\u0434\u0435\u043d\u043d\u0430\u044f \u0443\u0441\u0442\u043e\u0439\u0447\u0438\u0432\u043e\u0441\u0442\u044c \u043a \u0432\u043e\u0434\u0435, \u0431\u0438\u043e\u043b\u043e\u0433\u0438\u0447\u0435\u0441\u043a\u043e\u043c\u0443 \u0441\u0442\u0430\u0440\u0435\u043d\u0438\u044e \u0438 \u0445\u0438\u043c\u0438\u0447\u0435\u0441\u043a\u0438\u043c \u0432\u0435\u0449\u0435\u0441\u0442\u0432\u0430\u043c \u0434\u0435\u043b\u0430\u0435\u0442 \u0435\u0433\u043e \u0432\u044b\u0431\u043e\u0440\u043e\u043c \u043d\u043e\u043c\u0435\u0440 \u043e\u0434\u0438\u043d \u043d\u0435 \u0442\u043e\u043b\u044c\u043a\u043e \u0434\u043b\u044f \u0442\u0435\u0440\u0440\u0430\u0441, \u043d\u043e \u0438 \u0434\u043b\u044f \u043f\u0430\u043b\u0443\u0431 \u0440\u043e\u0441\u043a\u043e\u0448\u043d\u044b\u0445 \u044f\u0445\u0442 \u0438 \u043f\u0430\u0440\u0443\u0441\u043d\u044b\u0445 \u0441\u0443\u0434\u043e\u0432.","og_url":"https:\/\/brunellostore.es\/es\/producto\/terrasnaya-doska-teak-90x20\/","og_site_name":"brunellostore.es","article_modified_time":"2025-01-26T16:13:00+00:00","og_image":[{"width":1200,"height":1200,"url":"https:\/\/brunellostore.es\/wp-content\/uploads\/2024\/12\/239339256_w640_h640_tik1-1200x1200-1200x1200-1.webp","type":"image\/webp"}],"twitter_card":"summary_large_image","twitter_misc":{"Tiempo de lectura":"2 minutos"},"schema":{"@context":"https:\/\/schema.org","@graph":[{"@type":"WebPage","@id":"https:\/\/brunellostore.es\/product\/terrasnaya-doska-teak-90x20\/","url":"https:\/\/brunellostore.es\/product\/terrasnaya-doska-teak-90x20\/","name":"\u0422\u0435\u0440\u0440\u0430\u0441\u043d\u0430\u044f \u0434\u043e\u0441\u043a\u0430 Teak 90\u044520 - brunellostore.es","isPartOf":{"@id":"https:\/\/brunellostore.es\/#website"},"primaryImageOfPage":{"@id":"https:\/\/brunellostore.es\/product\/terrasnaya-doska-teak-90x20\/#primaryimage"},"image":{"@id":"https:\/\/brunellostore.es\/product\/terrasnaya-doska-teak-90x20\/#primaryimage"},"thumbnailUrl":"https:\/\/brunellostore.es\/wp-content\/uploads\/2024\/12\/239339256_w640_h640_tik1-1200x1200-1200x1200-1.webp","datePublished":"2024-12-29T23:30:07+00:00","dateModified":"2025-01-26T16:13:00+00:00","breadcrumb":{"@id":"https:\/\/brunellostore.es\/product\/terrasnaya-doska-teak-90x20\/#breadcrumb"},"inLanguage":"es","potentialAction":[{"@type":"ReadAction","target":["https:\/\/brunellostore.es\/product\/terrasnaya-doska-teak-90x20\/"]}]},{"@type":"ImageObject","inLanguage":"es","@id":"https:\/\/brunellostore.es\/product\/terrasnaya-doska-teak-90x20\/#primaryimage","url":"https:\/\/brunellostore.es\/wp-content\/uploads\/2024\/12\/239339256_w640_h640_tik1-1200x1200-1200x1200-1.webp","contentUrl":"https:\/\/brunellostore.es\/wp-content\/uploads\/2024\/12\/239339256_w640_h640_tik1-1200x1200-1200x1200-1.webp","width":1200,"height":1200},{"@type":"BreadcrumbList","@id":"https:\/\/brunellostore.es\/product\/terrasnaya-doska-teak-90x20\/#breadcrumb","itemListElement":[{"@type":"ListItem","position":1,"name":"Home","item":"https:\/\/brunellostore.es\/"},{"@type":"ListItem","position":2,"name":"\u041c\u0430\u0433\u0430\u0437\u0438\u043d","item":"https:\/\/brunellostore.es\/shop\/"},{"@type":"ListItem","position":3,"name":"\u0422\u0435\u0440\u0440\u0430\u0441\u043d\u0430\u044f \u0434\u043e\u0441\u043a\u0430 Teak 90\u044520"}]},{"@type":"WebSite","@id":"https:\/\/brunellostore.es\/#website","url":"https:\/\/brunellostore.es\/","name":"brunellostore.es","description":"","publisher":{"@id":"https:\/\/brunellostore.es\/#organization"},"potentialAction":[{"@type":"SearchAction","target":{"@type":"EntryPoint","urlTemplate":"https:\/\/brunellostore.es\/?s={search_term_string}"},"query-input":{"@type":"PropertyValueSpecification","valueRequired":true,"valueName":"search_term_string"}}],"inLanguage":"es"},{"@type":"Organization","@id":"https:\/\/brunellostore.es\/#organization","name":"brunellostore.es","url":"https:\/\/brunellostore.es\/","logo":{"@type":"ImageObject","inLanguage":"es","@id":"https:\/\/brunellostore.es\/#\/schema\/logo\/image\/","url":"https:\/\/brunellostore.es\/wp-content\/uploads\/2024\/09\/Brunello-logo.png","contentUrl":"https:\/\/brunellostore.es\/wp-content\/uploads\/2024\/09\/Brunello-logo.png","width":924,"height":240,"caption":"brunellostore.es"},"image":{"@id":"https:\/\/brunellostore.es\/#\/schema\/logo\/image\/"}}]}},"_links":{"self":[{"href":"https:\/\/brunellostore.es\/es\/wp-json\/wp\/v2\/product\/29853","targetHints":{"allow":["GET"]}}],"collection":[{"href":"https:\/\/brunellostore.es\/es\/wp-json\/wp\/v2\/product"}],"about":[{"href":"https:\/\/brunellostore.es\/es\/wp-json\/wp\/v2\/types\/product"}],"replies":[{"embeddable":true,"href":"https:\/\/brunellostore.es\/es\/wp-json\/wp\/v2\/comments?post=29853"}],"version-history":[{"count":5,"href":"https:\/\/brunellostore.es\/es\/wp-json\/wp\/v2\/product\/29853\/revisions"}],"predecessor-version":[{"id":29865,"href":"https:\/\/brunellostore.es\/es\/wp-json\/wp\/v2\/product\/29853\/revisions\/29865"}],"wp:featuredmedia":[{"embeddable":true,"href":"https:\/\/brunellostore.es\/es\/wp-json\/wp\/v2\/media\/29864"}],"wp:attachment":[{"href":"https:\/\/brunellostore.es\/es\/wp-json\/wp\/v2\/media?parent=29853"}],"wp:term":[{"taxonomy":"product_brand","embeddable":true,"href":"https:\/\/brunellostore.es\/es\/wp-json\/wp\/v2\/product_brand?post=29853"},{"taxonomy":"product_cat","embeddable":true,"href":"https:\/\/brunellostore.es\/es\/wp-json\/wp\/v2\/product_cat?post=29853"},{"taxonomy":"product_tag","embeddable":true,"href":"https:\/\/brunellostore.es\/es\/wp-json\/wp\/v2\/product_tag?post=29853"}],"curies":[{"name":"wp","href":"https:\/\/api.w.org\/{rel}","templated":true}]}}