{"id":29878,"date":"2024-12-30T00:57:10","date_gmt":"2024-12-29T23:57:10","guid":{"rendered":"https:\/\/brunellostore.es\/?post_type=product&#038;p=29878"},"modified":"2025-01-26T17:13:42","modified_gmt":"2025-01-26T16:13:42","slug":"terrasnaya-doska-bambuk-s-termoobrabotkoy","status":"publish","type":"product","link":"https:\/\/brunellostore.es\/es\/producto\/terrasnaya-doska-bambuk-s-termoobrabotkoy\/","title":{"rendered":"Tablero de terraza Bamb\u00fa con tratamiento t\u00e9rmico"},"content":{"rendered":"<div data-elementor-type=\"wp-post\" data-elementor-id=\"29878\" class=\"elementor elementor-29878\">\n\t\t\t\t<div class=\"elementor-element elementor-element-8fe9a00 e-flex e-con-boxed e-con e-parent\" data-id=\"8fe9a00\" data-element_type=\"container\">\n\t\t\t\t\t<div class=\"e-con-inner\">\n\t\t<div class=\"elementor-element elementor-element-430e551 e-con-full e-flex e-con e-child\" data-id=\"430e551\" data-element_type=\"container\">\n\t\t\t\t<div class=\"elementor-element elementor-element-05c1d79 elementor-widget elementor-widget-wd_text_block\" data-id=\"05c1d79\" data-element_type=\"widget\" data-widget_type=\"wd_text_block.default\">\n\t\t\t\t<div class=\"elementor-widget-container\">\n\t\t\t\t\t\t\t<div class=\"wd-text-block reset-last-child text-left\">\n\t\t\t\n\t\t\t<h3>Tablero de terraza Bamb\u00fa con tratamiento t\u00e9rmico<\/h3><p>El bamb\u00fa termotratado es una combinaci\u00f3n de tecnolog\u00eda innovadora y est\u00e9tica. Gracias al proceso especial Thermo-Density, el tablero posee las m\u00e1s altas caracter\u00edsticas de resistencia y resistencia a los hongos y el moho, lo que confirman numerosos certificados y pruebas. La construcci\u00f3n de doble cara, lisa por un lado y ranurada por el otro, ofrece al usuario la libertad de elegir el acabado. Adem\u00e1s, est\u00e1n prelubricados con aceite WOCA, lo que permite utilizarlos inmediatamente. Se pueden dejar sin aceite adicional, lo que dar\u00e1 a la tabla un tinte gris con el tiempo, pero esto no afectar\u00e1 a su durabilidad.<\/p><p>Estos tablones son tambi\u00e9n muy estables dimensionalmente y mucho menos propensos al alabeo que otras maderas ex\u00f3ticas.<\/p>\n\t\t\t\t\t<\/div>\n\t\t\t\t\t\t<\/div>\n\t\t\t\t<\/div>\n\t\t\t\t<\/div>\n\t\t<div class=\"elementor-element elementor-element-c189e30 e-con-full e-flex e-con e-child\" data-id=\"c189e30\" data-element_type=\"container\">\n\t\t\t\t<div class=\"elementor-element elementor-element-a18d0ec elementor-widget elementor-widget-wd_text_block\" data-id=\"a18d0ec\" data-element_type=\"widget\" data-widget_type=\"wd_text_block.default\">\n\t\t\t\t<div class=\"elementor-widget-container\">\n\t\t\t\t\t\t\t<div class=\"wd-text-block reset-last-child text-left\">\n\t\t\t\n\t\t\t<p>Tienen una impresionante dureza de 9,5 kg\/mm2 en la escala Brinell, de acuerdo con la norma EN1534. El exclusivo sistema de uni\u00f3n de los extremos permite unir las planchas longitudinalmente de diversas maneras, minimizando el riesgo de desperdicio de material. Adem\u00e1s, el sistema de instalaci\u00f3n oculta con clips de sistema proporciona una separaci\u00f3n de 5 mm entre las tablas, que no s\u00f3lo es est\u00e9ticamente agradable, sino tambi\u00e9n funcional.<\/p><p>Las tablas no requieren impregnaci\u00f3n, lo que facilita su mantenimiento. El desgaste natural de las tablas no afecta a su durabilidad y estabilidad. Adem\u00e1s, tienen una clasificaci\u00f3n de resistencia al fuego de B-s1, d0 sin revestimientos adicionales, algo poco frecuente entre los materiales a base de madera. Al elegir estos tableros, est\u00e1 invirtiendo en un producto que combina durabilidad, funcionalidad y est\u00e9tica.<\/p>\n\t\t\t\t\t<\/div>\n\t\t\t\t\t\t<\/div>\n\t\t\t\t<\/div>\n\t\t\t\t<\/div>\n\t\t<div class=\"elementor-element elementor-element-cd2d9d5 e-con-full e-flex e-con e-child\" data-id=\"cd2d9d5\" data-element_type=\"container\">\n\t\t\t\t<div class=\"elementor-element elementor-element-637df21 elementor-widget elementor-widget-wd_text_block\" data-id=\"637df21\" data-element_type=\"widget\" data-widget_type=\"wd_text_block.default\">\n\t\t\t\t<div class=\"elementor-widget-container\">\n\t\t\t\t\t\t\t<div class=\"wd-text-block reset-last-child text-left\">\n\t\t\t\n\t\t\t<p><strong>Descripci\u00f3n:<\/strong><\/p><p>Unidad: m2<br \/>Cuidados: ordinarios<br \/>Superficie del tablero (m2):\u00a0<br \/>Fabricante: Woodmart<br \/>Tama\u00f1o (mm): 137*20*1850<br \/>Tipo de conexi\u00f3n: sutura<br \/>Tipo de montaje: oculto (en clip); oculto (placas)<br \/>Color: natural<\/p>\n\t\t\t\t\t<\/div>\n\t\t\t\t\t\t<\/div>\n\t\t\t\t<\/div>\n\t\t\t\t<\/div>\n\t\t\t\t\t<\/div>\n\t\t\t\t<\/div>\n\t\t\t\t<\/div>","protected":false},"excerpt":{"rendered":"<p>El bamb\u00fa termotratado es una combinaci\u00f3n de tecnolog\u00eda innovadora y est\u00e9tica. Gracias al proceso especial Thermo-Density, el tablero posee las m\u00e1s altas caracter\u00edsticas de resistencia y resistencia a los hongos y el moho, lo que confirman numerosos certificados y pruebas. La construcci\u00f3n de doble cara, lisa por un lado y ranurada por el otro, ofrece al usuario la libertad de elegir el acabado. Adem\u00e1s, est\u00e1n prelubricados con aceite WOCA, lo que permite utilizarlos inmediatamente. Se pueden dejar sin aceite adicional, lo que dar\u00e1 a la tabla un tinte gris con el tiempo, pero esto no afectar\u00e1 a su durabilidad.<\/p>","protected":false},"featured_media":29879,"comment_status":"open","ping_status":"closed","template":"","meta":[],"product_brand":[],"product_cat":[89],"product_tag":[],"class_list":{"0":"post-29878","1":"product","2":"type-product","3":"status-publish","4":"has-post-thumbnail","6":"product_cat-terrasnaya-doska","8":"first","9":"instock","10":"shipping-taxable","11":"purchasable","12":"product-type-simple"},"yoast_head":"<!-- This site is optimized with the Yoast SEO plugin v26.5 - https:\/\/yoast.com\/wordpress\/plugins\/seo\/ -->\n<title>\u0422\u0435\u0440\u0440\u0430\u0441\u043d\u0430\u044f \u0434\u043e\u0441\u043a\u0430 \u0411\u0430\u043c\u0431\u0443\u043a \u0441 \u0442\u0435\u0440\u043c\u043e\u043e\u0431\u0440\u0430\u0431\u043e\u0442\u043a\u043e\u0439 - brunellostore.es<\/title>\n<meta name=\"robots\" content=\"index, follow, max-snippet:-1, max-image-preview:large, max-video-preview:-1\" \/>\n<link rel=\"canonical\" href=\"https:\/\/brunellostore.es\/es\/producto\/terrasnaya-doska-bambuk-s-termoobrabotkoy\/\" \/>\n<meta property=\"og:locale\" content=\"es_ES\" \/>\n<meta property=\"og:type\" content=\"article\" \/>\n<meta property=\"og:title\" content=\"\u0422\u0435\u0440\u0440\u0430\u0441\u043d\u0430\u044f \u0434\u043e\u0441\u043a\u0430 \u0411\u0430\u043c\u0431\u0443\u043a \u0441 \u0442\u0435\u0440\u043c\u043e\u043e\u0431\u0440\u0430\u0431\u043e\u0442\u043a\u043e\u0439 - brunellostore.es\" \/>\n<meta property=\"og:description\" content=\"\u0422\u0435\u0440\u043c\u043e\u043e\u0431\u0440\u0430\u0431\u043e\u0442\u0430\u043d\u043d\u044b\u0439 \u0431\u0430\u043c\u0431\u0443\u043a - \u044d\u0442\u043e \u0441\u043e\u0447\u0435\u0442\u0430\u043d\u0438\u0435 \u0438\u043d\u043d\u043e\u0432\u0430\u0446\u0438\u043e\u043d\u043d\u044b\u0445 \u0442\u0435\u0445\u043d\u043e\u043b\u043e\u0433\u0438\u0439 \u0438 \u044d\u0441\u0442\u0435\u0442\u0438\u043a\u0438. \u0411\u043b\u0430\u0433\u043e\u0434\u0430\u0440\u044f \u0441\u043f\u0435\u0446\u0438\u0430\u043b\u044c\u043d\u043e\u043c\u0443 \u043f\u0440\u043e\u0446\u0435\u0441\u0441\u0443 Thermo-Density \u0434\u043e\u0441\u043a\u0430 \u043e\u0431\u043b\u0430\u0434\u0430\u0435\u0442 \u0432\u044b\u0441\u043e\u0447\u0430\u0439\u0448\u0438\u043c\u0438 \u043f\u0440\u043e\u0447\u043d\u043e\u0441\u0442\u043d\u044b\u043c\u0438 \u0445\u0430\u0440\u0430\u043a\u0442\u0435\u0440\u0438\u0441\u0442\u0438\u043a\u0430\u043c\u0438 \u0438 \u0443\u0441\u0442\u043e\u0439\u0447\u0438\u0432\u043e\u0441\u0442\u044c\u044e \u043a \u0433\u0440\u0438\u0431\u043a\u0430\u043c \u0438 \u043f\u043b\u0435\u0441\u0435\u043d\u0438, \u0447\u0442\u043e \u043f\u043e\u0434\u0442\u0432\u0435\u0440\u0436\u0434\u0435\u043d\u043e \u043c\u043d\u043e\u0433\u043e\u0447\u0438\u0441\u043b\u0435\u043d\u043d\u044b\u043c\u0438 \u0441\u0435\u0440\u0442\u0438\u0444\u0438\u043a\u0430\u0442\u0430\u043c\u0438 \u0438 \u0442\u0435\u0441\u0442\u0430\u043c\u0438. \u0414\u0432\u0443\u0441\u0442\u043e\u0440\u043e\u043d\u043d\u044f\u044f \u043a\u043e\u043d\u0441\u0442\u0440\u0443\u043a\u0446\u0438\u044f, \u0433\u043b\u0430\u0434\u043a\u0430\u044f \u0441 \u043e\u0434\u043d\u043e\u0439 \u0441\u0442\u043e\u0440\u043e\u043d\u044b \u0438 \u0440\u0438\u0444\u043b\u0435\u043d\u0430\u044f \u0441 \u0434\u0440\u0443\u0433\u043e\u0439, \u0434\u0430\u0435\u0442 \u043f\u043e\u043b\u044c\u0437\u043e\u0432\u0430\u0442\u0435\u043b\u044e \u0441\u0432\u043e\u0431\u043e\u0434\u0443 \u0432\u044b\u0431\u043e\u0440\u0430 \u043e\u0442\u0434\u0435\u043b\u043a\u0438. \u0411\u043e\u043b\u0435\u0435 \u0442\u043e\u0433\u043e, \u043e\u043d\u0438 \u043f\u0440\u0435\u0434\u0432\u0430\u0440\u0438\u0442\u0435\u043b\u044c\u043d\u043e \u0441\u043c\u0430\u0437\u0430\u043d\u044b \u043c\u0430\u0441\u043b\u043e\u043c WOCA, \u0447\u0442\u043e \u043f\u043e\u0437\u0432\u043e\u043b\u044f\u0435\u0442 \u0438\u0441\u043f\u043e\u043b\u044c\u0437\u043e\u0432\u0430\u0442\u044c \u0438\u0445 \u0441\u0440\u0430\u0437\u0443 \u0436\u0435. \u0412\u044b \u043c\u043e\u0436\u0435\u0442\u0435 \u043e\u0441\u0442\u0430\u0432\u0438\u0442\u044c \u0438\u0445 \u0431\u0435\u0437 \u0434\u043e\u043f\u043e\u043b\u043d\u0438\u0442\u0435\u043b\u044c\u043d\u043e\u0433\u043e \u043f\u0440\u043e\u043c\u0430\u0441\u043b\u0438\u0432\u0430\u043d\u0438\u044f, \u0447\u0442\u043e \u0441\u043e \u0432\u0440\u0435\u043c\u0435\u043d\u0435\u043c \u043f\u0440\u0438\u0434\u0430\u0441\u0442 \u0434\u043e\u0441\u043a\u0435 \u0441\u0435\u0440\u044b\u0439 \u043e\u0442\u0442\u0435\u043d\u043e\u043a, \u043d\u043e \u044d\u0442\u043e \u043d\u0435 \u043f\u043e\u0432\u043b\u0438\u044f\u0435\u0442 \u043d\u0430 \u0435\u0435 \u0434\u043e\u043b\u0433\u043e\u0432\u0435\u0447\u043d\u043e\u0441\u0442\u044c.\" \/>\n<meta property=\"og:url\" content=\"https:\/\/brunellostore.es\/es\/producto\/terrasnaya-doska-bambuk-s-termoobrabotkoy\/\" \/>\n<meta property=\"og:site_name\" content=\"brunellostore.es\" \/>\n<meta property=\"article:modified_time\" content=\"2025-01-26T16:13:42+00:00\" \/>\n<meta property=\"og:image\" content=\"https:\/\/brunellostore.es\/wp-content\/uploads\/2024\/12\/Bambus-jasny-1.jpeg\" \/>\n\t<meta property=\"og:image:width\" content=\"1200\" \/>\n\t<meta property=\"og:image:height\" content=\"1200\" \/>\n\t<meta property=\"og:image:type\" content=\"image\/jpeg\" \/>\n<meta name=\"twitter:card\" content=\"summary_large_image\" \/>\n<meta name=\"twitter:label1\" content=\"Tiempo de lectura\" \/>\n\t<meta name=\"twitter:data1\" content=\"2 minutos\" \/>\n<script type=\"application\/ld+json\" class=\"yoast-schema-graph\">{\"@context\":\"https:\/\/schema.org\",\"@graph\":[{\"@type\":\"WebPage\",\"@id\":\"https:\/\/brunellostore.es\/product\/terrasnaya-doska-bambuk-s-termoobrabotkoy\/\",\"url\":\"https:\/\/brunellostore.es\/product\/terrasnaya-doska-bambuk-s-termoobrabotkoy\/\",\"name\":\"\u0422\u0435\u0440\u0440\u0430\u0441\u043d\u0430\u044f \u0434\u043e\u0441\u043a\u0430 \u0411\u0430\u043c\u0431\u0443\u043a \u0441 \u0442\u0435\u0440\u043c\u043e\u043e\u0431\u0440\u0430\u0431\u043e\u0442\u043a\u043e\u0439 - brunellostore.es\",\"isPartOf\":{\"@id\":\"https:\/\/brunellostore.es\/#website\"},\"primaryImageOfPage\":{\"@id\":\"https:\/\/brunellostore.es\/product\/terrasnaya-doska-bambuk-s-termoobrabotkoy\/#primaryimage\"},\"image\":{\"@id\":\"https:\/\/brunellostore.es\/product\/terrasnaya-doska-bambuk-s-termoobrabotkoy\/#primaryimage\"},\"thumbnailUrl\":\"https:\/\/brunellostore.es\/wp-content\/uploads\/2024\/12\/Bambus-jasny-1.jpeg\",\"datePublished\":\"2024-12-29T23:57:10+00:00\",\"dateModified\":\"2025-01-26T16:13:42+00:00\",\"breadcrumb\":{\"@id\":\"https:\/\/brunellostore.es\/product\/terrasnaya-doska-bambuk-s-termoobrabotkoy\/#breadcrumb\"},\"inLanguage\":\"es\",\"potentialAction\":[{\"@type\":\"ReadAction\",\"target\":[\"https:\/\/brunellostore.es\/product\/terrasnaya-doska-bambuk-s-termoobrabotkoy\/\"]}]},{\"@type\":\"ImageObject\",\"inLanguage\":\"es\",\"@id\":\"https:\/\/brunellostore.es\/product\/terrasnaya-doska-bambuk-s-termoobrabotkoy\/#primaryimage\",\"url\":\"https:\/\/brunellostore.es\/wp-content\/uploads\/2024\/12\/Bambus-jasny-1.jpeg\",\"contentUrl\":\"https:\/\/brunellostore.es\/wp-content\/uploads\/2024\/12\/Bambus-jasny-1.jpeg\",\"width\":1200,\"height\":1200},{\"@type\":\"BreadcrumbList\",\"@id\":\"https:\/\/brunellostore.es\/product\/terrasnaya-doska-bambuk-s-termoobrabotkoy\/#breadcrumb\",\"itemListElement\":[{\"@type\":\"ListItem\",\"position\":1,\"name\":\"Home\",\"item\":\"https:\/\/brunellostore.es\/\"},{\"@type\":\"ListItem\",\"position\":2,\"name\":\"\u041c\u0430\u0433\u0430\u0437\u0438\u043d\",\"item\":\"https:\/\/brunellostore.es\/shop\/\"},{\"@type\":\"ListItem\",\"position\":3,\"name\":\"\u0422\u0435\u0440\u0440\u0430\u0441\u043d\u0430\u044f \u0434\u043e\u0441\u043a\u0430 \u0411\u0430\u043c\u0431\u0443\u043a \u0441 \u0442\u0435\u0440\u043c\u043e\u043e\u0431\u0440\u0430\u0431\u043e\u0442\u043a\u043e\u0439\"}]},{\"@type\":\"WebSite\",\"@id\":\"https:\/\/brunellostore.es\/#website\",\"url\":\"https:\/\/brunellostore.es\/\",\"name\":\"brunellostore.es\",\"description\":\"\",\"publisher\":{\"@id\":\"https:\/\/brunellostore.es\/#organization\"},\"potentialAction\":[{\"@type\":\"SearchAction\",\"target\":{\"@type\":\"EntryPoint\",\"urlTemplate\":\"https:\/\/brunellostore.es\/?s={search_term_string}\"},\"query-input\":{\"@type\":\"PropertyValueSpecification\",\"valueRequired\":true,\"valueName\":\"search_term_string\"}}],\"inLanguage\":\"es\"},{\"@type\":\"Organization\",\"@id\":\"https:\/\/brunellostore.es\/#organization\",\"name\":\"brunellostore.es\",\"url\":\"https:\/\/brunellostore.es\/\",\"logo\":{\"@type\":\"ImageObject\",\"inLanguage\":\"es\",\"@id\":\"https:\/\/brunellostore.es\/#\/schema\/logo\/image\/\",\"url\":\"https:\/\/brunellostore.es\/wp-content\/uploads\/2024\/09\/Brunello-logo.png\",\"contentUrl\":\"https:\/\/brunellostore.es\/wp-content\/uploads\/2024\/09\/Brunello-logo.png\",\"width\":924,\"height\":240,\"caption\":\"brunellostore.es\"},\"image\":{\"@id\":\"https:\/\/brunellostore.es\/#\/schema\/logo\/image\/\"}}]}<\/script>\n<!-- \/ Yoast SEO plugin. -->","yoast_head_json":{"title":"\u0422\u0435\u0440\u0440\u0430\u0441\u043d\u0430\u044f \u0434\u043e\u0441\u043a\u0430 \u0411\u0430\u043c\u0431\u0443\u043a \u0441 \u0442\u0435\u0440\u043c\u043e\u043e\u0431\u0440\u0430\u0431\u043e\u0442\u043a\u043e\u0439 - brunellostore.es","robots":{"index":"index","follow":"follow","max-snippet":"max-snippet:-1","max-image-preview":"max-image-preview:large","max-video-preview":"max-video-preview:-1"},"canonical":"https:\/\/brunellostore.es\/es\/producto\/terrasnaya-doska-bambuk-s-termoobrabotkoy\/","og_locale":"es_ES","og_type":"article","og_title":"\u0422\u0435\u0440\u0440\u0430\u0441\u043d\u0430\u044f \u0434\u043e\u0441\u043a\u0430 \u0411\u0430\u043c\u0431\u0443\u043a \u0441 \u0442\u0435\u0440\u043c\u043e\u043e\u0431\u0440\u0430\u0431\u043e\u0442\u043a\u043e\u0439 - brunellostore.es","og_description":"\u0422\u0435\u0440\u043c\u043e\u043e\u0431\u0440\u0430\u0431\u043e\u0442\u0430\u043d\u043d\u044b\u0439 \u0431\u0430\u043c\u0431\u0443\u043a - \u044d\u0442\u043e \u0441\u043e\u0447\u0435\u0442\u0430\u043d\u0438\u0435 \u0438\u043d\u043d\u043e\u0432\u0430\u0446\u0438\u043e\u043d\u043d\u044b\u0445 \u0442\u0435\u0445\u043d\u043e\u043b\u043e\u0433\u0438\u0439 \u0438 \u044d\u0441\u0442\u0435\u0442\u0438\u043a\u0438. \u0411\u043b\u0430\u0433\u043e\u0434\u0430\u0440\u044f \u0441\u043f\u0435\u0446\u0438\u0430\u043b\u044c\u043d\u043e\u043c\u0443 \u043f\u0440\u043e\u0446\u0435\u0441\u0441\u0443 Thermo-Density \u0434\u043e\u0441\u043a\u0430 \u043e\u0431\u043b\u0430\u0434\u0430\u0435\u0442 \u0432\u044b\u0441\u043e\u0447\u0430\u0439\u0448\u0438\u043c\u0438 \u043f\u0440\u043e\u0447\u043d\u043e\u0441\u0442\u043d\u044b\u043c\u0438 \u0445\u0430\u0440\u0430\u043a\u0442\u0435\u0440\u0438\u0441\u0442\u0438\u043a\u0430\u043c\u0438 \u0438 \u0443\u0441\u0442\u043e\u0439\u0447\u0438\u0432\u043e\u0441\u0442\u044c\u044e \u043a \u0433\u0440\u0438\u0431\u043a\u0430\u043c \u0438 \u043f\u043b\u0435\u0441\u0435\u043d\u0438, \u0447\u0442\u043e \u043f\u043e\u0434\u0442\u0432\u0435\u0440\u0436\u0434\u0435\u043d\u043e \u043c\u043d\u043e\u0433\u043e\u0447\u0438\u0441\u043b\u0435\u043d\u043d\u044b\u043c\u0438 \u0441\u0435\u0440\u0442\u0438\u0444\u0438\u043a\u0430\u0442\u0430\u043c\u0438 \u0438 \u0442\u0435\u0441\u0442\u0430\u043c\u0438. \u0414\u0432\u0443\u0441\u0442\u043e\u0440\u043e\u043d\u043d\u044f\u044f \u043a\u043e\u043d\u0441\u0442\u0440\u0443\u043a\u0446\u0438\u044f, \u0433\u043b\u0430\u0434\u043a\u0430\u044f \u0441 \u043e\u0434\u043d\u043e\u0439 \u0441\u0442\u043e\u0440\u043e\u043d\u044b \u0438 \u0440\u0438\u0444\u043b\u0435\u043d\u0430\u044f \u0441 \u0434\u0440\u0443\u0433\u043e\u0439, \u0434\u0430\u0435\u0442 \u043f\u043e\u043b\u044c\u0437\u043e\u0432\u0430\u0442\u0435\u043b\u044e \u0441\u0432\u043e\u0431\u043e\u0434\u0443 \u0432\u044b\u0431\u043e\u0440\u0430 \u043e\u0442\u0434\u0435\u043b\u043a\u0438. \u0411\u043e\u043b\u0435\u0435 \u0442\u043e\u0433\u043e, \u043e\u043d\u0438 \u043f\u0440\u0435\u0434\u0432\u0430\u0440\u0438\u0442\u0435\u043b\u044c\u043d\u043e \u0441\u043c\u0430\u0437\u0430\u043d\u044b \u043c\u0430\u0441\u043b\u043e\u043c WOCA, \u0447\u0442\u043e \u043f\u043e\u0437\u0432\u043e\u043b\u044f\u0435\u0442 \u0438\u0441\u043f\u043e\u043b\u044c\u0437\u043e\u0432\u0430\u0442\u044c \u0438\u0445 \u0441\u0440\u0430\u0437\u0443 \u0436\u0435. \u0412\u044b \u043c\u043e\u0436\u0435\u0442\u0435 \u043e\u0441\u0442\u0430\u0432\u0438\u0442\u044c \u0438\u0445 \u0431\u0435\u0437 \u0434\u043e\u043f\u043e\u043b\u043d\u0438\u0442\u0435\u043b\u044c\u043d\u043e\u0433\u043e \u043f\u0440\u043e\u043c\u0430\u0441\u043b\u0438\u0432\u0430\u043d\u0438\u044f, \u0447\u0442\u043e \u0441\u043e \u0432\u0440\u0435\u043c\u0435\u043d\u0435\u043c \u043f\u0440\u0438\u0434\u0430\u0441\u0442 \u0434\u043e\u0441\u043a\u0435 \u0441\u0435\u0440\u044b\u0439 \u043e\u0442\u0442\u0435\u043d\u043e\u043a, \u043d\u043e \u044d\u0442\u043e \u043d\u0435 \u043f\u043e\u0432\u043b\u0438\u044f\u0435\u0442 \u043d\u0430 \u0435\u0435 \u0434\u043e\u043b\u0433\u043e\u0432\u0435\u0447\u043d\u043e\u0441\u0442\u044c.","og_url":"https:\/\/brunellostore.es\/es\/producto\/terrasnaya-doska-bambuk-s-termoobrabotkoy\/","og_site_name":"brunellostore.es","article_modified_time":"2025-01-26T16:13:42+00:00","og_image":[{"width":1200,"height":1200,"url":"https:\/\/brunellostore.es\/wp-content\/uploads\/2024\/12\/Bambus-jasny-1.jpeg","type":"image\/jpeg"}],"twitter_card":"summary_large_image","twitter_misc":{"Tiempo de lectura":"2 minutos"},"schema":{"@context":"https:\/\/schema.org","@graph":[{"@type":"WebPage","@id":"https:\/\/brunellostore.es\/product\/terrasnaya-doska-bambuk-s-termoobrabotkoy\/","url":"https:\/\/brunellostore.es\/product\/terrasnaya-doska-bambuk-s-termoobrabotkoy\/","name":"\u0422\u0435\u0440\u0440\u0430\u0441\u043d\u0430\u044f \u0434\u043e\u0441\u043a\u0430 \u0411\u0430\u043c\u0431\u0443\u043a \u0441 \u0442\u0435\u0440\u043c\u043e\u043e\u0431\u0440\u0430\u0431\u043e\u0442\u043a\u043e\u0439 - brunellostore.es","isPartOf":{"@id":"https:\/\/brunellostore.es\/#website"},"primaryImageOfPage":{"@id":"https:\/\/brunellostore.es\/product\/terrasnaya-doska-bambuk-s-termoobrabotkoy\/#primaryimage"},"image":{"@id":"https:\/\/brunellostore.es\/product\/terrasnaya-doska-bambuk-s-termoobrabotkoy\/#primaryimage"},"thumbnailUrl":"https:\/\/brunellostore.es\/wp-content\/uploads\/2024\/12\/Bambus-jasny-1.jpeg","datePublished":"2024-12-29T23:57:10+00:00","dateModified":"2025-01-26T16:13:42+00:00","breadcrumb":{"@id":"https:\/\/brunellostore.es\/product\/terrasnaya-doska-bambuk-s-termoobrabotkoy\/#breadcrumb"},"inLanguage":"es","potentialAction":[{"@type":"ReadAction","target":["https:\/\/brunellostore.es\/product\/terrasnaya-doska-bambuk-s-termoobrabotkoy\/"]}]},{"@type":"ImageObject","inLanguage":"es","@id":"https:\/\/brunellostore.es\/product\/terrasnaya-doska-bambuk-s-termoobrabotkoy\/#primaryimage","url":"https:\/\/brunellostore.es\/wp-content\/uploads\/2024\/12\/Bambus-jasny-1.jpeg","contentUrl":"https:\/\/brunellostore.es\/wp-content\/uploads\/2024\/12\/Bambus-jasny-1.jpeg","width":1200,"height":1200},{"@type":"BreadcrumbList","@id":"https:\/\/brunellostore.es\/product\/terrasnaya-doska-bambuk-s-termoobrabotkoy\/#breadcrumb","itemListElement":[{"@type":"ListItem","position":1,"name":"Home","item":"https:\/\/brunellostore.es\/"},{"@type":"ListItem","position":2,"name":"\u041c\u0430\u0433\u0430\u0437\u0438\u043d","item":"https:\/\/brunellostore.es\/shop\/"},{"@type":"ListItem","position":3,"name":"\u0422\u0435\u0440\u0440\u0430\u0441\u043d\u0430\u044f \u0434\u043e\u0441\u043a\u0430 \u0411\u0430\u043c\u0431\u0443\u043a \u0441 \u0442\u0435\u0440\u043c\u043e\u043e\u0431\u0440\u0430\u0431\u043e\u0442\u043a\u043e\u0439"}]},{"@type":"WebSite","@id":"https:\/\/brunellostore.es\/#website","url":"https:\/\/brunellostore.es\/","name":"brunellostore.es","description":"","publisher":{"@id":"https:\/\/brunellostore.es\/#organization"},"potentialAction":[{"@type":"SearchAction","target":{"@type":"EntryPoint","urlTemplate":"https:\/\/brunellostore.es\/?s={search_term_string}"},"query-input":{"@type":"PropertyValueSpecification","valueRequired":true,"valueName":"search_term_string"}}],"inLanguage":"es"},{"@type":"Organization","@id":"https:\/\/brunellostore.es\/#organization","name":"brunellostore.es","url":"https:\/\/brunellostore.es\/","logo":{"@type":"ImageObject","inLanguage":"es","@id":"https:\/\/brunellostore.es\/#\/schema\/logo\/image\/","url":"https:\/\/brunellostore.es\/wp-content\/uploads\/2024\/09\/Brunello-logo.png","contentUrl":"https:\/\/brunellostore.es\/wp-content\/uploads\/2024\/09\/Brunello-logo.png","width":924,"height":240,"caption":"brunellostore.es"},"image":{"@id":"https:\/\/brunellostore.es\/#\/schema\/logo\/image\/"}}]}},"_links":{"self":[{"href":"https:\/\/brunellostore.es\/es\/wp-json\/wp\/v2\/product\/29878","targetHints":{"allow":["GET"]}}],"collection":[{"href":"https:\/\/brunellostore.es\/es\/wp-json\/wp\/v2\/product"}],"about":[{"href":"https:\/\/brunellostore.es\/es\/wp-json\/wp\/v2\/types\/product"}],"replies":[{"embeddable":true,"href":"https:\/\/brunellostore.es\/es\/wp-json\/wp\/v2\/comments?post=29878"}],"version-history":[{"count":4,"href":"https:\/\/brunellostore.es\/es\/wp-json\/wp\/v2\/product\/29878\/revisions"}],"predecessor-version":[{"id":29888,"href":"https:\/\/brunellostore.es\/es\/wp-json\/wp\/v2\/product\/29878\/revisions\/29888"}],"wp:featuredmedia":[{"embeddable":true,"href":"https:\/\/brunellostore.es\/es\/wp-json\/wp\/v2\/media\/29879"}],"wp:attachment":[{"href":"https:\/\/brunellostore.es\/es\/wp-json\/wp\/v2\/media?parent=29878"}],"wp:term":[{"taxonomy":"product_brand","embeddable":true,"href":"https:\/\/brunellostore.es\/es\/wp-json\/wp\/v2\/product_brand?post=29878"},{"taxonomy":"product_cat","embeddable":true,"href":"https:\/\/brunellostore.es\/es\/wp-json\/wp\/v2\/product_cat?post=29878"},{"taxonomy":"product_tag","embeddable":true,"href":"https:\/\/brunellostore.es\/es\/wp-json\/wp\/v2\/product_tag?post=29878"}],"curies":[{"name":"wp","href":"https:\/\/api.w.org\/{rel}","templated":true}]}}