{"id":29896,"date":"2024-12-30T01:15:37","date_gmt":"2024-12-30T00:15:37","guid":{"rendered":"https:\/\/brunellostore.es\/?post_type=product&#038;p=29896"},"modified":"2025-01-26T17:14:17","modified_gmt":"2025-01-26T16:14:17","slug":"eguliruyemaya-opora-standard-70-120","status":"publish","type":"product","link":"https:\/\/brunellostore.es\/es\/producto\/eguliruyemaya-opora-standard-70-120\/","title":{"rendered":"Soporte regulable STANDARD 70-120"},"content":{"rendered":"<div data-elementor-type=\"wp-post\" data-elementor-id=\"29896\" class=\"elementor elementor-29896\">\n\t\t\t\t<div class=\"elementor-element elementor-element-8fe9a00 e-flex e-con-boxed e-con e-parent\" data-id=\"8fe9a00\" data-element_type=\"container\">\n\t\t\t\t\t<div class=\"e-con-inner\">\n\t\t<div class=\"elementor-element elementor-element-430e551 e-con-full e-flex e-con e-child\" data-id=\"430e551\" data-element_type=\"container\">\n\t\t\t\t<div class=\"elementor-element elementor-element-05c1d79 elementor-widget elementor-widget-wd_text_block\" data-id=\"05c1d79\" data-element_type=\"widget\" data-widget_type=\"wd_text_block.default\">\n\t\t\t\t<div class=\"elementor-widget-container\">\n\t\t\t\t\t\t\t<div class=\"wd-text-block reset-last-child text-left\">\n\t\t\t\n\t\t\t<h3>Soporte regulable STANDARD 70-120<\/h3><p>Soporte ajustable STANDARD 70-120mm con ajuste de altura infinitamente variable<\/p><p>El coraz\u00f3n de cualquier terraza ventilada son los soportes ajustables que evitan la aparici\u00f3n de hongos y moho. La serie STANDARD con ajuste de altura \u00f3ptimo es la soluci\u00f3n m\u00e1s popular debido a las grandes dimensiones de la construcci\u00f3n r\u00e1pida y precisa de la terraza. La versatilidad de estos pedestales proporciona un efecto que no se consigue con otros m\u00e9todos de construcci\u00f3n.<\/p>\n\t\t\t\t\t<\/div>\n\t\t\t\t\t\t<\/div>\n\t\t\t\t<\/div>\n\t\t\t\t<\/div>\n\t\t<div class=\"elementor-element elementor-element-c189e30 e-con-full e-flex e-con e-child\" data-id=\"c189e30\" data-element_type=\"container\">\n\t\t\t\t<div class=\"elementor-element elementor-element-a18d0ec elementor-widget elementor-widget-wd_text_block\" data-id=\"a18d0ec\" data-element_type=\"widget\" data-widget_type=\"wd_text_block.default\">\n\t\t\t\t<div class=\"elementor-widget-container\">\n\t\t\t\t\t\t\t<div class=\"wd-text-block reset-last-child text-left\">\n\t\t\t\n\t\t\t<p>\u00bfPara qu\u00e9 sirven los soportes ajustables de vigas y losas?<\/p><p>Es una soluci\u00f3n ideal para soportar baldosas de patio, vigas de baldosas, rejillas y otros pavimentos como suelos, pasarelas o plataformas. Se utilizan ampliamente tanto en viviendas residenciales como en propiedades p\u00fablicas y comerciales.<\/p><p>Las resistencias pueden suministrarse bajo los listones o bajo las losas, esto no afecta al precio, por favor compru\u00e9belo al realizar el pedido.<\/p><p>En caso necesario, los soportes pueden equiparse con correctores de pendiente (hasta el 7%) y extensiones de 100 mm. El equipamiento adicional debe consultarse al realizar el pedido.<\/p>\n\t\t\t\t\t<\/div>\n\t\t\t\t\t\t<\/div>\n\t\t\t\t<\/div>\n\t\t\t\t<\/div>\n\t\t<div class=\"elementor-element elementor-element-cd2d9d5 e-con-full e-flex e-con e-child\" data-id=\"cd2d9d5\" data-element_type=\"container\">\n\t\t\t\t<div class=\"elementor-element elementor-element-637df21 elementor-widget elementor-widget-wd_text_block\" data-id=\"637df21\" data-element_type=\"widget\" data-widget_type=\"wd_text_block.default\">\n\t\t\t\t<div class=\"elementor-widget-container\">\n\t\t\t\t\t\t\t<div class=\"wd-text-block reset-last-child text-left\">\n\t\t\t\n\t\t\t\n\t\t\t\t\t<\/div>\n\t\t\t\t\t\t<\/div>\n\t\t\t\t<\/div>\n\t\t\t\t<\/div>\n\t\t\t\t\t<\/div>\n\t\t\t\t<\/div>\n\t\t\t\t<\/div>","protected":false},"excerpt":{"rendered":"<p>Soporte ajustable STANDARD 70-120mm con ajuste de altura infinitamente variable. El coraz\u00f3n de cualquier terraza ventilada son los soportes ajustables que evitan los hongos y el moho. La serie STANDARD con ajuste de altura \u00f3ptimo es la soluci\u00f3n m\u00e1s popular debido al gran tama\u00f1o de la construcci\u00f3n r\u00e1pida y precisa de la terraza. La versatilidad de estos pedestales proporciona un efecto que no se consigue con otros m\u00e9todos de construcci\u00f3n.<\/p>","protected":false},"featured_media":29897,"comment_status":"open","ping_status":"closed","template":"","meta":[],"product_brand":[],"product_cat":[89],"product_tag":[],"class_list":{"0":"post-29896","1":"product","2":"type-product","3":"status-publish","4":"has-post-thumbnail","6":"product_cat-terrasnaya-doska","8":"first","9":"instock","10":"shipping-taxable","11":"purchasable","12":"product-type-simple"},"yoast_head":"<!-- This site is optimized with the Yoast SEO plugin v26.5 - https:\/\/yoast.com\/wordpress\/plugins\/seo\/ -->\n<title>\u0420\u0435\u0433\u0443\u043b\u0438\u0440\u0443\u0435\u043c\u0430\u044f \u043e\u043f\u043e\u0440\u0430 STANDARD 70-120 - brunellostore.es<\/title>\n<meta name=\"robots\" content=\"index, follow, max-snippet:-1, max-image-preview:large, max-video-preview:-1\" \/>\n<link rel=\"canonical\" href=\"https:\/\/brunellostore.es\/es\/producto\/eguliruyemaya-opora-standard-70-120\/\" \/>\n<meta property=\"og:locale\" content=\"es_ES\" \/>\n<meta property=\"og:type\" content=\"article\" \/>\n<meta property=\"og:title\" content=\"\u0420\u0435\u0433\u0443\u043b\u0438\u0440\u0443\u0435\u043c\u0430\u044f \u043e\u043f\u043e\u0440\u0430 STANDARD 70-120 - brunellostore.es\" \/>\n<meta property=\"og:description\" content=\"\u0420\u0435\u0433\u0443\u043b\u0438\u0440\u0443\u0435\u043c\u0430\u044f \u043e\u043f\u043e\u0440\u0430 STANDARD 70-120\u043c\u043c \u0441 \u043f\u043b\u0430\u0432\u043d\u043e\u0439 \u0440\u0435\u0433\u0443\u043b\u0438\u0440\u043e\u0432\u043a\u043e\u0439 \u0432\u044b\u0441\u043e\u0442\u044b. \u0421\u0435\u0440\u0434\u0446\u0435\u043c \u043b\u044e\u0431\u043e\u0439 \u0432\u0435\u043d\u0442\u0438\u043b\u0438\u0440\u0443\u0435\u043c\u043e\u0439 \u0442\u0435\u0440\u0440\u0430\u0441\u044b \u044f\u0432\u043b\u044f\u044e\u0442\u0441\u044f \u0440\u0435\u0433\u0443\u043b\u0438\u0440\u0443\u0435\u043c\u044b\u0435 \u043e\u043f\u043e\u0440\u044b, \u043f\u0440\u0435\u0434\u043e\u0442\u0432\u0440\u0430\u0449\u0430\u044e\u0449\u0438\u0435 \u043f\u043e\u044f\u0432\u043b\u0435\u043d\u0438\u0435 \u0433\u0440\u0438\u0431\u043a\u043e\u0432 \u0438 \u043f\u043b\u0435\u0441\u0435\u043d\u0438. \u0421\u0435\u0440\u0438\u044f STANDARD \u0441 \u043e\u043f\u0442\u0438\u043c\u0430\u043b\u044c\u043d\u044b\u043c \u0440\u0435\u0433\u0443\u043b\u0438\u0440\u043e\u0432\u0430\u043d\u0438\u0435\u043c \u0432\u044b\u0441\u043e\u0442\u044b \u044f\u0432\u043b\u044f\u0435\u0442\u0441\u044f \u0441\u0430\u043c\u044b\u043c \u043f\u043e\u043f\u0443\u043b\u044f\u0440\u043d\u044b\u043c \u0440\u0435\u0448\u0435\u043d\u0438\u0435\u043c \u0437\u0430 \u0441\u0447\u0435\u0442 \u0431\u043e\u043b\u044c\u0448\u0438\u0445 \u0440\u0430\u0437\u043c\u0435\u0440\u043e\u0432 \u0431\u044b\u0441\u0442\u0440\u043e\u0433\u043e \u0438 \u0442\u043e\u0447\u043d\u043e\u0433\u043e \u0441\u0442\u0440\u043e\u0438\u0442\u0435\u043b\u044c\u0441\u0442\u0432\u0430 \u0442\u0435\u0440\u0440\u0430\u0441\u044b. \u0423\u043d\u0438\u0432\u0435\u0440\u0441\u0430\u043b\u044c\u043d\u043e\u0441\u0442\u044c \u044d\u0442\u0438\u0445 \u043f\u043e\u0441\u0442\u0430\u043c\u0435\u043d\u0442\u043e\u0432 \u0434\u0430\u0435\u0442 \u044d\u0444\u0444\u0435\u043a\u0442, \u043d\u0435\u0434\u043e\u0441\u0442\u0443\u043f\u0435\u043d \u043f\u0440\u0438 \u0434\u0440\u0443\u0433\u0438\u0445 \u0441\u043f\u043e\u0441\u043e\u0431\u0430\u0445 \u043f\u043e\u0441\u0442\u0440\u043e\u0435\u043d\u0438\u044f.\" \/>\n<meta property=\"og:url\" content=\"https:\/\/brunellostore.es\/es\/producto\/eguliruyemaya-opora-standard-70-120\/\" \/>\n<meta property=\"og:site_name\" content=\"brunellostore.es\" \/>\n<meta property=\"article:modified_time\" content=\"2025-01-26T16:14:17+00:00\" \/>\n<meta property=\"og:image\" content=\"https:\/\/brunellostore.es\/wp-content\/uploads\/2024\/12\/wspornik-regulowany-STANDARD-070-120-do-tarasow-wentylowanych-z-adapterem-do-legarow-AD-1200x1200-1.webp\" \/>\n\t<meta property=\"og:image:width\" content=\"1200\" \/>\n\t<meta property=\"og:image:height\" content=\"1200\" \/>\n\t<meta property=\"og:image:type\" content=\"image\/webp\" \/>\n<meta name=\"twitter:card\" content=\"summary_large_image\" \/>\n<meta name=\"twitter:label1\" content=\"Tiempo de lectura\" \/>\n\t<meta name=\"twitter:data1\" content=\"1 minuto\" \/>\n<script type=\"application\/ld+json\" class=\"yoast-schema-graph\">{\"@context\":\"https:\/\/schema.org\",\"@graph\":[{\"@type\":\"WebPage\",\"@id\":\"https:\/\/brunellostore.es\/product\/eguliruyemaya-opora-standard-70-120\/\",\"url\":\"https:\/\/brunellostore.es\/product\/eguliruyemaya-opora-standard-70-120\/\",\"name\":\"\u0420\u0435\u0433\u0443\u043b\u0438\u0440\u0443\u0435\u043c\u0430\u044f \u043e\u043f\u043e\u0440\u0430 STANDARD 70-120 - brunellostore.es\",\"isPartOf\":{\"@id\":\"https:\/\/brunellostore.es\/#website\"},\"primaryImageOfPage\":{\"@id\":\"https:\/\/brunellostore.es\/product\/eguliruyemaya-opora-standard-70-120\/#primaryimage\"},\"image\":{\"@id\":\"https:\/\/brunellostore.es\/product\/eguliruyemaya-opora-standard-70-120\/#primaryimage\"},\"thumbnailUrl\":\"https:\/\/brunellostore.es\/wp-content\/uploads\/2024\/12\/wspornik-regulowany-STANDARD-070-120-do-tarasow-wentylowanych-z-adapterem-do-legarow-AD-1200x1200-1.webp\",\"datePublished\":\"2024-12-30T00:15:37+00:00\",\"dateModified\":\"2025-01-26T16:14:17+00:00\",\"breadcrumb\":{\"@id\":\"https:\/\/brunellostore.es\/product\/eguliruyemaya-opora-standard-70-120\/#breadcrumb\"},\"inLanguage\":\"es\",\"potentialAction\":[{\"@type\":\"ReadAction\",\"target\":[\"https:\/\/brunellostore.es\/product\/eguliruyemaya-opora-standard-70-120\/\"]}]},{\"@type\":\"ImageObject\",\"inLanguage\":\"es\",\"@id\":\"https:\/\/brunellostore.es\/product\/eguliruyemaya-opora-standard-70-120\/#primaryimage\",\"url\":\"https:\/\/brunellostore.es\/wp-content\/uploads\/2024\/12\/wspornik-regulowany-STANDARD-070-120-do-tarasow-wentylowanych-z-adapterem-do-legarow-AD-1200x1200-1.webp\",\"contentUrl\":\"https:\/\/brunellostore.es\/wp-content\/uploads\/2024\/12\/wspornik-regulowany-STANDARD-070-120-do-tarasow-wentylowanych-z-adapterem-do-legarow-AD-1200x1200-1.webp\",\"width\":1200,\"height\":1200},{\"@type\":\"BreadcrumbList\",\"@id\":\"https:\/\/brunellostore.es\/product\/eguliruyemaya-opora-standard-70-120\/#breadcrumb\",\"itemListElement\":[{\"@type\":\"ListItem\",\"position\":1,\"name\":\"Home\",\"item\":\"https:\/\/brunellostore.es\/\"},{\"@type\":\"ListItem\",\"position\":2,\"name\":\"\u041c\u0430\u0433\u0430\u0437\u0438\u043d\",\"item\":\"https:\/\/brunellostore.es\/shop\/\"},{\"@type\":\"ListItem\",\"position\":3,\"name\":\"\u0420\u0435\u0433\u0443\u043b\u0438\u0440\u0443\u0435\u043c\u0430\u044f \u043e\u043f\u043e\u0440\u0430 STANDARD 70-120\"}]},{\"@type\":\"WebSite\",\"@id\":\"https:\/\/brunellostore.es\/#website\",\"url\":\"https:\/\/brunellostore.es\/\",\"name\":\"brunellostore.es\",\"description\":\"\",\"publisher\":{\"@id\":\"https:\/\/brunellostore.es\/#organization\"},\"potentialAction\":[{\"@type\":\"SearchAction\",\"target\":{\"@type\":\"EntryPoint\",\"urlTemplate\":\"https:\/\/brunellostore.es\/?s={search_term_string}\"},\"query-input\":{\"@type\":\"PropertyValueSpecification\",\"valueRequired\":true,\"valueName\":\"search_term_string\"}}],\"inLanguage\":\"es\"},{\"@type\":\"Organization\",\"@id\":\"https:\/\/brunellostore.es\/#organization\",\"name\":\"brunellostore.es\",\"url\":\"https:\/\/brunellostore.es\/\",\"logo\":{\"@type\":\"ImageObject\",\"inLanguage\":\"es\",\"@id\":\"https:\/\/brunellostore.es\/#\/schema\/logo\/image\/\",\"url\":\"https:\/\/brunellostore.es\/wp-content\/uploads\/2024\/09\/Brunello-logo.png\",\"contentUrl\":\"https:\/\/brunellostore.es\/wp-content\/uploads\/2024\/09\/Brunello-logo.png\",\"width\":924,\"height\":240,\"caption\":\"brunellostore.es\"},\"image\":{\"@id\":\"https:\/\/brunellostore.es\/#\/schema\/logo\/image\/\"}}]}<\/script>\n<!-- \/ Yoast SEO plugin. -->","yoast_head_json":{"title":"\u0420\u0435\u0433\u0443\u043b\u0438\u0440\u0443\u0435\u043c\u0430\u044f \u043e\u043f\u043e\u0440\u0430 STANDARD 70-120 - brunellostore.es","robots":{"index":"index","follow":"follow","max-snippet":"max-snippet:-1","max-image-preview":"max-image-preview:large","max-video-preview":"max-video-preview:-1"},"canonical":"https:\/\/brunellostore.es\/es\/producto\/eguliruyemaya-opora-standard-70-120\/","og_locale":"es_ES","og_type":"article","og_title":"\u0420\u0435\u0433\u0443\u043b\u0438\u0440\u0443\u0435\u043c\u0430\u044f \u043e\u043f\u043e\u0440\u0430 STANDARD 70-120 - brunellostore.es","og_description":"\u0420\u0435\u0433\u0443\u043b\u0438\u0440\u0443\u0435\u043c\u0430\u044f \u043e\u043f\u043e\u0440\u0430 STANDARD 70-120\u043c\u043c \u0441 \u043f\u043b\u0430\u0432\u043d\u043e\u0439 \u0440\u0435\u0433\u0443\u043b\u0438\u0440\u043e\u0432\u043a\u043e\u0439 \u0432\u044b\u0441\u043e\u0442\u044b. \u0421\u0435\u0440\u0434\u0446\u0435\u043c \u043b\u044e\u0431\u043e\u0439 \u0432\u0435\u043d\u0442\u0438\u043b\u0438\u0440\u0443\u0435\u043c\u043e\u0439 \u0442\u0435\u0440\u0440\u0430\u0441\u044b \u044f\u0432\u043b\u044f\u044e\u0442\u0441\u044f \u0440\u0435\u0433\u0443\u043b\u0438\u0440\u0443\u0435\u043c\u044b\u0435 \u043e\u043f\u043e\u0440\u044b, \u043f\u0440\u0435\u0434\u043e\u0442\u0432\u0440\u0430\u0449\u0430\u044e\u0449\u0438\u0435 \u043f\u043e\u044f\u0432\u043b\u0435\u043d\u0438\u0435 \u0433\u0440\u0438\u0431\u043a\u043e\u0432 \u0438 \u043f\u043b\u0435\u0441\u0435\u043d\u0438. \u0421\u0435\u0440\u0438\u044f STANDARD \u0441 \u043e\u043f\u0442\u0438\u043c\u0430\u043b\u044c\u043d\u044b\u043c \u0440\u0435\u0433\u0443\u043b\u0438\u0440\u043e\u0432\u0430\u043d\u0438\u0435\u043c \u0432\u044b\u0441\u043e\u0442\u044b \u044f\u0432\u043b\u044f\u0435\u0442\u0441\u044f \u0441\u0430\u043c\u044b\u043c \u043f\u043e\u043f\u0443\u043b\u044f\u0440\u043d\u044b\u043c \u0440\u0435\u0448\u0435\u043d\u0438\u0435\u043c \u0437\u0430 \u0441\u0447\u0435\u0442 \u0431\u043e\u043b\u044c\u0448\u0438\u0445 \u0440\u0430\u0437\u043c\u0435\u0440\u043e\u0432 \u0431\u044b\u0441\u0442\u0440\u043e\u0433\u043e \u0438 \u0442\u043e\u0447\u043d\u043e\u0433\u043e \u0441\u0442\u0440\u043e\u0438\u0442\u0435\u043b\u044c\u0441\u0442\u0432\u0430 \u0442\u0435\u0440\u0440\u0430\u0441\u044b. \u0423\u043d\u0438\u0432\u0435\u0440\u0441\u0430\u043b\u044c\u043d\u043e\u0441\u0442\u044c \u044d\u0442\u0438\u0445 \u043f\u043e\u0441\u0442\u0430\u043c\u0435\u043d\u0442\u043e\u0432 \u0434\u0430\u0435\u0442 \u044d\u0444\u0444\u0435\u043a\u0442, \u043d\u0435\u0434\u043e\u0441\u0442\u0443\u043f\u0435\u043d \u043f\u0440\u0438 \u0434\u0440\u0443\u0433\u0438\u0445 \u0441\u043f\u043e\u0441\u043e\u0431\u0430\u0445 \u043f\u043e\u0441\u0442\u0440\u043e\u0435\u043d\u0438\u044f.","og_url":"https:\/\/brunellostore.es\/es\/producto\/eguliruyemaya-opora-standard-70-120\/","og_site_name":"brunellostore.es","article_modified_time":"2025-01-26T16:14:17+00:00","og_image":[{"width":1200,"height":1200,"url":"https:\/\/brunellostore.es\/wp-content\/uploads\/2024\/12\/wspornik-regulowany-STANDARD-070-120-do-tarasow-wentylowanych-z-adapterem-do-legarow-AD-1200x1200-1.webp","type":"image\/webp"}],"twitter_card":"summary_large_image","twitter_misc":{"Tiempo de lectura":"1 minuto"},"schema":{"@context":"https:\/\/schema.org","@graph":[{"@type":"WebPage","@id":"https:\/\/brunellostore.es\/product\/eguliruyemaya-opora-standard-70-120\/","url":"https:\/\/brunellostore.es\/product\/eguliruyemaya-opora-standard-70-120\/","name":"\u0420\u0435\u0433\u0443\u043b\u0438\u0440\u0443\u0435\u043c\u0430\u044f \u043e\u043f\u043e\u0440\u0430 STANDARD 70-120 - brunellostore.es","isPartOf":{"@id":"https:\/\/brunellostore.es\/#website"},"primaryImageOfPage":{"@id":"https:\/\/brunellostore.es\/product\/eguliruyemaya-opora-standard-70-120\/#primaryimage"},"image":{"@id":"https:\/\/brunellostore.es\/product\/eguliruyemaya-opora-standard-70-120\/#primaryimage"},"thumbnailUrl":"https:\/\/brunellostore.es\/wp-content\/uploads\/2024\/12\/wspornik-regulowany-STANDARD-070-120-do-tarasow-wentylowanych-z-adapterem-do-legarow-AD-1200x1200-1.webp","datePublished":"2024-12-30T00:15:37+00:00","dateModified":"2025-01-26T16:14:17+00:00","breadcrumb":{"@id":"https:\/\/brunellostore.es\/product\/eguliruyemaya-opora-standard-70-120\/#breadcrumb"},"inLanguage":"es","potentialAction":[{"@type":"ReadAction","target":["https:\/\/brunellostore.es\/product\/eguliruyemaya-opora-standard-70-120\/"]}]},{"@type":"ImageObject","inLanguage":"es","@id":"https:\/\/brunellostore.es\/product\/eguliruyemaya-opora-standard-70-120\/#primaryimage","url":"https:\/\/brunellostore.es\/wp-content\/uploads\/2024\/12\/wspornik-regulowany-STANDARD-070-120-do-tarasow-wentylowanych-z-adapterem-do-legarow-AD-1200x1200-1.webp","contentUrl":"https:\/\/brunellostore.es\/wp-content\/uploads\/2024\/12\/wspornik-regulowany-STANDARD-070-120-do-tarasow-wentylowanych-z-adapterem-do-legarow-AD-1200x1200-1.webp","width":1200,"height":1200},{"@type":"BreadcrumbList","@id":"https:\/\/brunellostore.es\/product\/eguliruyemaya-opora-standard-70-120\/#breadcrumb","itemListElement":[{"@type":"ListItem","position":1,"name":"Home","item":"https:\/\/brunellostore.es\/"},{"@type":"ListItem","position":2,"name":"\u041c\u0430\u0433\u0430\u0437\u0438\u043d","item":"https:\/\/brunellostore.es\/shop\/"},{"@type":"ListItem","position":3,"name":"\u0420\u0435\u0433\u0443\u043b\u0438\u0440\u0443\u0435\u043c\u0430\u044f \u043e\u043f\u043e\u0440\u0430 STANDARD 70-120"}]},{"@type":"WebSite","@id":"https:\/\/brunellostore.es\/#website","url":"https:\/\/brunellostore.es\/","name":"brunellostore.es","description":"","publisher":{"@id":"https:\/\/brunellostore.es\/#organization"},"potentialAction":[{"@type":"SearchAction","target":{"@type":"EntryPoint","urlTemplate":"https:\/\/brunellostore.es\/?s={search_term_string}"},"query-input":{"@type":"PropertyValueSpecification","valueRequired":true,"valueName":"search_term_string"}}],"inLanguage":"es"},{"@type":"Organization","@id":"https:\/\/brunellostore.es\/#organization","name":"brunellostore.es","url":"https:\/\/brunellostore.es\/","logo":{"@type":"ImageObject","inLanguage":"es","@id":"https:\/\/brunellostore.es\/#\/schema\/logo\/image\/","url":"https:\/\/brunellostore.es\/wp-content\/uploads\/2024\/09\/Brunello-logo.png","contentUrl":"https:\/\/brunellostore.es\/wp-content\/uploads\/2024\/09\/Brunello-logo.png","width":924,"height":240,"caption":"brunellostore.es"},"image":{"@id":"https:\/\/brunellostore.es\/#\/schema\/logo\/image\/"}}]}},"_links":{"self":[{"href":"https:\/\/brunellostore.es\/es\/wp-json\/wp\/v2\/product\/29896","targetHints":{"allow":["GET"]}}],"collection":[{"href":"https:\/\/brunellostore.es\/es\/wp-json\/wp\/v2\/product"}],"about":[{"href":"https:\/\/brunellostore.es\/es\/wp-json\/wp\/v2\/types\/product"}],"replies":[{"embeddable":true,"href":"https:\/\/brunellostore.es\/es\/wp-json\/wp\/v2\/comments?post=29896"}],"version-history":[{"count":5,"href":"https:\/\/brunellostore.es\/es\/wp-json\/wp\/v2\/product\/29896\/revisions"}],"predecessor-version":[{"id":29903,"href":"https:\/\/brunellostore.es\/es\/wp-json\/wp\/v2\/product\/29896\/revisions\/29903"}],"wp:featuredmedia":[{"embeddable":true,"href":"https:\/\/brunellostore.es\/es\/wp-json\/wp\/v2\/media\/29897"}],"wp:attachment":[{"href":"https:\/\/brunellostore.es\/es\/wp-json\/wp\/v2\/media?parent=29896"}],"wp:term":[{"taxonomy":"product_brand","embeddable":true,"href":"https:\/\/brunellostore.es\/es\/wp-json\/wp\/v2\/product_brand?post=29896"},{"taxonomy":"product_cat","embeddable":true,"href":"https:\/\/brunellostore.es\/es\/wp-json\/wp\/v2\/product_cat?post=29896"},{"taxonomy":"product_tag","embeddable":true,"href":"https:\/\/brunellostore.es\/es\/wp-json\/wp\/v2\/product_tag?post=29896"}],"curies":[{"name":"wp","href":"https:\/\/api.w.org\/{rel}","templated":true}]}}