{"id":29963,"date":"2025-01-12T15:49:54","date_gmt":"2025-01-12T14:49:54","guid":{"rendered":"https:\/\/brunellostore.es\/?post_type=product&#038;p=29963"},"modified":"2025-02-23T15:44:43","modified_gmt":"2025-02-23T14:44:43","slug":"reguliruyemaya-vintovaya-opora-spiral-17-30","status":"publish","type":"product","link":"https:\/\/brunellostore.es\/es\/producto\/reguliruyemaya-vintovaya-opora-spiral-17-30\/","title":{"rendered":"Soporte de tornillo ajustable SPIRAL 17-30"},"content":{"rendered":"<div data-elementor-type=\"wp-post\" data-elementor-id=\"29963\" class=\"elementor elementor-29963\">\n\t\t\t\t<div class=\"elementor-element elementor-element-8fe9a00 e-flex e-con-boxed e-con e-parent\" data-id=\"8fe9a00\" data-element_type=\"container\">\n\t\t\t\t\t<div class=\"e-con-inner\">\n\t\t<div class=\"elementor-element elementor-element-430e551 e-con-full e-flex e-con e-child\" data-id=\"430e551\" data-element_type=\"container\">\n\t\t\t\t<div class=\"elementor-element elementor-element-05c1d79 elementor-widget elementor-widget-wd_text_block\" data-id=\"05c1d79\" data-element_type=\"widget\" data-widget_type=\"wd_text_block.default\">\n\t\t\t\t<div class=\"elementor-widget-container\">\n\t\t\t\t\t\t\t<div class=\"wd-text-block reset-last-child text-left\">\n\t\t\t\n\t\t\t<h3>Soporte de tornillo ajustable SPIRAL 17-30<\/h3><p>Soporte de tornillo ajustable SPIRAL 17-30 con un paso de ajuste de 1 mm<\/p><p>\u00bfPara qui\u00e9n es adecuado el soporte de terraza ajustable para vigas\/losas SPIRAL?<\/p><p>Los soportes de terraza ajustables para zapatas SPIRAL est\u00e1n dise\u00f1ados para propietarios de terrazas privadas y contratistas que aprecian las ventajas de las terrazas ventiladas, pero necesitan la posibilidad de ajustar los soportes a la altura m\u00ednima de la terraza desde el suelo. Los soportes ajustables para terrazas de la serie SPIRAL ofrecen esta posibilidad, ya que pueden ajustar la altura de la terraza a partir de 10 mm.<\/p><p>\u00a0<\/p>\n\t\t\t\t\t<\/div>\n\t\t\t\t\t\t<\/div>\n\t\t\t\t<\/div>\n\t\t\t\t<\/div>\n\t\t<div class=\"elementor-element elementor-element-c189e30 e-con-full e-flex e-con e-child\" data-id=\"c189e30\" data-element_type=\"container\">\n\t\t\t\t<div class=\"elementor-element elementor-element-a18d0ec elementor-widget elementor-widget-wd_text_block\" data-id=\"a18d0ec\" data-element_type=\"widget\" data-widget_type=\"wd_text_block.default\">\n\t\t\t\t<div class=\"elementor-widget-container\">\n\t\t\t\t\t\t\t<div class=\"wd-text-block reset-last-child text-left\">\n\t\t\t\n\t\t\t<p>Los nuevos soportes regulables reducen la altura m\u00ednima de la terraza regulable de 10 mm a 210 mm. Por tanto, permiten utilizar la tecnolog\u00eda de terraza ventilada a distancias muy peque\u00f1as entre el suelo y la terraza.<\/p><p>Los soportes pueden suministrarse bajo el calorifugado o bajo las losas, el coste no se ve afectado, por favor, compru\u00e9belo al realizar el pedido.<\/p><p>En caso necesario, los soportes pueden equiparse con correctores de pendiente (hasta el 8%) y almohadillas de goma (antideslizantes). El equipamiento adicional debe consultarse al realizar el pedido.<\/p>\n\t\t\t\t\t<\/div>\n\t\t\t\t\t\t<\/div>\n\t\t\t\t<\/div>\n\t\t\t\t<\/div>\n\t\t<div class=\"elementor-element elementor-element-cd2d9d5 e-con-full e-flex e-con e-child\" data-id=\"cd2d9d5\" data-element_type=\"container\">\n\t\t\t\t<div class=\"elementor-element elementor-element-637df21 elementor-widget elementor-widget-wd_text_block\" data-id=\"637df21\" data-element_type=\"widget\" data-widget_type=\"wd_text_block.default\">\n\t\t\t\t<div class=\"elementor-widget-container\">\n\t\t\t\t\t\t\t<div class=\"wd-text-block reset-last-child text-left\">\n\t\t\t\n\t\t\t<strong>Opciones de soporte:<\/strong><br><br>\n\n\nSPIRAL 10-17 - 10 to 17 mm<br>\nSPIRAL 30-50 - 30 to 50 mm<br>\nSPIRAL 50-70 - 50 to 70 mm<br>\nSPIRAL 70-90 - 70 to 90 mm<br>\nSPIRAL 90-110 - 90 to 110 mm<br>\nSPIRAL 110-130 - from 110 to 130 mm<br>\nSPIRAL 130-150 - from 130 to 150 mm<br>\nSPIRAL 150-170 - 150 to 170 mm<br>\nSPIRAL 170-190 - from 170 to 190 mm<br>\nSPIRAL 190-210 - 190 to 210 mm<br><br>\n *-precios consultar con gestor\n\t\t\t\t\t<\/div>\n\t\t\t\t\t\t<\/div>\n\t\t\t\t<\/div>\n\t\t\t\t<\/div>\n\t\t\t\t\t<\/div>\n\t\t\t\t<\/div>\n\t\t\t\t<\/div>","protected":false},"excerpt":{"rendered":"<p>SPIRAL soporte de tornillo ajustable 17-30 con un paso de ajuste de 1 mm. \u00bfPara qui\u00e9n es adecuado el soporte de terraza ajustable SPIRAL para vigas\/losas? Los soportes de terraza ajustables SPIRAL para rastreles est\u00e1n dise\u00f1ados para propietarios de terrazas privadas y contratistas que aprecian las ventajas de las terrazas ventiladas, pero necesitan poder ajustar los soportes a la altura m\u00ednima de la terraza desde el suelo. Y esto lo proporcionan los soportes ajustables para terrazas de la serie SPIRAL, ya que pueden ajustar la altura de la terraza a partir de 10 mm.<\/p>","protected":false},"featured_media":29964,"comment_status":"open","ping_status":"closed","template":"","meta":[],"product_brand":[],"product_cat":[89],"product_tag":[],"class_list":{"0":"post-29963","1":"product","2":"type-product","3":"status-publish","4":"has-post-thumbnail","6":"product_cat-terrasnaya-doska","8":"first","9":"instock","10":"shipping-taxable","11":"purchasable","12":"product-type-simple"},"yoast_head":"<!-- This site is optimized with the Yoast SEO plugin v26.5 - https:\/\/yoast.com\/wordpress\/plugins\/seo\/ -->\n<title>\u0420\u0435\u0433\u0443\u043b\u0438\u0440\u0443\u0435\u043c\u0430\u044f \u0432\u0438\u043d\u0442\u043e\u0432\u0430\u044f \u043e\u043f\u043e\u0440\u0430 SPIRAL 17-30 - brunellostore.es<\/title>\n<meta name=\"robots\" content=\"index, follow, max-snippet:-1, max-image-preview:large, max-video-preview:-1\" \/>\n<link rel=\"canonical\" href=\"https:\/\/brunellostore.es\/es\/producto\/reguliruyemaya-vintovaya-opora-spiral-17-30\/\" \/>\n<meta property=\"og:locale\" content=\"es_ES\" \/>\n<meta property=\"og:type\" content=\"article\" \/>\n<meta property=\"og:title\" content=\"\u0420\u0435\u0433\u0443\u043b\u0438\u0440\u0443\u0435\u043c\u0430\u044f \u0432\u0438\u043d\u0442\u043e\u0432\u0430\u044f \u043e\u043f\u043e\u0440\u0430 SPIRAL 17-30 - brunellostore.es\" \/>\n<meta property=\"og:description\" content=\"\u0420\u0435\u0433\u0443\u043b\u0438\u0440\u0443\u0435\u043c\u0430\u044f \u0432\u0438\u043d\u0442\u043e\u0432\u0430\u044f \u043e\u043f\u043e\u0440\u0430 SPIRAL 17-30 \u0441 \u0448\u0430\u0433\u043e\u043c \u0440\u0435\u0433\u0443\u043b\u0438\u0440\u043e\u0432\u043a\u0438 1\u043c\u043c. \u0414\u043b\u044f \u043a\u043e\u0433\u043e \u043f\u043e\u0434\u043e\u0439\u0434\u0435\u0442 \u0442\u0435\u0440\u0440\u0430\u0441\u043d\u0430\u044f \u0440\u0435\u0433\u0443\u043b\u0438\u0440\u0443\u0435\u043c\u0430\u044f \u043e\u043f\u043e\u0440\u0430 SPIRAL \u0434\u043b\u044f \u043b\u0430\u0433\u0438\/\u043f\u043b\u0438\u0442? \u0422\u0435\u0440\u0440\u0430\u0441\u043d\u044b\u0435 \u0440\u0435\u0433\u0443\u043b\u0438\u0440\u0443\u0435\u043c\u044b\u0435 \u043e\u043f\u043e\u0440\u044b SPIRAL \u0434\u043b\u044f \u043b\u0430\u0433 \u043f\u0440\u0435\u0434\u043d\u0430\u0437\u043d\u0430\u0447\u0435\u043d\u044b \u0434\u043b\u044f \u0432\u043b\u0430\u0434\u0435\u043b\u044c\u0446\u0435\u0432 \u0447\u0430\u0441\u0442\u043d\u044b\u0445 \u0442\u0435\u0440\u0440\u0430\u0441 \u0438 \u043f\u043e\u0434\u0440\u044f\u0434\u0447\u0438\u043a\u043e\u0432, \u043a\u043e\u0442\u043e\u0440\u044b\u0435 \u0446\u0435\u043d\u044f\u0442 \u043f\u0440\u0435\u0438\u043c\u0443\u0449\u0435\u0441\u0442\u0432\u0430 \u0432\u0435\u043d\u0442\u0438\u043b\u0438\u0440\u0443\u0435\u043c\u044b\u0445 \u0442\u0435\u0440\u0440\u0430\u0441, \u043d\u043e \u0442\u0440\u0435\u0431\u0443\u044e\u0442 \u0432\u043e\u0437\u043c\u043e\u0436\u043d\u043e\u0441\u0442\u0438 \u0440\u0435\u0433\u0443\u043b\u0438\u0440\u043e\u0432\u043a\u0438 \u043e\u043f\u043e\u0440 \u043d\u0430 \u043c\u0438\u043d\u0438\u043c\u0430\u043b\u044c\u043d\u043e\u0439 \u0432\u044b\u0441\u043e\u0442\u0435 \u0442\u0435\u0440\u0440\u0430\u0441\u044b \u043e\u0442 \u0437\u0435\u043c\u043b\u0438. \u0418 \u044d\u0442\u043e \u043e\u0431\u0435\u0441\u043f\u0435\u0447\u0438\u0432\u0430\u044e\u0442 \u0440\u0435\u0433\u0443\u043b\u0438\u0440\u0443\u0435\u043c\u044b\u0435 \u0442\u0435\u0440\u0440\u0430\u0441\u043d\u044b\u0435 \u043e\u043f\u043e\u0440\u044b \u0441\u043f\u0438\u0440\u0430\u043b\u044c\u043d\u043e\u0439 \u0441\u0435\u0440\u0438\u0438, \u0432\u0435\u0434\u044c \u043e\u043d\u0438 \u043c\u043e\u0433\u0443\u0442 \u0440\u0435\u0433\u0443\u043b\u0438\u0440\u043e\u0432\u0430\u0442\u044c \u0432\u044b\u0441\u043e\u0442\u0443 \u0442\u0435\u0440\u0440\u0430\u0441\u044b \u043e\u0442 10 \u043c\u043c.\" \/>\n<meta property=\"og:url\" content=\"https:\/\/brunellostore.es\/es\/producto\/reguliruyemaya-vintovaya-opora-spiral-17-30\/\" \/>\n<meta property=\"og:site_name\" content=\"brunellostore.es\" \/>\n<meta property=\"article:modified_time\" content=\"2025-02-23T14:44:43+00:00\" \/>\n<meta property=\"og:image\" content=\"https:\/\/brunellostore.es\/wp-content\/uploads\/2025\/01\/wspornik-tarasowy-do-tarasow-wentylowanych-SPIRAL-030-050-z-adapterem-do-legarow-AD-1200x1200-1.webp\" \/>\n\t<meta property=\"og:image:width\" content=\"1200\" \/>\n\t<meta property=\"og:image:height\" content=\"1200\" \/>\n\t<meta property=\"og:image:type\" content=\"image\/webp\" \/>\n<meta name=\"twitter:card\" content=\"summary_large_image\" \/>\n<meta name=\"twitter:label1\" content=\"Tiempo de lectura\" \/>\n\t<meta name=\"twitter:data1\" content=\"2 minutos\" \/>\n<script type=\"application\/ld+json\" class=\"yoast-schema-graph\">{\"@context\":\"https:\/\/schema.org\",\"@graph\":[{\"@type\":\"WebPage\",\"@id\":\"https:\/\/brunellostore.es\/product\/reguliruyemaya-vintovaya-opora-spiral-17-30\/\",\"url\":\"https:\/\/brunellostore.es\/product\/reguliruyemaya-vintovaya-opora-spiral-17-30\/\",\"name\":\"\u0420\u0435\u0433\u0443\u043b\u0438\u0440\u0443\u0435\u043c\u0430\u044f \u0432\u0438\u043d\u0442\u043e\u0432\u0430\u044f \u043e\u043f\u043e\u0440\u0430 SPIRAL 17-30 - brunellostore.es\",\"isPartOf\":{\"@id\":\"https:\/\/brunellostore.es\/#website\"},\"primaryImageOfPage\":{\"@id\":\"https:\/\/brunellostore.es\/product\/reguliruyemaya-vintovaya-opora-spiral-17-30\/#primaryimage\"},\"image\":{\"@id\":\"https:\/\/brunellostore.es\/product\/reguliruyemaya-vintovaya-opora-spiral-17-30\/#primaryimage\"},\"thumbnailUrl\":\"https:\/\/brunellostore.es\/wp-content\/uploads\/2025\/01\/wspornik-tarasowy-do-tarasow-wentylowanych-SPIRAL-030-050-z-adapterem-do-legarow-AD-1200x1200-1.webp\",\"datePublished\":\"2025-01-12T14:49:54+00:00\",\"dateModified\":\"2025-02-23T14:44:43+00:00\",\"breadcrumb\":{\"@id\":\"https:\/\/brunellostore.es\/product\/reguliruyemaya-vintovaya-opora-spiral-17-30\/#breadcrumb\"},\"inLanguage\":\"es\",\"potentialAction\":[{\"@type\":\"ReadAction\",\"target\":[\"https:\/\/brunellostore.es\/product\/reguliruyemaya-vintovaya-opora-spiral-17-30\/\"]}]},{\"@type\":\"ImageObject\",\"inLanguage\":\"es\",\"@id\":\"https:\/\/brunellostore.es\/product\/reguliruyemaya-vintovaya-opora-spiral-17-30\/#primaryimage\",\"url\":\"https:\/\/brunellostore.es\/wp-content\/uploads\/2025\/01\/wspornik-tarasowy-do-tarasow-wentylowanych-SPIRAL-030-050-z-adapterem-do-legarow-AD-1200x1200-1.webp\",\"contentUrl\":\"https:\/\/brunellostore.es\/wp-content\/uploads\/2025\/01\/wspornik-tarasowy-do-tarasow-wentylowanych-SPIRAL-030-050-z-adapterem-do-legarow-AD-1200x1200-1.webp\",\"width\":1200,\"height\":1200},{\"@type\":\"BreadcrumbList\",\"@id\":\"https:\/\/brunellostore.es\/product\/reguliruyemaya-vintovaya-opora-spiral-17-30\/#breadcrumb\",\"itemListElement\":[{\"@type\":\"ListItem\",\"position\":1,\"name\":\"Home\",\"item\":\"https:\/\/brunellostore.es\/\"},{\"@type\":\"ListItem\",\"position\":2,\"name\":\"\u041c\u0430\u0433\u0430\u0437\u0438\u043d\",\"item\":\"https:\/\/brunellostore.es\/shop\/\"},{\"@type\":\"ListItem\",\"position\":3,\"name\":\"\u0420\u0435\u0433\u0443\u043b\u0438\u0440\u0443\u0435\u043c\u0430\u044f \u0432\u0438\u043d\u0442\u043e\u0432\u0430\u044f \u043e\u043f\u043e\u0440\u0430 SPIRAL 17-30\"}]},{\"@type\":\"WebSite\",\"@id\":\"https:\/\/brunellostore.es\/#website\",\"url\":\"https:\/\/brunellostore.es\/\",\"name\":\"brunellostore.es\",\"description\":\"\",\"publisher\":{\"@id\":\"https:\/\/brunellostore.es\/#organization\"},\"potentialAction\":[{\"@type\":\"SearchAction\",\"target\":{\"@type\":\"EntryPoint\",\"urlTemplate\":\"https:\/\/brunellostore.es\/?s={search_term_string}\"},\"query-input\":{\"@type\":\"PropertyValueSpecification\",\"valueRequired\":true,\"valueName\":\"search_term_string\"}}],\"inLanguage\":\"es\"},{\"@type\":\"Organization\",\"@id\":\"https:\/\/brunellostore.es\/#organization\",\"name\":\"brunellostore.es\",\"url\":\"https:\/\/brunellostore.es\/\",\"logo\":{\"@type\":\"ImageObject\",\"inLanguage\":\"es\",\"@id\":\"https:\/\/brunellostore.es\/#\/schema\/logo\/image\/\",\"url\":\"https:\/\/brunellostore.es\/wp-content\/uploads\/2024\/09\/Brunello-logo.png\",\"contentUrl\":\"https:\/\/brunellostore.es\/wp-content\/uploads\/2024\/09\/Brunello-logo.png\",\"width\":924,\"height\":240,\"caption\":\"brunellostore.es\"},\"image\":{\"@id\":\"https:\/\/brunellostore.es\/#\/schema\/logo\/image\/\"}}]}<\/script>\n<!-- \/ Yoast SEO plugin. -->","yoast_head_json":{"title":"\u0420\u0435\u0433\u0443\u043b\u0438\u0440\u0443\u0435\u043c\u0430\u044f \u0432\u0438\u043d\u0442\u043e\u0432\u0430\u044f \u043e\u043f\u043e\u0440\u0430 SPIRAL 17-30 - brunellostore.es","robots":{"index":"index","follow":"follow","max-snippet":"max-snippet:-1","max-image-preview":"max-image-preview:large","max-video-preview":"max-video-preview:-1"},"canonical":"https:\/\/brunellostore.es\/es\/producto\/reguliruyemaya-vintovaya-opora-spiral-17-30\/","og_locale":"es_ES","og_type":"article","og_title":"\u0420\u0435\u0433\u0443\u043b\u0438\u0440\u0443\u0435\u043c\u0430\u044f \u0432\u0438\u043d\u0442\u043e\u0432\u0430\u044f \u043e\u043f\u043e\u0440\u0430 SPIRAL 17-30 - brunellostore.es","og_description":"\u0420\u0435\u0433\u0443\u043b\u0438\u0440\u0443\u0435\u043c\u0430\u044f \u0432\u0438\u043d\u0442\u043e\u0432\u0430\u044f \u043e\u043f\u043e\u0440\u0430 SPIRAL 17-30 \u0441 \u0448\u0430\u0433\u043e\u043c \u0440\u0435\u0433\u0443\u043b\u0438\u0440\u043e\u0432\u043a\u0438 1\u043c\u043c. \u0414\u043b\u044f \u043a\u043e\u0433\u043e \u043f\u043e\u0434\u043e\u0439\u0434\u0435\u0442 \u0442\u0435\u0440\u0440\u0430\u0441\u043d\u0430\u044f \u0440\u0435\u0433\u0443\u043b\u0438\u0440\u0443\u0435\u043c\u0430\u044f \u043e\u043f\u043e\u0440\u0430 SPIRAL \u0434\u043b\u044f \u043b\u0430\u0433\u0438\/\u043f\u043b\u0438\u0442? \u0422\u0435\u0440\u0440\u0430\u0441\u043d\u044b\u0435 \u0440\u0435\u0433\u0443\u043b\u0438\u0440\u0443\u0435\u043c\u044b\u0435 \u043e\u043f\u043e\u0440\u044b SPIRAL \u0434\u043b\u044f \u043b\u0430\u0433 \u043f\u0440\u0435\u0434\u043d\u0430\u0437\u043d\u0430\u0447\u0435\u043d\u044b \u0434\u043b\u044f \u0432\u043b\u0430\u0434\u0435\u043b\u044c\u0446\u0435\u0432 \u0447\u0430\u0441\u0442\u043d\u044b\u0445 \u0442\u0435\u0440\u0440\u0430\u0441 \u0438 \u043f\u043e\u0434\u0440\u044f\u0434\u0447\u0438\u043a\u043e\u0432, \u043a\u043e\u0442\u043e\u0440\u044b\u0435 \u0446\u0435\u043d\u044f\u0442 \u043f\u0440\u0435\u0438\u043c\u0443\u0449\u0435\u0441\u0442\u0432\u0430 \u0432\u0435\u043d\u0442\u0438\u043b\u0438\u0440\u0443\u0435\u043c\u044b\u0445 \u0442\u0435\u0440\u0440\u0430\u0441, \u043d\u043e \u0442\u0440\u0435\u0431\u0443\u044e\u0442 \u0432\u043e\u0437\u043c\u043e\u0436\u043d\u043e\u0441\u0442\u0438 \u0440\u0435\u0433\u0443\u043b\u0438\u0440\u043e\u0432\u043a\u0438 \u043e\u043f\u043e\u0440 \u043d\u0430 \u043c\u0438\u043d\u0438\u043c\u0430\u043b\u044c\u043d\u043e\u0439 \u0432\u044b\u0441\u043e\u0442\u0435 \u0442\u0435\u0440\u0440\u0430\u0441\u044b \u043e\u0442 \u0437\u0435\u043c\u043b\u0438. \u0418 \u044d\u0442\u043e \u043e\u0431\u0435\u0441\u043f\u0435\u0447\u0438\u0432\u0430\u044e\u0442 \u0440\u0435\u0433\u0443\u043b\u0438\u0440\u0443\u0435\u043c\u044b\u0435 \u0442\u0435\u0440\u0440\u0430\u0441\u043d\u044b\u0435 \u043e\u043f\u043e\u0440\u044b \u0441\u043f\u0438\u0440\u0430\u043b\u044c\u043d\u043e\u0439 \u0441\u0435\u0440\u0438\u0438, \u0432\u0435\u0434\u044c \u043e\u043d\u0438 \u043c\u043e\u0433\u0443\u0442 \u0440\u0435\u0433\u0443\u043b\u0438\u0440\u043e\u0432\u0430\u0442\u044c \u0432\u044b\u0441\u043e\u0442\u0443 \u0442\u0435\u0440\u0440\u0430\u0441\u044b \u043e\u0442 10 \u043c\u043c.","og_url":"https:\/\/brunellostore.es\/es\/producto\/reguliruyemaya-vintovaya-opora-spiral-17-30\/","og_site_name":"brunellostore.es","article_modified_time":"2025-02-23T14:44:43+00:00","og_image":[{"width":1200,"height":1200,"url":"https:\/\/brunellostore.es\/wp-content\/uploads\/2025\/01\/wspornik-tarasowy-do-tarasow-wentylowanych-SPIRAL-030-050-z-adapterem-do-legarow-AD-1200x1200-1.webp","type":"image\/webp"}],"twitter_card":"summary_large_image","twitter_misc":{"Tiempo de lectura":"2 minutos"},"schema":{"@context":"https:\/\/schema.org","@graph":[{"@type":"WebPage","@id":"https:\/\/brunellostore.es\/product\/reguliruyemaya-vintovaya-opora-spiral-17-30\/","url":"https:\/\/brunellostore.es\/product\/reguliruyemaya-vintovaya-opora-spiral-17-30\/","name":"\u0420\u0435\u0433\u0443\u043b\u0438\u0440\u0443\u0435\u043c\u0430\u044f \u0432\u0438\u043d\u0442\u043e\u0432\u0430\u044f \u043e\u043f\u043e\u0440\u0430 SPIRAL 17-30 - brunellostore.es","isPartOf":{"@id":"https:\/\/brunellostore.es\/#website"},"primaryImageOfPage":{"@id":"https:\/\/brunellostore.es\/product\/reguliruyemaya-vintovaya-opora-spiral-17-30\/#primaryimage"},"image":{"@id":"https:\/\/brunellostore.es\/product\/reguliruyemaya-vintovaya-opora-spiral-17-30\/#primaryimage"},"thumbnailUrl":"https:\/\/brunellostore.es\/wp-content\/uploads\/2025\/01\/wspornik-tarasowy-do-tarasow-wentylowanych-SPIRAL-030-050-z-adapterem-do-legarow-AD-1200x1200-1.webp","datePublished":"2025-01-12T14:49:54+00:00","dateModified":"2025-02-23T14:44:43+00:00","breadcrumb":{"@id":"https:\/\/brunellostore.es\/product\/reguliruyemaya-vintovaya-opora-spiral-17-30\/#breadcrumb"},"inLanguage":"es","potentialAction":[{"@type":"ReadAction","target":["https:\/\/brunellostore.es\/product\/reguliruyemaya-vintovaya-opora-spiral-17-30\/"]}]},{"@type":"ImageObject","inLanguage":"es","@id":"https:\/\/brunellostore.es\/product\/reguliruyemaya-vintovaya-opora-spiral-17-30\/#primaryimage","url":"https:\/\/brunellostore.es\/wp-content\/uploads\/2025\/01\/wspornik-tarasowy-do-tarasow-wentylowanych-SPIRAL-030-050-z-adapterem-do-legarow-AD-1200x1200-1.webp","contentUrl":"https:\/\/brunellostore.es\/wp-content\/uploads\/2025\/01\/wspornik-tarasowy-do-tarasow-wentylowanych-SPIRAL-030-050-z-adapterem-do-legarow-AD-1200x1200-1.webp","width":1200,"height":1200},{"@type":"BreadcrumbList","@id":"https:\/\/brunellostore.es\/product\/reguliruyemaya-vintovaya-opora-spiral-17-30\/#breadcrumb","itemListElement":[{"@type":"ListItem","position":1,"name":"Home","item":"https:\/\/brunellostore.es\/"},{"@type":"ListItem","position":2,"name":"\u041c\u0430\u0433\u0430\u0437\u0438\u043d","item":"https:\/\/brunellostore.es\/shop\/"},{"@type":"ListItem","position":3,"name":"\u0420\u0435\u0433\u0443\u043b\u0438\u0440\u0443\u0435\u043c\u0430\u044f \u0432\u0438\u043d\u0442\u043e\u0432\u0430\u044f \u043e\u043f\u043e\u0440\u0430 SPIRAL 17-30"}]},{"@type":"WebSite","@id":"https:\/\/brunellostore.es\/#website","url":"https:\/\/brunellostore.es\/","name":"brunellostore.es","description":"","publisher":{"@id":"https:\/\/brunellostore.es\/#organization"},"potentialAction":[{"@type":"SearchAction","target":{"@type":"EntryPoint","urlTemplate":"https:\/\/brunellostore.es\/?s={search_term_string}"},"query-input":{"@type":"PropertyValueSpecification","valueRequired":true,"valueName":"search_term_string"}}],"inLanguage":"es"},{"@type":"Organization","@id":"https:\/\/brunellostore.es\/#organization","name":"brunellostore.es","url":"https:\/\/brunellostore.es\/","logo":{"@type":"ImageObject","inLanguage":"es","@id":"https:\/\/brunellostore.es\/#\/schema\/logo\/image\/","url":"https:\/\/brunellostore.es\/wp-content\/uploads\/2024\/09\/Brunello-logo.png","contentUrl":"https:\/\/brunellostore.es\/wp-content\/uploads\/2024\/09\/Brunello-logo.png","width":924,"height":240,"caption":"brunellostore.es"},"image":{"@id":"https:\/\/brunellostore.es\/#\/schema\/logo\/image\/"}}]}},"_links":{"self":[{"href":"https:\/\/brunellostore.es\/es\/wp-json\/wp\/v2\/product\/29963","targetHints":{"allow":["GET"]}}],"collection":[{"href":"https:\/\/brunellostore.es\/es\/wp-json\/wp\/v2\/product"}],"about":[{"href":"https:\/\/brunellostore.es\/es\/wp-json\/wp\/v2\/types\/product"}],"replies":[{"embeddable":true,"href":"https:\/\/brunellostore.es\/es\/wp-json\/wp\/v2\/comments?post=29963"}],"version-history":[{"count":11,"href":"https:\/\/brunellostore.es\/es\/wp-json\/wp\/v2\/product\/29963\/revisions"}],"predecessor-version":[{"id":29977,"href":"https:\/\/brunellostore.es\/es\/wp-json\/wp\/v2\/product\/29963\/revisions\/29977"}],"wp:featuredmedia":[{"embeddable":true,"href":"https:\/\/brunellostore.es\/es\/wp-json\/wp\/v2\/media\/29964"}],"wp:attachment":[{"href":"https:\/\/brunellostore.es\/es\/wp-json\/wp\/v2\/media?parent=29963"}],"wp:term":[{"taxonomy":"product_brand","embeddable":true,"href":"https:\/\/brunellostore.es\/es\/wp-json\/wp\/v2\/product_brand?post=29963"},{"taxonomy":"product_cat","embeddable":true,"href":"https:\/\/brunellostore.es\/es\/wp-json\/wp\/v2\/product_cat?post=29963"},{"taxonomy":"product_tag","embeddable":true,"href":"https:\/\/brunellostore.es\/es\/wp-json\/wp\/v2\/product_tag?post=29963"}],"curies":[{"name":"wp","href":"https:\/\/api.w.org\/{rel}","templated":true}]}}